{"id":29285,"date":"2024-12-14T09:09:09","date_gmt":"2024-12-14T09:09:09","guid":{"rendered":"https:\/\/jxgchocolate.com\/?post_type=product&#038;p=29285"},"modified":"2024-12-14T09:21:14","modified_gmt":"2024-12-14T09:21:14","slug":"bulk-chocolate-peanuts","status":"publish","type":"product","link":"https:\/\/jxgchocolate.com\/fr\/produit\/bulk-chocolate-peanuts\/","title":{"rendered":"Cacahu\u00e8tes au chocolat en vrac \u00e0 l'ar\u00f4me de th\u00e9 chinois avec emballage personnalis\u00e9"},"content":{"rendered":"<div class=\"wp-block-columns is-layout-flex wp-container-core-columns-is-layout-9d6595d7 wp-block-columns-is-layout-flex\">\n<div class=\"wp-block-column is-layout-flow wp-block-column-is-layout-flow\">\n<h2 class=\"wp-block-heading\">Cacahu\u00e8tes au chocolat en vrac de premi\u00e8re qualit\u00e9 Caract\u00e9ristiques :<\/h2>\n\n\n\n<ul class=\"wp-block-list\">\n<li><strong>Go\u00fbt unique de th\u00e9 : <\/strong>Ces cacahu\u00e8tes au chocolat en vrac sont fabriqu\u00e9es \u00e0 partir de th\u00e9 chinois et m\u00e9lang\u00e9es avec soin. L'ar\u00f4me abondant du th\u00e9 est associ\u00e9 \u00e0 la douceur du chocolat. Le go\u00fbt riche et unique ouvre la voie \u00e0 une nouvelle exp\u00e9rience de consommation.<\/li>\n\n\n\n<li><strong>Ingr\u00e9dients de haute qualit\u00e9 s\u00e9lectionn\u00e9s : <\/strong>Nos cacahu\u00e8tes enrob\u00e9es de chocolat en vrac utilisent des cacahu\u00e8tes de qualit\u00e9 sup\u00e9rieure et du chocolat de qualit\u00e9 sup\u00e9rieure pour garantir un go\u00fbt d\u00e9licat, sain et d\u00e9licieux pour vous permettre d'appr\u00e9cier la saveur naturelle pure.<\/li>\n\n\n\n<li><strong>Service d'emballage personnalis\u00e9 : <\/strong>L'emballage personnalis\u00e9 des cacahu\u00e8tes au chocolat en vrac peut \u00eatre r\u00e9alis\u00e9 pour r\u00e9pondre aux exigences de la marque, qu'il s'agisse d'un cadeau, d'une promotion ou d'un cadeau d'entreprise destin\u00e9 \u00e0 renforcer la marque.<\/li>\n\n\n\n<li>Vrac sup<strong>pour r\u00e9pondre \u00e0 une vari\u00e9t\u00e9 de besoins : <\/strong>Nos cacahu\u00e8tes enrob\u00e9es de chocolat en vrac sont destin\u00e9es \u00e0 la vente en gros, aux d\u00e9taillants, aux traiteurs et aux entreprises. Elles r\u00e9pondent facilement aux besoins des diff\u00e9rents march\u00e9s et \u00e9largissent votre choix de produits.<\/li>\n<\/ul>\n<\/div>\n\n\n\n<div class=\"wp-block-column is-layout-flow wp-block-column-is-layout-flow\">\n<figure class=\"wp-block-image size-full\"><img fetchpriority=\"high\" decoding=\"async\" width=\"800\" height=\"800\" src=\"https:\/\/jxgchocolate.com\/wp-content\/uploads\/2024\/12\/Customized-Chocolate-Covered-Peanuts-In-Bulk-With-Chinese-tea-Flavor2.webp\" alt=\"Cacahu\u00e8tes au chocolat en vrac \u00e0 l&#039;ar\u00f4me de th\u00e9 chinois avec emballage personnalis\u00e9-3\" class=\"wp-image-29287\" srcset=\"https:\/\/jxgchocolate.com\/wp-content\/uploads\/2024\/12\/Customized-Chocolate-Covered-Peanuts-In-Bulk-With-Chinese-tea-Flavor2.webp 800w, https:\/\/jxgchocolate.com\/wp-content\/uploads\/2024\/12\/Customized-Chocolate-Covered-Peanuts-In-Bulk-With-Chinese-tea-Flavor2-300x300.webp 300w, https:\/\/jxgchocolate.com\/wp-content\/uploads\/2024\/12\/Customized-Chocolate-Covered-Peanuts-In-Bulk-With-Chinese-tea-Flavor2-150x150.webp 150w, https:\/\/jxgchocolate.com\/wp-content\/uploads\/2024\/12\/Customized-Chocolate-Covered-Peanuts-In-Bulk-With-Chinese-tea-Flavor2-768x768.webp 768w, https:\/\/jxgchocolate.com\/wp-content\/uploads\/2024\/12\/Customized-Chocolate-Covered-Peanuts-In-Bulk-With-Chinese-tea-Flavor2-12x12.webp 12w, https:\/\/jxgchocolate.com\/wp-content\/uploads\/2024\/12\/Customized-Chocolate-Covered-Peanuts-In-Bulk-With-Chinese-tea-Flavor2-430x430.webp 430w, https:\/\/jxgchocolate.com\/wp-content\/uploads\/2024\/12\/Customized-Chocolate-Covered-Peanuts-In-Bulk-With-Chinese-tea-Flavor2-700x700.webp 700w\" sizes=\"(max-width: 800px) 100vw, 800px\" \/><\/figure>\n<\/div>\n<\/div>","protected":false},"excerpt":{"rendered":"<p>Bienvenue sur le site d'achat de cacahu\u00e8tes au chocolat en vrac. Nos cacahu\u00e8tes enrob\u00e9es de chocolat en vrac combinent la saveur unique du th\u00e9 chinois et la douceur du chocolat, vous offrant ainsi une exp\u00e9rience gustative unique. Chaque cacahu\u00e8te est fabriqu\u00e9e \u00e0 partir d'ingr\u00e9dients s\u00e9lectionn\u00e9s de haute qualit\u00e9, avec une couche ext\u00e9rieure de chocolat riche, des cacahu\u00e8tes croustillantes \u00e0 l'int\u00e9rieur et une touche de parfum de th\u00e9, un m\u00e9lange parfait. Nous proposons des services d'emballage personnalis\u00e9s pour r\u00e9pondre \u00e0 vos besoins en mati\u00e8re de vente au d\u00e9tail ou d'image de marque.<\/p>\n<table width=\"275\">\n<tbody>\n<tr>\n<td width=\"108\">Fabricant<\/td>\n<td width=\"167\">Le fruit de la chance<\/td>\n<\/tr>\n<tr>\n<td>MOD\u00c8LE NO.<\/td>\n<td>JXG345<\/td>\n<\/tr>\n<tr>\n<td>Type<\/td>\n<td>Cacahu\u00e8tes Chocolat<\/td>\n<\/tr>\n<tr>\n<td>Emballage<\/td>\n<td>Emballage des sacs<\/td>\n<\/tr>\n<tr>\n<td>Sp\u00e9cifications<\/td>\n<td>20 sacs<\/td>\n<\/tr>\n<tr>\n<td>Taille du carton<\/td>\n<td>53*33*37.5cm<\/td>\n<\/tr>\n<tr>\n<td>N.W \/SET<\/td>\n<td>23g*20Pcs*12sacs<\/td>\n<\/tr>\n<tr>\n<td>Couleur<\/td>\n<td>En tant qu'image<\/td>\n<\/tr>\n<tr>\n<td>MOQ<\/td>\n<td>500 cartons<\/td>\n<\/tr>\n<tr>\n<td>Personnalisation<\/td>\n<td>Emballage\/LOGO<\/td>\n<\/tr>\n<\/tbody>\n<\/table>","protected":false},"featured_media":29287,"comment_status":"closed","ping_status":"closed","template":"","meta":[],"product_cat":[73],"product_tag":[],"class_list":{"0":"post-29285","1":"product","2":"type-product","3":"status-publish","4":"has-post-thumbnail","6":"product_cat-wholesale-chocolate-covered-peanuts","8":"first","9":"instock","10":"shipping-taxable","11":"product-type-simple"},"_links":{"self":[{"href":"https:\/\/jxgchocolate.com\/fr\/wp-json\/wp\/v2\/product\/29285","targetHints":{"allow":["GET"]}}],"collection":[{"href":"https:\/\/jxgchocolate.com\/fr\/wp-json\/wp\/v2\/product"}],"about":[{"href":"https:\/\/jxgchocolate.com\/fr\/wp-json\/wp\/v2\/types\/product"}],"replies":[{"embeddable":true,"href":"https:\/\/jxgchocolate.com\/fr\/wp-json\/wp\/v2\/comments?post=29285"}],"version-history":[{"count":0,"href":"https:\/\/jxgchocolate.com\/fr\/wp-json\/wp\/v2\/product\/29285\/revisions"}],"wp:featuredmedia":[{"embeddable":true,"href":"https:\/\/jxgchocolate.com\/fr\/wp-json\/wp\/v2\/media\/29287"}],"wp:attachment":[{"href":"https:\/\/jxgchocolate.com\/fr\/wp-json\/wp\/v2\/media?parent=29285"}],"wp:term":[{"taxonomy":"product_cat","embeddable":true,"href":"https:\/\/jxgchocolate.com\/fr\/wp-json\/wp\/v2\/product_cat?post=29285"},{"taxonomy":"product_tag","embeddable":true,"href":"https:\/\/jxgchocolate.com\/fr\/wp-json\/wp\/v2\/product_tag?post=29285"}],"curies":[{"name":"wp","href":"https:\/\/api.w.org\/{rel}","templated":true}]}}