{"id":29307,"date":"2024-12-21T02:31:34","date_gmt":"2024-12-21T02:31:34","guid":{"rendered":"https:\/\/jxgchocolate.com\/?post_type=product&#038;p=29307"},"modified":"2024-12-21T02:32:14","modified_gmt":"2024-12-21T02:32:14","slug":"chocolate-coated-peanuts-bulk","status":"publish","type":"product","link":"https:\/\/jxgchocolate.com\/fr\/produit\/chocolate-coated-peanuts-bulk\/","title":{"rendered":"Cacahu\u00e8tes enrob\u00e9es de chocolat innovantes en vrac avec deux ar\u00f4mes"},"content":{"rendered":"<div class=\"wp-block-columns is-layout-flex wp-container-core-columns-is-layout-9d6595d7 wp-block-columns-is-layout-flex\">\n<div class=\"wp-block-column is-layout-flow wp-block-column-is-layout-flow\">\n<h2 class=\"wp-block-heading\">Cacahu\u00e8tes enrob\u00e9es de chocolat de premi\u00e8re qualit\u00e9 Caract\u00e9ristiques en vrac :<\/h2>\n\n\n\n<ul class=\"wp-block-list\">\n<li><strong>Suppl\u00e9ment d'\u00e9nergie rapide : <\/strong>Nos cacahu\u00e8tes enrob\u00e9es de chocolat en vrac contiennent un niveau \u00e9lev\u00e9 de sucre et de graisse, qui peuvent fournir rapidement de l'\u00e9nergie au corps. Elles conviennent donc comme compl\u00e9ment \u00e9nerg\u00e9tique lorsque les gens font de l'exercice, \u00e9tudient ou travaillent et se sentent fatigu\u00e9s. Les prot\u00e9ines et les glucides contenus dans les cacahu\u00e8tes peuvent \u00eatre facilement absorb\u00e9s par l'organisme, ce qui peut augmenter rapidement le taux de sucre dans le sang et aider les gens \u00e0 r\u00e9cup\u00e9rer leur \u00e9nergie plus rapidement.<\/li>\n\n\n\n<li><strong>Une exp\u00e9rience gustative unique : <\/strong>La couche ext\u00e9rieure de nos cacahu\u00e8tes enrob\u00e9es de chocolat en vrac est une texture chocolat\u00e9e soyeuse, tandis que l'int\u00e9rieur est rempli de cacahu\u00e8tes croquantes. Ce contraste de go\u00fbt conf\u00e8re une riche \u00e9paisseur \u00e0 chaque bouch\u00e9e. Les cacahu\u00e8tes elles-m\u00eames ont un ar\u00f4me tr\u00e8s agr\u00e9able et, m\u00e9lang\u00e9es au chocolat, elles cr\u00e9ent un go\u00fbt encore plus s\u00e9duisant et inoubliable.<\/li>\n\n\n\n<li><strong>Riche en \u00e9l\u00e9ments nutritifs :<\/strong> Les cacahu\u00e8tes sont riches en prot\u00e9ines de haute qualit\u00e9 et en fibres alimentaires, ce qui permet de maintenir un m\u00e9tabolisme normal et une bonne sant\u00e9 intestinale dans l'organisme. En outre, les acides gras insatur\u00e9s contenus dans les cacahu\u00e8tes peuvent r\u00e9duire le taux de cholest\u00e9rol et diminuer le risque de maladies cardiovasculaires dans le corps humain. Notre vrac de cacahu\u00e8tes enrob\u00e9es de chocolat contient \u00e9galement diverses vitamines et min\u00e9raux, tels que la vitamine E, le magn\u00e9sium, le potassium, etc. qui jouent un r\u00f4le important dans le maintien d'une bonne sant\u00e9.<\/li>\n\n\n\n<li><strong>Emballage diversifi\u00e9 avec diff\u00e9rentes saveurs : <\/strong>Le design exquis de l'emballage de nos cacahu\u00e8tes enrob\u00e9es de chocolat en vrac peut attirer l'attention des consommateurs et susciter leur intention d'achat. En plus de la saveur classique du chocolat, du chocolat aromatis\u00e9 au th\u00e9 Yashi Dancong a \u00e9t\u00e9 ajout\u00e9 dans le but de satisfaire les diff\u00e9rents go\u00fbts des consommateurs.<\/li>\n<\/ul>\n<\/div>\n\n\n\n<div class=\"wp-block-column is-layout-flow wp-block-column-is-layout-flow\">\n<figure class=\"wp-block-image size-full\"><img fetchpriority=\"high\" decoding=\"async\" width=\"1800\" height=\"1500\" src=\"https:\/\/jxgchocolate.com\/wp-content\/uploads\/2024\/12\/\u82b1\u751f\u4fe9\u53e3\u54731.webp\" alt=\"Cacahu\u00e8tes enrob\u00e9es de chocolat innovantes en vrac avec deux ar\u00f4mes-1\" class=\"wp-image-29309\" srcset=\"https:\/\/jxgchocolate.com\/wp-content\/uploads\/2024\/12\/\u82b1\u751f\u4fe9\u53e3\u54731.webp 1800w, https:\/\/jxgchocolate.com\/wp-content\/uploads\/2024\/12\/\u82b1\u751f\u4fe9\u53e3\u54731-360x300.webp 360w, https:\/\/jxgchocolate.com\/wp-content\/uploads\/2024\/12\/\u82b1\u751f\u4fe9\u53e3\u54731-768x640.webp 768w, https:\/\/jxgchocolate.com\/wp-content\/uploads\/2024\/12\/\u82b1\u751f\u4fe9\u53e3\u54731-14x12.webp 14w, https:\/\/jxgchocolate.com\/wp-content\/uploads\/2024\/12\/\u82b1\u751f\u4fe9\u53e3\u54731-430x358.webp 430w, https:\/\/jxgchocolate.com\/wp-content\/uploads\/2024\/12\/\u82b1\u751f\u4fe9\u53e3\u54731-700x583.webp 700w, https:\/\/jxgchocolate.com\/wp-content\/uploads\/2024\/12\/\u82b1\u751f\u4fe9\u53e3\u54731-150x125.webp 150w\" sizes=\"(max-width: 1800px) 100vw, 1800px\" \/><\/figure>\n<\/div>\n<\/div>","protected":false},"excerpt":{"rendered":"<p>Nous vous invitons \u00e0 acheter des cacahu\u00e8tes enrob\u00e9es de chocolat en vrac. Nos cacahu\u00e8tes enrob\u00e9es de chocolat en vrac sont populaires sur le march\u00e9 en raison de leur go\u00fbt unique, de leur apport \u00e9nerg\u00e9tique rapide, de leur riche valeur nutritionnelle et de la diversit\u00e9 de leurs emballages et de leurs saveurs. Qu'il s'agisse d'un en-cas quotidien ou d'un suppl\u00e9ment d'\u00e9nergie, les cacahu\u00e8tes enrob\u00e9es de chocolat peuvent apporter aux consommateurs une exp\u00e9rience gustative agr\u00e9able et une exp\u00e9rience physique saine.<\/p>\n<table width=\"275\">\n<tbody>\n<tr>\n<td width=\"108\">Fabricant<\/td>\n<td width=\"167\">Le fruit de la chance<\/td>\n<\/tr>\n<tr>\n<td>MOD\u00c8LE NO.<\/td>\n<td>JXG345<\/td>\n<\/tr>\n<tr>\n<td>Type<\/td>\n<td>Cacahu\u00e8tes Chocolat<\/td>\n<\/tr>\n<tr>\n<td>Emballage<\/td>\n<td>Emballage des sacs<\/td>\n<\/tr>\n<tr>\n<td>Sp\u00e9cifications<\/td>\n<td>20 sacs<\/td>\n<\/tr>\n<tr>\n<td>Taille du carton<\/td>\n<td>53*33*37.5cm<\/td>\n<\/tr>\n<tr>\n<td>N.W \/SET<\/td>\n<td>23g*20Pcs*12sacs<\/td>\n<\/tr>\n<tr>\n<td>Couleur<\/td>\n<td>En tant qu'image<\/td>\n<\/tr>\n<tr>\n<td>MOQ<\/td>\n<td>500 cartons<\/td>\n<\/tr>\n<tr>\n<td>Personnalisation<\/td>\n<td>Emballage\/LOGO<\/td>\n<\/tr>\n<\/tbody>\n<\/table>","protected":false},"featured_media":29310,"comment_status":"closed","ping_status":"closed","template":"","meta":[],"product_cat":[73],"product_tag":[],"class_list":{"0":"post-29307","1":"product","2":"type-product","3":"status-publish","4":"has-post-thumbnail","6":"product_cat-wholesale-chocolate-covered-peanuts","8":"first","9":"instock","10":"shipping-taxable","11":"product-type-simple"},"_links":{"self":[{"href":"https:\/\/jxgchocolate.com\/fr\/wp-json\/wp\/v2\/product\/29307","targetHints":{"allow":["GET"]}}],"collection":[{"href":"https:\/\/jxgchocolate.com\/fr\/wp-json\/wp\/v2\/product"}],"about":[{"href":"https:\/\/jxgchocolate.com\/fr\/wp-json\/wp\/v2\/types\/product"}],"replies":[{"embeddable":true,"href":"https:\/\/jxgchocolate.com\/fr\/wp-json\/wp\/v2\/comments?post=29307"}],"version-history":[{"count":0,"href":"https:\/\/jxgchocolate.com\/fr\/wp-json\/wp\/v2\/product\/29307\/revisions"}],"wp:featuredmedia":[{"embeddable":true,"href":"https:\/\/jxgchocolate.com\/fr\/wp-json\/wp\/v2\/media\/29310"}],"wp:attachment":[{"href":"https:\/\/jxgchocolate.com\/fr\/wp-json\/wp\/v2\/media?parent=29307"}],"wp:term":[{"taxonomy":"product_cat","embeddable":true,"href":"https:\/\/jxgchocolate.com\/fr\/wp-json\/wp\/v2\/product_cat?post=29307"},{"taxonomy":"product_tag","embeddable":true,"href":"https:\/\/jxgchocolate.com\/fr\/wp-json\/wp\/v2\/product_tag?post=29307"}],"curies":[{"name":"wp","href":"https:\/\/api.w.org\/{rel}","templated":true}]}}