{"id":29316,"date":"2024-12-21T02:39:34","date_gmt":"2024-12-21T02:39:34","guid":{"rendered":"https:\/\/jxgchocolate.com\/?post_type=product&#038;p=29316"},"modified":"2024-12-21T02:39:38","modified_gmt":"2024-12-21T02:39:38","slug":"bulk-chocolate-covered-sunflower-seed","status":"publish","type":"product","link":"https:\/\/jxgchocolate.com\/fr\/produit\/bulk-chocolate-covered-sunflower-seed\/","title":{"rendered":"Graines de tournesol enrob\u00e9es de chocolat en vrac avec un nouvel ar\u00f4me"},"content":{"rendered":"<div class=\"wp-block-columns is-layout-flex wp-container-core-columns-is-layout-9d6595d7 wp-block-columns-is-layout-flex\">\n<div class=\"wp-block-column is-layout-flow wp-block-column-is-layout-flow\">\n<h2 class=\"wp-block-heading\">Graines de tournesol enrob\u00e9es de chocolat en vrac de premi\u00e8re qualit\u00e9 Caract\u00e9ristiques :<\/h2>\n\n\n\n<ul class=\"wp-block-list\">\n<li><strong>Culture et innovation : <\/strong>La combinaison de la graine de tournesol traditionnelle et de l'artisanat moderne du chocolat incarne le charme de l'innovation et du transfrontalier. Notre graine de tournesol enrob\u00e9e de chocolat en vrac convient aux consommateurs \u00e0 la recherche d'exp\u00e9riences uniques. Bien que le chocolat aux graines de tournesol soit une cat\u00e9gorie de produits relativement nouvelle, sa combinaison unique pr\u00e9sente une certaine raret\u00e9 et un certain attrait sur le march\u00e9.<\/li>\n\n\n\n<li><strong>Des sc\u00e9narios de consommation diversifi\u00e9s : <\/strong>Nos graines de tournesol enrob\u00e9es de chocolat conviennent comme en-cas pour le temps libre, apportant un plaisir agr\u00e9able pendant les pauses au travail ou les r\u00e9unions de famille. Elles peuvent \u00e9galement \u00eatre accompagn\u00e9es d'une tasse de th\u00e9 ou de caf\u00e9 chaud pour devenir le parfait Dim sum de l'apr\u00e8s-midi. Elles peuvent \u00e9galement \u00eatre utilis\u00e9es pour pr\u00e9parer des desserts plus cr\u00e9atifs, tels que des biscuits sandwichs, des d\u00e9corations de g\u00e2teaux, etc., afin d'augmenter le plaisir de cuisiner.<\/li>\n\n\n\n<li><strong>Double saveur unique : <\/strong>Chaque bouch\u00e9e de nos graines de tournesol enrob\u00e9es de chocolat en vrac vous procurera une sensation de fusion soyeuse avec le chocolat ext\u00e9rieur et l'ar\u00f4me croustillant des graines de tournesol int\u00e9rieures, cr\u00e9ant un go\u00fbt contrast\u00e9 mais harmonieux. Du chocolat sucr\u00e9 aux graines de tournesol sal\u00e9es, cette transition du sucr\u00e9 au sal\u00e9 offre aux consommateurs une riche palette de niveaux de go\u00fbt.<\/li>\n<\/ul>\n<\/div>\n\n\n\n<div class=\"wp-block-column is-layout-flow wp-block-column-is-layout-flow\">\n<figure class=\"wp-block-image size-full\"><img fetchpriority=\"high\" decoding=\"async\" width=\"1800\" height=\"1500\" src=\"https:\/\/jxgchocolate.com\/wp-content\/uploads\/2024\/12\/\u74dc\u5b50\u4fe9\u53e3\u54731.webp\" alt=\"Graines de tournesol enrob\u00e9es de chocolat en vrac avec nouvel ar\u00f4me-1\" class=\"wp-image-29317\" srcset=\"https:\/\/jxgchocolate.com\/wp-content\/uploads\/2024\/12\/\u74dc\u5b50\u4fe9\u53e3\u54731.webp 1800w, https:\/\/jxgchocolate.com\/wp-content\/uploads\/2024\/12\/\u74dc\u5b50\u4fe9\u53e3\u54731-360x300.webp 360w, https:\/\/jxgchocolate.com\/wp-content\/uploads\/2024\/12\/\u74dc\u5b50\u4fe9\u53e3\u54731-768x640.webp 768w, https:\/\/jxgchocolate.com\/wp-content\/uploads\/2024\/12\/\u74dc\u5b50\u4fe9\u53e3\u54731-14x12.webp 14w, https:\/\/jxgchocolate.com\/wp-content\/uploads\/2024\/12\/\u74dc\u5b50\u4fe9\u53e3\u54731-430x358.webp 430w, https:\/\/jxgchocolate.com\/wp-content\/uploads\/2024\/12\/\u74dc\u5b50\u4fe9\u53e3\u54731-700x583.webp 700w, https:\/\/jxgchocolate.com\/wp-content\/uploads\/2024\/12\/\u74dc\u5b50\u4fe9\u53e3\u54731-150x125.webp 150w\" sizes=\"(max-width: 1800px) 100vw, 1800px\" \/><\/figure>\n<\/div>\n<\/div>","protected":false},"excerpt":{"rendered":"<p>Nous vous invitons \u00e0 acheter des graines de tournesol enrob\u00e9es de chocolat en gros aupr\u00e8s de notre usine. Nos graines de tournesol enrob\u00e9es de chocolat en gros offrent non seulement une nouvelle exp\u00e9rience gustative, mais v\u00e9hiculent \u00e9galement un mode de vie sain et une valeur culturelle, ce qui en fait un choix id\u00e9al pour les consommateurs qui recherchent une vie de qualit\u00e9. Qu'il s'agisse d'un en-cas quotidien, d'un ingr\u00e9dient de p\u00e2tisserie ou d'un beau cadeau, les graines de tournesol enrob\u00e9es de chocolat apportent un plaisir unique aux consommateurs.<\/p>\n<table width=\"275\">\n<tbody>\n<tr>\n<td width=\"108\">Fabricant<\/td>\n<td width=\"167\">Le fruit de la chance<\/td>\n<\/tr>\n<tr>\n<td>MOD\u00c8LE NO.<\/td>\n<td>JXG346<\/td>\n<\/tr>\n<tr>\n<td>Type<\/td>\n<td>Graines de tournesol Chocolat<\/td>\n<\/tr>\n<tr>\n<td>Emballage<\/td>\n<td>Emballage des sacs<\/td>\n<\/tr>\n<tr>\n<td>Sp\u00e9cifications<\/td>\n<td>20 sacs<\/td>\n<\/tr>\n<tr>\n<td>Taille du carton<\/td>\n<td>53*33*37.5cm<\/td>\n<\/tr>\n<tr>\n<td>N.W \/SET<\/td>\n<td>23g*20Pcs*12sacs<\/td>\n<\/tr>\n<tr>\n<td>Couleur<\/td>\n<td>En tant qu'image<\/td>\n<\/tr>\n<tr>\n<td>MOQ<\/td>\n<td>500 cartons<\/td>\n<\/tr>\n<tr>\n<td>Personnalisation<\/td>\n<td>Emballage\/LOGO<\/td>\n<\/tr>\n<\/tbody>\n<\/table>","protected":false},"featured_media":29318,"comment_status":"closed","ping_status":"closed","template":"","meta":[],"product_cat":[72],"product_tag":[],"class_list":{"0":"post-29316","1":"product","2":"type-product","3":"status-publish","4":"has-post-thumbnail","6":"product_cat-wholesale-chocolate-covered-sunflower-seeds","8":"first","9":"instock","10":"shipping-taxable","11":"product-type-simple"},"_links":{"self":[{"href":"https:\/\/jxgchocolate.com\/fr\/wp-json\/wp\/v2\/product\/29316","targetHints":{"allow":["GET"]}}],"collection":[{"href":"https:\/\/jxgchocolate.com\/fr\/wp-json\/wp\/v2\/product"}],"about":[{"href":"https:\/\/jxgchocolate.com\/fr\/wp-json\/wp\/v2\/types\/product"}],"replies":[{"embeddable":true,"href":"https:\/\/jxgchocolate.com\/fr\/wp-json\/wp\/v2\/comments?post=29316"}],"version-history":[{"count":0,"href":"https:\/\/jxgchocolate.com\/fr\/wp-json\/wp\/v2\/product\/29316\/revisions"}],"wp:featuredmedia":[{"embeddable":true,"href":"https:\/\/jxgchocolate.com\/fr\/wp-json\/wp\/v2\/media\/29318"}],"wp:attachment":[{"href":"https:\/\/jxgchocolate.com\/fr\/wp-json\/wp\/v2\/media?parent=29316"}],"wp:term":[{"taxonomy":"product_cat","embeddable":true,"href":"https:\/\/jxgchocolate.com\/fr\/wp-json\/wp\/v2\/product_cat?post=29316"},{"taxonomy":"product_tag","embeddable":true,"href":"https:\/\/jxgchocolate.com\/fr\/wp-json\/wp\/v2\/product_tag?post=29316"}],"curies":[{"name":"wp","href":"https:\/\/api.w.org\/{rel}","templated":true}]}}