{"id":29336,"date":"2025-01-02T02:49:23","date_gmt":"2025-01-02T02:49:23","guid":{"rendered":"https:\/\/jxgchocolate.com\/?post_type=product&#038;p=29336"},"modified":"2025-01-02T02:49:25","modified_gmt":"2025-01-02T02:49:25","slug":"bulk-gummy-candy","status":"publish","type":"product","link":"https:\/\/jxgchocolate.com\/fr\/produit\/bulk-gummy-candy\/","title":{"rendered":"Bonbons g\u00e9lifi\u00e9s en vrac avec couverture en chocolat, vente en gros de bonbons g\u00e9lifi\u00e9s au chocolat"},"content":{"rendered":"<div class=\"wp-block-columns is-layout-flex wp-container-core-columns-is-layout-9d6595d7 wp-block-columns-is-layout-flex\">\n<div class=\"wp-block-column is-layout-flow wp-block-column-is-layout-flow\">\n<h2 class=\"wp-block-heading\">Bonbons g\u00e9lifi\u00e9s en vrac de qualit\u00e9 sup\u00e9rieure avec couverture en chocolat Caract\u00e9ristiques :<\/h2>\n\n\n\n<ul class=\"wp-block-list\">\n<li><strong>Une triple exp\u00e9rience gustative : <\/strong>Ce bonbon gommeux en vrac recouvert de chocolat combine le riche ar\u00f4me du chocolat, la m\u00e2che du bonbon gommeux et le go\u00fbt aigre-doux du jus de fruit, formant ainsi un triple go\u00fbt unique. Une fois que le chocolat a lentement fondu dans la bouche, il ne reste plus que les bonbons g\u00e9lifi\u00e9s au jus de fruit naturel de Q, que l'on mord d'avant en arri\u00e8re. La riche saveur du chocolat ne s'est pas compl\u00e8tement dissip\u00e9e, mais elle fait ressortir une saveur de fruit aigre et sucr\u00e9e, laissant un arri\u00e8re-go\u00fbt persistant.<\/li>\n\n\n\n<li><strong>Conception unique : <\/strong>Nos gommes au chocolat en vrac adoptent une forme petite et exquise, avec un emballage color\u00e9 qui attire le regard. \u00c0 l'int\u00e9rieur, les f\u00e8ves au chocolat sont de diff\u00e9rentes couleurs, ce qui attire l'attention. L'emballage ext\u00e9rieur du produit est \u00e9galement ax\u00e9 sur le facteur esth\u00e9tique et l'aspect pratique ; l'adoption de la technologie d'emballage la plus avanc\u00e9e, avec des mat\u00e9riaux de premi\u00e8re qualit\u00e9, est tr\u00e8s importante pour l'exp\u00e9dition et le stockage des produits afin d'en garantir la qualit\u00e9.<\/li>\n\n\n\n<li><strong>Riche en nutriments :<\/strong> La g\u00e9latine de collag\u00e8ne, riche en nutriments, est l'ingr\u00e9dient principal de nos bonbons g\u00e9lifi\u00e9s au chocolat en vrac qui rendront les bonbons g\u00e9lifi\u00e9s au chocolat savoureux et auront des effets b\u00e9n\u00e9fiques sur la beaut\u00e9 en maintenant l'\u00e9lasticit\u00e9 de la peau. Ces bonbons g\u00e9lifi\u00e9s en vrac avec couverture de chocolat contiennent certains composants de cacao, fournissant aux consommateurs une certaine valeur nutritionnelle et des sources d'\u00e9nergie.<\/li>\n<\/ul>\n<\/div>\n\n\n\n<div class=\"wp-block-column is-layout-flow wp-block-column-is-layout-flow\">\n<figure class=\"wp-block-image size-full\"><img fetchpriority=\"high\" decoding=\"async\" width=\"1280\" height=\"1280\" src=\"https:\/\/jxgchocolate.com\/wp-content\/uploads\/2024\/12\/New-Items-Gummy-Candy-Chocolate-Ball-Wholesales-In-Bulk1.webp\" alt=\"Bonbons g\u00e9lifi\u00e9s en vrac avec couverture en chocolat, bonbons g\u00e9lifi\u00e9s en chocolat en gros-1\" class=\"wp-image-29338\" srcset=\"https:\/\/jxgchocolate.com\/wp-content\/uploads\/2024\/12\/New-Items-Gummy-Candy-Chocolate-Ball-Wholesales-In-Bulk1.webp 1280w, https:\/\/jxgchocolate.com\/wp-content\/uploads\/2024\/12\/New-Items-Gummy-Candy-Chocolate-Ball-Wholesales-In-Bulk1-300x300.webp 300w, https:\/\/jxgchocolate.com\/wp-content\/uploads\/2024\/12\/New-Items-Gummy-Candy-Chocolate-Ball-Wholesales-In-Bulk1-150x150.webp 150w, https:\/\/jxgchocolate.com\/wp-content\/uploads\/2024\/12\/New-Items-Gummy-Candy-Chocolate-Ball-Wholesales-In-Bulk1-768x768.webp 768w, https:\/\/jxgchocolate.com\/wp-content\/uploads\/2024\/12\/New-Items-Gummy-Candy-Chocolate-Ball-Wholesales-In-Bulk1-12x12.webp 12w, https:\/\/jxgchocolate.com\/wp-content\/uploads\/2024\/12\/New-Items-Gummy-Candy-Chocolate-Ball-Wholesales-In-Bulk1-430x430.webp 430w, https:\/\/jxgchocolate.com\/wp-content\/uploads\/2024\/12\/New-Items-Gummy-Candy-Chocolate-Ball-Wholesales-In-Bulk1-700x700.webp 700w\" sizes=\"(max-width: 1280px) 100vw, 1280px\" \/><\/figure>\n<\/div>\n<\/div>\n\n\n\n<p><\/p>","protected":false},"excerpt":{"rendered":"<p>Bienvenue pour acheter des bonbons g\u00e9lifi\u00e9s au chocolat en vrac. Nos bonbons g\u00e9lifi\u00e9s en vrac avec couverture en chocolat se distinguent des autres produits de confiserie par leur go\u00fbt unique, leurs diverses options d'ar\u00f4mes, leurs mati\u00e8res premi\u00e8res de haute qualit\u00e9 et leur emballage bien pens\u00e9, devenant ainsi un choix id\u00e9al pour tous les \u00e2ges. Qu'il s'agisse d'un en-cas quotidien ou d'un cadeau pour des occasions sp\u00e9ciales, le chocolat g\u00e9lifi\u00e9 peut apporter une exp\u00e9rience agr\u00e9able aux gens.<\/p>\n<table width=\"275\">\n<tbody>\n<tr>\n<td width=\"108\">Fabricant<\/td>\n<td width=\"167\">Le fruit de la chance<\/td>\n<\/tr>\n<tr>\n<td>MOD\u00c8LE NO.<\/td>\n<td>JXG347<\/td>\n<\/tr>\n<tr>\n<td>Type<\/td>\n<td>Bonbons g\u00e9lifi\u00e9s au chocolat<\/td>\n<\/tr>\n<tr>\n<td>Emballage<\/td>\n<td>Emballage des sacs<\/td>\n<\/tr>\n<tr>\n<td>Sp\u00e9cifications<\/td>\n<td>20 sacs<\/td>\n<\/tr>\n<tr>\n<td>Taille du carton<\/td>\n<td>53*33*37.5cm<\/td>\n<\/tr>\n<tr>\n<td>N.W \/SET<\/td>\n<td>23g*20Pcs*12sacs<\/td>\n<\/tr>\n<tr>\n<td>Couleur<\/td>\n<td>En tant qu'image<\/td>\n<\/tr>\n<tr>\n<td>MOQ<\/td>\n<td>500 cartons<\/td>\n<\/tr>\n<tr>\n<td>Personnalisation<\/td>\n<td>Emballage\/LOGO<\/td>\n<\/tr>\n<\/tbody>\n<\/table>","protected":false},"featured_media":29339,"comment_status":"closed","ping_status":"closed","template":"","meta":[],"product_cat":[75],"product_tag":[],"class_list":{"0":"post-29336","1":"product","2":"type-product","3":"status-publish","4":"has-post-thumbnail","6":"product_cat-wholesale-gummy-chocolate","8":"first","9":"instock","10":"shipping-taxable","11":"product-type-simple"},"_links":{"self":[{"href":"https:\/\/jxgchocolate.com\/fr\/wp-json\/wp\/v2\/product\/29336","targetHints":{"allow":["GET"]}}],"collection":[{"href":"https:\/\/jxgchocolate.com\/fr\/wp-json\/wp\/v2\/product"}],"about":[{"href":"https:\/\/jxgchocolate.com\/fr\/wp-json\/wp\/v2\/types\/product"}],"replies":[{"embeddable":true,"href":"https:\/\/jxgchocolate.com\/fr\/wp-json\/wp\/v2\/comments?post=29336"}],"version-history":[{"count":0,"href":"https:\/\/jxgchocolate.com\/fr\/wp-json\/wp\/v2\/product\/29336\/revisions"}],"wp:featuredmedia":[{"embeddable":true,"href":"https:\/\/jxgchocolate.com\/fr\/wp-json\/wp\/v2\/media\/29339"}],"wp:attachment":[{"href":"https:\/\/jxgchocolate.com\/fr\/wp-json\/wp\/v2\/media?parent=29336"}],"wp:term":[{"taxonomy":"product_cat","embeddable":true,"href":"https:\/\/jxgchocolate.com\/fr\/wp-json\/wp\/v2\/product_cat?post=29336"},{"taxonomy":"product_tag","embeddable":true,"href":"https:\/\/jxgchocolate.com\/fr\/wp-json\/wp\/v2\/product_tag?post=29336"}],"curies":[{"name":"wp","href":"https:\/\/api.w.org\/{rel}","templated":true}]}}