{"id":29344,"date":"2025-01-02T04:09:27","date_gmt":"2025-01-02T04:09:27","guid":{"rendered":"https:\/\/jxgchocolate.com\/?post_type=product&#038;p=29344"},"modified":"2025-01-02T04:09:29","modified_gmt":"2025-01-02T04:09:29","slug":"chocolate-coated-peanuts-wholesale","status":"publish","type":"product","link":"https:\/\/jxgchocolate.com\/fr\/produit\/chocolate-coated-peanuts-wholesale\/","title":{"rendered":"Cacahu\u00e8tes enrob\u00e9es de chocolat au go\u00fbt de th\u00e9 Wholesale, Cacahu\u00e8tes enrob\u00e9es de chocolat en vrac"},"content":{"rendered":"<div class=\"wp-block-columns is-layout-flex wp-container-core-columns-is-layout-9d6595d7 wp-block-columns-is-layout-flex\">\n<div class=\"wp-block-column is-layout-flow wp-block-column-is-layout-flow\">\n<h2 class=\"wp-block-heading\">Cacahu\u00e8tes enrob\u00e9es de chocolat de premi\u00e8re qualit\u00e9 Caract\u00e9ristiques de gros :<\/h2>\n\n\n\n<ul class=\"wp-block-list\">\n<li><strong>La fusion parfaite du th\u00e9 et du chocolat : <\/strong>Nos cacahu\u00e8tes enrob\u00e9es de chocolat en gros utilisent le th\u00e9 oolong Yashi Xiang comme ar\u00f4me principal. L'ar\u00f4me floral unique et la saveur subtile du th\u00e9 donnent \u00e0 nos cacahu\u00e8tes enrob\u00e9es de chocolat en gros une saveur unique. La fra\u00eecheur de l'ar\u00f4me de th\u00e9 et la richesse du chocolat se compl\u00e8tent, cr\u00e9ant une sensation de richesse et de superposition, et chaque bouch\u00e9e est m\u00e9morable.<\/li>\n\n\n\n<li><strong>S\u00e9lectionner des mati\u00e8res premi\u00e8res de haute qualit\u00e9 pour garantir le go\u00fbt et la qualit\u00e9 : <\/strong>Nos arachides au chocolat en vrac s\u00e9lectionnent des arachides au grain plein et au go\u00fbt croustillant, et les associent \u00e0 un chocolat de haute qualit\u00e9 soyeux et onctueux. Elles sont fabriqu\u00e9es avec un savoir-faire exquis pour garantir un enrobage chocolat\u00e9 uniforme et une saveur optimale.<\/li>\n\n\n\n<li><strong>Des options d'en-cas saines et d\u00e9licieuses : <\/strong>Les antioxydants naturels des feuilles de th\u00e9 oolong sont associ\u00e9s aux acides gras insatur\u00e9s et aux prot\u00e9ines riches des cacahu\u00e8tes, de sorte que nos cacahu\u00e8tes enrob\u00e9es de chocolat en gros peuvent satisfaire les papilles gustatives tout en tenant compte de la sant\u00e9. Qu'il s'agisse d'un loisir quotidien ou d'un accompagnement de boissons, cette cacahu\u00e8te enrob\u00e9e de chocolat est un choix parfait.<\/li>\n\n\n\n<li><strong>Services flexibles de vente en gros et services personnalis\u00e9s : <\/strong>Nos cacahu\u00e8tes au chocolat en vrac sont con\u00e7ues pour les d\u00e9taillants et les clients de marque, offrant un soutien \u00e0 l'approvisionnement en gros volumes, tout en acceptant les exigences en mati\u00e8re d'ar\u00f4mes, d'emballages et de personnalisation des marques. Que vous teniez un magasin de d\u00e9tail ou que vous construisiez une ligne de produits de marque, nous pouvons r\u00e9pondre \u00e0 vos besoins commerciaux.<\/li>\n<\/ul>\n<\/div>\n\n\n\n<div class=\"wp-block-column is-layout-flow wp-block-column-is-layout-flow\">\n<figure class=\"wp-block-image size-full\"><img fetchpriority=\"high\" decoding=\"async\" width=\"1800\" height=\"1500\" src=\"https:\/\/jxgchocolate.com\/wp-content\/uploads\/2024\/12\/Sales-In-Bulk-Peanut-Chocolate-Candy-Ball-With-Newest-Tea-Flavor1.webp\" alt=\"Cacahu\u00e8tes enrob\u00e9es de chocolat au go\u00fbt de th\u00e9 Wholesale, Cacahu\u00e8tes enrob\u00e9es de chocolat en vrac-1\" class=\"wp-image-29345\" srcset=\"https:\/\/jxgchocolate.com\/wp-content\/uploads\/2024\/12\/Sales-In-Bulk-Peanut-Chocolate-Candy-Ball-With-Newest-Tea-Flavor1.webp 1800w, https:\/\/jxgchocolate.com\/wp-content\/uploads\/2024\/12\/Sales-In-Bulk-Peanut-Chocolate-Candy-Ball-With-Newest-Tea-Flavor1-360x300.webp 360w, https:\/\/jxgchocolate.com\/wp-content\/uploads\/2024\/12\/Sales-In-Bulk-Peanut-Chocolate-Candy-Ball-With-Newest-Tea-Flavor1-768x640.webp 768w, https:\/\/jxgchocolate.com\/wp-content\/uploads\/2024\/12\/Sales-In-Bulk-Peanut-Chocolate-Candy-Ball-With-Newest-Tea-Flavor1-14x12.webp 14w, https:\/\/jxgchocolate.com\/wp-content\/uploads\/2024\/12\/Sales-In-Bulk-Peanut-Chocolate-Candy-Ball-With-Newest-Tea-Flavor1-430x358.webp 430w, https:\/\/jxgchocolate.com\/wp-content\/uploads\/2024\/12\/Sales-In-Bulk-Peanut-Chocolate-Candy-Ball-With-Newest-Tea-Flavor1-700x583.webp 700w, https:\/\/jxgchocolate.com\/wp-content\/uploads\/2024\/12\/Sales-In-Bulk-Peanut-Chocolate-Candy-Ball-With-Newest-Tea-Flavor1-150x125.webp 150w\" sizes=\"(max-width: 1800px) 100vw, 1800px\" \/><\/figure>\n<\/div>\n<\/div>","protected":false},"excerpt":{"rendered":"<p>Nous vous invitons \u00e0 acheter des cacahu\u00e8tes en chocolat en gros. Nos cacahu\u00e8tes enrob\u00e9es de chocolat en gros sont une combinaison de th\u00e9 oolong Yashi Xiang s\u00e9lectionn\u00e9 et de chocolat et de cacahu\u00e8tes de haute qualit\u00e9, qui apporte un ar\u00f4me de th\u00e9 unique et un go\u00fbt croustillant, prenant en compte \u00e0 la fois la gourmandise et la sant\u00e9.<\/p>\n<table width=\"423\">\n<tbody>\n<tr>\n<td width=\"166\">Fabricant<\/td>\n<td width=\"257\">Le fruit de la chance<\/td>\n<\/tr>\n<tr>\n<td>MOD\u00c8LE NO.<\/td>\n<td>JXG48<\/td>\n<\/tr>\n<tr>\n<td>Type<\/td>\n<td>Chocolat aux cacahu\u00e8tes<\/td>\n<\/tr>\n<tr>\n<td>Emballage<\/td>\n<td>Emballage de la bo\u00eete<\/td>\n<\/tr>\n<tr>\n<td>Sp\u00e9cifications<\/td>\n<td>20 sacs*12 bo\u00eetes<\/td>\n<\/tr>\n<tr>\n<td>Taille du carton<\/td>\n<td>58*35.5*37.5cm<\/td>\n<\/tr>\n<tr>\n<td>N.W \/SET<\/td>\n<td>23g*20 sacs<\/td>\n<\/tr>\n<tr>\n<td>Couleur<\/td>\n<td>En tant qu'image<\/td>\n<\/tr>\n<tr>\n<td>MOQ<\/td>\n<td>500 cartons<\/td>\n<\/tr>\n<tr>\n<td>Personnalisation<\/td>\n<td>Emballage\/LOGO<\/td>\n<\/tr>\n<\/tbody>\n<\/table>","protected":false},"featured_media":29346,"comment_status":"closed","ping_status":"closed","template":"","meta":[],"product_cat":[73],"product_tag":[],"class_list":{"0":"post-29344","1":"product","2":"type-product","3":"status-publish","4":"has-post-thumbnail","6":"product_cat-wholesale-chocolate-covered-peanuts","8":"first","9":"instock","10":"shipping-taxable","11":"product-type-simple"},"_links":{"self":[{"href":"https:\/\/jxgchocolate.com\/fr\/wp-json\/wp\/v2\/product\/29344","targetHints":{"allow":["GET"]}}],"collection":[{"href":"https:\/\/jxgchocolate.com\/fr\/wp-json\/wp\/v2\/product"}],"about":[{"href":"https:\/\/jxgchocolate.com\/fr\/wp-json\/wp\/v2\/types\/product"}],"replies":[{"embeddable":true,"href":"https:\/\/jxgchocolate.com\/fr\/wp-json\/wp\/v2\/comments?post=29344"}],"version-history":[{"count":0,"href":"https:\/\/jxgchocolate.com\/fr\/wp-json\/wp\/v2\/product\/29344\/revisions"}],"wp:featuredmedia":[{"embeddable":true,"href":"https:\/\/jxgchocolate.com\/fr\/wp-json\/wp\/v2\/media\/29346"}],"wp:attachment":[{"href":"https:\/\/jxgchocolate.com\/fr\/wp-json\/wp\/v2\/media?parent=29344"}],"wp:term":[{"taxonomy":"product_cat","embeddable":true,"href":"https:\/\/jxgchocolate.com\/fr\/wp-json\/wp\/v2\/product_cat?post=29344"},{"taxonomy":"product_tag","embeddable":true,"href":"https:\/\/jxgchocolate.com\/fr\/wp-json\/wp\/v2\/product_tag?post=29344"}],"curies":[{"name":"wp","href":"https:\/\/api.w.org\/{rel}","templated":true}]}}