{"id":29354,"date":"2025-01-02T07:18:58","date_gmt":"2025-01-02T07:18:58","guid":{"rendered":"https:\/\/jxgchocolate.com\/?post_type=product&#038;p=29354"},"modified":"2025-01-02T07:19:00","modified_gmt":"2025-01-02T07:19:00","slug":"wholesale-peanuts-with-chocolate-coating","status":"publish","type":"product","link":"https:\/\/jxgchocolate.com\/fr\/produit\/wholesale-peanuts-with-chocolate-coating\/","title":{"rendered":"Cacahu\u00e8tes croustillantes en gros avec enrobage de chocolat en vrac"},"content":{"rendered":"<div class=\"wp-block-columns is-layout-flex wp-container-core-columns-is-layout-9d6595d7 wp-block-columns-is-layout-flex\">\n<div class=\"wp-block-column is-layout-flow wp-block-column-is-layout-flow\">\n<h2 class=\"wp-block-heading\">Cacahu\u00e8tes en gros de premi\u00e8re qualit\u00e9 avec enrobage de chocolat Caract\u00e9ristiques :<\/h2>\n\n\n\n<ul class=\"wp-block-list\">\n<li><strong>Saveur et go\u00fbt uniques : <\/strong>Nos cacahu\u00e8tes en gros enrob\u00e9es de chocolat combinent la saveur unique des cacahu\u00e8tes et du chocolat ; les cacahu\u00e8tes croustillantes et le chocolat soyeux se compl\u00e8tent pour former une riche hi\u00e9rarchie de go\u00fbts. Ce go\u00fbt unique permet \u00e0 nos cacahu\u00e8tes en vrac enrob\u00e9es de chocolat de se distinguer parmi de nombreux en-cas et d'\u00eatre tr\u00e8s appr\u00e9ci\u00e9es des consommateurs.<\/li>\n\n\n\n<li><strong>Valeur nutritionnelle : <\/strong>Nos cacahu\u00e8tes au chocolat en vrac sont riches en \u00e9nergie, en prot\u00e9ines et en mati\u00e8res grasses, et contiennent une vari\u00e9t\u00e9 de min\u00e9raux et de vitamines. 100 grammes de chocolat aux cacahu\u00e8tes contiennent environ 514 calories d'\u00e9nergie, 9,4 grammes de prot\u00e9ines et 25,4 grammes de mati\u00e8res grasses, ainsi que divers min\u00e9raux tels que le magn\u00e9sium, le phosphore, le calcium, le fer et le zinc. Cet apport nutritionnel permet de r\u00e9pondre aux besoins \u00e9nerg\u00e9tiques du corps humain et contribue donc de mani\u00e8re g\u00e9n\u00e9rale \u00e0 la sant\u00e9.<\/li>\n\n\n\n<li><strong>Conception exquise de l'emballage : <\/strong>De nombreuses cacahu\u00e8tes au chocolat en vrac accordent beaucoup d'attention \u00e0 la conception de l'emballage, en utilisant un emballage exquis pour attirer l'attention des consommateurs. L'emballage de nos cacahu\u00e8tes enrob\u00e9es de chocolat en gros est non seulement pratique \u00e0 transporter et \u00e0 mettre en place, mais il permet \u00e9galement de conserver la fra\u00eecheur du chocolat et de l'aromatiser. Par ailleurs, l'emballage exquis est un tr\u00e8s beau cadeau, qui peut \u00eatre offert aux amis et \u00e0 la famille \u00e0 l'occasion de diverses f\u00eates ou occasions sp\u00e9ciales.<\/li>\n<\/ul>\n<\/div>\n\n\n\n<div class=\"wp-block-column is-layout-flow wp-block-column-is-layout-flow\">\n<figure class=\"wp-block-image size-full\"><img fetchpriority=\"high\" decoding=\"async\" width=\"1800\" height=\"1500\" src=\"https:\/\/jxgchocolate.com\/wp-content\/uploads\/2025\/01\/Wholesales-In-Bulk-Crispy-Peanut-Chocolate-Ball-In-China2.webp\" alt=\"Cacahu\u00e8tes croustillantes en gros avec enrobage de chocolat en vrac-2\" class=\"wp-image-29356\" srcset=\"https:\/\/jxgchocolate.com\/wp-content\/uploads\/2025\/01\/Wholesales-In-Bulk-Crispy-Peanut-Chocolate-Ball-In-China2.webp 1800w, https:\/\/jxgchocolate.com\/wp-content\/uploads\/2025\/01\/Wholesales-In-Bulk-Crispy-Peanut-Chocolate-Ball-In-China2-360x300.webp 360w, https:\/\/jxgchocolate.com\/wp-content\/uploads\/2025\/01\/Wholesales-In-Bulk-Crispy-Peanut-Chocolate-Ball-In-China2-768x640.webp 768w, https:\/\/jxgchocolate.com\/wp-content\/uploads\/2025\/01\/Wholesales-In-Bulk-Crispy-Peanut-Chocolate-Ball-In-China2-14x12.webp 14w, https:\/\/jxgchocolate.com\/wp-content\/uploads\/2025\/01\/Wholesales-In-Bulk-Crispy-Peanut-Chocolate-Ball-In-China2-430x358.webp 430w, https:\/\/jxgchocolate.com\/wp-content\/uploads\/2025\/01\/Wholesales-In-Bulk-Crispy-Peanut-Chocolate-Ball-In-China2-700x583.webp 700w, https:\/\/jxgchocolate.com\/wp-content\/uploads\/2025\/01\/Wholesales-In-Bulk-Crispy-Peanut-Chocolate-Ball-In-China2-150x125.webp 150w\" sizes=\"(max-width: 1800px) 100vw, 1800px\" \/><\/figure>\n<\/div>\n<\/div>","protected":false},"excerpt":{"rendered":"<p>Bienvenue \u00e0 l'achat de cacahu\u00e8tes au chocolat en vrac. Nos cacahu\u00e8tes en gros avec enrobage de chocolat sont sp\u00e9ciales en raison de la combinaison de cacahu\u00e8tes croustillantes et de chocolat lisse en une saveur intrigante et irr\u00e9sistible. Qu'il s'agisse d'un en-cas r\u00e9gulier ou d'un cadeau pour une occasion sp\u00e9ciale, les cacahu\u00e8tes enrob\u00e9es de chocolat apporteront une exp\u00e9rience agr\u00e9able aux gens.<\/p>\n<table width=\"423\">\n<tbody>\n<tr>\n<td width=\"166\">Fabricant<\/td>\n<td width=\"257\">Le fruit de la chance<\/td>\n<\/tr>\n<tr>\n<td>MOD\u00c8LE NO.<\/td>\n<td>JXG49<\/td>\n<\/tr>\n<tr>\n<td>Type<\/td>\n<td>Chocolat aux cacahu\u00e8tes<\/td>\n<\/tr>\n<tr>\n<td>Emballage<\/td>\n<td>Emballage de la bo\u00eete<\/td>\n<\/tr>\n<tr>\n<td>Sp\u00e9cifications<\/td>\n<td>20 sacs*12 bo\u00eetes<\/td>\n<\/tr>\n<tr>\n<td>Taille du carton<\/td>\n<td>58*35.5*37.5cm<\/td>\n<\/tr>\n<tr>\n<td>N.W \/SET<\/td>\n<td>23g*20 sacs<\/td>\n<\/tr>\n<tr>\n<td>Couleur<\/td>\n<td>En tant qu'image<\/td>\n<\/tr>\n<tr>\n<td>MOQ<\/td>\n<td>500 cartons<\/td>\n<\/tr>\n<tr>\n<td>Personnalisation<\/td>\n<td>Emballage\/LOGO<\/td>\n<\/tr>\n<\/tbody>\n<\/table>","protected":false},"featured_media":29355,"comment_status":"closed","ping_status":"closed","template":"","meta":[],"product_cat":[73],"product_tag":[],"class_list":{"0":"post-29354","1":"product","2":"type-product","3":"status-publish","4":"has-post-thumbnail","6":"product_cat-wholesale-chocolate-covered-peanuts","8":"first","9":"instock","10":"shipping-taxable","11":"product-type-simple"},"_links":{"self":[{"href":"https:\/\/jxgchocolate.com\/fr\/wp-json\/wp\/v2\/product\/29354","targetHints":{"allow":["GET"]}}],"collection":[{"href":"https:\/\/jxgchocolate.com\/fr\/wp-json\/wp\/v2\/product"}],"about":[{"href":"https:\/\/jxgchocolate.com\/fr\/wp-json\/wp\/v2\/types\/product"}],"replies":[{"embeddable":true,"href":"https:\/\/jxgchocolate.com\/fr\/wp-json\/wp\/v2\/comments?post=29354"}],"version-history":[{"count":0,"href":"https:\/\/jxgchocolate.com\/fr\/wp-json\/wp\/v2\/product\/29354\/revisions"}],"wp:featuredmedia":[{"embeddable":true,"href":"https:\/\/jxgchocolate.com\/fr\/wp-json\/wp\/v2\/media\/29355"}],"wp:attachment":[{"href":"https:\/\/jxgchocolate.com\/fr\/wp-json\/wp\/v2\/media?parent=29354"}],"wp:term":[{"taxonomy":"product_cat","embeddable":true,"href":"https:\/\/jxgchocolate.com\/fr\/wp-json\/wp\/v2\/product_cat?post=29354"},{"taxonomy":"product_tag","embeddable":true,"href":"https:\/\/jxgchocolate.com\/fr\/wp-json\/wp\/v2\/product_tag?post=29354"}],"curies":[{"name":"wp","href":"https:\/\/api.w.org\/{rel}","templated":true}]}}