{"id":29362,"date":"2025-01-02T02:56:47","date_gmt":"2025-01-02T02:56:47","guid":{"rendered":"https:\/\/jxgchocolate.com\/?post_type=product&#038;p=29362"},"modified":"2025-01-02T02:57:30","modified_gmt":"2025-01-02T02:57:30","slug":"gummy-candy-wholesale","status":"publish","type":"product","link":"https:\/\/jxgchocolate.com\/fr\/produit\/gummy-candy-wholesale\/","title":{"rendered":"Bonbons g\u00e9lifi\u00e9s au chocolat \u00e0 l'ar\u00f4me de th\u00e9 chinois en gros en vrac"},"content":{"rendered":"<div class=\"wp-block-columns is-layout-flex wp-container-core-columns-is-layout-9d6595d7 wp-block-columns-is-layout-flex\">\n<div class=\"wp-block-column is-layout-flow wp-block-column-is-layout-flow\">\n<h2 class=\"wp-block-heading\">Premium Chocolate Gummy Candy Wholesale Caract\u00e9ristiques :<\/h2>\n\n\n\n<ul class=\"wp-block-list\">\n<li><strong>Profondeur du bagage culturel : <\/strong>Le th\u00e9 Yashi Dancong est un th\u00e9 c\u00e9l\u00e8bre \u00e0 Chaozhou, Guangdong, Chine, avec une longue histoire et un riche h\u00e9ritage culturel. Gr\u00e2ce \u00e0 ces bonbons g\u00e9lifi\u00e9s au chocolat, les consommateurs peuvent ressentir le charme de la culture chinoise du th\u00e9.<\/li>\n\n\n\n<li><strong>Un triple go\u00fbt unique : <\/strong>Le th\u00e9 Yashi Dancong est connu pour son ar\u00f4me d'orchid\u00e9e puissant et durable, son ar\u00f4me de fruit et d'autres couches complexes. Cet ar\u00f4me de th\u00e9 unique est int\u00e9gr\u00e9 dans nos gommes au chocolat en vrac, offrant aux consommateurs une exp\u00e9rience gustative sans pr\u00e9c\u00e9dent. Les caract\u00e9ristiques douces et moelleuses de ces gommes au chocolat en vrac leur conf\u00e8rent un go\u00fbt unique et augmentent le plaisir de manger des bonbons. L'enrobage de chocolat noir ou de chocolat au lait de haute qualit\u00e9 offre diff\u00e9rents niveaux de variation, de l'amer au doux.<\/li>\n\n\n\n<li><strong>Innovation et singularit\u00e9 : <\/strong>Les bonbons g\u00e9lifi\u00e9s au chocolat aromatis\u00e9s au th\u00e9 Yashi Dancong sont un produit relativement nouveau, peu r\u00e9pandu sur le march\u00e9. Il est tr\u00e8s rare et unique et peut attirer les consommateurs \u00e0 la recherche d'exp\u00e9riences nouvelles. La combinaison de la culture traditionnelle du th\u00e9 et de l'artisanat moderne des bonbons incarne le charme de l'innovation et du transfrontalier, et convient aux consommateurs \u00e0 la recherche d'exp\u00e9riences uniques.<\/li>\n\n\n\n<li><strong>Le groupe de consommateurs cible est clair : <\/strong>Les consommateurs qui aiment essayer diff\u00e9rents types de th\u00e9 et de culture du th\u00e9 appr\u00e9cieront particuli\u00e8rement les amateurs de culture du th\u00e9 qui combinent l'ar\u00f4me du th\u00e9 et les bonbons. Les consommateurs soucieux de leur sant\u00e9 et de leur alimentation appr\u00e9cieront les ingr\u00e9dients naturels et les bienfaits des bonbons gommeux au chocolat aromatis\u00e9s au th\u00e9 Yashi Dancong, destin\u00e9s aux personnes soucieuses de leur sant\u00e9. En outre, ce produit peut \u00eatre offert \u00e0 des amis, \u00e0 des membres de la famille ou \u00e0 des partenaires, en particulier \u00e0 ceux qui ont des go\u00fbts uniques en mati\u00e8re de culture et de cuisine.<\/li>\n<\/ul>\n<\/div>\n\n\n\n<div class=\"wp-block-column is-layout-flow wp-block-column-is-layout-flow\">\n<figure class=\"wp-block-image size-full\"><img fetchpriority=\"high\" decoding=\"async\" width=\"1500\" height=\"1500\" src=\"https:\/\/jxgchocolate.com\/wp-content\/uploads\/2025\/01\/Chinese-Tea-Flavor-Gummy-Choco-Candy-Wholesale-In-Bulk1.webp\" alt=\"Bonbons g\u00e9lifi\u00e9s au chocolat \u00e0 l&#039;ar\u00f4me de th\u00e9 chinois en vrac-1\" class=\"wp-image-29363\" srcset=\"https:\/\/jxgchocolate.com\/wp-content\/uploads\/2025\/01\/Chinese-Tea-Flavor-Gummy-Choco-Candy-Wholesale-In-Bulk1.webp 1500w, https:\/\/jxgchocolate.com\/wp-content\/uploads\/2025\/01\/Chinese-Tea-Flavor-Gummy-Choco-Candy-Wholesale-In-Bulk1-300x300.webp 300w, https:\/\/jxgchocolate.com\/wp-content\/uploads\/2025\/01\/Chinese-Tea-Flavor-Gummy-Choco-Candy-Wholesale-In-Bulk1-150x150.webp 150w, https:\/\/jxgchocolate.com\/wp-content\/uploads\/2025\/01\/Chinese-Tea-Flavor-Gummy-Choco-Candy-Wholesale-In-Bulk1-768x768.webp 768w, https:\/\/jxgchocolate.com\/wp-content\/uploads\/2025\/01\/Chinese-Tea-Flavor-Gummy-Choco-Candy-Wholesale-In-Bulk1-12x12.webp 12w, https:\/\/jxgchocolate.com\/wp-content\/uploads\/2025\/01\/Chinese-Tea-Flavor-Gummy-Choco-Candy-Wholesale-In-Bulk1-430x430.webp 430w, https:\/\/jxgchocolate.com\/wp-content\/uploads\/2025\/01\/Chinese-Tea-Flavor-Gummy-Choco-Candy-Wholesale-In-Bulk1-700x700.webp 700w\" sizes=\"(max-width: 1500px) 100vw, 1500px\" \/><\/figure>\n<\/div>\n<\/div>\n\n\n\n<p><\/p>","protected":false},"excerpt":{"rendered":"<p>Nous vous invitons \u00e0 acheter nos bonbons g\u00e9lifi\u00e9s au chocolat en gros. Nos bonbons au chocolat Yashi Dancong aromatis\u00e9s au th\u00e9 en vrac sont des bonbons innovants qui combinent l'ar\u00f4me unique du th\u00e9 traditionnel avec la texture moelleuse des bonbons au chocolat et la riche saveur du chocolat.<\/p>\n<table width=\"423\">\n<tbody>\n<tr>\n<td width=\"166\">Fabricant<\/td>\n<td width=\"257\">Le fruit de la chance<\/td>\n<\/tr>\n<tr>\n<td>MOD\u00c8LE NO.<\/td>\n<td>JXG50<\/td>\n<\/tr>\n<tr>\n<td>Type<\/td>\n<td>Bonbons g\u00e9lifi\u00e9s au chocolat<\/td>\n<\/tr>\n<tr>\n<td>Emballage<\/td>\n<td>Emballage de la bo\u00eete<\/td>\n<\/tr>\n<tr>\n<td>Sp\u00e9cifications<\/td>\n<td>20 sacs*12 bo\u00eetes<\/td>\n<\/tr>\n<tr>\n<td>Taille du carton<\/td>\n<td>58*35.5*37.5cm<\/td>\n<\/tr>\n<tr>\n<td>N.W \/SET<\/td>\n<td>23g*20 sacs<\/td>\n<\/tr>\n<tr>\n<td>Couleur<\/td>\n<td>En tant qu'image<\/td>\n<\/tr>\n<tr>\n<td>MOQ<\/td>\n<td>500 cartons<\/td>\n<\/tr>\n<tr>\n<td>Personnalisation<\/td>\n<td>Emballage\/LOGO<\/td>\n<\/tr>\n<\/tbody>\n<\/table>","protected":false},"featured_media":29365,"comment_status":"closed","ping_status":"closed","template":"","meta":[],"product_cat":[75],"product_tag":[],"class_list":{"0":"post-29362","1":"product","2":"type-product","3":"status-publish","4":"has-post-thumbnail","6":"product_cat-wholesale-gummy-chocolate","8":"first","9":"instock","10":"shipping-taxable","11":"product-type-simple"},"_links":{"self":[{"href":"https:\/\/jxgchocolate.com\/fr\/wp-json\/wp\/v2\/product\/29362","targetHints":{"allow":["GET"]}}],"collection":[{"href":"https:\/\/jxgchocolate.com\/fr\/wp-json\/wp\/v2\/product"}],"about":[{"href":"https:\/\/jxgchocolate.com\/fr\/wp-json\/wp\/v2\/types\/product"}],"replies":[{"embeddable":true,"href":"https:\/\/jxgchocolate.com\/fr\/wp-json\/wp\/v2\/comments?post=29362"}],"version-history":[{"count":0,"href":"https:\/\/jxgchocolate.com\/fr\/wp-json\/wp\/v2\/product\/29362\/revisions"}],"wp:featuredmedia":[{"embeddable":true,"href":"https:\/\/jxgchocolate.com\/fr\/wp-json\/wp\/v2\/media\/29365"}],"wp:attachment":[{"href":"https:\/\/jxgchocolate.com\/fr\/wp-json\/wp\/v2\/media?parent=29362"}],"wp:term":[{"taxonomy":"product_cat","embeddable":true,"href":"https:\/\/jxgchocolate.com\/fr\/wp-json\/wp\/v2\/product_cat?post=29362"},{"taxonomy":"product_tag","embeddable":true,"href":"https:\/\/jxgchocolate.com\/fr\/wp-json\/wp\/v2\/product_tag?post=29362"}],"curies":[{"name":"wp","href":"https:\/\/api.w.org\/{rel}","templated":true}]}}