{"id":29393,"date":"2025-01-13T08:20:18","date_gmt":"2025-01-13T08:20:18","guid":{"rendered":"https:\/\/jxgchocolate.com\/?post_type=product&#038;p=29393"},"modified":"2025-01-13T08:20:20","modified_gmt":"2025-01-13T08:20:20","slug":"wholesale-gummy-candy","status":"publish","type":"product","link":"https:\/\/jxgchocolate.com\/fr\/produit\/wholesale-gummy-candy\/","title":{"rendered":"Bonbons g\u00e9lifi\u00e9s en gros, bonbons g\u00e9lifi\u00e9s au chocolat en vrac et soyeux"},"content":{"rendered":"<div class=\"wp-block-columns is-layout-flex wp-container-core-columns-is-layout-9d6595d7 wp-block-columns-is-layout-flex\">\n<div class=\"wp-block-column is-layout-flow wp-block-column-is-layout-flow\">\n<h2 class=\"wp-block-heading\">Premium Wholesale Gummy Candy Caract\u00e9ristiques :<\/h2>\n\n\n\n<ul class=\"wp-block-list\">\n<li><strong>Une exp\u00e9rience gustative unique : <\/strong>Ce bonbon g\u00e9lifi\u00e9 en gros combine la richesse du chocolat et la m\u00e2che du bonbon g\u00e9lifi\u00e9 pour former un triple go\u00fbt unique. La couche ext\u00e9rieure est constitu\u00e9e de chocolat riche et moelleux, et la couche interm\u00e9diaire de bonbons g\u00e9lifi\u00e9s doux et collants. Ce go\u00fbt en couches Le changement de go\u00fbt apporte aux consommateurs une exp\u00e9rience gustative riche. Il existe de nombreux ar\u00f4mes de fruits, comme la mangue, le raisin vert, la p\u00eache, la fraise, etc.<\/li>\n\n\n\n<li><strong>Conception exquise de l'emballage : <\/strong>Nos bonbons de chocolat en vrac sont emball\u00e9s de mani\u00e8re exquise, avec un emballage color\u00e9 qui attire les regards et l'attention des clients. En outre, l'emballage est petit et portable, ce qui permet aux clients d'en profiter \u00e0 tout moment et en tout lieu.<\/li>\n\n\n\n<li><strong>Prestations de sant\u00e9 limit\u00e9es :<\/strong> La teneur en collag\u00e8ne de ces bonbons g\u00e9lifi\u00e9s n'est pas suffisante pour avoir un impact significatif sur la sant\u00e9 humaine, mais ils contiennent de la g\u00e9latine, une substance fabriqu\u00e9e \u00e0 partir d'os, de peau et de tendons d'animaux cuits. Les prot\u00e9ines contribuent \u00e0 maintenir l'\u00e9lasticit\u00e9 de la peau.<\/li>\n\n\n\n<li><strong>Des fa\u00e7ons innovantes de servir : <\/strong>Nos gommes au chocolat en vrac sont parfaites pour accompagner le th\u00e9 vert, le th\u00e9 oolong ou d'autres types de th\u00e9 afin de cr\u00e9er une exp\u00e9rience gustative plus riche. Broyez le chocolat au caramel et ajoutez-le \u00e0 des recettes telles que les biscuits, les g\u00e2teaux ou le pain pour ajouter de la saveur et de la texture.<\/li>\n<\/ul>\n<\/div>\n\n\n\n<div class=\"wp-block-column is-layout-flow wp-block-column-is-layout-flow\">\n<figure class=\"wp-block-image size-full\"><img fetchpriority=\"high\" decoding=\"async\" width=\"1500\" height=\"1500\" src=\"https:\/\/jxgchocolate.com\/wp-content\/uploads\/2025\/01\/Bulk-Smooth-Gummy-Chocolate-Ball-With-Customized-Packaging2.webp\" alt=\"Bonbons g\u00e9lifi\u00e9s en gros, bonbons g\u00e9lifi\u00e9s au chocolat en vrac soyeux-2\" class=\"wp-image-29396\" srcset=\"https:\/\/jxgchocolate.com\/wp-content\/uploads\/2025\/01\/Bulk-Smooth-Gummy-Chocolate-Ball-With-Customized-Packaging2.webp 1500w, https:\/\/jxgchocolate.com\/wp-content\/uploads\/2025\/01\/Bulk-Smooth-Gummy-Chocolate-Ball-With-Customized-Packaging2-300x300.webp 300w, https:\/\/jxgchocolate.com\/wp-content\/uploads\/2025\/01\/Bulk-Smooth-Gummy-Chocolate-Ball-With-Customized-Packaging2-150x150.webp 150w, https:\/\/jxgchocolate.com\/wp-content\/uploads\/2025\/01\/Bulk-Smooth-Gummy-Chocolate-Ball-With-Customized-Packaging2-768x768.webp 768w, https:\/\/jxgchocolate.com\/wp-content\/uploads\/2025\/01\/Bulk-Smooth-Gummy-Chocolate-Ball-With-Customized-Packaging2-12x12.webp 12w, https:\/\/jxgchocolate.com\/wp-content\/uploads\/2025\/01\/Bulk-Smooth-Gummy-Chocolate-Ball-With-Customized-Packaging2-430x430.webp 430w, https:\/\/jxgchocolate.com\/wp-content\/uploads\/2025\/01\/Bulk-Smooth-Gummy-Chocolate-Ball-With-Customized-Packaging2-700x700.webp 700w\" sizes=\"(max-width: 1500px) 100vw, 1500px\" \/><\/figure>\n<\/div>\n<\/div>\n\n\n\n<p><\/p>","protected":false},"excerpt":{"rendered":"<p>Bienvenue sur le site d'achat en gros de bonbons g\u00e9lifi\u00e9s. Nos bonbons g\u00e9lifi\u00e9s au chocolat en vrac offrent une nouvelle exp\u00e9rience gustative et sont id\u00e9aux pour les consommateurs \u00e0 la recherche d'une nouvelle saveur d'en-cas. Qu'il s'agisse d'un en-cas quotidien, d'un ingr\u00e9dient de p\u00e2tisserie ou d'un cadeau exquis, le chocolat au fudge apporte un plaisir unique aux consommateurs.<\/p>\n<table width=\"423\">\n<tbody>\n<tr>\n<td width=\"166\">Fabricant<\/td>\n<td width=\"257\">Le fruit de la chance<\/td>\n<\/tr>\n<tr>\n<td>MOD\u00c8LE NO.<\/td>\n<td>JXG50<\/td>\n<\/tr>\n<tr>\n<td>Type<\/td>\n<td>Bonbons g\u00e9lifi\u00e9s Chocolat<\/td>\n<\/tr>\n<tr>\n<td>Emballage<\/td>\n<td>Emballage de la bo\u00eete<\/td>\n<\/tr>\n<tr>\n<td>Sp\u00e9cifications<\/td>\n<td>20 sacs*12 bo\u00eetes<\/td>\n<\/tr>\n<tr>\n<td>Taille du carton<\/td>\n<td>58*35.5*37.5cm<\/td>\n<\/tr>\n<tr>\n<td>N.W \/SET<\/td>\n<td>23g*20 sacs<\/td>\n<\/tr>\n<tr>\n<td>Couleur<\/td>\n<td>En tant qu'image<\/td>\n<\/tr>\n<tr>\n<td>MOQ<\/td>\n<td>500 cartons<\/td>\n<\/tr>\n<tr>\n<td>Personnalisation<\/td>\n<td>Emballage\/LOGO<\/td>\n<\/tr>\n<\/tbody>\n<\/table>","protected":false},"featured_media":29397,"comment_status":"closed","ping_status":"closed","template":"","meta":[],"product_cat":[75],"product_tag":[],"class_list":{"0":"post-29393","1":"product","2":"type-product","3":"status-publish","4":"has-post-thumbnail","6":"product_cat-wholesale-gummy-chocolate","8":"first","9":"instock","10":"shipping-taxable","11":"product-type-simple"},"_links":{"self":[{"href":"https:\/\/jxgchocolate.com\/fr\/wp-json\/wp\/v2\/product\/29393","targetHints":{"allow":["GET"]}}],"collection":[{"href":"https:\/\/jxgchocolate.com\/fr\/wp-json\/wp\/v2\/product"}],"about":[{"href":"https:\/\/jxgchocolate.com\/fr\/wp-json\/wp\/v2\/types\/product"}],"replies":[{"embeddable":true,"href":"https:\/\/jxgchocolate.com\/fr\/wp-json\/wp\/v2\/comments?post=29393"}],"version-history":[{"count":7,"href":"https:\/\/jxgchocolate.com\/fr\/wp-json\/wp\/v2\/product\/29393\/revisions"}],"predecessor-version":[{"id":29419,"href":"https:\/\/jxgchocolate.com\/fr\/wp-json\/wp\/v2\/product\/29393\/revisions\/29419"}],"wp:featuredmedia":[{"embeddable":true,"href":"https:\/\/jxgchocolate.com\/fr\/wp-json\/wp\/v2\/media\/29397"}],"wp:attachment":[{"href":"https:\/\/jxgchocolate.com\/fr\/wp-json\/wp\/v2\/media?parent=29393"}],"wp:term":[{"taxonomy":"product_cat","embeddable":true,"href":"https:\/\/jxgchocolate.com\/fr\/wp-json\/wp\/v2\/product_cat?post=29393"},{"taxonomy":"product_tag","embeddable":true,"href":"https:\/\/jxgchocolate.com\/fr\/wp-json\/wp\/v2\/product_tag?post=29393"}],"curies":[{"name":"wp","href":"https:\/\/api.w.org\/{rel}","templated":true}]}}