{"id":29400,"date":"2025-01-13T08:03:32","date_gmt":"2025-01-13T08:03:32","guid":{"rendered":"https:\/\/jxgchocolate.com\/?post_type=product&#038;p=29400"},"modified":"2025-01-13T08:03:35","modified_gmt":"2025-01-13T08:03:35","slug":"bulk-milk-chocolate-candy","status":"publish","type":"product","link":"https:\/\/jxgchocolate.com\/fr\/produit\/bulk-milk-chocolate-candy\/","title":{"rendered":"Bonbons au chocolat au lait en vrac, Graines de tournesol au chocolat acidul\u00e9 en gros"},"content":{"rendered":"<div class=\"wp-block-columns is-layout-flex wp-container-core-columns-is-layout-9d6595d7 wp-block-columns-is-layout-flex\">\n<div class=\"wp-block-column is-layout-flow wp-block-column-is-layout-flow\">\n<h2 class=\"wp-block-heading\">Bonbons au chocolat au lait en vrac de premi\u00e8re qualit\u00e9 Caract\u00e9ristiques :<\/h2>\n\n\n\n<ul class=\"wp-block-list\">\n<li><strong>Un triple go\u00fbt unique : <\/strong>Enrob\u00e9s d'un chocolat de qualit\u00e9 sup\u00e9rieure au go\u00fbt acidul\u00e9, nos bonbons au chocolat au lait en vrac offrent un d\u00e9grad\u00e9 de saveurs allant de l'acidul\u00e9 au riche. La couche de yaourt apporte un l\u00e9ger go\u00fbt acidul\u00e9, qui contraste avec l'ar\u00f4me sal\u00e9 des graines de tournesol et ajoute un go\u00fbt vari\u00e9.<\/li>\n\n\n\n<li><strong>Culture et innovation :<\/strong> Ces graines de tournesol chocolat\u00e9es en vrac associent les graines de tournesol traditionnelles \u00e0 l'artisanat moderne de la confiserie, et conviennent aux consommateurs \u00e0 la recherche d'une exp\u00e9rience unique. Bien que le chocolat au yaourt explosif et aux graines de tournesol soit une cat\u00e9gorie de produits relativement nouvelle, sa combinaison unique pr\u00e9sente une certaine raret\u00e9 et un certain attrait sur le march\u00e9.<\/li>\n\n\n\n<li><strong>Des sc\u00e9narios de consommation diversifi\u00e9s : <\/strong>Ce bonbon au chocolat au lait en vrac convient comme en-cas pour les loisirs, qu'il s'agisse d'une pause au travail ou d'une r\u00e9union de famille, il apporte un plaisir agr\u00e9able. Accompagn\u00e9 d'une tasse de th\u00e9 ou de caf\u00e9 chaud, c'est un en-cas parfait pour le th\u00e9 de l'apr\u00e8s-midi.<\/li>\n\n\n\n<li><strong>Amusement interactif : <\/strong>Le yogourt explosif chocolat graines de tournesol en vrac est facilement discut\u00e9 et partag\u00e9 sur les m\u00e9dias sociaux en raison de sa combinaison de saveurs unique, ce qui renforce l'interaction entre la marque et les consommateurs. Des s\u00e9ances de d\u00e9gustation ou des activit\u00e9s connexes peuvent \u00eatre organis\u00e9es pour permettre aux consommateurs de d\u00e9couvrir le charme du chocolat explosif au yaourt et aux graines de tournesol et de comprendre l'histoire culturelle qui le sous-tend.<\/li>\n<\/ul>\n<\/div>\n\n\n\n<div class=\"wp-block-column is-layout-flow wp-block-column-is-layout-flow\">\n<figure class=\"wp-block-image size-full\"><img fetchpriority=\"high\" decoding=\"async\" width=\"1500\" height=\"2000\" src=\"https:\/\/jxgchocolate.com\/wp-content\/uploads\/2025\/01\/Wholesales-New-Taste-Extreme-Sour-Sunflower-Seeds-Milk-Chocolate-Beans-In-Bulk2.webp\" alt=\"Bonbons au chocolat au lait en vrac, Graines de tournesol au chocolat acidul\u00e9 en vrac Wholesale-3\" class=\"wp-image-29407\" srcset=\"https:\/\/jxgchocolate.com\/wp-content\/uploads\/2025\/01\/Wholesales-New-Taste-Extreme-Sour-Sunflower-Seeds-Milk-Chocolate-Beans-In-Bulk2.webp 1500w, https:\/\/jxgchocolate.com\/wp-content\/uploads\/2025\/01\/Wholesales-New-Taste-Extreme-Sour-Sunflower-Seeds-Milk-Chocolate-Beans-In-Bulk2-225x300.webp 225w, https:\/\/jxgchocolate.com\/wp-content\/uploads\/2025\/01\/Wholesales-New-Taste-Extreme-Sour-Sunflower-Seeds-Milk-Chocolate-Beans-In-Bulk2-768x1024.webp 768w, https:\/\/jxgchocolate.com\/wp-content\/uploads\/2025\/01\/Wholesales-New-Taste-Extreme-Sour-Sunflower-Seeds-Milk-Chocolate-Beans-In-Bulk2-9x12.webp 9w, https:\/\/jxgchocolate.com\/wp-content\/uploads\/2025\/01\/Wholesales-New-Taste-Extreme-Sour-Sunflower-Seeds-Milk-Chocolate-Beans-In-Bulk2-430x573.webp 430w, https:\/\/jxgchocolate.com\/wp-content\/uploads\/2025\/01\/Wholesales-New-Taste-Extreme-Sour-Sunflower-Seeds-Milk-Chocolate-Beans-In-Bulk2-700x933.webp 700w, https:\/\/jxgchocolate.com\/wp-content\/uploads\/2025\/01\/Wholesales-New-Taste-Extreme-Sour-Sunflower-Seeds-Milk-Chocolate-Beans-In-Bulk2-150x200.webp 150w\" sizes=\"(max-width: 1500px) 100vw, 1500px\" \/><\/figure>\n<\/div>\n<\/div>","protected":false},"excerpt":{"rendered":"<p>Bienvenue sur le march\u00e9 des bonbons au chocolat au lait en vrac. Notre chocolat explosif aux graines de tournesol en vrac offre une toute nouvelle exp\u00e9rience gustative. Qu'il s'agisse d'un en-cas quotidien, d'un ingr\u00e9dient de p\u00e2tisserie ou d'un excellent cadeau, le chocolat aux graines de tournesol acidul\u00e9es et explosives apporte aux consommateurs un plaisir unique.<\/p>\n<table width=\"423\">\n<tbody>\n<tr>\n<td width=\"166\">Fabricant<\/td>\n<td width=\"257\">Le fruit de la chance<\/td>\n<\/tr>\n<tr>\n<td>MOD\u00c8LE NO.<\/td>\n<td>JXG51<\/td>\n<\/tr>\n<tr>\n<td>Type<\/td>\n<td>Graines de tournesol Chocolat<\/td>\n<\/tr>\n<tr>\n<td>Emballage<\/td>\n<td>Emballage de la bo\u00eete<\/td>\n<\/tr>\n<tr>\n<td>Sp\u00e9cifications<\/td>\n<td>20 sacs*12 bo\u00eetes<\/td>\n<\/tr>\n<tr>\n<td>Taille du carton<\/td>\n<td>55*23*36cm<\/td>\n<\/tr>\n<tr>\n<td>N.W \/SET<\/td>\n<td>23g*20 sacs<\/td>\n<\/tr>\n<tr>\n<td>Couleur<\/td>\n<td>En tant qu'image<\/td>\n<\/tr>\n<tr>\n<td>MOQ<\/td>\n<td>500 cartons<\/td>\n<\/tr>\n<tr>\n<td>Personnalisation<\/td>\n<td>Emballage\/LOGO<\/td>\n<\/tr>\n<\/tbody>\n<\/table>","protected":false},"featured_media":29408,"comment_status":"closed","ping_status":"closed","template":"","meta":[],"product_cat":[72],"product_tag":[],"class_list":{"0":"post-29400","1":"product","2":"type-product","3":"status-publish","4":"has-post-thumbnail","6":"product_cat-wholesale-chocolate-covered-sunflower-seeds","8":"first","9":"instock","10":"shipping-taxable","11":"product-type-simple"},"_links":{"self":[{"href":"https:\/\/jxgchocolate.com\/fr\/wp-json\/wp\/v2\/product\/29400","targetHints":{"allow":["GET"]}}],"collection":[{"href":"https:\/\/jxgchocolate.com\/fr\/wp-json\/wp\/v2\/product"}],"about":[{"href":"https:\/\/jxgchocolate.com\/fr\/wp-json\/wp\/v2\/types\/product"}],"replies":[{"embeddable":true,"href":"https:\/\/jxgchocolate.com\/fr\/wp-json\/wp\/v2\/comments?post=29400"}],"version-history":[{"count":0,"href":"https:\/\/jxgchocolate.com\/fr\/wp-json\/wp\/v2\/product\/29400\/revisions"}],"wp:featuredmedia":[{"embeddable":true,"href":"https:\/\/jxgchocolate.com\/fr\/wp-json\/wp\/v2\/media\/29408"}],"wp:attachment":[{"href":"https:\/\/jxgchocolate.com\/fr\/wp-json\/wp\/v2\/media?parent=29400"}],"wp:term":[{"taxonomy":"product_cat","embeddable":true,"href":"https:\/\/jxgchocolate.com\/fr\/wp-json\/wp\/v2\/product_cat?post=29400"},{"taxonomy":"product_tag","embeddable":true,"href":"https:\/\/jxgchocolate.com\/fr\/wp-json\/wp\/v2\/product_tag?post=29400"}],"curies":[{"name":"wp","href":"https:\/\/api.w.org\/{rel}","templated":true}]}}