{"id":29422,"date":"2025-01-20T02:30:45","date_gmt":"2025-01-20T02:30:45","guid":{"rendered":"https:\/\/jxgchocolate.com\/?post_type=product&#038;p=29422"},"modified":"2025-01-20T02:30:47","modified_gmt":"2025-01-20T02:30:47","slug":"bulk-chocolate-coated-sunflower-seed","status":"publish","type":"product","link":"https:\/\/jxgchocolate.com\/fr\/produit\/bulk-chocolate-coated-sunflower-seed\/","title":{"rendered":"Super Sour Bulk Chocolate Coated Sunflower Seed With Bag Pack (Graines de tournesol enrob\u00e9es de chocolat super am\u00e8res en vrac avec sachet)"},"content":{"rendered":"<div class=\"wp-block-columns is-layout-flex wp-container-core-columns-is-layout-9d6595d7 wp-block-columns-is-layout-flex\">\n<div class=\"wp-block-column is-layout-flow wp-block-column-is-layout-flow\">\n<h2 class=\"wp-block-heading\">Graines de tournesol enrob\u00e9es de chocolat Premium Bulk Caract\u00e9ristiques :<\/h2>\n\n\n\n<ul class=\"wp-block-list\">\n<li><strong>Culture et innovation :<\/strong> Nos graines de tournesol enrob\u00e9es de chocolat en vrac associent des graines de tournesol traditionnelles \u00e0 un savoir-faire moderne en mati\u00e8re de confiserie. Elles incarnent le charme de l'innovation et du transfrontalier et conviennent aux consommateurs \u00e0 la recherche d'exp\u00e9riences uniques. Bien que le chocolat explosif aux graines de tournesol acidul\u00e9es soit une cat\u00e9gorie de produits relativement nouvelle, sa combinaison unique pr\u00e9sente une certaine raret\u00e9 et un certain attrait sur le march\u00e9.<\/li>\n\n\n\n<li><strong>Conception exquise de l'emballage : <\/strong>Color\u00e9es et contrast\u00e9es, nos graines de tournesol enrob\u00e9es de chocolat en vrac ont un emballage attrayant qui met en \u00e9vidence les caract\u00e9ristiques du produit et am\u00e9liore l'image globale. Le grand emballage exquis en fait un choix id\u00e9al pour les f\u00eates ou les cadeaux quotidiens, convenant \u00e0 diverses occasions. Le petit emballage ind\u00e9pendant \u00e0 l'int\u00e9rieur rend le produit plus pratique \u00e0 transporter.<\/li>\n\n\n\n<li><strong>Des sc\u00e9narios de consommation diversifi\u00e9s : <\/strong>Ces graines de tournesol enrob\u00e9es de chocolat en vrac conviennent comme en-cas pour le temps libre et apportent un plaisir agr\u00e9able, que ce soit pendant les pauses au travail ou les r\u00e9unions de famille. Accompagn\u00e9es d'une tasse de th\u00e9 ou de caf\u00e9 chaud, elles constituent un parfait th\u00e9 de l'apr\u00e8s-midi, et les go\u00fbts multiples sont plus frappants et plus agr\u00e9ables pour les papilles. Il peut \u00e9galement \u00eatre utilis\u00e9 pour pr\u00e9parer des desserts plus cr\u00e9atifs, tels que des biscuits en sandwich, des d\u00e9corations de g\u00e2teaux, etc.<\/li>\n<\/ul>\n<\/div>\n\n\n\n<div class=\"wp-block-column is-layout-flow wp-block-column-is-layout-flow\">\n<figure class=\"wp-block-image size-full\"><img fetchpriority=\"high\" decoding=\"async\" width=\"2000\" height=\"2000\" src=\"https:\/\/jxgchocolate.com\/wp-content\/uploads\/2025\/01\/Super-Sour-Chocolate-Cover-Sunflower-Seeds-Wholesales-In-Bulk3.webp\" alt=\"Super Sour Bulk Chocolate Coated Sunflower Seed With Bag Pack-3 (graines de tournesol enrob\u00e9es de chocolat en vrac)\" class=\"wp-image-29426\" srcset=\"https:\/\/jxgchocolate.com\/wp-content\/uploads\/2025\/01\/Super-Sour-Chocolate-Cover-Sunflower-Seeds-Wholesales-In-Bulk3.webp 2000w, https:\/\/jxgchocolate.com\/wp-content\/uploads\/2025\/01\/Super-Sour-Chocolate-Cover-Sunflower-Seeds-Wholesales-In-Bulk3-300x300.webp 300w, https:\/\/jxgchocolate.com\/wp-content\/uploads\/2025\/01\/Super-Sour-Chocolate-Cover-Sunflower-Seeds-Wholesales-In-Bulk3-150x150.webp 150w, https:\/\/jxgchocolate.com\/wp-content\/uploads\/2025\/01\/Super-Sour-Chocolate-Cover-Sunflower-Seeds-Wholesales-In-Bulk3-768x768.webp 768w, https:\/\/jxgchocolate.com\/wp-content\/uploads\/2025\/01\/Super-Sour-Chocolate-Cover-Sunflower-Seeds-Wholesales-In-Bulk3-12x12.webp 12w, https:\/\/jxgchocolate.com\/wp-content\/uploads\/2025\/01\/Super-Sour-Chocolate-Cover-Sunflower-Seeds-Wholesales-In-Bulk3-430x430.webp 430w, https:\/\/jxgchocolate.com\/wp-content\/uploads\/2025\/01\/Super-Sour-Chocolate-Cover-Sunflower-Seeds-Wholesales-In-Bulk3-700x700.webp 700w\" sizes=\"(max-width: 2000px) 100vw, 2000px\" \/><\/figure>\n<\/div>\n<\/div>","protected":false},"excerpt":{"rendered":"<p>Nous vous invitons \u00e0 acheter en gros des cacahu\u00e8tes enrob\u00e9es de chocolat. Nos graines de tournesol enrob\u00e9es de chocolat en vrac offrent non seulement une nouvelle exp\u00e9rience gustative, mais v\u00e9hiculent \u00e9galement un mode de vie sain et une valeur culturelle, ce qui en fait un choix id\u00e9al pour les consommateurs qui recherchent une vie de qualit\u00e9.<\/p>\n<table width=\"423\">\n<tbody>\n<tr>\n<td width=\"166\">Fabricant<\/td>\n<td width=\"257\">Le fruit de la chance<\/td>\n<\/tr>\n<tr>\n<td>MOD\u00c8LE NO.<\/td>\n<td>JXG52<\/td>\n<\/tr>\n<tr>\n<td>Type<\/td>\n<td>Graines de tournesol Chocolat<\/td>\n<\/tr>\n<tr>\n<td>Emballage<\/td>\n<td>Emballage de la bo\u00eete<\/td>\n<\/tr>\n<tr>\n<td>Sp\u00e9cifications<\/td>\n<td>238g<\/td>\n<\/tr>\n<tr>\n<td>Taille du carton<\/td>\n<td>49.5*29*32.5cm<\/td>\n<\/tr>\n<tr>\n<td>N.W \/SET<\/td>\n<td>238g*20 sacs<\/td>\n<\/tr>\n<tr>\n<td>Couleur<\/td>\n<td>En tant qu'image<\/td>\n<\/tr>\n<tr>\n<td>MOQ<\/td>\n<td>500 cartons<\/td>\n<\/tr>\n<tr>\n<td>Personnalisation<\/td>\n<td>Emballage\/LOGO<\/td>\n<\/tr>\n<\/tbody>\n<\/table>\n<p>&nbsp;<\/p>","protected":false},"featured_media":29424,"comment_status":"closed","ping_status":"closed","template":"","meta":[],"product_cat":[72],"product_tag":[],"class_list":{"0":"post-29422","1":"product","2":"type-product","3":"status-publish","4":"has-post-thumbnail","6":"product_cat-wholesale-chocolate-covered-sunflower-seeds","8":"first","9":"instock","10":"shipping-taxable","11":"product-type-simple"},"_links":{"self":[{"href":"https:\/\/jxgchocolate.com\/fr\/wp-json\/wp\/v2\/product\/29422","targetHints":{"allow":["GET"]}}],"collection":[{"href":"https:\/\/jxgchocolate.com\/fr\/wp-json\/wp\/v2\/product"}],"about":[{"href":"https:\/\/jxgchocolate.com\/fr\/wp-json\/wp\/v2\/types\/product"}],"replies":[{"embeddable":true,"href":"https:\/\/jxgchocolate.com\/fr\/wp-json\/wp\/v2\/comments?post=29422"}],"version-history":[{"count":0,"href":"https:\/\/jxgchocolate.com\/fr\/wp-json\/wp\/v2\/product\/29422\/revisions"}],"wp:featuredmedia":[{"embeddable":true,"href":"https:\/\/jxgchocolate.com\/fr\/wp-json\/wp\/v2\/media\/29424"}],"wp:attachment":[{"href":"https:\/\/jxgchocolate.com\/fr\/wp-json\/wp\/v2\/media?parent=29422"}],"wp:term":[{"taxonomy":"product_cat","embeddable":true,"href":"https:\/\/jxgchocolate.com\/fr\/wp-json\/wp\/v2\/product_cat?post=29422"},{"taxonomy":"product_tag","embeddable":true,"href":"https:\/\/jxgchocolate.com\/fr\/wp-json\/wp\/v2\/product_tag?post=29422"}],"curies":[{"name":"wp","href":"https:\/\/api.w.org\/{rel}","templated":true}]}}