{"id":29431,"date":"2025-01-20T02:24:25","date_gmt":"2025-01-20T02:24:25","guid":{"rendered":"https:\/\/jxgchocolate.com\/?post_type=product&#038;p=29431"},"modified":"2025-01-20T02:24:26","modified_gmt":"2025-01-20T02:24:26","slug":"peanuts-wholesale","status":"publish","type":"product","link":"https:\/\/jxgchocolate.com\/fr\/produit\/peanuts-wholesale\/","title":{"rendered":"Cacahu\u00e8tes enrob\u00e9es de chocolat Wholesale, Crispy Smooth Bulk Peanut Snacks"},"content":{"rendered":"<div class=\"wp-block-columns is-layout-flex wp-container-core-columns-is-layout-9d6595d7 wp-block-columns-is-layout-flex\">\n<div class=\"wp-block-column is-layout-flow wp-block-column-is-layout-flow\">\n<h2 class=\"wp-block-heading\">Cacahu\u00e8tes enrob\u00e9es de chocolat de premi\u00e8re qualit\u00e9 Caract\u00e9ristiques de la vente en gros :<\/h2>\n\n\n\n<ul class=\"wp-block-list\">\n<li><strong>Combinaison de saveurs classique :<\/strong> Les cacahu\u00e8tes et le chocolat sont associ\u00e9s depuis des lustres et constituent l'une des saveurs populaires intemporelles qui peuvent \u00eatre consomm\u00e9es par toutes les tranches d'\u00e2ge. Outre les traditionnelles cacahu\u00e8tes enrob\u00e9es de chocolat au lait, notre grossiste en cacahu\u00e8tes enrob\u00e9es de chocolat propose \u00e9galement des options au chocolat noir et au chocolat blanc qui r\u00e9pondent aux pr\u00e9f\u00e9rences gustatives des diff\u00e9rents consommateurs.<\/li>\n\n\n\n<li><strong>Riche palette de go\u00fbts :<\/strong> \u00c0 chaque bouch\u00e9e de nos cacahu\u00e8tes enrob\u00e9es de chocolat en vrac, la sensation de fusion du chocolat ext\u00e9rieur et le parfum croustillant des cacahu\u00e8tes int\u00e9rieures se fondent harmonieusement l'un dans l'autre en un contraste saisissant. La transition entre le chocolat sucr\u00e9 et les cacahu\u00e8tes sal\u00e9es peut offrir au consommateur une riche gamme de niveaux de go\u00fbt.<\/li>\n\n\n\n<li><strong>Nutritif :<\/strong> Nos cacahu\u00e8tes enrob\u00e9es de chocolat sont une source \u00e9lev\u00e9e de prot\u00e9ines et d'acides gras monoinsatur\u00e9s sains, qui contribuent au maintien de la masse musculaire et \u00e0 la sant\u00e9 cardiaque. En fait, les cacahu\u00e8tes sont une bonne source de nombreux nutriments importants qui contribuent au maintien d'une bonne sant\u00e9 g\u00e9n\u00e9rale, comme la vitamine E et le magn\u00e9sium.<\/li>\n\n\n\n<li><strong>Emballage pratique : <\/strong>Nos cacahu\u00e8tes enrob\u00e9es de chocolat en vrac sont emball\u00e9es dans de petits sacs ind\u00e9pendants, faciles \u00e0 transporter et \u00e0 partager. Elles conviennent donc parfaitement aux activit\u00e9s de plein air et aux voyages et peuvent \u00eatre consomm\u00e9es \u00e0 tout moment. Pour les particuliers, il existe des versions \u00e0 haute capacit\u00e9 de l'emballage, qui sont \u00e9conomiques et permettent d'acheter plusieurs saveurs \u00e0 la fois pour les partager avec toute la famille.<\/li>\n<\/ul>\n<\/div>\n\n\n\n<div class=\"wp-block-column is-layout-flow wp-block-column-is-layout-flow\">\n<figure class=\"wp-block-image size-full\"><img fetchpriority=\"high\" decoding=\"async\" width=\"1800\" height=\"1500\" src=\"https:\/\/jxgchocolate.com\/wp-content\/uploads\/2025\/01\/Crispy-Smooth-Bulk-Chocolate-Covered-Peanuts-Beans3.webp\" alt=\"Cacahu\u00e8tes enrob\u00e9es de chocolat Wholesale, Crispy Peanut Snacks-3\" class=\"wp-image-29434\" srcset=\"https:\/\/jxgchocolate.com\/wp-content\/uploads\/2025\/01\/Crispy-Smooth-Bulk-Chocolate-Covered-Peanuts-Beans3.webp 1800w, https:\/\/jxgchocolate.com\/wp-content\/uploads\/2025\/01\/Crispy-Smooth-Bulk-Chocolate-Covered-Peanuts-Beans3-360x300.webp 360w, https:\/\/jxgchocolate.com\/wp-content\/uploads\/2025\/01\/Crispy-Smooth-Bulk-Chocolate-Covered-Peanuts-Beans3-768x640.webp 768w, https:\/\/jxgchocolate.com\/wp-content\/uploads\/2025\/01\/Crispy-Smooth-Bulk-Chocolate-Covered-Peanuts-Beans3-14x12.webp 14w, https:\/\/jxgchocolate.com\/wp-content\/uploads\/2025\/01\/Crispy-Smooth-Bulk-Chocolate-Covered-Peanuts-Beans3-430x358.webp 430w, https:\/\/jxgchocolate.com\/wp-content\/uploads\/2025\/01\/Crispy-Smooth-Bulk-Chocolate-Covered-Peanuts-Beans3-700x583.webp 700w, https:\/\/jxgchocolate.com\/wp-content\/uploads\/2025\/01\/Crispy-Smooth-Bulk-Chocolate-Covered-Peanuts-Beans3-150x125.webp 150w\" sizes=\"(max-width: 1800px) 100vw, 1800px\" \/><\/figure>\n<\/div>\n<\/div>\n\n\n\n<p><\/p>","protected":false},"excerpt":{"rendered":"<p>Bienvenue sur le site d'achat en gros de cacahu\u00e8tes enrob\u00e9es de chocolat. Nos cacahu\u00e8tes enrob\u00e9es de chocolat en vrac combinent parfaitement le croquant des cacahu\u00e8tes avec la douceur et l'onctuosit\u00e9 du chocolat, offrant ainsi une exp\u00e9rience gustative d\u00e9licieuse.<\/p>\n<table width=\"423\">\n<tbody>\n<tr>\n<td width=\"166\">Fabricant<\/td>\n<td width=\"257\">Le fruit de la chance<\/td>\n<\/tr>\n<tr>\n<td>MOD\u00c8LE NO.<\/td>\n<td>JXG53<\/td>\n<\/tr>\n<tr>\n<td>Type<\/td>\n<td>Chocolat aux cacahu\u00e8tes<\/td>\n<\/tr>\n<tr>\n<td>Emballage<\/td>\n<td>Emballage de la bo\u00eete<\/td>\n<\/tr>\n<tr>\n<td>Sp\u00e9cifications<\/td>\n<td>20 sacs*12 bo\u00eetes<\/td>\n<\/tr>\n<tr>\n<td>Taille du carton<\/td>\n<td>58*35.5*37.5cm<\/td>\n<\/tr>\n<tr>\n<td>N.W \/SET<\/td>\n<td>23g*20 sacs<\/td>\n<\/tr>\n<tr>\n<td>Couleur<\/td>\n<td>En tant qu'image<\/td>\n<\/tr>\n<tr>\n<td>MOQ<\/td>\n<td>500 cartons<\/td>\n<\/tr>\n<tr>\n<td>Personnalisation<\/td>\n<td>Emballage\/LOGO<\/td>\n<\/tr>\n<\/tbody>\n<\/table>","protected":false},"featured_media":29432,"comment_status":"closed","ping_status":"closed","template":"","meta":[],"product_cat":[73],"product_tag":[],"class_list":{"0":"post-29431","1":"product","2":"type-product","3":"status-publish","4":"has-post-thumbnail","6":"product_cat-wholesale-chocolate-covered-peanuts","8":"first","9":"instock","10":"shipping-taxable","11":"product-type-simple"},"_links":{"self":[{"href":"https:\/\/jxgchocolate.com\/fr\/wp-json\/wp\/v2\/product\/29431","targetHints":{"allow":["GET"]}}],"collection":[{"href":"https:\/\/jxgchocolate.com\/fr\/wp-json\/wp\/v2\/product"}],"about":[{"href":"https:\/\/jxgchocolate.com\/fr\/wp-json\/wp\/v2\/types\/product"}],"replies":[{"embeddable":true,"href":"https:\/\/jxgchocolate.com\/fr\/wp-json\/wp\/v2\/comments?post=29431"}],"version-history":[{"count":5,"href":"https:\/\/jxgchocolate.com\/fr\/wp-json\/wp\/v2\/product\/29431\/revisions"}],"predecessor-version":[{"id":29447,"href":"https:\/\/jxgchocolate.com\/fr\/wp-json\/wp\/v2\/product\/29431\/revisions\/29447"}],"wp:featuredmedia":[{"embeddable":true,"href":"https:\/\/jxgchocolate.com\/fr\/wp-json\/wp\/v2\/media\/29432"}],"wp:attachment":[{"href":"https:\/\/jxgchocolate.com\/fr\/wp-json\/wp\/v2\/media?parent=29431"}],"wp:term":[{"taxonomy":"product_cat","embeddable":true,"href":"https:\/\/jxgchocolate.com\/fr\/wp-json\/wp\/v2\/product_cat?post=29431"},{"taxonomy":"product_tag","embeddable":true,"href":"https:\/\/jxgchocolate.com\/fr\/wp-json\/wp\/v2\/product_tag?post=29431"}],"curies":[{"name":"wp","href":"https:\/\/api.w.org\/{rel}","templated":true}]}}