{"id":29446,"date":"2025-01-24T06:44:26","date_gmt":"2025-01-24T06:44:26","guid":{"rendered":"https:\/\/jxgchocolate.com\/?post_type=product&#038;p=29446"},"modified":"2025-01-24T06:44:28","modified_gmt":"2025-01-24T06:44:28","slug":"bulk-chocolate-sunflower-seed","status":"publish","type":"product","link":"https:\/\/jxgchocolate.com\/fr\/produit\/bulk-chocolate-sunflower-seed\/","title":{"rendered":"Graines de tournesol lisses en vrac au chocolat avec deux ar\u00f4mes"},"content":{"rendered":"<div class=\"wp-block-columns is-layout-flex wp-container-core-columns-is-layout-9d6595d7 wp-block-columns-is-layout-flex\">\n<div class=\"wp-block-column is-layout-flow wp-block-column-is-layout-flow\">\n<h2 class=\"wp-block-heading\">Premium Bulk Chocolate Sunflower Seeds Caract\u00e9ristiques :<\/h2>\n\n\n\n<ul class=\"wp-block-list\">\n<li><strong>Un prix abordable et un rapport co\u00fbt-efficacit\u00e9 \u00e9lev\u00e9 :<\/strong> Le prix des graines de tournesol au chocolat en vrac est mod\u00e9r\u00e9 sur le march\u00e9 et accessible \u00e0 tous. Son go\u00fbt riche et sa valeur nutritionnelle font que chaque bouch\u00e9e vaut la peine d'\u00eatre consomm\u00e9e ; il s'agit donc d'un en-cas tr\u00e8s rentable dans l'esprit des consommateurs.<\/li>\n\n\n\n<li><strong>Des sc\u00e9narios de consommation diversifi\u00e9s : <\/strong>Nos graines de tournesol au chocolat conviennent \u00e0 diverses occasions de consommation, y compris les r\u00e9unions de famille, les rencontres entre amis et les siestes au bureau. Elles peuvent \u00eatre utilis\u00e9es comme en-cas occasionnel ou comme cadeau ou cadeau publicitaire pendant les f\u00eates pour transmettre la beaut\u00e9 et la b\u00e9n\u00e9diction.<\/li>\n\n\n\n<li><strong>Haute qualit\u00e9 et nutrition des ingr\u00e9dients :<\/strong> Nos graines de tournesol chocolat\u00e9es en vrac sont riches en nutriments, notamment en prot\u00e9ines, en mati\u00e8res grasses, en vitamines et en min\u00e9raux, ce qui peut contribuer \u00e0 augmenter l'\u00e9nergie et \u00e0 maintenir la sant\u00e9 physique.<\/li>\n\n\n\n<li><strong>Une exp\u00e9rience gustative unique :<\/strong> La couche ext\u00e9rieure de nos graines de tournesol au chocolat en gros utilise une coquille de chocolat croustillante, tandis que la couche int\u00e9rieure est envelopp\u00e9e de graines de tournesol croustillantes. La combinaison interne et externe de cette saveur permettra aux consommateurs de go\u00fbter \u00e0 la fois l'onctuosit\u00e9 du chocolat et le croustillant des graines de tournesol dans chaque bouch\u00e9e, apportant ainsi la richesse des couches.<\/li>\n<\/ul>\n<\/div>\n\n\n\n<div class=\"wp-block-column is-layout-flow wp-block-column-is-layout-flow\">\n<figure class=\"wp-block-image size-full\"><img fetchpriority=\"high\" decoding=\"async\" width=\"1800\" height=\"1500\" src=\"https:\/\/jxgchocolate.com\/wp-content\/uploads\/2025\/01\/Bulk-Smooth-Chocolate-Covered-Sunflower-Seeds-Kernels-With-Two-Flavors3.webp\" alt=\"\" class=\"wp-image-29450\" srcset=\"https:\/\/jxgchocolate.com\/wp-content\/uploads\/2025\/01\/Bulk-Smooth-Chocolate-Covered-Sunflower-Seeds-Kernels-With-Two-Flavors3.webp 1800w, https:\/\/jxgchocolate.com\/wp-content\/uploads\/2025\/01\/Bulk-Smooth-Chocolate-Covered-Sunflower-Seeds-Kernels-With-Two-Flavors3-360x300.webp 360w, https:\/\/jxgchocolate.com\/wp-content\/uploads\/2025\/01\/Bulk-Smooth-Chocolate-Covered-Sunflower-Seeds-Kernels-With-Two-Flavors3-768x640.webp 768w, https:\/\/jxgchocolate.com\/wp-content\/uploads\/2025\/01\/Bulk-Smooth-Chocolate-Covered-Sunflower-Seeds-Kernels-With-Two-Flavors3-14x12.webp 14w, https:\/\/jxgchocolate.com\/wp-content\/uploads\/2025\/01\/Bulk-Smooth-Chocolate-Covered-Sunflower-Seeds-Kernels-With-Two-Flavors3-430x358.webp 430w, https:\/\/jxgchocolate.com\/wp-content\/uploads\/2025\/01\/Bulk-Smooth-Chocolate-Covered-Sunflower-Seeds-Kernels-With-Two-Flavors3-700x583.webp 700w, https:\/\/jxgchocolate.com\/wp-content\/uploads\/2025\/01\/Bulk-Smooth-Chocolate-Covered-Sunflower-Seeds-Kernels-With-Two-Flavors3-150x125.webp 150w\" sizes=\"(max-width: 1800px) 100vw, 1800px\" \/><\/figure>\n<\/div>\n<\/div>\n\n\n\n<p><\/p>","protected":false},"excerpt":{"rendered":"<p>Nous vous invitons \u00e0 acheter des graines de tournesol au chocolat en vrac. Nos graines de tournesol au chocolat en gros offrent non seulement une nouvelle exp\u00e9rience gustative, mais v\u00e9hiculent \u00e9galement un mode de vie sain et une valeur culturelle, ce qui en fait un choix id\u00e9al pour les consommateurs qui recherchent une vie de qualit\u00e9. Qu'il s'agisse d'un en-cas quotidien, d'un ingr\u00e9dient de p\u00e2tisserie ou d'un beau cadeau, le chocolat aux graines de tournesol apporte un plaisir unique aux consommateurs.<\/p>\n<table width=\"423\">\n<tbody>\n<tr>\n<td width=\"166\">Fabricant<\/td>\n<td width=\"257\">Le fruit de la chance<\/td>\n<\/tr>\n<tr>\n<td>MOD\u00c8LE NO.<\/td>\n<td>JXG54<\/td>\n<\/tr>\n<tr>\n<td>Type<\/td>\n<td>Graines de tournesol Chocolat<\/td>\n<\/tr>\n<tr>\n<td>Emballage<\/td>\n<td>Emballage de la bo\u00eete<\/td>\n<\/tr>\n<tr>\n<td>Sp\u00e9cifications<\/td>\n<td>20 sacs*12 bo\u00eetes<\/td>\n<\/tr>\n<tr>\n<td>Taille du carton<\/td>\n<td>58*35.5*37.5cm<\/td>\n<\/tr>\n<tr>\n<td>N.W \/SET<\/td>\n<td>23g*20 sacs<\/td>\n<\/tr>\n<tr>\n<td>Couleur<\/td>\n<td>En tant qu'image<\/td>\n<\/tr>\n<tr>\n<td>MOQ<\/td>\n<td>500 cartons<\/td>\n<\/tr>\n<tr>\n<td>Personnalisation<\/td>\n<td>Emballage\/LOGO<\/td>\n<\/tr>\n<\/tbody>\n<\/table>","protected":false},"featured_media":29448,"comment_status":"closed","ping_status":"closed","template":"","meta":[],"product_cat":[72],"product_tag":[],"class_list":{"0":"post-29446","1":"product","2":"type-product","3":"status-publish","4":"has-post-thumbnail","6":"product_cat-wholesale-chocolate-covered-sunflower-seeds","8":"first","9":"instock","10":"shipping-taxable","11":"product-type-simple"},"_links":{"self":[{"href":"https:\/\/jxgchocolate.com\/fr\/wp-json\/wp\/v2\/product\/29446","targetHints":{"allow":["GET"]}}],"collection":[{"href":"https:\/\/jxgchocolate.com\/fr\/wp-json\/wp\/v2\/product"}],"about":[{"href":"https:\/\/jxgchocolate.com\/fr\/wp-json\/wp\/v2\/types\/product"}],"replies":[{"embeddable":true,"href":"https:\/\/jxgchocolate.com\/fr\/wp-json\/wp\/v2\/comments?post=29446"}],"version-history":[{"count":0,"href":"https:\/\/jxgchocolate.com\/fr\/wp-json\/wp\/v2\/product\/29446\/revisions"}],"wp:featuredmedia":[{"embeddable":true,"href":"https:\/\/jxgchocolate.com\/fr\/wp-json\/wp\/v2\/media\/29448"}],"wp:attachment":[{"href":"https:\/\/jxgchocolate.com\/fr\/wp-json\/wp\/v2\/media?parent=29446"}],"wp:term":[{"taxonomy":"product_cat","embeddable":true,"href":"https:\/\/jxgchocolate.com\/fr\/wp-json\/wp\/v2\/product_cat?post=29446"},{"taxonomy":"product_tag","embeddable":true,"href":"https:\/\/jxgchocolate.com\/fr\/wp-json\/wp\/v2\/product_tag?post=29446"}],"curies":[{"name":"wp","href":"https:\/\/api.w.org\/{rel}","templated":true}]}}