{"id":29457,"date":"2025-01-24T06:30:54","date_gmt":"2025-01-24T06:30:54","guid":{"rendered":"https:\/\/jxgchocolate.com\/?post_type=product&#038;p=29457"},"modified":"2025-01-24T06:30:56","modified_gmt":"2025-01-24T06:30:56","slug":"chocolate-gummy-beans-bulk","status":"publish","type":"product","link":"https:\/\/jxgchocolate.com\/fr\/produit\/chocolate-gummy-beans-bulk\/","title":{"rendered":"Gommes de chocolat lisse en vrac avec diff\u00e9rents ar\u00f4mes"},"content":{"rendered":"<div class=\"wp-block-columns is-layout-flex wp-container-core-columns-is-layout-9d6595d7 wp-block-columns-is-layout-flex\">\n<div class=\"wp-block-column is-layout-flow wp-block-column-is-layout-flow\">\n<h2 class=\"wp-block-heading\">Premium Chocolate Gummy Beans Bulk Caract\u00e9ristiques :<\/h2>\n\n\n\n<ul class=\"wp-block-list\">\n<li><strong>Double go\u00fbt unique :<\/strong> Chaque bouch\u00e9e de notre gomme choco en vrac permet de ressentir la sensation de fusion soyeuse du chocolat ext\u00e9rieur et les caract\u00e9ristiques douces et moelleuses de la gomme int\u00e9rieure, formant ainsi une exp\u00e9rience gustative distincte mais harmonieuse. Du chocolat sucr\u00e9 aux glands mod\u00e9r\u00e9ment sucr\u00e9s et acides, cette transition du sucr\u00e9 \u00e0 l'acide offre aux consommateurs une riche gamme de niveaux de go\u00fbt.<\/li>\n\n\n\n<li><strong>Des options riches en saveurs : <\/strong>Nos bonbons g\u00e9lifi\u00e9s au chocolat en vrac offrent une vari\u00e9t\u00e9 d'ar\u00f4mes de fruits, tels que fraise, raisin vert, p\u00eache, mangue, etc., afin de r\u00e9pondre aux pr\u00e9f\u00e9rences des diff\u00e9rents consommateurs.<\/li>\n\n\n\n<li><strong>Emballage portable :<\/strong> Ce choco g\u00e9lifi\u00e9 en vrac se pr\u00e9sente sous la forme d'un petit sac ind\u00e9pendant, pratique \u00e0 transporter et facile \u00e0 partager, ce qui en fait un produit id\u00e9al pour les activit\u00e9s de plein air et les voyages, \u00e0 savourer \u00e0 tout moment. Il existe \u00e9galement des emballages de grande capacit\u00e9 pour les particuliers, qui sont \u00e0 la fois \u00e9conomiques et permettent d'acheter plusieurs saveurs \u00e0 la fois pour les partager avec toute la famille.<\/li>\n\n\n\n<li><strong>Une fa\u00e7on cr\u00e9ative de manger : <\/strong>Nos gommes au chocolat en vrac sont parfaites pour accompagner le th\u00e9 vert, le th\u00e9 oolong ou d'autres types de th\u00e9, cr\u00e9ant ainsi une exp\u00e9rience gustative plus riche. Broyez les gommes de chocolat et ajoutez-les aux recettes de p\u00e2tisserie telles que les biscuits, les g\u00e2teaux ou le pain pour leur donner plus de saveur et d'ar\u00f4me.<\/li>\n<\/ul>\n<\/div>\n\n\n\n<div class=\"wp-block-column is-layout-flow wp-block-column-is-layout-flow\">\n<figure class=\"wp-block-image size-full\"><img fetchpriority=\"high\" decoding=\"async\" width=\"1500\" height=\"1500\" src=\"https:\/\/jxgchocolate.com\/wp-content\/uploads\/2025\/01\/Smooth-Chocolate-Covered-Gummy-Ball-With-Different-Flavors2.webp\" alt=\"Gommes de chocolat lisse en vrac avec diff\u00e9rents ar\u00f4mes-2\" class=\"wp-image-29459\" srcset=\"https:\/\/jxgchocolate.com\/wp-content\/uploads\/2025\/01\/Smooth-Chocolate-Covered-Gummy-Ball-With-Different-Flavors2.webp 1500w, https:\/\/jxgchocolate.com\/wp-content\/uploads\/2025\/01\/Smooth-Chocolate-Covered-Gummy-Ball-With-Different-Flavors2-300x300.webp 300w, https:\/\/jxgchocolate.com\/wp-content\/uploads\/2025\/01\/Smooth-Chocolate-Covered-Gummy-Ball-With-Different-Flavors2-150x150.webp 150w, https:\/\/jxgchocolate.com\/wp-content\/uploads\/2025\/01\/Smooth-Chocolate-Covered-Gummy-Ball-With-Different-Flavors2-768x768.webp 768w, https:\/\/jxgchocolate.com\/wp-content\/uploads\/2025\/01\/Smooth-Chocolate-Covered-Gummy-Ball-With-Different-Flavors2-12x12.webp 12w, https:\/\/jxgchocolate.com\/wp-content\/uploads\/2025\/01\/Smooth-Chocolate-Covered-Gummy-Ball-With-Different-Flavors2-430x430.webp 430w, https:\/\/jxgchocolate.com\/wp-content\/uploads\/2025\/01\/Smooth-Chocolate-Covered-Gummy-Ball-With-Different-Flavors2-700x700.webp 700w\" sizes=\"(max-width: 1500px) 100vw, 1500px\" \/><\/figure>\n<\/div>\n<\/div>\n\n\n\n<p><\/p>","protected":false},"excerpt":{"rendered":"<p>Bienvenue sur le site d'achat de gommes de choco en vrac. Nos bonbons g\u00e9lifi\u00e9s au chocolat en vrac sont largement reconnus et appr\u00e9ci\u00e9s sur le march\u00e9 en raison de leur go\u00fbt unique, de leur vaste choix de saveurs, de la conception exquise de leur emballage, de leur processus de production de haute qualit\u00e9 et de l'int\u00e9gration d'\u00e9l\u00e9ments b\u00e9n\u00e9fiques pour la sant\u00e9.<\/p>\n<table width=\"423\">\n<tbody>\n<tr>\n<td width=\"166\">Fabricant<\/td>\n<td width=\"257\">Le fruit de la chance<\/td>\n<\/tr>\n<tr>\n<td>MOD\u00c8LE NO.<\/td>\n<td>JXG55<\/td>\n<\/tr>\n<tr>\n<td>Type<\/td>\n<td>Bonbons g\u00e9lifi\u00e9s au chocolat<\/td>\n<\/tr>\n<tr>\n<td>Emballage<\/td>\n<td>Emballage de la bo\u00eete<\/td>\n<\/tr>\n<tr>\n<td>Sp\u00e9cifications<\/td>\n<td>20 sacs*12 bo\u00eetes<\/td>\n<\/tr>\n<tr>\n<td>Taille du carton<\/td>\n<td>58*35.5*37.5cm<\/td>\n<\/tr>\n<tr>\n<td>N.W \/SET<\/td>\n<td>23g*20 sacs<\/td>\n<\/tr>\n<tr>\n<td>Couleur<\/td>\n<td>En tant qu'image<\/td>\n<\/tr>\n<tr>\n<td>MOQ<\/td>\n<td>500 cartons<\/td>\n<\/tr>\n<tr>\n<td>Personnalisation<\/td>\n<td>Emballage\/LOGO<\/td>\n<\/tr>\n<\/tbody>\n<\/table>","protected":false},"featured_media":29458,"comment_status":"closed","ping_status":"closed","template":"","meta":[],"product_cat":[75],"product_tag":[],"class_list":{"0":"post-29457","1":"product","2":"type-product","3":"status-publish","4":"has-post-thumbnail","6":"product_cat-wholesale-gummy-chocolate","8":"first","9":"instock","10":"shipping-taxable","11":"product-type-simple"},"_links":{"self":[{"href":"https:\/\/jxgchocolate.com\/fr\/wp-json\/wp\/v2\/product\/29457","targetHints":{"allow":["GET"]}}],"collection":[{"href":"https:\/\/jxgchocolate.com\/fr\/wp-json\/wp\/v2\/product"}],"about":[{"href":"https:\/\/jxgchocolate.com\/fr\/wp-json\/wp\/v2\/types\/product"}],"replies":[{"embeddable":true,"href":"https:\/\/jxgchocolate.com\/fr\/wp-json\/wp\/v2\/comments?post=29457"}],"version-history":[{"count":0,"href":"https:\/\/jxgchocolate.com\/fr\/wp-json\/wp\/v2\/product\/29457\/revisions"}],"wp:featuredmedia":[{"embeddable":true,"href":"https:\/\/jxgchocolate.com\/fr\/wp-json\/wp\/v2\/media\/29458"}],"wp:attachment":[{"href":"https:\/\/jxgchocolate.com\/fr\/wp-json\/wp\/v2\/media?parent=29457"}],"wp:term":[{"taxonomy":"product_cat","embeddable":true,"href":"https:\/\/jxgchocolate.com\/fr\/wp-json\/wp\/v2\/product_cat?post=29457"},{"taxonomy":"product_tag","embeddable":true,"href":"https:\/\/jxgchocolate.com\/fr\/wp-json\/wp\/v2\/product_tag?post=29457"}],"curies":[{"name":"wp","href":"https:\/\/api.w.org\/{rel}","templated":true}]}}