{"id":29465,"date":"2025-01-24T06:25:48","date_gmt":"2025-01-24T06:25:48","guid":{"rendered":"https:\/\/jxgchocolate.com\/?post_type=product&#038;p=29465"},"modified":"2025-01-24T06:25:50","modified_gmt":"2025-01-24T06:25:50","slug":"bulk-chocolate-balls","status":"publish","type":"product","link":"https:\/\/jxgchocolate.com\/fr\/produit\/bulk-chocolate-balls\/","title":{"rendered":"Boules de chocolat croustillantes en vrac, Biscuits en forme de bonbons au chocolat"},"content":{"rendered":"<div class=\"wp-block-columns is-layout-flex wp-container-core-columns-is-layout-9d6595d7 wp-block-columns-is-layout-flex\">\n<div class=\"wp-block-column is-layout-flow wp-block-column-is-layout-flow\">\n<h2 class=\"wp-block-heading\">Boules de chocolat en vrac de qualit\u00e9 sup\u00e9rieure Caract\u00e9ristiques :<\/h2>\n\n\n\n<ul class=\"wp-block-list\">\n<li><strong>Ext\u00e9rieur croustillant et int\u00e9rieur moelleux, double go\u00fbt :<\/strong> Nos boules de chocolat en vrac sont croustillantes \u00e0 l'ext\u00e9rieur et riches en chocolat ou en biscuits, ce qui leur conf\u00e8re un niveau de go\u00fbt parfait.<\/li>\n\n\n\n<li><strong>Chocolat s\u00e9lectionn\u00e9 de haute qualit\u00e9 : <\/strong>Nos biscuits au chocolat utilisent des mati\u00e8res premi\u00e8res de haute qualit\u00e9 pour garantir que chaque bonbon a un go\u00fbt de chocolat pur.<\/li>\n\n\n\n<li><strong>Forme unique, convenant \u00e0 une vari\u00e9t\u00e9 d'occasions : <\/strong>Nos boules de chocolat en vrac ont la forme d'un petit haricot en chocolat, id\u00e9al pour les r\u00e9unions de famille, les go\u00fbters ou les cadeaux de No\u00ebl.<\/li>\n\n\n\n<li><strong>Emballage pratique, partage facile :<\/strong> Nos biscuits, chocolats, bonbons et haricots en gros ont un grand emballage, ce qui est pratique pour l'emballage et le partage, et vous pouvez profiter de la nourriture d\u00e9licieuse \u00e0 tout moment pour r\u00e9pondre aux besoins de plusieurs personnes.<\/li>\n<\/ul>\n<\/div>\n\n\n\n<div class=\"wp-block-column is-layout-flow wp-block-column-is-layout-flow\">\n<figure class=\"wp-block-image size-full\"><img fetchpriority=\"high\" decoding=\"async\" width=\"2000\" height=\"2000\" src=\"https:\/\/jxgchocolate.com\/wp-content\/uploads\/2025\/01\/Wholesales-Smooth-and-Crispy-Biscuit-Chocolate-Candy-Beans-With-OEM-Design3.webp\" alt=\"Boules de chocolat croustillantes en vrac, Biscuit de chocolat en grains-1\" class=\"wp-image-29466\" srcset=\"https:\/\/jxgchocolate.com\/wp-content\/uploads\/2025\/01\/Wholesales-Smooth-and-Crispy-Biscuit-Chocolate-Candy-Beans-With-OEM-Design3.webp 2000w, https:\/\/jxgchocolate.com\/wp-content\/uploads\/2025\/01\/Wholesales-Smooth-and-Crispy-Biscuit-Chocolate-Candy-Beans-With-OEM-Design3-300x300.webp 300w, https:\/\/jxgchocolate.com\/wp-content\/uploads\/2025\/01\/Wholesales-Smooth-and-Crispy-Biscuit-Chocolate-Candy-Beans-With-OEM-Design3-150x150.webp 150w, https:\/\/jxgchocolate.com\/wp-content\/uploads\/2025\/01\/Wholesales-Smooth-and-Crispy-Biscuit-Chocolate-Candy-Beans-With-OEM-Design3-768x768.webp 768w, https:\/\/jxgchocolate.com\/wp-content\/uploads\/2025\/01\/Wholesales-Smooth-and-Crispy-Biscuit-Chocolate-Candy-Beans-With-OEM-Design3-12x12.webp 12w, https:\/\/jxgchocolate.com\/wp-content\/uploads\/2025\/01\/Wholesales-Smooth-and-Crispy-Biscuit-Chocolate-Candy-Beans-With-OEM-Design3-430x430.webp 430w, https:\/\/jxgchocolate.com\/wp-content\/uploads\/2025\/01\/Wholesales-Smooth-and-Crispy-Biscuit-Chocolate-Candy-Beans-With-OEM-Design3-700x700.webp 700w\" sizes=\"(max-width: 2000px) 100vw, 2000px\" \/><\/figure>\n<\/div>\n<\/div>","protected":false},"excerpt":{"rendered":"<p>Bienvenue \u00e0 l'achat de boules de chocolat en vrac. Nos boules de chocolat en gros sont croustillantes \u00e0 l'ext\u00e9rieur et moelleuses \u00e0 l'int\u00e9rieur, avec des garnitures de chocolat et de biscuits s\u00e9lectionn\u00e9es, au go\u00fbt riche, adapt\u00e9es au partage et \u00e0 une vari\u00e9t\u00e9 d'occasions, pour satisfaire les papilles gustatives de vous, de vos parents et de vos amis.<\/p>\n<table width=\"423\">\n<tbody>\n<tr>\n<td width=\"166\">Fabricant<\/td>\n<td width=\"257\">Le fruit de la chance<\/td>\n<\/tr>\n<tr>\n<td>MOD\u00c8LE NO.<\/td>\n<td>JXG56<\/td>\n<\/tr>\n<tr>\n<td>Type<\/td>\n<td>Biscuit au chocolat<\/td>\n<\/tr>\n<tr>\n<td>Emballage<\/td>\n<td>Emballage de la bo\u00eete<\/td>\n<\/tr>\n<tr>\n<td>Sp\u00e9cifications<\/td>\n<td>20 sacs*12 bo\u00eetes<\/td>\n<\/tr>\n<tr>\n<td>Taille du carton<\/td>\n<td>58*35.5*37.5cm<\/td>\n<\/tr>\n<tr>\n<td>N.W \/SET<\/td>\n<td>23g*20 sacs<\/td>\n<\/tr>\n<tr>\n<td>Couleur<\/td>\n<td>En tant qu'image<\/td>\n<\/tr>\n<tr>\n<td>MOQ<\/td>\n<td>500 cartons<\/td>\n<\/tr>\n<tr>\n<td>Personnalisation<\/td>\n<td>Emballage\/LOGO<\/td>\n<\/tr>\n<\/tbody>\n<\/table>","protected":false},"featured_media":29467,"comment_status":"closed","ping_status":"closed","template":"","meta":[],"product_cat":[74],"product_tag":[],"class_list":{"0":"post-29465","1":"product","2":"type-product","3":"status-publish","4":"has-post-thumbnail","6":"product_cat-wholesale-crunchy-chocolate-balls","8":"first","9":"instock","10":"shipping-taxable","11":"product-type-simple"},"_links":{"self":[{"href":"https:\/\/jxgchocolate.com\/fr\/wp-json\/wp\/v2\/product\/29465","targetHints":{"allow":["GET"]}}],"collection":[{"href":"https:\/\/jxgchocolate.com\/fr\/wp-json\/wp\/v2\/product"}],"about":[{"href":"https:\/\/jxgchocolate.com\/fr\/wp-json\/wp\/v2\/types\/product"}],"replies":[{"embeddable":true,"href":"https:\/\/jxgchocolate.com\/fr\/wp-json\/wp\/v2\/comments?post=29465"}],"version-history":[{"count":0,"href":"https:\/\/jxgchocolate.com\/fr\/wp-json\/wp\/v2\/product\/29465\/revisions"}],"wp:featuredmedia":[{"embeddable":true,"href":"https:\/\/jxgchocolate.com\/fr\/wp-json\/wp\/v2\/media\/29467"}],"wp:attachment":[{"href":"https:\/\/jxgchocolate.com\/fr\/wp-json\/wp\/v2\/media?parent=29465"}],"wp:term":[{"taxonomy":"product_cat","embeddable":true,"href":"https:\/\/jxgchocolate.com\/fr\/wp-json\/wp\/v2\/product_cat?post=29465"},{"taxonomy":"product_tag","embeddable":true,"href":"https:\/\/jxgchocolate.com\/fr\/wp-json\/wp\/v2\/product_tag?post=29465"}],"curies":[{"name":"wp","href":"https:\/\/api.w.org\/{rel}","templated":true}]}}