{"id":29515,"date":"2025-02-15T01:57:13","date_gmt":"2025-02-15T01:57:13","guid":{"rendered":"https:\/\/jxgchocolate.com\/?post_type=product&#038;p=29515"},"modified":"2025-02-15T03:13:32","modified_gmt":"2025-02-15T03:13:32","slug":"chocolate-candy-bulk","status":"publish","type":"product","link":"https:\/\/jxgchocolate.com\/fr\/produit\/chocolate-candy-bulk\/","title":{"rendered":"Lucky Twins Chocolate Candy Bulk, Yogurt Chocolate Covered Sunflower Seeds Wholesale (graines de tournesol enrob\u00e9es de chocolat)"},"content":{"rendered":"<div class=\"wp-block-columns is-layout-flex wp-container-core-columns-is-layout-9d6595d7 wp-block-columns-is-layout-flex\">\n<div class=\"wp-block-column is-layout-flow wp-block-column-is-layout-flow\">\n<h2 class=\"wp-block-heading\">Bonbons de chocolat de qualit\u00e9 sup\u00e9rieure en vrac Caract\u00e9ristiques :<\/h2>\n\n\n\n<ul class=\"wp-block-list\">\n<li><strong>Des combinaisons de saveurs cr\u00e9atives :<\/strong> Les bonbons au chocolat au yaourt en vrac se distinguent du chocolat ordinaire par leur propre saveur laiteuse aigre-douce, qui s\u00e9duit les consommateurs d\u00e9sireux d'essayer de nouvelles saveurs. Sa combinaison avec des grains de tournesol donne une nouvelle exp\u00e9rience de saveur et de parfum, id\u00e9ale pour ceux qui d\u00e9sirent une exp\u00e9rience de grignotage unique.<\/li>\n\n\n\n<li><strong>Nutritif :<\/strong> Les graines de tournesol contiennent des graisses monoinsatur\u00e9es et polyinsatur\u00e9es b\u00e9n\u00e9fiques pour le c\u0153ur. Elles constituent \u00e9galement une excellente source de prot\u00e9ines v\u00e9g\u00e9tales, parfaite pour les v\u00e9g\u00e9tariens ou ceux qui souhaitent des prot\u00e9ines alternatives. Nos graines de tournesol enrob\u00e9es de chocolat contiennent \u00e9galement des nutriments importants tels que la vitamine E, le magn\u00e9sium et le zinc.<\/li>\n\n\n\n<li><strong>Des groupes de consommateurs cibles clairs : <\/strong>Les consommateurs soucieux de leur sant\u00e9 et les consommateurs sensibles \u00e0 la sant\u00e9 et \u00e0 la nutrition appr\u00e9cieront les ingr\u00e9dients naturels et les bienfaits pour la sant\u00e9 des bonbons au yaourt et au chocolat en vrac. En m\u00eame temps, les amateurs de snacks qui aiment les go\u00fbts nouveaux seront \u00e9galement attir\u00e9s par cette combinaison inhabituelle.<\/li>\n\n\n\n<li><strong>Convient pour les cadeaux :<\/strong> Nos graines de tournesol enrob\u00e9es de chocolat peuvent \u00eatre offertes \u00e0 des amis, des membres de la famille ou des partenaires, en particulier \u00e0 ceux qui ont des go\u00fbts diff\u00e9rents en mati\u00e8re de culture et d'alimentation.<\/li>\n<\/ul>\n<\/div>\n\n\n\n<div class=\"wp-block-column is-layout-flow wp-block-column-is-layout-flow\">\n<figure class=\"wp-block-image size-full\"><img fetchpriority=\"high\" decoding=\"async\" width=\"2000\" height=\"2000\" src=\"https:\/\/jxgchocolate.com\/wp-content\/uploads\/2025\/02\/Deep-Sour-Milk-Chocolate-Covered-Sunflower-Seeds-Nuts-Wholesales-Chocolate-Candy-In-Bulk3.webp\" alt=\"Chocolate Candy Bulk, Yogurt Chocolate Covered Sunflower Seeds Wholesale-1 (Graines de tournesol enrob\u00e9es de chocolat en vrac)\" class=\"wp-image-29517\" srcset=\"https:\/\/jxgchocolate.com\/wp-content\/uploads\/2025\/02\/Deep-Sour-Milk-Chocolate-Covered-Sunflower-Seeds-Nuts-Wholesales-Chocolate-Candy-In-Bulk3.webp 2000w, https:\/\/jxgchocolate.com\/wp-content\/uploads\/2025\/02\/Deep-Sour-Milk-Chocolate-Covered-Sunflower-Seeds-Nuts-Wholesales-Chocolate-Candy-In-Bulk3-300x300.webp 300w, https:\/\/jxgchocolate.com\/wp-content\/uploads\/2025\/02\/Deep-Sour-Milk-Chocolate-Covered-Sunflower-Seeds-Nuts-Wholesales-Chocolate-Candy-In-Bulk3-150x150.webp 150w, https:\/\/jxgchocolate.com\/wp-content\/uploads\/2025\/02\/Deep-Sour-Milk-Chocolate-Covered-Sunflower-Seeds-Nuts-Wholesales-Chocolate-Candy-In-Bulk3-768x768.webp 768w, https:\/\/jxgchocolate.com\/wp-content\/uploads\/2025\/02\/Deep-Sour-Milk-Chocolate-Covered-Sunflower-Seeds-Nuts-Wholesales-Chocolate-Candy-In-Bulk3-12x12.webp 12w, https:\/\/jxgchocolate.com\/wp-content\/uploads\/2025\/02\/Deep-Sour-Milk-Chocolate-Covered-Sunflower-Seeds-Nuts-Wholesales-Chocolate-Candy-In-Bulk3-430x430.webp 430w, https:\/\/jxgchocolate.com\/wp-content\/uploads\/2025\/02\/Deep-Sour-Milk-Chocolate-Covered-Sunflower-Seeds-Nuts-Wholesales-Chocolate-Candy-In-Bulk3-700x700.webp 700w\" sizes=\"(max-width: 2000px) 100vw, 2000px\" \/><\/figure>\n<\/div>\n<\/div>","protected":false},"excerpt":{"rendered":"<p>Bienvenue \u00e0 l'achat en gros de graines de tournesol enrob\u00e9es de chocolat. Les bonbons de chocolat au yaourt en vrac apportent non seulement une nouvelle saveur, mais aussi une habitude saine et un attribut culturel, de sorte qu'ils sont fortement recommand\u00e9s aux consommateurs qui recherchent une vie de qualit\u00e9. En tant que dessert quotidien, mat\u00e9riau de cuisson ou cadeau id\u00e9al, le chocolat au lait acidul\u00e9 aux graines de tournesol apporte un bonheur unique aux consommateurs.<\/p>\n<table width=\"423\">\n<tbody>\n<tr>\n<td width=\"166\">Fabricant<\/td>\n<td width=\"257\">Le fruit de la chance<\/td>\n<\/tr>\n<tr>\n<td>MOD\u00c8LE NO.<\/td>\n<td>JXG53<\/td>\n<\/tr>\n<tr>\n<td>Type<\/td>\n<td>Graines de tournesol Chocolat<\/td>\n<\/tr>\n<tr>\n<td>Emballage<\/td>\n<td>Emballage de la bo\u00eete<\/td>\n<\/tr>\n<tr>\n<td>Sp\u00e9cifications<\/td>\n<td>238g<\/td>\n<\/tr>\n<tr>\n<td>Taille du carton<\/td>\n<td>49.5*29*32.5cm<\/td>\n<\/tr>\n<tr>\n<td>N.W \/SET<\/td>\n<td>238g*20 sacs<\/td>\n<\/tr>\n<tr>\n<td>Couleur<\/td>\n<td>En tant qu'image<\/td>\n<\/tr>\n<tr>\n<td>MOQ<\/td>\n<td>500 cartons<\/td>\n<\/tr>\n<tr>\n<td>Personnalisation<\/td>\n<td>Emballage\/LOGO<\/td>\n<\/tr>\n<\/tbody>\n<\/table>","protected":false},"featured_media":29518,"comment_status":"closed","ping_status":"closed","template":"","meta":[],"product_cat":[72],"product_tag":[],"class_list":{"0":"post-29515","1":"product","2":"type-product","3":"status-publish","4":"has-post-thumbnail","6":"product_cat-wholesale-chocolate-covered-sunflower-seeds","8":"first","9":"instock","10":"shipping-taxable","11":"product-type-simple"},"_links":{"self":[{"href":"https:\/\/jxgchocolate.com\/fr\/wp-json\/wp\/v2\/product\/29515","targetHints":{"allow":["GET"]}}],"collection":[{"href":"https:\/\/jxgchocolate.com\/fr\/wp-json\/wp\/v2\/product"}],"about":[{"href":"https:\/\/jxgchocolate.com\/fr\/wp-json\/wp\/v2\/types\/product"}],"replies":[{"embeddable":true,"href":"https:\/\/jxgchocolate.com\/fr\/wp-json\/wp\/v2\/comments?post=29515"}],"version-history":[{"count":0,"href":"https:\/\/jxgchocolate.com\/fr\/wp-json\/wp\/v2\/product\/29515\/revisions"}],"wp:featuredmedia":[{"embeddable":true,"href":"https:\/\/jxgchocolate.com\/fr\/wp-json\/wp\/v2\/media\/29518"}],"wp:attachment":[{"href":"https:\/\/jxgchocolate.com\/fr\/wp-json\/wp\/v2\/media?parent=29515"}],"wp:term":[{"taxonomy":"product_cat","embeddable":true,"href":"https:\/\/jxgchocolate.com\/fr\/wp-json\/wp\/v2\/product_cat?post=29515"},{"taxonomy":"product_tag","embeddable":true,"href":"https:\/\/jxgchocolate.com\/fr\/wp-json\/wp\/v2\/product_tag?post=29515"}],"curies":[{"name":"wp","href":"https:\/\/api.w.org\/{rel}","templated":true}]}}