{"id":29523,"date":"2025-02-15T02:16:36","date_gmt":"2025-02-15T02:16:36","guid":{"rendered":"https:\/\/jxgchocolate.com\/?post_type=product&#038;p=29523"},"modified":"2025-02-15T03:12:52","modified_gmt":"2025-02-15T03:12:52","slug":"chocolate-beans-bulk","status":"publish","type":"product","link":"https:\/\/jxgchocolate.com\/fr\/produit\/chocolate-beans-bulk\/","title":{"rendered":"Lucky Twins Colored Chocolate Beans Bulk, Wholesale Chocolate Covered Peanuts (cacahu\u00e8tes enrob\u00e9es de chocolat)"},"content":{"rendered":"<div class=\"wp-block-columns is-layout-flex wp-container-core-columns-is-layout-9d6595d7 wp-block-columns-is-layout-flex\">\n<div class=\"wp-block-column is-layout-flow wp-block-column-is-layout-flow\">\n<h2 class=\"wp-block-heading\">F\u00e8ves de chocolat color\u00e9es de qualit\u00e9 sup\u00e9rieure en vrac Caract\u00e9ristiques :<\/h2>\n\n\n\n<ul class=\"wp-block-list\">\n<li><strong>Un attrait visuel unique :<\/strong> Les f\u00e8ves de chocolat color\u00e9es en vrac attirent l'attention dans les rayons en raison de leur aspect color\u00e9, particuli\u00e8rement attrayant pour les enfants et les jeunes. L'introduction d'emballages th\u00e9matiques festifs\/saisonniers dans des couleurs sp\u00e9cifiques contribue \u00e0 la valeur ludique et festive du produit.<\/li>\n\n\n\n<li><strong>Une exp\u00e9rience gustative riche :<\/strong> Chaque bouch\u00e9e de cacahu\u00e8tes enrob\u00e9es de chocolat en gros peut appr\u00e9cier la fonte douce de la couche ext\u00e9rieure de chocolat et l'ar\u00f4me cr\u00e9pitant de la couche int\u00e9rieure de cacahu\u00e8tes pour cr\u00e9er une exp\u00e9rience gustative contrast\u00e9e et harmonieuse. La transition entre le chocolat sucr\u00e9 et les cacahu\u00e8tes sal\u00e9es offre un go\u00fbt riche aux consommateurs.<\/li>\n\n\n\n<li><strong>Emballage pratique : <\/strong>Nos f\u00e8ves de chocolat en vrac sont emball\u00e9es dans de petits sacs ind\u00e9pendants, faciles \u00e0 transporter et \u00e0 partager, et conviennent parfaitement aux activit\u00e9s de plein air et aux voyages. \u00c0 savourer \u00e0 tout moment. Le produit est \u00e9galement disponible en bo\u00eete de grande capacit\u00e9, ce qui est \u00e9conomique et abordable.<\/li>\n\n\n\n<li><strong>Divers sc\u00e9narios de consommation : <\/strong>Les cacahu\u00e8tes color\u00e9es enrob\u00e9es de chocolat conviennent non seulement \u00e0 la consommation personnelle \u00e0 tout moment, mais aussi comme en-cas pour les activit\u00e9s de plein air, les voyages ou les r\u00e9unions de famille, r\u00e9pondant ainsi aux besoins des consommateurs dans diff\u00e9rents sc\u00e9narios.<\/li>\n<\/ul>\n<\/div>\n\n\n\n<div class=\"wp-block-column is-layout-flow wp-block-column-is-layout-flow\">\n<figure class=\"wp-block-image size-full\"><img fetchpriority=\"high\" decoding=\"async\" width=\"750\" height=\"750\" src=\"https:\/\/jxgchocolate.com\/wp-content\/uploads\/2025\/02\/Wholesales-Colored-Chocolate-Covered-Peanuts-Manufacturer-In-China4-1.webp\" alt=\"F\u00e8ves de chocolat color\u00e9es en vrac, Cacahu\u00e8tes enrob\u00e9es de chocolat en gros-1\" class=\"wp-image-29528\" srcset=\"https:\/\/jxgchocolate.com\/wp-content\/uploads\/2025\/02\/Wholesales-Colored-Chocolate-Covered-Peanuts-Manufacturer-In-China4-1.webp 750w, https:\/\/jxgchocolate.com\/wp-content\/uploads\/2025\/02\/Wholesales-Colored-Chocolate-Covered-Peanuts-Manufacturer-In-China4-1-300x300.webp 300w, https:\/\/jxgchocolate.com\/wp-content\/uploads\/2025\/02\/Wholesales-Colored-Chocolate-Covered-Peanuts-Manufacturer-In-China4-1-150x150.webp 150w, https:\/\/jxgchocolate.com\/wp-content\/uploads\/2025\/02\/Wholesales-Colored-Chocolate-Covered-Peanuts-Manufacturer-In-China4-1-12x12.webp 12w, https:\/\/jxgchocolate.com\/wp-content\/uploads\/2025\/02\/Wholesales-Colored-Chocolate-Covered-Peanuts-Manufacturer-In-China4-1-430x430.webp 430w, https:\/\/jxgchocolate.com\/wp-content\/uploads\/2025\/02\/Wholesales-Colored-Chocolate-Covered-Peanuts-Manufacturer-In-China4-1-700x700.webp 700w\" sizes=\"(max-width: 750px) 100vw, 750px\" \/><\/figure>\n<\/div>\n<\/div>","protected":false},"excerpt":{"rendered":"<p>Bienvenue sur le site d'achat en gros de cacahu\u00e8tes enrob\u00e9es de chocolat color\u00e9. Nos cacahu\u00e8tes enrob\u00e9es de chocolat en gros combinent le croquant des cacahu\u00e8tes avec la douceur et l'onctuosit\u00e9 du chocolat, tout en ajoutant une couche ext\u00e9rieure ou un enrobage color\u00e9 pour les rendre visuellement plus attrayantes.<\/p>\n<table width=\"423\">\n<tbody>\n<tr>\n<td width=\"166\">Fabricant<\/td>\n<td width=\"257\">Le fruit de la chance<\/td>\n<\/tr>\n<tr>\n<td>MOD\u00c8LE NO.<\/td>\n<td>JXG54<\/td>\n<\/tr>\n<tr>\n<td>Type<\/td>\n<td>Cacahu\u00e8tes Chocolat<\/td>\n<\/tr>\n<tr>\n<td>Emballage<\/td>\n<td>Emballage de la bo\u00eete<\/td>\n<\/tr>\n<tr>\n<td>Sp\u00e9cifications<\/td>\n<td>16g*30Pcs<\/td>\n<\/tr>\n<tr>\n<td>Taille du carton<\/td>\n<td>54.5*29.5*31.5<span style=\"font-family: inherit; font-size: inherit;\">cm<\/span><\/td>\n<\/tr>\n<tr>\n<td>N.W \/SET<\/td>\n<td>30Pcs*24Boxes<\/td>\n<\/tr>\n<tr>\n<td>Couleur<\/td>\n<td>En tant qu'image<\/td>\n<\/tr>\n<tr>\n<td>MOQ<\/td>\n<td>500 cartons<\/td>\n<\/tr>\n<tr>\n<td>Personnalisation<\/td>\n<td>Emballage\/LOGO<\/td>\n<\/tr>\n<\/tbody>\n<\/table>","protected":false},"featured_media":29524,"comment_status":"closed","ping_status":"closed","template":"","meta":[],"product_cat":[73],"product_tag":[],"class_list":{"0":"post-29523","1":"product","2":"type-product","3":"status-publish","4":"has-post-thumbnail","6":"product_cat-wholesale-chocolate-covered-peanuts","8":"first","9":"instock","10":"shipping-taxable","11":"product-type-simple"},"_links":{"self":[{"href":"https:\/\/jxgchocolate.com\/fr\/wp-json\/wp\/v2\/product\/29523","targetHints":{"allow":["GET"]}}],"collection":[{"href":"https:\/\/jxgchocolate.com\/fr\/wp-json\/wp\/v2\/product"}],"about":[{"href":"https:\/\/jxgchocolate.com\/fr\/wp-json\/wp\/v2\/types\/product"}],"replies":[{"embeddable":true,"href":"https:\/\/jxgchocolate.com\/fr\/wp-json\/wp\/v2\/comments?post=29523"}],"version-history":[{"count":0,"href":"https:\/\/jxgchocolate.com\/fr\/wp-json\/wp\/v2\/product\/29523\/revisions"}],"wp:featuredmedia":[{"embeddable":true,"href":"https:\/\/jxgchocolate.com\/fr\/wp-json\/wp\/v2\/media\/29524"}],"wp:attachment":[{"href":"https:\/\/jxgchocolate.com\/fr\/wp-json\/wp\/v2\/media?parent=29523"}],"wp:term":[{"taxonomy":"product_cat","embeddable":true,"href":"https:\/\/jxgchocolate.com\/fr\/wp-json\/wp\/v2\/product_cat?post=29523"},{"taxonomy":"product_tag","embeddable":true,"href":"https:\/\/jxgchocolate.com\/fr\/wp-json\/wp\/v2\/product_tag?post=29523"}],"curies":[{"name":"wp","href":"https:\/\/api.w.org\/{rel}","templated":true}]}}