{"id":29553,"date":"2025-03-04T06:49:06","date_gmt":"2025-03-04T06:49:06","guid":{"rendered":"https:\/\/jxgchocolate.com\/?post_type=product&#038;p=29553"},"modified":"2025-03-04T06:50:03","modified_gmt":"2025-03-04T06:50:03","slug":"colored-chocolate-peanuts-bulk","status":"publish","type":"product","link":"https:\/\/jxgchocolate.com\/fr\/produit\/colored-chocolate-peanuts-bulk\/","title":{"rendered":"Cacahu\u00e8tes chocolat\u00e9es color\u00e9es en vrac avec emballage personnalis\u00e9 sous \u00e9tiquette priv\u00e9e"},"content":{"rendered":"<div class=\"wp-block-columns is-layout-flex wp-container-core-columns-is-layout-9d6595d7 wp-block-columns-is-layout-flex\">\n<div class=\"wp-block-column is-layout-flow wp-block-column-is-layout-flow\">\n<h2 class=\"wp-block-heading\">Cacahu\u00e8tes en chocolat color\u00e9es de premi\u00e8re qualit\u00e9 en vrac :<\/h2>\n\n\n\n<ul class=\"wp-block-list\">\n<li><strong>Go\u00fbt riche :<\/strong> Ces cacahu\u00e8tes color\u00e9es au chocolat m\u00e9langent en vrac le go\u00fbt des cacahu\u00e8tes et du chocolat. Le croquant des cacahu\u00e8tes et l'onctuosit\u00e9 du chocolat se marient parfaitement, offrant une exp\u00e9rience in\u00e9galable et d\u00e9licieuse. C'est pourquoi le chocolat color\u00e9 aux cacahu\u00e8tes est le plus appr\u00e9ci\u00e9 des amateurs de chocolat.<\/li>\n\n\n\n<li><strong>Une nutrition \u00e9quilibr\u00e9e :<\/strong> Nos cacahu\u00e8tes enrob\u00e9es de chocolat sont un aliment tr\u00e8s nutritif, riche en mati\u00e8res grasses, en prot\u00e9ines et en vitamines et min\u00e9raux. Le chocolat contient des substances telles que la th\u00e9obromine et la ph\u00e9n\u00e9thylamine qui n'ont que de tr\u00e8s faibles effets stimulants sur le cerveau. Le fait de mettre des cacahu\u00e8tes dans le chocolat contribue non seulement \u00e0 donner une texture plus agr\u00e9able \u00e0 l'aliment, mais aussi \u00e0 le rendre plus \u00e9quilibr\u00e9 d'un point de vue nutritionnel pour le chocolat color\u00e9 aux cacahu\u00e8tes.<\/li>\n\n\n\n<li><strong>Des couleurs all\u00e9chantes :<\/strong> Les couleurs de ces cacahu\u00e8tes au chocolat color\u00e9 en vrac attirent les consommateurs par leurs couleurs vives et \u00e9clatantes. Les diff\u00e9rentes couleurs de chocolat sont synonymes de saveurs vari\u00e9es, ce qui r\u00e9pond au besoin de diversification des go\u00fbts des consommateurs. En m\u00eame temps, cette teinte color\u00e9e rend le chocolat color\u00e9 \u00e0 base de cacahu\u00e8tes plus attrayant visuellement.<\/li>\n\n\n\n<li><strong>Emballage exquis : <\/strong>Nos cacahu\u00e8tes enrob\u00e9es de chocolat en gros comportent plusieurs chocolats de cacahu\u00e8tes color\u00e9s pr\u00e9sent\u00e9s dans de petits emballages s\u00e9par\u00e9s, qui sont \u00e0 la fois pratiques \u00e0 transporter et faciles \u00e0 partager. Cet emballage exquis rehausse la qualit\u00e9 du produit, c'est un excellent choix \u00e0 offrir \u00e0 la famille et aux amis ou comme petit en-cas pour soi-m\u00eame.<\/li>\n<\/ul>\n<\/div>\n\n\n\n<div class=\"wp-block-column is-layout-flow wp-block-column-is-layout-flow\">\n<figure class=\"wp-block-image size-full\"><img fetchpriority=\"high\" decoding=\"async\" width=\"750\" height=\"750\" src=\"https:\/\/jxgchocolate.com\/wp-content\/uploads\/2025\/02\/photobank-35.webp\" alt=\"Cacahu\u00e8tes chocolat\u00e9es color\u00e9es en vrac avec emballage personnalis\u00e9-4\" class=\"wp-image-29560\" srcset=\"https:\/\/jxgchocolate.com\/wp-content\/uploads\/2025\/02\/photobank-35.webp 750w, https:\/\/jxgchocolate.com\/wp-content\/uploads\/2025\/02\/photobank-35-300x300.webp 300w, https:\/\/jxgchocolate.com\/wp-content\/uploads\/2025\/02\/photobank-35-150x150.webp 150w, https:\/\/jxgchocolate.com\/wp-content\/uploads\/2025\/02\/photobank-35-12x12.webp 12w, https:\/\/jxgchocolate.com\/wp-content\/uploads\/2025\/02\/photobank-35-430x430.webp 430w, https:\/\/jxgchocolate.com\/wp-content\/uploads\/2025\/02\/photobank-35-700x700.webp 700w\" sizes=\"(max-width: 750px) 100vw, 750px\" \/><\/figure>\n<\/div>\n<\/div>\n\n\n\n<p><\/p>","protected":false},"excerpt":{"rendered":"<p>Nous vous invitons \u00e0 acheter nos cacahu\u00e8tes enrob\u00e9es de chocolat color\u00e9 en gros. Ces cacahu\u00e8tes color\u00e9es enrob\u00e9es de chocolat en gros sont devenues un produit populaire sur le march\u00e9 en raison de leur go\u00fbt unique, de leur richesse nutritionnelle, de leurs couleurs attrayantes, de leur emballage exquis et de l'assurance qualit\u00e9 qu'elles offrent. Qu'il s'agisse d'un en-cas ou d'un beau cadeau, les cacahu\u00e8tes color\u00e9es enrob\u00e9es de chocolat peuvent r\u00e9pondre aux besoins des consommateurs.<\/p>\n<table width=\"423\">\n<tbody>\n<tr>\n<td width=\"166\">Fabricant<\/td>\n<td width=\"257\">Le fruit de la chance<\/td>\n<\/tr>\n<tr>\n<td>MOD\u00c8LE NO.<\/td>\n<td>JXG55<\/td>\n<\/tr>\n<tr>\n<td>Type<\/td>\n<td>Cacahu\u00e8tes Chocolat<\/td>\n<\/tr>\n<tr>\n<td>Emballage<\/td>\n<td>Emballage de la bo\u00eete<\/td>\n<\/tr>\n<tr>\n<td>Sp\u00e9cifications<\/td>\n<td>16g*30Pcs<\/td>\n<\/tr>\n<tr>\n<td>Taille du carton<\/td>\n<td>54.5*29.5*31.5<span style=\"font-family: inherit; font-size: inherit;\">cm<\/span><\/td>\n<\/tr>\n<tr>\n<td>N.W \/SET<\/td>\n<td>30Pcs*24Boxes<\/td>\n<\/tr>\n<tr>\n<td>Couleur<\/td>\n<td>En tant qu'image<\/td>\n<\/tr>\n<tr>\n<td>MOQ<\/td>\n<td>500 cartons<\/td>\n<\/tr>\n<tr>\n<td>Personnalisation<\/td>\n<td>Emballage\/LOGO<\/td>\n<\/tr>\n<\/tbody>\n<\/table>","protected":false},"featured_media":29558,"comment_status":"closed","ping_status":"closed","template":"","meta":[],"product_cat":[73],"product_tag":[],"class_list":{"0":"post-29553","1":"product","2":"type-product","3":"status-publish","4":"has-post-thumbnail","6":"product_cat-wholesale-chocolate-covered-peanuts","8":"first","9":"instock","10":"shipping-taxable","11":"product-type-simple"},"_links":{"self":[{"href":"https:\/\/jxgchocolate.com\/fr\/wp-json\/wp\/v2\/product\/29553","targetHints":{"allow":["GET"]}}],"collection":[{"href":"https:\/\/jxgchocolate.com\/fr\/wp-json\/wp\/v2\/product"}],"about":[{"href":"https:\/\/jxgchocolate.com\/fr\/wp-json\/wp\/v2\/types\/product"}],"replies":[{"embeddable":true,"href":"https:\/\/jxgchocolate.com\/fr\/wp-json\/wp\/v2\/comments?post=29553"}],"version-history":[{"count":0,"href":"https:\/\/jxgchocolate.com\/fr\/wp-json\/wp\/v2\/product\/29553\/revisions"}],"wp:featuredmedia":[{"embeddable":true,"href":"https:\/\/jxgchocolate.com\/fr\/wp-json\/wp\/v2\/media\/29558"}],"wp:attachment":[{"href":"https:\/\/jxgchocolate.com\/fr\/wp-json\/wp\/v2\/media?parent=29553"}],"wp:term":[{"taxonomy":"product_cat","embeddable":true,"href":"https:\/\/jxgchocolate.com\/fr\/wp-json\/wp\/v2\/product_cat?post=29553"},{"taxonomy":"product_tag","embeddable":true,"href":"https:\/\/jxgchocolate.com\/fr\/wp-json\/wp\/v2\/product_tag?post=29553"}],"curies":[{"name":"wp","href":"https:\/\/api.w.org\/{rel}","templated":true}]}}