{"id":29564,"date":"2025-03-04T06:50:20","date_gmt":"2025-03-04T06:50:20","guid":{"rendered":"https:\/\/jxgchocolate.com\/?post_type=product&#038;p=29564"},"modified":"2025-03-04T06:50:23","modified_gmt":"2025-03-04T06:50:23","slug":"chocolate-balls-bulk","status":"publish","type":"product","link":"https:\/\/jxgchocolate.com\/fr\/produit\/chocolate-balls-bulk\/","title":{"rendered":"Nouvelles boules de chocolat en vrac, boules de chocolat croustillantes en gros"},"content":{"rendered":"<div class=\"wp-block-columns is-layout-flex wp-container-core-columns-is-layout-9d6595d7 wp-block-columns-is-layout-flex\">\n<div class=\"wp-block-column is-layout-flow wp-block-column-is-layout-flow\">\n<h2 class=\"wp-block-heading\">Boules de chocolat de qualit\u00e9 sup\u00e9rieure en vrac Caract\u00e9ristiques :<\/h2>\n\n\n\n<ul class=\"wp-block-list\">\n<li><strong>Double go\u00fbt unique :<\/strong> Nos boules de chocolat croustillantes sont compos\u00e9es de chocolat lisse \u00e0 l'ext\u00e9rieur et de biscuits croustillants \u00e0 l'int\u00e9rieur, cr\u00e9ant ainsi une exp\u00e9rience gustative contrast\u00e9e mais harmonieuse. Du chocolat sucr\u00e9 aux biscuits croustillants, elles procurent aux consommateurs une profonde sensation de go\u00fbt.<\/li>\n\n\n\n<li><strong>Combinaison de saveurs classique :<\/strong> Les boules de chocolat en vrac sont une combinaison de biscuits et de chocolat qui existe depuis de nombreuses ann\u00e9es et qui s'est av\u00e9r\u00e9e \u00eatre l'une des saveurs classiques les plus populaires, convenant aux personnes de tout \u00e2ge. Outre les biscuits originaux enrob\u00e9s de chocolat au lait, il existe \u00e9galement d'autres variantes, telles que le chocolat noir et le chocolat blanc, afin de r\u00e9pondre aux besoins gustatifs des diff\u00e9rents consommateurs.<\/li>\n\n\n\n<li><strong>Nutritif :<\/strong> Nos boules de chocolat croustillantes en gros sont une source d'hydrates de carbone de qualit\u00e9 qui redonnent de l'\u00e9nergie \u00e0 court terme. Elles sont donc id\u00e9ales pour \u00eatre consomm\u00e9es apr\u00e8s une s\u00e9ance d'entra\u00eenement ou lorsqu'une r\u00e9cup\u00e9ration rapide est n\u00e9cessaire.<\/li>\n\n\n\n<li><strong>Convient \u00e0 diverses occasions : <\/strong>Les boules de chocolat constituent un en-cas pour les loisirs ; elles seront un d\u00e9lice chaud, que ce soit pendant les pauses de travail ou les f\u00eates. Elles s'accompagnent \u00e9galement d'une tasse de th\u00e9 ou de caf\u00e9 chaud pour constituer le parfait th\u00e9 de l'apr\u00e8s-midi. Elles peuvent \u00e9galement \u00eatre utilis\u00e9es pour cr\u00e9er des desserts plus cr\u00e9atifs, tels que des biscuits sandwichs, des garnitures de g\u00e2teaux, etc. pour maximiser le plaisir de la p\u00e2tisserie.<\/li>\n<\/ul>\n<\/div>\n\n\n\n<div class=\"wp-block-column is-layout-flow wp-block-column-is-layout-flow\">\n<figure class=\"wp-block-image size-full\"><img fetchpriority=\"high\" decoding=\"async\" width=\"1500\" height=\"2000\" src=\"https:\/\/jxgchocolate.com\/wp-content\/uploads\/2025\/02\/1.webp\" alt=\"Nouveaux produits Boules de chocolat en vrac, Boules de chocolat croustillantes en gros-1\" class=\"wp-image-29555\" srcset=\"https:\/\/jxgchocolate.com\/wp-content\/uploads\/2025\/02\/1.webp 1500w, https:\/\/jxgchocolate.com\/wp-content\/uploads\/2025\/02\/1-225x300.webp 225w, https:\/\/jxgchocolate.com\/wp-content\/uploads\/2025\/02\/1-768x1024.webp 768w, https:\/\/jxgchocolate.com\/wp-content\/uploads\/2025\/02\/1-9x12.webp 9w, https:\/\/jxgchocolate.com\/wp-content\/uploads\/2025\/02\/1-430x573.webp 430w, https:\/\/jxgchocolate.com\/wp-content\/uploads\/2025\/02\/1-700x933.webp 700w, https:\/\/jxgchocolate.com\/wp-content\/uploads\/2025\/02\/1-150x200.webp 150w\" sizes=\"(max-width: 1500px) 100vw, 1500px\" \/><\/figure>\n<\/div>\n<\/div>\n\n\n\n<p><\/p>","protected":false},"excerpt":{"rendered":"<p>Nous vous invitons \u00e0 acheter nos boules de chocolat croustillantes en gros. Ces boules de chocolat en vrac offrent non seulement une nouvelle exp\u00e9rience gustative, mais v\u00e9hiculent \u00e9galement un mode de vie sain et une valeur culturelle. Son go\u00fbt unique, sa riche s\u00e9lection int\u00e9rieure et ses diverses utilisations en font un choix id\u00e9al pour les consommateurs qui recherchent une vie de qualit\u00e9.<\/p>\n<table width=\"423\">\n<tbody>\n<tr>\n<td width=\"166\">Fabricant<\/td>\n<td width=\"257\">Le fruit de la chance<\/td>\n<\/tr>\n<tr>\n<td>MOD\u00c8LE NO.<\/td>\n<td>JXG56<\/td>\n<\/tr>\n<tr>\n<td>Type<\/td>\n<td>Biscuits Chocolat<\/td>\n<\/tr>\n<tr>\n<td>Emballage<\/td>\n<td>Conditionnement des bouteilles<\/td>\n<\/tr>\n<tr>\n<td>Sp\u00e9cifications<\/td>\n<td>23g*20Pcs<\/td>\n<\/tr>\n<tr>\n<td>Taille du carton<\/td>\n<td>49*37*26.2<span style=\"font-family: inherit; font-size: inherit;\">cm<\/span><\/td>\n<\/tr>\n<tr>\n<td>N.W \/SET<\/td>\n<td>20Pcs*12Bouteilles<\/td>\n<\/tr>\n<tr>\n<td>Couleur<\/td>\n<td>En tant qu'image<\/td>\n<\/tr>\n<tr>\n<td>MOQ<\/td>\n<td>500 cartons<\/td>\n<\/tr>\n<tr>\n<td>Personnalisation<\/td>\n<td>Emballage\/LOGO<\/td>\n<\/tr>\n<\/tbody>\n<\/table>","protected":false},"featured_media":29566,"comment_status":"closed","ping_status":"closed","template":"","meta":[],"product_cat":[74],"product_tag":[],"class_list":{"0":"post-29564","1":"product","2":"type-product","3":"status-publish","4":"has-post-thumbnail","6":"product_cat-wholesale-crunchy-chocolate-balls","8":"first","9":"instock","10":"shipping-taxable","11":"product-type-simple"},"_links":{"self":[{"href":"https:\/\/jxgchocolate.com\/fr\/wp-json\/wp\/v2\/product\/29564","targetHints":{"allow":["GET"]}}],"collection":[{"href":"https:\/\/jxgchocolate.com\/fr\/wp-json\/wp\/v2\/product"}],"about":[{"href":"https:\/\/jxgchocolate.com\/fr\/wp-json\/wp\/v2\/types\/product"}],"replies":[{"embeddable":true,"href":"https:\/\/jxgchocolate.com\/fr\/wp-json\/wp\/v2\/comments?post=29564"}],"version-history":[{"count":0,"href":"https:\/\/jxgchocolate.com\/fr\/wp-json\/wp\/v2\/product\/29564\/revisions"}],"wp:featuredmedia":[{"embeddable":true,"href":"https:\/\/jxgchocolate.com\/fr\/wp-json\/wp\/v2\/media\/29566"}],"wp:attachment":[{"href":"https:\/\/jxgchocolate.com\/fr\/wp-json\/wp\/v2\/media?parent=29564"}],"wp:term":[{"taxonomy":"product_cat","embeddable":true,"href":"https:\/\/jxgchocolate.com\/fr\/wp-json\/wp\/v2\/product_cat?post=29564"},{"taxonomy":"product_tag","embeddable":true,"href":"https:\/\/jxgchocolate.com\/fr\/wp-json\/wp\/v2\/product_tag?post=29564"}],"curies":[{"name":"wp","href":"https:\/\/api.w.org\/{rel}","templated":true}]}}