{"id":29645,"date":"2025-03-14T02:03:30","date_gmt":"2025-03-14T02:03:30","guid":{"rendered":"https:\/\/jxgchocolate.com\/?post_type=product&#038;p=29645"},"modified":"2025-03-14T02:03:32","modified_gmt":"2025-03-14T02:03:32","slug":"wholesale-chocolate-covered-peanuts","status":"publish","type":"product","link":"https:\/\/jxgchocolate.com\/fr\/produit\/wholesale-chocolate-covered-peanuts\/","title":{"rendered":"Factory Wholesale Chocolate Covered Peanuts In Portable Pack (Cacahu\u00e8tes enrob\u00e9es de chocolat en paquet portable)"},"content":{"rendered":"<div class=\"wp-block-columns is-layout-flex wp-container-core-columns-is-layout-9d6595d7 wp-block-columns-is-layout-flex\">\n<div class=\"wp-block-column is-layout-flow wp-block-column-is-layout-flow\">\n<h2 class=\"wp-block-heading\">Cacahu\u00e8tes enrob\u00e9es de chocolat Premium Wholesale Caract\u00e9ristiques :<\/h2>\n\n\n\n<ul class=\"wp-block-list\">\n<li><strong>Un double plaisir gustatif :<\/strong> Nos cacahu\u00e8tes enrob\u00e9es de chocolat sont soigneusement s\u00e9lectionn\u00e9es \u00e0 partir de cacahu\u00e8tes de haute qualit\u00e9, soigneusement torr\u00e9fi\u00e9es afin que chacune d'entre elles soit croquante et savoureuse, puis enrob\u00e9es d'un chocolat cr\u00e9meux et fin, offrant un merveilleux go\u00fbt de combinaison croquante et moelleuse.<\/li>\n\n\n\n<li><strong>Emballage portable :<\/strong> Ces cacahu\u00e8tes au chocolat en vrac sont vendues dans un petit emballage pratique \u00e0 transporter. Elles sont parfaites pour \u00eatre partag\u00e9es pendant les pauses au travail, en voyage, apr\u00e8s une s\u00e9ance de sport ou lors d'une f\u00eate, ce qui permet aux consommateurs de savourer de bons petits plats \u00e0 tout moment et en tout lieu, renfor\u00e7ant ainsi l'attrait du march\u00e9.<\/li>\n\n\n\n<li><strong>Co\u00fbt \u00e9lev\u00e9 : <\/strong>Notre vente en gros de cacahu\u00e8tes enrob\u00e9es de chocolat garantit la qualit\u00e9 des produits et offre aux consommateurs des cacahu\u00e8tes enrob\u00e9es de chocolat de haute qualit\u00e9 \u00e0 un prix tr\u00e8s raisonnable, ce qui en fait un produit id\u00e9al pour les achats en gros.<\/li>\n\n\n\n<li><strong>Convient au commerce de d\u00e9tail, aux supermarch\u00e9s et \u00e0 la personnalisation des marques : <\/strong>Ces emballages portables de cacahu\u00e8tes au chocolat en vrac sont compatibles avec la vente au d\u00e9tail en supermarch\u00e9, conviennent aux ventes dans les magasins de proximit\u00e9, \u00e0 l'emballage de cadeaux et \u00e0 d'autres besoins du march\u00e9. La personnalisation OEM\/ODM peut \u00eatre r\u00e9alis\u00e9e pour r\u00e9pondre aux besoins d'emballage personnalis\u00e9s de diff\u00e9rentes marques et offrir un march\u00e9 plus large aux consommateurs.<\/li>\n<\/ul>\n<\/div>\n\n\n\n<div class=\"wp-block-column is-layout-flow wp-block-column-is-layout-flow\">\n<figure class=\"wp-block-image size-full\"><img fetchpriority=\"high\" decoding=\"async\" width=\"800\" height=\"800\" src=\"https:\/\/jxgchocolate.com\/wp-content\/uploads\/2025\/03\/Wholesales-In-Bulk-Colorful-Peanut-Chocolate-Beans-With-Custom-Packaging5.webp\" alt=\"Factory Wholesale Cacahu\u00e8tes enrob\u00e9es de chocolat en paquet portable-5\" class=\"wp-image-29651\" srcset=\"https:\/\/jxgchocolate.com\/wp-content\/uploads\/2025\/03\/Wholesales-In-Bulk-Colorful-Peanut-Chocolate-Beans-With-Custom-Packaging5.webp 800w, https:\/\/jxgchocolate.com\/wp-content\/uploads\/2025\/03\/Wholesales-In-Bulk-Colorful-Peanut-Chocolate-Beans-With-Custom-Packaging5-300x300.webp 300w, https:\/\/jxgchocolate.com\/wp-content\/uploads\/2025\/03\/Wholesales-In-Bulk-Colorful-Peanut-Chocolate-Beans-With-Custom-Packaging5-150x150.webp 150w, https:\/\/jxgchocolate.com\/wp-content\/uploads\/2025\/03\/Wholesales-In-Bulk-Colorful-Peanut-Chocolate-Beans-With-Custom-Packaging5-768x768.webp 768w, https:\/\/jxgchocolate.com\/wp-content\/uploads\/2025\/03\/Wholesales-In-Bulk-Colorful-Peanut-Chocolate-Beans-With-Custom-Packaging5-12x12.webp 12w, https:\/\/jxgchocolate.com\/wp-content\/uploads\/2025\/03\/Wholesales-In-Bulk-Colorful-Peanut-Chocolate-Beans-With-Custom-Packaging5-430x430.webp 430w, https:\/\/jxgchocolate.com\/wp-content\/uploads\/2025\/03\/Wholesales-In-Bulk-Colorful-Peanut-Chocolate-Beans-With-Custom-Packaging5-700x700.webp 700w\" sizes=\"(max-width: 800px) 100vw, 800px\" \/><\/figure>\n<\/div>\n<\/div>","protected":false},"excerpt":{"rendered":"<p>Nous vous invitons \u00e0 acheter en gros des cacahu\u00e8tes enrob\u00e9es de chocolat. Nos cacahu\u00e8tes au chocolat en vrac ont un go\u00fbt riche et sont sucr\u00e9es sans \u00eatre grasses. Elles sont emball\u00e9es dans un emballage portable et peuvent \u00eatre facilement d\u00e9gust\u00e9es \u00e0 tout moment et n'importe o\u00f9. Elles conviennent aux d\u00e9taillants, aux supermarch\u00e9s, aux snacks de bureau et aux march\u00e9s des snacks. Approvisionnement direct de l'usine, prix de gros pr\u00e9f\u00e9rentiels.<\/p>\n<table width=\"423\">\n<tbody>\n<tr>\n<td width=\"166\">Fabricant<\/td>\n<td width=\"257\">Le fruit de la chance<\/td>\n<\/tr>\n<tr>\n<td>MOD\u00c8LE NO.<\/td>\n<td>JXG57<\/td>\n<\/tr>\n<tr>\n<td>Type<\/td>\n<td>Cacahu\u00e8tes Chocolat<\/td>\n<\/tr>\n<tr>\n<td>Emballage<\/td>\n<td>Emballage de la bo\u00eete<\/td>\n<\/tr>\n<tr>\n<td>Sp\u00e9cifications<\/td>\n<td>16g*20Pcs<\/td>\n<\/tr>\n<tr>\n<td>Taille du carton<\/td>\n<td>50*29*25.5<span style=\"font-family: inherit; font-size: inherit;\">cm<\/span><\/td>\n<\/tr>\n<tr>\n<td>N.W \/SET<\/td>\n<td>20Pcs*24Boxes<\/td>\n<\/tr>\n<tr>\n<td>Couleur<\/td>\n<td>En tant qu'image<\/td>\n<\/tr>\n<tr>\n<td>MOQ<\/td>\n<td>500 cartons<\/td>\n<\/tr>\n<tr>\n<td>Personnalisation<\/td>\n<td>Emballage\/LOGO<\/td>\n<\/tr>\n<\/tbody>\n<\/table>","protected":false},"featured_media":29647,"comment_status":"closed","ping_status":"closed","template":"","meta":[],"product_cat":[73],"product_tag":[],"class_list":{"0":"post-29645","1":"product","2":"type-product","3":"status-publish","4":"has-post-thumbnail","6":"product_cat-wholesale-chocolate-covered-peanuts","8":"first","9":"instock","10":"shipping-taxable","11":"product-type-simple"},"_links":{"self":[{"href":"https:\/\/jxgchocolate.com\/fr\/wp-json\/wp\/v2\/product\/29645","targetHints":{"allow":["GET"]}}],"collection":[{"href":"https:\/\/jxgchocolate.com\/fr\/wp-json\/wp\/v2\/product"}],"about":[{"href":"https:\/\/jxgchocolate.com\/fr\/wp-json\/wp\/v2\/types\/product"}],"replies":[{"embeddable":true,"href":"https:\/\/jxgchocolate.com\/fr\/wp-json\/wp\/v2\/comments?post=29645"}],"version-history":[{"count":0,"href":"https:\/\/jxgchocolate.com\/fr\/wp-json\/wp\/v2\/product\/29645\/revisions"}],"wp:featuredmedia":[{"embeddable":true,"href":"https:\/\/jxgchocolate.com\/fr\/wp-json\/wp\/v2\/media\/29647"}],"wp:attachment":[{"href":"https:\/\/jxgchocolate.com\/fr\/wp-json\/wp\/v2\/media?parent=29645"}],"wp:term":[{"taxonomy":"product_cat","embeddable":true,"href":"https:\/\/jxgchocolate.com\/fr\/wp-json\/wp\/v2\/product_cat?post=29645"},{"taxonomy":"product_tag","embeddable":true,"href":"https:\/\/jxgchocolate.com\/fr\/wp-json\/wp\/v2\/product_tag?post=29645"}],"curies":[{"name":"wp","href":"https:\/\/api.w.org\/{rel}","templated":true}]}}