{"id":29654,"date":"2025-03-14T01:41:25","date_gmt":"2025-03-14T01:41:25","guid":{"rendered":"https:\/\/jxgchocolate.com\/?post_type=product&#038;p=29654"},"modified":"2025-03-14T01:42:17","modified_gmt":"2025-03-14T01:42:17","slug":"bulk-peanuts-covered-with-chocolate","status":"publish","type":"product","link":"https:\/\/jxgchocolate.com\/fr\/produit\/bulk-peanuts-covered-with-chocolate\/","title":{"rendered":"Cacahu\u00e8tes en vrac enrob\u00e9es de chocolat, prix direct usine"},"content":{"rendered":"<div class=\"wp-block-columns is-layout-flex wp-container-core-columns-is-layout-9d6595d7 wp-block-columns-is-layout-flex\">\n<div class=\"wp-block-column is-layout-flow wp-block-column-is-layout-flow\">\n<h2 class=\"wp-block-heading\">Cacahu\u00e8tes en vrac de premi\u00e8re qualit\u00e9 recouvertes de chocolat Caract\u00e9ristiques :<\/h2>\n\n\n\n<ul class=\"wp-block-list\">\n<li><strong>Arachides s\u00e9lectionn\u00e9es de haute qualit\u00e9 : <\/strong>Nos cacahu\u00e8tes en vrac enrob\u00e9es de chocolat sont compos\u00e9es de cacahu\u00e8tes sp\u00e9cialement s\u00e9lectionn\u00e9es, qui poss\u00e8dent des grains entiers, un go\u00fbt croquant et beaucoup de prot\u00e9ines, de fibres alimentaires et de graisses saines, offrant ainsi un double plaisir gustatif et nutritionnel.<\/li>\n\n\n\n<li><strong>Emballage soyeux au chocolat :<\/strong> Nos cacahu\u00e8tes enrob\u00e9es de chocolat en gros utilisent un chocolat de qualit\u00e9 pour recouvrir chaque cacahu\u00e8te \u00e0 la perfection, offrant ainsi une exp\u00e9rience gustative aromatique et douce. La douceur du chocolat et le croquant des cacahu\u00e8tes sont parfaitement combin\u00e9s pour satisfaire les papilles de tous les types de consommateurs.<\/li>\n\n\n\n<li><strong>Fourniture directe par l'usine : <\/strong>Ces cacahu\u00e8tes en vrac enrob\u00e9es de chocolat sont directement produites et fournies par Jixiangguo Food Factory, avec une garantie de haute qualit\u00e9 et des prix de gros tr\u00e8s comp\u00e9titifs, qui conviennent parfaitement aux marques alimentaires et aux d\u00e9taillants pour la vente en gros.<\/li>\n\n\n\n<li><strong>Collations polyvalentes :<\/strong> Nos cacahu\u00e8tes enrob\u00e9es de chocolat sont des en-cas parfaits qui peuvent \u00eatre utilis\u00e9s dans les supermarch\u00e9s, les marques d'en-cas, les paquets cadeaux, etc. Elles b\u00e9n\u00e9ficient d'une large demande sur le march\u00e9 et peuvent facilement aider votre entreprise \u00e0 se d\u00e9velopper.<\/li>\n<\/ul>\n<\/div>\n\n\n\n<div class=\"wp-block-column is-layout-flow wp-block-column-is-layout-flow\">\n<figure class=\"wp-block-image size-full\"><img fetchpriority=\"high\" decoding=\"async\" width=\"750\" height=\"750\" src=\"https:\/\/jxgchocolate.com\/wp-content\/uploads\/2025\/03\/Bulk-Peanut-Chocolate-Candy-With-Colored-Coating-Can-Be-Customized2.webp\" alt=\"Cacahu\u00e8tes en vrac enrob\u00e9es de chocolat, prix direct usine-1\" class=\"wp-image-29656\" srcset=\"https:\/\/jxgchocolate.com\/wp-content\/uploads\/2025\/03\/Bulk-Peanut-Chocolate-Candy-With-Colored-Coating-Can-Be-Customized2.webp 750w, https:\/\/jxgchocolate.com\/wp-content\/uploads\/2025\/03\/Bulk-Peanut-Chocolate-Candy-With-Colored-Coating-Can-Be-Customized2-300x300.webp 300w, https:\/\/jxgchocolate.com\/wp-content\/uploads\/2025\/03\/Bulk-Peanut-Chocolate-Candy-With-Colored-Coating-Can-Be-Customized2-150x150.webp 150w, https:\/\/jxgchocolate.com\/wp-content\/uploads\/2025\/03\/Bulk-Peanut-Chocolate-Candy-With-Colored-Coating-Can-Be-Customized2-12x12.webp 12w, https:\/\/jxgchocolate.com\/wp-content\/uploads\/2025\/03\/Bulk-Peanut-Chocolate-Candy-With-Colored-Coating-Can-Be-Customized2-430x430.webp 430w, https:\/\/jxgchocolate.com\/wp-content\/uploads\/2025\/03\/Bulk-Peanut-Chocolate-Candy-With-Colored-Coating-Can-Be-Customized2-700x700.webp 700w\" sizes=\"(max-width: 750px) 100vw, 750px\" \/><\/figure>\n<\/div>\n<\/div>","protected":false},"excerpt":{"rendered":"<p>Bienvenue sur le site d'achat en gros de cacahu\u00e8tes enrob\u00e9es de chocolat. Nos cacahu\u00e8tes en vrac enrob\u00e9es de chocolat se composent de cacahu\u00e8tes de haute qualit\u00e9 s\u00e9lectionn\u00e9es, enrob\u00e9es de chocolat riche et lisse, et chaque bouch\u00e9e offre un m\u00e9lange id\u00e9al de croquant et de moelleux. Approvisionnement direct de l'usine, prix favorable, et offre de services de commande en vrac et de personnalisation OEM.<\/p>\n<table width=\"423\">\n<tbody>\n<tr>\n<td width=\"166\">Fabricant<\/td>\n<td width=\"257\">Le fruit de la chance<\/td>\n<\/tr>\n<tr>\n<td>MOD\u00c8LE NO.<\/td>\n<td>JXG58<\/td>\n<\/tr>\n<tr>\n<td>Type<\/td>\n<td>Cacahu\u00e8tes Chocolat<\/td>\n<\/tr>\n<tr>\n<td>Emballage<\/td>\n<td>Emballage de la bo\u00eete<\/td>\n<\/tr>\n<tr>\n<td>Sp\u00e9cifications<\/td>\n<td>16g*30Pcs<\/td>\n<\/tr>\n<tr>\n<td>Taille du carton<\/td>\n<td>54.5*29.5*31.5<span style=\"font-family: inherit; font-size: inherit;\">cm<\/span><\/td>\n<\/tr>\n<tr>\n<td>N.W \/SET<\/td>\n<td>30Pcs*24Boxes<\/td>\n<\/tr>\n<tr>\n<td>Couleur<\/td>\n<td>En tant qu'image<\/td>\n<\/tr>\n<tr>\n<td>MOQ<\/td>\n<td>500 cartons<\/td>\n<\/tr>\n<tr>\n<td>Personnalisation<\/td>\n<td>Emballage\/LOGO<\/td>\n<\/tr>\n<\/tbody>\n<\/table>","protected":false},"featured_media":29659,"comment_status":"closed","ping_status":"closed","template":"","meta":[],"product_cat":[73],"product_tag":[],"class_list":{"0":"post-29654","1":"product","2":"type-product","3":"status-publish","4":"has-post-thumbnail","6":"product_cat-wholesale-chocolate-covered-peanuts","8":"first","9":"instock","10":"shipping-taxable","11":"product-type-simple"},"_links":{"self":[{"href":"https:\/\/jxgchocolate.com\/fr\/wp-json\/wp\/v2\/product\/29654","targetHints":{"allow":["GET"]}}],"collection":[{"href":"https:\/\/jxgchocolate.com\/fr\/wp-json\/wp\/v2\/product"}],"about":[{"href":"https:\/\/jxgchocolate.com\/fr\/wp-json\/wp\/v2\/types\/product"}],"replies":[{"embeddable":true,"href":"https:\/\/jxgchocolate.com\/fr\/wp-json\/wp\/v2\/comments?post=29654"}],"version-history":[{"count":0,"href":"https:\/\/jxgchocolate.com\/fr\/wp-json\/wp\/v2\/product\/29654\/revisions"}],"wp:featuredmedia":[{"embeddable":true,"href":"https:\/\/jxgchocolate.com\/fr\/wp-json\/wp\/v2\/media\/29659"}],"wp:attachment":[{"href":"https:\/\/jxgchocolate.com\/fr\/wp-json\/wp\/v2\/media?parent=29654"}],"wp:term":[{"taxonomy":"product_cat","embeddable":true,"href":"https:\/\/jxgchocolate.com\/fr\/wp-json\/wp\/v2\/product_cat?post=29654"},{"taxonomy":"product_tag","embeddable":true,"href":"https:\/\/jxgchocolate.com\/fr\/wp-json\/wp\/v2\/product_tag?post=29654"}],"curies":[{"name":"wp","href":"https:\/\/api.w.org\/{rel}","templated":true}]}}