{"id":29683,"date":"2025-03-22T07:58:40","date_gmt":"2025-03-22T07:58:40","guid":{"rendered":"https:\/\/jxgchocolate.com\/?post_type=product&#038;p=29683"},"modified":"2025-03-22T09:00:06","modified_gmt":"2025-03-22T09:00:06","slug":"wholesale-milk-chocolate-candy","status":"publish","type":"product","link":"https:\/\/jxgchocolate.com\/fr\/produit\/wholesale-milk-chocolate-candy\/","title":{"rendered":"Gros bonbons au chocolat au lait, graines de tournesol au chocolat au go\u00fbt le plus aigre en vrac"},"content":{"rendered":"<div class=\"wp-block-columns is-layout-flex wp-container-core-columns-is-layout-9d6595d7 wp-block-columns-is-layout-flex\">\n<div class=\"wp-block-column is-layout-flow wp-block-column-is-layout-flow\">\n<h2 class=\"wp-block-heading\">Graines de tournesol de qualit\u00e9 sup\u00e9rieure Haricots de chocolat au lait Caract\u00e9ristiques :<\/h2>\n\n\n\n<p><strong>Combinaison unique de saveurs :<\/strong> Le chocolat aux graines de tournesol acidul\u00e9es associe des saveurs de fruits sucr\u00e9s et acidul\u00e9s \u00e0 un riche ar\u00f4me de chocolat, offrant ainsi aux consommateurs une toute nouvelle exp\u00e9rience gustative. Cette combinaison unique de saveurs peut stimuler la curiosit\u00e9 et le d\u00e9sir d'achat des consommateurs, satisfaisant ainsi leur qu\u00eate de saveurs nouvelles.<\/p>\n\n\n\n<p><strong>Go\u00fbt riche :<\/strong> La combinaison du croquant des graines de tournesol et de l'onctuosit\u00e9 du chocolat cr\u00e9e un contraste gustatif distinct, rendant chaque bouch\u00e9e pleine de couches. Ce go\u00fbt riche peut am\u00e9liorer l'exp\u00e9rience culinaire des consommateurs et accro\u00eetre l'attrait du produit.<\/p>\n\n\n\n<p><strong>Emballage pratique : <\/strong>Petits sacs ind\u00e9pendants : Les produits de chocolat aux graines de tournesol aigres sont conditionn\u00e9s dans de petits sacs ind\u00e9pendants, faciles \u00e0 transporter et \u00e0 partager, ce qui les rend tout \u00e0 fait adapt\u00e9s aux activit\u00e9s de plein air et aux voyages, \u00e0 savourer \u00e0 tout moment. Il existe \u00e9galement des emballages de grande capacit\u00e9 pour les particuliers, qui sont \u00e0 la fois \u00e9conomiques et permettent d'acheter plusieurs saveurs \u00e0 la fois pour les partager avec toute la famille.<\/p>\n\n\n\n<ol class=\"wp-block-list\">\n<li><\/li>\n<\/ol>\n<\/div>\n\n\n\n<div class=\"wp-block-column is-layout-flow wp-block-column-is-layout-flow\">\n<figure class=\"wp-block-image size-full\"><img fetchpriority=\"high\" decoding=\"async\" width=\"2000\" height=\"2000\" src=\"https:\/\/jxgchocolate.com\/wp-content\/uploads\/2025\/01\/Super-Sour-Chocolate-Cover-Sunflower-Seeds-Wholesales-In-Bulk2.webp\" alt=\"Super Sour Bulk Chocolate Coated Sunflower Seed With Bag Pack-2 (Graines de tournesol enrob\u00e9es de chocolat super aigre en vrac avec sac)\" class=\"wp-image-29425\" srcset=\"https:\/\/jxgchocolate.com\/wp-content\/uploads\/2025\/01\/Super-Sour-Chocolate-Cover-Sunflower-Seeds-Wholesales-In-Bulk2.webp 2000w, https:\/\/jxgchocolate.com\/wp-content\/uploads\/2025\/01\/Super-Sour-Chocolate-Cover-Sunflower-Seeds-Wholesales-In-Bulk2-300x300.webp 300w, https:\/\/jxgchocolate.com\/wp-content\/uploads\/2025\/01\/Super-Sour-Chocolate-Cover-Sunflower-Seeds-Wholesales-In-Bulk2-150x150.webp 150w, https:\/\/jxgchocolate.com\/wp-content\/uploads\/2025\/01\/Super-Sour-Chocolate-Cover-Sunflower-Seeds-Wholesales-In-Bulk2-768x768.webp 768w, https:\/\/jxgchocolate.com\/wp-content\/uploads\/2025\/01\/Super-Sour-Chocolate-Cover-Sunflower-Seeds-Wholesales-In-Bulk2-12x12.webp 12w, https:\/\/jxgchocolate.com\/wp-content\/uploads\/2025\/01\/Super-Sour-Chocolate-Cover-Sunflower-Seeds-Wholesales-In-Bulk2-430x430.webp 430w, https:\/\/jxgchocolate.com\/wp-content\/uploads\/2025\/01\/Super-Sour-Chocolate-Cover-Sunflower-Seeds-Wholesales-In-Bulk2-700x700.webp 700w\" sizes=\"(max-width: 2000px) 100vw, 2000px\" \/><\/figure>\n<\/div>\n<\/div>","protected":false},"excerpt":{"rendered":"<p>Bienvenue sur le site d'achat de graines de tournesol et de f\u00e8ves de chocolat au lait. Le chocolat aigre aux graines de tournesol est un produit unique qui associe le croquant des graines de tournesol \u00e0 la douceur et \u00e0 l'onctuosit\u00e9 du chocolat, tout en offrant une exp\u00e9rience gustative unique gr\u00e2ce \u00e0 l'ajout d'\u00e9l\u00e9ments acides.<\/p>\n<table width=\"423\">\n<tbody>\n<tr>\n<td width=\"166\">Fabricant<\/td>\n<td width=\"257\">Le fruit de la chance<\/td>\n<\/tr>\n<tr>\n<td>MOD\u00c8LE NO.<\/td>\n<td>JXG52<\/td>\n<\/tr>\n<tr>\n<td>Type<\/td>\n<td>Graines de tournesol Chocolat<\/td>\n<\/tr>\n<tr>\n<td>Emballage<\/td>\n<td>Emballage de la bo\u00eete<\/td>\n<\/tr>\n<tr>\n<td>Sp\u00e9cifications<\/td>\n<td>238g<\/td>\n<\/tr>\n<tr>\n<td>Taille du carton<\/td>\n<td>49.5*29*32.5cm<\/td>\n<\/tr>\n<tr>\n<td>N.W \/SET<\/td>\n<td>238g*20 sacs<\/td>\n<\/tr>\n<tr>\n<td>Couleur<\/td>\n<td>En tant qu'image<\/td>\n<\/tr>\n<tr>\n<td>MOQ<\/td>\n<td>500 cartons<\/td>\n<\/tr>\n<tr>\n<td>Personnalisation<\/td>\n<td>Emballage\/LOGO<\/td>\n<\/tr>\n<\/tbody>\n<\/table>\n<p>&nbsp;<\/p>","protected":false},"featured_media":29426,"comment_status":"closed","ping_status":"closed","template":"","meta":[],"product_cat":[72],"product_tag":[],"class_list":{"0":"post-29683","1":"product","2":"type-product","3":"status-publish","4":"has-post-thumbnail","6":"product_cat-wholesale-chocolate-covered-sunflower-seeds","8":"first","9":"instock","10":"shipping-taxable","11":"product-type-simple"},"_links":{"self":[{"href":"https:\/\/jxgchocolate.com\/fr\/wp-json\/wp\/v2\/product\/29683","targetHints":{"allow":["GET"]}}],"collection":[{"href":"https:\/\/jxgchocolate.com\/fr\/wp-json\/wp\/v2\/product"}],"about":[{"href":"https:\/\/jxgchocolate.com\/fr\/wp-json\/wp\/v2\/types\/product"}],"replies":[{"embeddable":true,"href":"https:\/\/jxgchocolate.com\/fr\/wp-json\/wp\/v2\/comments?post=29683"}],"version-history":[{"count":0,"href":"https:\/\/jxgchocolate.com\/fr\/wp-json\/wp\/v2\/product\/29683\/revisions"}],"wp:featuredmedia":[{"embeddable":true,"href":"https:\/\/jxgchocolate.com\/fr\/wp-json\/wp\/v2\/media\/29426"}],"wp:attachment":[{"href":"https:\/\/jxgchocolate.com\/fr\/wp-json\/wp\/v2\/media?parent=29683"}],"wp:term":[{"taxonomy":"product_cat","embeddable":true,"href":"https:\/\/jxgchocolate.com\/fr\/wp-json\/wp\/v2\/product_cat?post=29683"},{"taxonomy":"product_tag","embeddable":true,"href":"https:\/\/jxgchocolate.com\/fr\/wp-json\/wp\/v2\/product_tag?post=29683"}],"curies":[{"name":"wp","href":"https:\/\/api.w.org\/{rel}","templated":true}]}}