{"id":29688,"date":"2025-03-22T08:35:20","date_gmt":"2025-03-22T08:35:20","guid":{"rendered":"https:\/\/jxgchocolate.com\/?post_type=product&#038;p=29688"},"modified":"2025-03-22T08:35:22","modified_gmt":"2025-03-22T08:35:22","slug":"sunflower-seed-chocolate-wholesale","status":"publish","type":"product","link":"https:\/\/jxgchocolate.com\/fr\/produit\/sunflower-seed-chocolate-wholesale\/","title":{"rendered":"Chocolat aux graines de tournesol \u00e0 l'ar\u00f4me aigre, acheter des bonbons de chocolat en vrac"},"content":{"rendered":"<div class=\"wp-block-columns is-layout-flex wp-container-core-columns-is-layout-9d6595d7 wp-block-columns-is-layout-flex\">\n<div class=\"wp-block-column is-layout-flow wp-block-column-is-layout-flow\">\n<h2 class=\"wp-block-heading\">Chocolat de graines de tournesol de qualit\u00e9 sup\u00e9rieure Caract\u00e9ristiques :<\/h2>\n\n\n\n<p><strong>Concept de sant\u00e9 :<\/strong> Les acides gras insatur\u00e9s, les prot\u00e9ines et les autres min\u00e9raux et vitamines contenus dans les graines de tournesol sont sains pour le corps humain. Une consommation mod\u00e9r\u00e9e de chocolat a \u00e9galement pour effet d'\u00e9quilibrer les \u00e9motions et d'att\u00e9nuer le stress. Avec ces deux \u00e9l\u00e9ments, le chocolat aux graines de tournesol acidul\u00e9es n'a pas seulement un go\u00fbt d\u00e9licieux, mais aussi l'id\u00e9e d'une alimentation saine.<\/p>\n\n\n\n<p><strong>Conception innovante : <\/strong>Le chocolat de gros aux graines de tournesol a une apparence unique, utilisant g\u00e9n\u00e9ralement un emballage petit et fin qui peut \u00eatre facilement emport\u00e9 et distribu\u00e9. L'emballage du produit peut \u00e9galement comporter des \u00e9l\u00e9ments de mode et des motifs cr\u00e9atifs afin de capter l'attention des jeunes consommateurs.<\/p>\n\n\n\n<p><strong>R\u00e9sonance \u00e9motionnelle : <\/strong>En tant qu'en-cas traditionnel, les graines de tournesol et le chocolat en gros \u00e9voquent pour beaucoup des souvenirs d'enfance et un soutien \u00e9motionnel. Le m\u00e9lange de graines de tournesol et de chocolat ne satisfait pas seulement les papilles gustatives, mais produit \u00e9galement une r\u00e9sonance \u00e9motionnelle chez les consommateurs, ce qui augmente encore la valeur ajout\u00e9e du produit.<\/p>\n\n\n\n<p><strong>Large \u00e9ventail de sc\u00e9narios d'application :<\/strong> Achetez des bonbons au chocolat en vrac,<strong> <\/strong>Le chocolat aigre aux graines de tournesol peut \u00eatre utilis\u00e9 dans divers sc\u00e9narios d'utilisation, tels que les en-cas pour le temps libre, les partenaires de th\u00e9\u00e2tre ou les cadeaux de f\u00eate. Son go\u00fbt unique et son emballage exquis en font un m\u00e9dia social populaire, contribuant \u00e0 rapprocher les gens.<\/p>\n<\/div>\n\n\n\n<div class=\"wp-block-column is-layout-flow wp-block-column-is-layout-flow\">\n<figure class=\"wp-block-image size-full\"><img fetchpriority=\"high\" decoding=\"async\" width=\"2000\" height=\"2000\" src=\"https:\/\/jxgchocolate.com\/wp-content\/uploads\/2025\/01\/Wholesales-New-Taste-Extreme-Sour-Sunflower-Seeds-Milk-Chocolate-Beans-In-Bulk1.webp\" alt=\"saveur-sunflower-seed-chocolate-wholesale-buy-bulk-chocolate-candy-1\" class=\"wp-image-29406\" srcset=\"https:\/\/jxgchocolate.com\/wp-content\/uploads\/2025\/01\/Wholesales-New-Taste-Extreme-Sour-Sunflower-Seeds-Milk-Chocolate-Beans-In-Bulk1.webp 2000w, https:\/\/jxgchocolate.com\/wp-content\/uploads\/2025\/01\/Wholesales-New-Taste-Extreme-Sour-Sunflower-Seeds-Milk-Chocolate-Beans-In-Bulk1-300x300.webp 300w, https:\/\/jxgchocolate.com\/wp-content\/uploads\/2025\/01\/Wholesales-New-Taste-Extreme-Sour-Sunflower-Seeds-Milk-Chocolate-Beans-In-Bulk1-150x150.webp 150w, https:\/\/jxgchocolate.com\/wp-content\/uploads\/2025\/01\/Wholesales-New-Taste-Extreme-Sour-Sunflower-Seeds-Milk-Chocolate-Beans-In-Bulk1-768x768.webp 768w, https:\/\/jxgchocolate.com\/wp-content\/uploads\/2025\/01\/Wholesales-New-Taste-Extreme-Sour-Sunflower-Seeds-Milk-Chocolate-Beans-In-Bulk1-12x12.webp 12w, https:\/\/jxgchocolate.com\/wp-content\/uploads\/2025\/01\/Wholesales-New-Taste-Extreme-Sour-Sunflower-Seeds-Milk-Chocolate-Beans-In-Bulk1-430x430.webp 430w, https:\/\/jxgchocolate.com\/wp-content\/uploads\/2025\/01\/Wholesales-New-Taste-Extreme-Sour-Sunflower-Seeds-Milk-Chocolate-Beans-In-Bulk1-700x700.webp 700w\" sizes=\"(max-width: 2000px) 100vw, 2000px\" \/><\/figure>\n<\/div>\n<\/div>\n\n\n\n<p><\/p>","protected":false},"excerpt":{"rendered":"<p>Bienvenue sur le site d'achat de bonbons de chocolat en vrac. Notre chocolat aux graines de tournesol en gros offre non seulement une nouvelle exp\u00e9rience gustative, mais repr\u00e9sente \u00e9galement la philosophie d'une vie saine et une connotation culturelle. Avec son m\u00e9lange unique de saveurs, son go\u00fbt robuste et sa large utilisation, c'est un excellent choix pour les consommateurs \u00e0 la recherche d'une vie meilleure.<\/p>\n<table width=\"423\">\n<tbody>\n<tr>\n<td width=\"166\">Fabricant<\/td>\n<td width=\"257\">Le fruit de la chance<\/td>\n<\/tr>\n<tr>\n<td>MOD\u00c8LE NO.<\/td>\n<td>JXG51<\/td>\n<\/tr>\n<tr>\n<td>Type<\/td>\n<td>Graines de tournesol Chocolat<\/td>\n<\/tr>\n<tr>\n<td>Emballage<\/td>\n<td>Emballage de la bo\u00eete<\/td>\n<\/tr>\n<tr>\n<td>Sp\u00e9cifications<\/td>\n<td>20 sacs*12 bo\u00eetes<\/td>\n<\/tr>\n<tr>\n<td>Taille du carton<\/td>\n<td>55*23*36cm<\/td>\n<\/tr>\n<tr>\n<td>N.W \/SET<\/td>\n<td>23g*20 sacs<\/td>\n<\/tr>\n<tr>\n<td>Couleur<\/td>\n<td>En tant qu'image<\/td>\n<\/tr>\n<tr>\n<td>MOQ<\/td>\n<td>500 cartons<\/td>\n<\/tr>\n<tr>\n<td>Personnalisation<\/td>\n<td>Emballage\/LOGO<\/td>\n<\/tr>\n<\/tbody>\n<\/table>","protected":false},"featured_media":29406,"comment_status":"closed","ping_status":"closed","template":"","meta":[],"product_cat":[72],"product_tag":[],"class_list":{"0":"post-29688","1":"product","2":"type-product","3":"status-publish","4":"has-post-thumbnail","6":"product_cat-wholesale-chocolate-covered-sunflower-seeds","8":"first","9":"instock","10":"shipping-taxable","11":"product-type-simple"},"_links":{"self":[{"href":"https:\/\/jxgchocolate.com\/fr\/wp-json\/wp\/v2\/product\/29688","targetHints":{"allow":["GET"]}}],"collection":[{"href":"https:\/\/jxgchocolate.com\/fr\/wp-json\/wp\/v2\/product"}],"about":[{"href":"https:\/\/jxgchocolate.com\/fr\/wp-json\/wp\/v2\/types\/product"}],"replies":[{"embeddable":true,"href":"https:\/\/jxgchocolate.com\/fr\/wp-json\/wp\/v2\/comments?post=29688"}],"version-history":[{"count":0,"href":"https:\/\/jxgchocolate.com\/fr\/wp-json\/wp\/v2\/product\/29688\/revisions"}],"wp:featuredmedia":[{"embeddable":true,"href":"https:\/\/jxgchocolate.com\/fr\/wp-json\/wp\/v2\/media\/29406"}],"wp:attachment":[{"href":"https:\/\/jxgchocolate.com\/fr\/wp-json\/wp\/v2\/media?parent=29688"}],"wp:term":[{"taxonomy":"product_cat","embeddable":true,"href":"https:\/\/jxgchocolate.com\/fr\/wp-json\/wp\/v2\/product_cat?post=29688"},{"taxonomy":"product_tag","embeddable":true,"href":"https:\/\/jxgchocolate.com\/fr\/wp-json\/wp\/v2\/product_tag?post=29688"}],"curies":[{"name":"wp","href":"https:\/\/api.w.org\/{rel}","templated":true}]}}