{"id":29719,"date":"2025-04-01T02:47:35","date_gmt":"2025-04-01T02:47:35","guid":{"rendered":"https:\/\/jxgchocolate.com\/?post_type=product&#038;p=29719"},"modified":"2025-04-01T02:47:37","modified_gmt":"2025-04-01T02:47:37","slug":"white-chocolate-covered-sunflower-seeds-bulk","status":"publish","type":"product","link":"https:\/\/jxgchocolate.com\/fr\/produit\/white-chocolate-covered-sunflower-seeds-bulk\/","title":{"rendered":"Graines de tournesol enrob\u00e9es de chocolat blanc super aigre en vrac avec diff\u00e9rents emballages"},"content":{"rendered":"<div class=\"wp-block-columns is-layout-flex wp-container-core-columns-is-layout-9d6595d7 wp-block-columns-is-layout-flex\">\n<div class=\"wp-block-column is-layout-flow wp-block-column-is-layout-flow\">\n<h2 class=\"wp-block-heading\">Graines de tournesol enrob\u00e9es de chocolat blanc de premi\u00e8re qualit\u00e9 en vrac Caract\u00e9ristiques :<\/h2>\n\n\n\n<p><strong>En bonne sant\u00e9 : <\/strong>Les acides gras monoinsatur\u00e9s et polyinsatur\u00e9s sains contenus dans ces graines de tournesol au chocolat en gros sont excellents pour un syst\u00e8me cardiovasculaire sain. Elles font partie des prot\u00e9ines v\u00e9g\u00e9tales de haute qualit\u00e9 et conviennent particuli\u00e8rement bien aux v\u00e9g\u00e9tariens ou comme source de prot\u00e9ines de remplacement. Elles contiennent des nutriments pr\u00e9cieux tels que la vitamine E, le magn\u00e9sium et le zinc, qui sont b\u00e9n\u00e9fiques pour la sant\u00e9 physique.<\/p>\n\n\n\n<p><strong>Convient \u00e0 diverses occasions : <\/strong>Le vrac de graines de tournesol enrob\u00e9es de chocolat blanc convient comme en-cas pour le temps libre, offrant un plaisir agr\u00e9able lors des pauses de travail ou des r\u00e9unions de famille. Accompagn\u00e9es d'une tasse de th\u00e9 ou de caf\u00e9 chaud, elles constituent un parfait th\u00e9 de l'apr\u00e8s-midi. Elles peuvent \u00e9galement \u00eatre utilis\u00e9es pour pr\u00e9parer des desserts plus cr\u00e9atifs, tels que des biscuits sandwichs, des d\u00e9corations de g\u00e2teaux, etc., afin d'augmenter le plaisir de cuisiner.<\/p>\n\n\n\n<p><strong>Une fa\u00e7on cr\u00e9ative de manger :<\/strong> Les graines de tournesol enrob\u00e9es de chocolat blanc acidul\u00e9 en vrac sont particuli\u00e8rement appr\u00e9ci\u00e9es lorsqu'elles sont consomm\u00e9es avec du th\u00e9 vert, du th\u00e9 oolong ou tout autre type de th\u00e9, ce qui permet d'en savourer davantage le go\u00fbt. Faites fondre le chocolat aux graines de tournesol et utilisez-le dans des p\u00e2tisseries telles que des biscuits, des g\u00e2teaux ou du pain pour ajouter de la saveur et du go\u00fbt. Vous pouvez \u00e9galement faire fondre et r\u00e9chauffer le chocolat aux graines de tournesol acides et l'utiliser comme sauce pour tremper des fruits, des fruits secs ou d'autres en-cas, avec une touche de douceur et de fra\u00eecheur.<\/p>\n\n\n\n<p><strong>Divers emballages : <\/strong>Ces graines de tournesol au chocolat sont vendues en vrac et r\u00e9pondent \u00e0 de multiples sp\u00e9cifications. Elles sont pr\u00eates pour la vente au d\u00e9tail, la vente en gros et la vente sur mesure.<\/p>\n<\/div>\n\n\n\n<div class=\"wp-block-column is-layout-flow wp-block-column-is-layout-flow\">\n<figure class=\"wp-block-image size-full\"><img fetchpriority=\"high\" decoding=\"async\" width=\"1500\" height=\"1500\" src=\"https:\/\/jxgchocolate.com\/wp-content\/uploads\/2025\/03\/super-sour-white-chocolate-covered-sunflower-seeds-bulk-with-different-packaging-5.webp\" alt=\"graines de tournesol enrob\u00e9es de chocolat blanc super-amer en vrac avec diff\u00e9rents emballages-5\" class=\"wp-image-29737\" srcset=\"https:\/\/jxgchocolate.com\/wp-content\/uploads\/2025\/03\/super-sour-white-chocolate-covered-sunflower-seeds-bulk-with-different-packaging-5.webp 1500w, https:\/\/jxgchocolate.com\/wp-content\/uploads\/2025\/03\/super-sour-white-chocolate-covered-sunflower-seeds-bulk-with-different-packaging-5-300x300.webp 300w, https:\/\/jxgchocolate.com\/wp-content\/uploads\/2025\/03\/super-sour-white-chocolate-covered-sunflower-seeds-bulk-with-different-packaging-5-150x150.webp 150w, https:\/\/jxgchocolate.com\/wp-content\/uploads\/2025\/03\/super-sour-white-chocolate-covered-sunflower-seeds-bulk-with-different-packaging-5-768x768.webp 768w, https:\/\/jxgchocolate.com\/wp-content\/uploads\/2025\/03\/super-sour-white-chocolate-covered-sunflower-seeds-bulk-with-different-packaging-5-12x12.webp 12w, https:\/\/jxgchocolate.com\/wp-content\/uploads\/2025\/03\/super-sour-white-chocolate-covered-sunflower-seeds-bulk-with-different-packaging-5-430x430.webp 430w, https:\/\/jxgchocolate.com\/wp-content\/uploads\/2025\/03\/super-sour-white-chocolate-covered-sunflower-seeds-bulk-with-different-packaging-5-700x700.webp 700w\" sizes=\"(max-width: 1500px) 100vw, 1500px\" \/><\/figure>\n<\/div>\n<\/div>\n\n\n\n<p><\/p>","protected":false},"excerpt":{"rendered":"<p>Bienvenue pour acheter en gros des graines de tournesol enrob\u00e9es de chocolat blanc super acidul\u00e9. Ces graines de tournesol en chocolat en gros sont un produit unique de confiserie acidul\u00e9e qui combine le croquant des graines de tournesol avec la douceur et l'onctuosit\u00e9 du chocolat tout en offrant une exp\u00e9rience gustative unique par l'ajout d'\u00e9l\u00e9ments acidul\u00e9s.<\/p>\n<table width=\"423\">\n<tbody>\n<tr>\n<td width=\"166\">Fabricant<\/td>\n<td width=\"257\">Le fruit de la chance<\/td>\n<\/tr>\n<tr>\n<td>MOD\u00c8LE NO.<\/td>\n<td>JXG53<\/td>\n<\/tr>\n<tr>\n<td>Type<\/td>\n<td>Graines de tournesol Chocolat<\/td>\n<\/tr>\n<tr>\n<td>Emballage<\/td>\n<td>Emballage de la bo\u00eete<\/td>\n<\/tr>\n<tr>\n<td>Sp\u00e9cifications<\/td>\n<td>238g<\/td>\n<\/tr>\n<tr>\n<td>Taille du carton<\/td>\n<td>49.5*29*32.5cm<\/td>\n<\/tr>\n<tr>\n<td>N.W \/SET<\/td>\n<td>238g*20 sacs<\/td>\n<\/tr>\n<tr>\n<td>Couleur<\/td>\n<td>En tant qu'image<\/td>\n<\/tr>\n<tr>\n<td>MOQ<\/td>\n<td>500 cartons<\/td>\n<\/tr>\n<tr>\n<td>Personnalisation<\/td>\n<td>Emballage\/LOGO<\/td>\n<\/tr>\n<\/tbody>\n<\/table>","protected":false},"featured_media":29735,"comment_status":"closed","ping_status":"closed","template":"","meta":[],"product_cat":[72],"product_tag":[],"class_list":{"0":"post-29719","1":"product","2":"type-product","3":"status-publish","4":"has-post-thumbnail","6":"product_cat-wholesale-chocolate-covered-sunflower-seeds","8":"first","9":"instock","10":"shipping-taxable","11":"product-type-simple"},"_links":{"self":[{"href":"https:\/\/jxgchocolate.com\/fr\/wp-json\/wp\/v2\/product\/29719","targetHints":{"allow":["GET"]}}],"collection":[{"href":"https:\/\/jxgchocolate.com\/fr\/wp-json\/wp\/v2\/product"}],"about":[{"href":"https:\/\/jxgchocolate.com\/fr\/wp-json\/wp\/v2\/types\/product"}],"replies":[{"embeddable":true,"href":"https:\/\/jxgchocolate.com\/fr\/wp-json\/wp\/v2\/comments?post=29719"}],"version-history":[{"count":0,"href":"https:\/\/jxgchocolate.com\/fr\/wp-json\/wp\/v2\/product\/29719\/revisions"}],"wp:featuredmedia":[{"embeddable":true,"href":"https:\/\/jxgchocolate.com\/fr\/wp-json\/wp\/v2\/media\/29735"}],"wp:attachment":[{"href":"https:\/\/jxgchocolate.com\/fr\/wp-json\/wp\/v2\/media?parent=29719"}],"wp:term":[{"taxonomy":"product_cat","embeddable":true,"href":"https:\/\/jxgchocolate.com\/fr\/wp-json\/wp\/v2\/product_cat?post=29719"},{"taxonomy":"product_tag","embeddable":true,"href":"https:\/\/jxgchocolate.com\/fr\/wp-json\/wp\/v2\/product_tag?post=29719"}],"curies":[{"name":"wp","href":"https:\/\/api.w.org\/{rel}","templated":true}]}}