{"id":29725,"date":"2025-04-01T03:30:50","date_gmt":"2025-04-01T03:30:50","guid":{"rendered":"https:\/\/jxgchocolate.com\/?post_type=product&#038;p=29725"},"modified":"2025-04-01T03:30:52","modified_gmt":"2025-04-01T03:30:52","slug":"bulk-buy-chocolate-balls","status":"publish","type":"product","link":"https:\/\/jxgchocolate.com\/fr\/produit\/bulk-buy-chocolate-balls\/","title":{"rendered":"Bulk Buy Chocolate Balls Popular Multiple Colors Chocolate Crunchy Balls Wholesale"},"content":{"rendered":"<div class=\"wp-block-columns is-layout-flex wp-container-core-columns-is-layout-9d6595d7 wp-block-columns-is-layout-flex\">\n<div class=\"wp-block-column is-layout-flow wp-block-column-is-layout-flow\">\n<h2 class=\"wp-block-heading\">Boules de chocolat Premium Bulk Buy Caract\u00e9ristiques :<\/h2>\n\n\n\n<p><strong>Go\u00fbt unique \u00e0 plusieurs niveaux :<\/strong> Les boules de chocolat achet\u00e9es en vrac permettent de ressentir \u00e0 chaque bouch\u00e9e la sensation de fondant soyeux du chocolat ext\u00e9rieur et le croustillant des biscuits int\u00e9rieurs, cr\u00e9ant ainsi une exp\u00e9rience gustative contrast\u00e9e mais harmonieuse. Du chocolat sucr\u00e9 aux biscuits croustillants, cette transition entre le sucr\u00e9 et le croustillant apporte aux consommateurs un niveau de go\u00fbt riche.<\/p>\n\n\n\n<p><strong>Un look color\u00e9 qui attire l'attention : <\/strong>Ces boules croustillantes de chocolat color\u00e9 en gros sont g\u00e9n\u00e9ralement disponibles dans une gamme de couleurs vives comme le rouge, le bleu, le vert, le jaune, etc. et attirent donc l'attention dans les rayons et surtout les enfants et les jeunes.<\/p>\n\n\n\n<p><strong>Emballage pratique : <\/strong>Les produits chocolat\u00e9s de couleur biscuit sont emball\u00e9s dans des petits sacs ind\u00e9pendants. Les boules de chocolat achet\u00e9es en vrac sont faciles \u00e0 transporter et \u00e0 partager. Elles conviennent donc parfaitement aux activit\u00e9s de plein air et aux voyages et peuvent \u00eatre d\u00e9gust\u00e9es \u00e0 tout moment.<\/p>\n\n\n\n<p><strong>Convient \u00e0 diverses occasions :<\/strong> Ces boules croustillantes au chocolat en gros conviennent comme en-cas pour le temps libre ; elles peuvent apporter un plaisir agr\u00e9able pendant les pauses au travail ou les r\u00e9unions de famille. Accompagn\u00e9es d'une tasse de th\u00e9 ou de caf\u00e9 chaud, elles constituent un parfait Dim sum pour le th\u00e9 de l'apr\u00e8s-midi. Elles peuvent \u00e9galement \u00eatre utilis\u00e9es pour pr\u00e9parer des desserts plus cr\u00e9atifs, tels que des biscuits sandwichs, des d\u00e9corations de g\u00e2teaux, etc., afin de rendre la p\u00e2tisserie plus amusante.<\/p>\n<\/div>\n\n\n\n<div class=\"wp-block-column is-layout-flow wp-block-column-is-layout-flow\">\n<figure class=\"wp-block-image size-full\"><img fetchpriority=\"high\" decoding=\"async\" width=\"750\" height=\"750\" src=\"https:\/\/jxgchocolate.com\/wp-content\/uploads\/2025\/03\/bulk-buy-chocolate-balls-popular-multiple-colors-chocolate-crunchy-balls-wholesale-5.webp\" alt=\"bulk-buy-chocolate-balls-popular-multiple-colors-chocolate-crunchy-balls-wholesale-5\" class=\"wp-image-29745\" srcset=\"https:\/\/jxgchocolate.com\/wp-content\/uploads\/2025\/03\/bulk-buy-chocolate-balls-popular-multiple-colors-chocolate-crunchy-balls-wholesale-5.webp 750w, https:\/\/jxgchocolate.com\/wp-content\/uploads\/2025\/03\/bulk-buy-chocolate-balls-popular-multiple-colors-chocolate-crunchy-balls-wholesale-5-300x300.webp 300w, https:\/\/jxgchocolate.com\/wp-content\/uploads\/2025\/03\/bulk-buy-chocolate-balls-popular-multiple-colors-chocolate-crunchy-balls-wholesale-5-150x150.webp 150w, https:\/\/jxgchocolate.com\/wp-content\/uploads\/2025\/03\/bulk-buy-chocolate-balls-popular-multiple-colors-chocolate-crunchy-balls-wholesale-5-12x12.webp 12w, https:\/\/jxgchocolate.com\/wp-content\/uploads\/2025\/03\/bulk-buy-chocolate-balls-popular-multiple-colors-chocolate-crunchy-balls-wholesale-5-430x430.webp 430w, https:\/\/jxgchocolate.com\/wp-content\/uploads\/2025\/03\/bulk-buy-chocolate-balls-popular-multiple-colors-chocolate-crunchy-balls-wholesale-5-700x700.webp 700w\" sizes=\"(max-width: 750px) 100vw, 750px\" \/><\/figure>\n<\/div>\n<\/div>\n\n\n\n<p><\/p>","protected":false},"excerpt":{"rendered":"<p>Bienvenue dans l'achat en gros de boules de chocolat. Ces boules de chocolat croustillantes en gros color\u00e9es sont un produit de confiserie innovant qui combine la texture douce et soyeuse du chocolat avec le go\u00fbt croustillant des biscuits et ajoute un attrait visuel gr\u00e2ce \u00e0 son design ext\u00e9rieur color\u00e9.<\/p>\n<table width=\"275\">\n<tbody>\n<tr>\n<td width=\"108\">Fabricant<\/td>\n<td width=\"167\">Jumeaux chanceux<\/td>\n<\/tr>\n<tr>\n<td>MOD\u00c8LE NO.<\/td>\n<td>JXG11<\/td>\n<\/tr>\n<tr>\n<td>Type<\/td>\n<td>Boules de chocolat croustillantes<\/td>\n<\/tr>\n<tr>\n<td>Emballage<\/td>\n<td>Emballage des sacs<\/td>\n<\/tr>\n<tr>\n<td>Sp\u00e9cifications<\/td>\n<td>280g*30 sacs<\/td>\n<\/tr>\n<tr>\n<td>Taille du carton<\/td>\n<td>53*33*39 cm<\/td>\n<\/tr>\n<tr>\n<td>N.W \/SET<\/td>\n<td>4g*70pcs*30bags<\/td>\n<\/tr>\n<tr>\n<td>Couleur<\/td>\n<td>Multicolore<\/td>\n<\/tr>\n<tr>\n<td>MOQ<\/td>\n<td>500 cartons<\/td>\n<\/tr>\n<tr>\n<td>Personnalisation<\/td>\n<td>Emballage\/LOGO<\/td>\n<\/tr>\n<\/tbody>\n<\/table>","protected":false},"featured_media":29744,"comment_status":"closed","ping_status":"closed","template":"","meta":[],"product_cat":[74],"product_tag":[],"class_list":{"0":"post-29725","1":"product","2":"type-product","3":"status-publish","4":"has-post-thumbnail","6":"product_cat-wholesale-crunchy-chocolate-balls","8":"first","9":"instock","10":"shipping-taxable","11":"product-type-simple"},"_links":{"self":[{"href":"https:\/\/jxgchocolate.com\/fr\/wp-json\/wp\/v2\/product\/29725","targetHints":{"allow":["GET"]}}],"collection":[{"href":"https:\/\/jxgchocolate.com\/fr\/wp-json\/wp\/v2\/product"}],"about":[{"href":"https:\/\/jxgchocolate.com\/fr\/wp-json\/wp\/v2\/types\/product"}],"replies":[{"embeddable":true,"href":"https:\/\/jxgchocolate.com\/fr\/wp-json\/wp\/v2\/comments?post=29725"}],"version-history":[{"count":6,"href":"https:\/\/jxgchocolate.com\/fr\/wp-json\/wp\/v2\/product\/29725\/revisions"}],"predecessor-version":[{"id":29747,"href":"https:\/\/jxgchocolate.com\/fr\/wp-json\/wp\/v2\/product\/29725\/revisions\/29747"}],"wp:featuredmedia":[{"embeddable":true,"href":"https:\/\/jxgchocolate.com\/fr\/wp-json\/wp\/v2\/media\/29744"}],"wp:attachment":[{"href":"https:\/\/jxgchocolate.com\/fr\/wp-json\/wp\/v2\/media?parent=29725"}],"wp:term":[{"taxonomy":"product_cat","embeddable":true,"href":"https:\/\/jxgchocolate.com\/fr\/wp-json\/wp\/v2\/product_cat?post=29725"},{"taxonomy":"product_tag","embeddable":true,"href":"https:\/\/jxgchocolate.com\/fr\/wp-json\/wp\/v2\/product_tag?post=29725"}],"curies":[{"name":"wp","href":"https:\/\/api.w.org\/{rel}","templated":true}]}}