{"id":29749,"date":"2025-04-07T07:14:49","date_gmt":"2025-04-07T07:14:49","guid":{"rendered":"https:\/\/jxgchocolate.com\/?post_type=product&#038;p=29749"},"modified":"2025-04-07T07:14:52","modified_gmt":"2025-04-07T07:14:52","slug":"maltesers-wholesale","status":"publish","type":"product","link":"https:\/\/jxgchocolate.com\/fr\/produit\/maltesers-wholesale\/","title":{"rendered":"Maltesers classiques en gros, Boules de chocolat en gros avec sandwich au biscuit"},"content":{"rendered":"<div class=\"wp-block-columns is-layout-flex wp-container-core-columns-is-layout-9d6595d7 wp-block-columns-is-layout-flex\">\n<div class=\"wp-block-column is-layout-flow wp-block-column-is-layout-flow\">\n<h2 class=\"wp-block-heading\">Maltesers Premium Wholesale Caract\u00e9ristiques :<\/h2>\n\n\n\n<p><strong>Une exp\u00e9rience gustative unique :<\/strong> Ces sandwichs aux biscuits et boules de chocolat en gros ont tendance \u00e0 avoir une couche de chocolat lisse \u00e0 l'ext\u00e9rieur et un centre de malt croustillant \u00e0 l'int\u00e9rieur, offrant une riche transition de go\u00fbt entre le lisse et le croustillant. Par rapport \u00e0 d'autres produits chocolat\u00e9s, la structure interne de Malibu est relativement l\u00e9g\u00e8re et peu grasse, ce qui facilite la t\u00e2che des amateurs de friandises sucr\u00e9es.<\/p>\n\n\n\n<p><strong>Classique et nostalgique : <\/strong>En tant que marque ayant une longue histoire, Mylikes est le symbole des souvenirs d'enfance de nombreuses personnes. Pour ceux qui esp\u00e8rent revivre de beaux souvenirs, il ne s'agit pas seulement d'un en-cas, mais aussi d'un attachement \u00e9motionnel. Nous pouvons personnaliser les emballages des Maltesers en gros avec un style r\u00e9tro pour \u00e9voquer davantage les \u00e9motions nostalgiques des consommateurs.<\/p>\n\n\n\n<p><strong>Emballage pratique :<\/strong> Les maltesers classiques en gros sont pr\u00e9sent\u00e9s dans de petits sachets ind\u00e9pendants, faciles \u00e0 transporter et \u00e0 partager, ce qui les rend tout \u00e0 fait adapt\u00e9s aux activit\u00e9s de plein air et aux voyages, \u00e0 savourer \u00e0 tout moment. Un emballage en bo\u00eete de grande capacit\u00e9 con\u00e7u pour les particuliers, qui est \u00e0 la fois rentable et permet d'acheter plusieurs saveurs \u00e0 la fois pour que toute la famille puisse les partager.<\/p>\n\n\n\n<p><strong>Convient aux ventes multi-sc\u00e9narios :<\/strong> Ces maltesers sont conditionn\u00e9s en gros sous marque ou en vrac et peuvent \u00eatre personnalis\u00e9s en fonction de la demande du march\u00e9. Ils conviennent aux d\u00e9taillants, aux supermarch\u00e9s, aux magasins de snacks occasionnels et aux coffrets cadeaux pour les f\u00eates de fin d'ann\u00e9e.<\/p>\n<\/div>\n\n\n\n<div class=\"wp-block-column is-layout-flow wp-block-column-is-layout-flow\">\n<figure class=\"wp-block-image size-full\"><img fetchpriority=\"high\" decoding=\"async\" width=\"750\" height=\"750\" src=\"https:\/\/jxgchocolate.com\/wp-content\/uploads\/2025\/04\/Classical-Mylikes-Chocolate-Beans-with-Biscuit-Sandwich-From-China-Supplier1.webp\" alt=\"classical-maltesers-wholesale-wholesale-boules au chocolat avec biscuit-sandwich-1\" class=\"wp-image-29753\" srcset=\"https:\/\/jxgchocolate.com\/wp-content\/uploads\/2025\/04\/Classical-Mylikes-Chocolate-Beans-with-Biscuit-Sandwich-From-China-Supplier1.webp 750w, https:\/\/jxgchocolate.com\/wp-content\/uploads\/2025\/04\/Classical-Mylikes-Chocolate-Beans-with-Biscuit-Sandwich-From-China-Supplier1-300x300.webp 300w, https:\/\/jxgchocolate.com\/wp-content\/uploads\/2025\/04\/Classical-Mylikes-Chocolate-Beans-with-Biscuit-Sandwich-From-China-Supplier1-150x150.webp 150w, https:\/\/jxgchocolate.com\/wp-content\/uploads\/2025\/04\/Classical-Mylikes-Chocolate-Beans-with-Biscuit-Sandwich-From-China-Supplier1-12x12.webp 12w, https:\/\/jxgchocolate.com\/wp-content\/uploads\/2025\/04\/Classical-Mylikes-Chocolate-Beans-with-Biscuit-Sandwich-From-China-Supplier1-430x430.webp 430w, https:\/\/jxgchocolate.com\/wp-content\/uploads\/2025\/04\/Classical-Mylikes-Chocolate-Beans-with-Biscuit-Sandwich-From-China-Supplier1-700x700.webp 700w\" sizes=\"(max-width: 750px) 100vw, 750px\" \/><\/figure>\n<\/div>\n<\/div>","protected":false},"excerpt":{"rendered":"<p>Bienvenue sur le site d'achat en gros de maltesers. Les boules de chocolat en gros de Mylikes avec des sandwichs aux biscuits occupent une place parmi de nombreux produits chocolat\u00e9s gr\u00e2ce \u00e0 leur go\u00fbt unique, \u00e0 leur image de marque classique et \u00e0 la diversit\u00e9 des choix gustatifs. Qu'il s'agisse d'un en-cas quotidien, d'un cadeau de vacances ou d'un souvenir d'une occasion sp\u00e9ciale, les boules de chocolat Malteser peuvent apporter un plaisir agr\u00e9able aux consommateurs.<\/p>\n<table style=\"border-collapse: collapse; width: 275.02pt;\" border=\"0\" width=\"275\" cellspacing=\"0\" cellpadding=\"0\">\n<tbody>\n<tr style=\"height: 17.60pt;\">\n<td class=\"et3\" style=\"height: 17.60pt; width: 108.35pt;\" width=\"108\" height=\"17\">Fabricant<\/td>\n<td class=\"et3\" style=\"width: 167.10pt;\" width=\"167\">Jumeaux chanceux<\/td>\n<\/tr>\n<tr style=\"height: 17.60pt;\">\n<td class=\"et3\" style=\"height: 17.60pt;\" height=\"17\">MOD\u00c8LE NO.<\/td>\n<td class=\"et3\">JXG14<\/td>\n<\/tr>\n<tr style=\"height: 17.60pt;\">\n<td class=\"et3\" style=\"height: 17.60pt;\" height=\"17\">Type<\/td>\n<td class=\"et3\">Boules de chocolat croustillantes<\/td>\n<\/tr>\n<tr style=\"height: 17.60pt;\">\n<td class=\"et3\" style=\"height: 17.60pt;\" height=\"17\">Emballage<\/td>\n<td class=\"et3\">Emballage en bo\u00eete<\/td>\n<\/tr>\n<tr style=\"height: 17.60pt;\">\n<td class=\"et3\" style=\"height: 17.60pt;\" height=\"17\">Sp\u00e9cifications<\/td>\n<td class=\"et3\">30 sacs*20 bo\u00eetes<\/td>\n<\/tr>\n<tr style=\"height: 17.60pt;\">\n<td class=\"et3\" style=\"height: 17.60pt;\" height=\"17\">Taille du carton<\/td>\n<td class=\"et3\">49*40.5*40.5 cm<\/td>\n<\/tr>\n<tr style=\"height: 17.60pt;\">\n<td class=\"et3\" style=\"height: 17.60pt;\" height=\"17\">N.W \/SET<\/td>\n<td class=\"et3\">12g*30bags*20boxes<\/td>\n<\/tr>\n<tr style=\"height: 17.60pt;\">\n<td class=\"et3\" style=\"height: 17.60pt;\" height=\"17\">Couleur<\/td>\n<td class=\"et3\">Sombre<\/td>\n<\/tr>\n<tr style=\"height: 17.60pt;\">\n<td class=\"et3\" style=\"height: 17.60pt;\" height=\"17\">MOQ<\/td>\n<td class=\"et3\">500 cartons<\/td>\n<\/tr>\n<tr style=\"height: 17.60pt;\">\n<td class=\"et3\" style=\"height: 17.60pt;\" height=\"17\">Personnalisation<\/td>\n<td class=\"et3\">Emballage\/LOGO<\/td>\n<\/tr>\n<\/tbody>\n<\/table>","protected":false},"featured_media":29752,"comment_status":"closed","ping_status":"closed","template":"","meta":[],"product_cat":[74],"product_tag":[],"class_list":{"0":"post-29749","1":"product","2":"type-product","3":"status-publish","4":"has-post-thumbnail","6":"product_cat-wholesale-crunchy-chocolate-balls","8":"first","9":"instock","10":"shipping-taxable","11":"product-type-simple"},"_links":{"self":[{"href":"https:\/\/jxgchocolate.com\/fr\/wp-json\/wp\/v2\/product\/29749","targetHints":{"allow":["GET"]}}],"collection":[{"href":"https:\/\/jxgchocolate.com\/fr\/wp-json\/wp\/v2\/product"}],"about":[{"href":"https:\/\/jxgchocolate.com\/fr\/wp-json\/wp\/v2\/types\/product"}],"replies":[{"embeddable":true,"href":"https:\/\/jxgchocolate.com\/fr\/wp-json\/wp\/v2\/comments?post=29749"}],"version-history":[{"count":0,"href":"https:\/\/jxgchocolate.com\/fr\/wp-json\/wp\/v2\/product\/29749\/revisions"}],"wp:featuredmedia":[{"embeddable":true,"href":"https:\/\/jxgchocolate.com\/fr\/wp-json\/wp\/v2\/media\/29752"}],"wp:attachment":[{"href":"https:\/\/jxgchocolate.com\/fr\/wp-json\/wp\/v2\/media?parent=29749"}],"wp:term":[{"taxonomy":"product_cat","embeddable":true,"href":"https:\/\/jxgchocolate.com\/fr\/wp-json\/wp\/v2\/product_cat?post=29749"},{"taxonomy":"product_tag","embeddable":true,"href":"https:\/\/jxgchocolate.com\/fr\/wp-json\/wp\/v2\/product_tag?post=29749"}],"curies":[{"name":"wp","href":"https:\/\/api.w.org\/{rel}","templated":true}]}}