{"id":29759,"date":"2025-04-07T07:49:41","date_gmt":"2025-04-07T07:49:41","guid":{"rendered":"https:\/\/jxgchocolate.com\/?post_type=product&#038;p=29759"},"modified":"2025-04-07T07:49:43","modified_gmt":"2025-04-07T07:49:43","slug":"wholesale-chocolate-balls","status":"publish","type":"product","link":"https:\/\/jxgchocolate.com\/fr\/produit\/wholesale-chocolate-balls\/","title":{"rendered":"Grossiste Biscuits enrob\u00e9s de boules de chocolat, Halal Bonbons de chocolat color\u00e9s croustillants en vrac"},"content":{"rendered":"<div class=\"wp-block-columns is-layout-flex wp-container-core-columns-is-layout-9d6595d7 wp-block-columns-is-layout-flex\">\n<div class=\"wp-block-column is-layout-flow wp-block-column-is-layout-flow\">\n<h2 class=\"wp-block-heading\">Boules de chocolat en gros de premi\u00e8re qualit\u00e9 Caract\u00e9ristiques :<\/h2>\n\n\n\n<p><strong>Aspect color\u00e9 color\u00e9 : <\/strong>Les biscuits enrob\u00e9s de boules de chocolat vendus en gros se pr\u00e9sentent g\u00e9n\u00e9ralement dans une vari\u00e9t\u00e9 de couleurs vives, telles que le rouge, le bleu, le vert et le jaune, ce qui leur permet de se distinguer dans les rayons et de plaire particuli\u00e8rement aux enfants et aux jeunes. Des emballages saisonniers ou \u00e0 th\u00e8me peuvent \u00eatre lanc\u00e9s en fonction des diff\u00e9rentes f\u00eates ou saisons, comme le rouge et le rose pour la Saint-Valentin, le vert et le rouge pour No\u00ebl, l'orange et le noir pour Halloween, etc.<\/p>\n\n\n\n<p><strong>Emballage fonctionnel : <\/strong>La plupart des biscuits chocolat\u00e9s en vrac sont color\u00e9s et pr\u00e9sent\u00e9s dans de petits paquets individuels. Ils sont donc faciles \u00e0 transporter et \u00e0 partager et conviennent donc parfaitement aux activit\u00e9s de plein air et aux voyages, o\u00f9 ils peuvent \u00eatre consomm\u00e9s \u00e0 tout moment. Le conditionnement en bo\u00eete de grande capacit\u00e9 lanc\u00e9 pour les utilisateurs familiaux est \u00e0 la fois rentable et permet d'acheter plusieurs saveurs \u00e0 la fois pour que toute la famille puisse les partager.<\/p>\n\n\n\n<p><strong>Go\u00fbt unique \u00e0 plusieurs niveaux :<\/strong> Avec les biscuits enrob\u00e9s de boules de chocolat en gros, chaque bouch\u00e9e permet de ressentir la sensation de fondant soyeux du chocolat ext\u00e9rieur et le croustillant des biscuits int\u00e9rieurs, cr\u00e9ant ainsi une exp\u00e9rience gustative contrast\u00e9e mais harmonieuse. Cette transition entre le chocolat sucr\u00e9 et les biscuits croustillants apporte aux consommateurs un niveau de go\u00fbt riche.<\/p>\n\n\n\n<p><strong>Certification halal : <\/strong>Nos bonbons au chocolat en vrac r\u00e9pondent aux normes alimentaires musulmanes et conviennent aux ventes sur le march\u00e9 mondial. Nous prenons en charge la personnalisation en gros, ce qui convient aux marques de snacks, aux supermarch\u00e9s, aux fournitures de f\u00eate et \u00e0 d'autres sc\u00e9narios de type \"Bside\".<\/p>\n<\/div>\n\n\n\n<div class=\"wp-block-column is-layout-flow wp-block-column-is-layout-flow\">\n<figure class=\"wp-block-image size-full\"><img fetchpriority=\"high\" decoding=\"async\" width=\"750\" height=\"750\" src=\"https:\/\/jxgchocolate.com\/wp-content\/uploads\/2025\/04\/Bulk-Colored-Candy-Chocolate-Covered-Biscuits-Beans-Halal-Crispy-Candy5.jpg\" alt=\"grossiste-biscuits enrob\u00e9s de boules de chocolat-halal-chocolat-bandy-bulk-1\" class=\"wp-image-29764\" srcset=\"https:\/\/jxgchocolate.com\/wp-content\/uploads\/2025\/04\/Bulk-Colored-Candy-Chocolate-Covered-Biscuits-Beans-Halal-Crispy-Candy5.jpg 750w, https:\/\/jxgchocolate.com\/wp-content\/uploads\/2025\/04\/Bulk-Colored-Candy-Chocolate-Covered-Biscuits-Beans-Halal-Crispy-Candy5-300x300.jpg 300w, https:\/\/jxgchocolate.com\/wp-content\/uploads\/2025\/04\/Bulk-Colored-Candy-Chocolate-Covered-Biscuits-Beans-Halal-Crispy-Candy5-150x150.jpg 150w, https:\/\/jxgchocolate.com\/wp-content\/uploads\/2025\/04\/Bulk-Colored-Candy-Chocolate-Covered-Biscuits-Beans-Halal-Crispy-Candy5-12x12.jpg 12w, https:\/\/jxgchocolate.com\/wp-content\/uploads\/2025\/04\/Bulk-Colored-Candy-Chocolate-Covered-Biscuits-Beans-Halal-Crispy-Candy5-430x430.jpg 430w, https:\/\/jxgchocolate.com\/wp-content\/uploads\/2025\/04\/Bulk-Colored-Candy-Chocolate-Covered-Biscuits-Beans-Halal-Crispy-Candy5-700x700.jpg 700w\" sizes=\"(max-width: 750px) 100vw, 750px\" \/><\/figure>\n<\/div>\n<\/div>\n\n\n\n<p><\/p>","protected":false},"excerpt":{"rendered":"<p>Bienvenue sur notre site de vente en gros de biscuits enrob\u00e9s de boules de chocolat. Nos bonbons de chocolat color\u00e9s en vrac sont des bonbons particuliers qui combinent la douceur et l'onctuosit\u00e9 du chocolat, le croquant des biscuits et de multiples couleurs. Sa couleur unique, son go\u00fbt doux et sa large applicabilit\u00e9 en font une option id\u00e9ale pour les consommateurs qui recherchent une vie de qualit\u00e9. Qu'il s'agisse d'un en-cas quotidien, d'un ingr\u00e9dient de p\u00e2tisserie ou d'un beau cadeau, les biscuits color\u00e9s au chocolat apportent un plaisir unique aux consommateurs.<\/p>\n<table style=\"border-collapse: collapse; width: 275.02pt;\" border=\"0\" width=\"275\" cellspacing=\"0\" cellpadding=\"0\">\n<tbody>\n<tr style=\"height: 17.60pt;\">\n<td class=\"et3\" style=\"height: 17.60pt; width: 108.35pt;\" width=\"108\" height=\"17\">Fabricant<\/td>\n<td class=\"et3\" style=\"width: 167.10pt;\" width=\"167\">Jumeaux chanceux<\/td>\n<\/tr>\n<tr style=\"height: 17.60pt;\">\n<td class=\"et3\" style=\"height: 17.60pt;\" height=\"17\">MOD\u00c8LE NO.<\/td>\n<td class=\"et3\">JXG12<\/td>\n<\/tr>\n<tr style=\"height: 17.60pt;\">\n<td class=\"et3\" style=\"height: 17.60pt;\" height=\"17\">Type<\/td>\n<td class=\"et3\">Boules de chocolat croustillantes<\/td>\n<\/tr>\n<tr style=\"height: 17.60pt;\">\n<td class=\"et3\" style=\"height: 17.60pt;\" height=\"17\">Emballage<\/td>\n<td class=\"et3\">Emballage en bo\u00eete<\/td>\n<\/tr>\n<tr style=\"height: 17.60pt;\">\n<td class=\"et3\" style=\"height: 17.60pt;\" height=\"17\">Sp\u00e9cifications<\/td>\n<td class=\"et3\">30 sacs*20 bo\u00eetes<\/td>\n<\/tr>\n<tr style=\"height: 17.60pt;\">\n<td class=\"et3\" style=\"height: 17.60pt;\" height=\"17\">Taille du carton<\/td>\n<td class=\"et3\">49*40.5*40.5 cm<\/td>\n<\/tr>\n<tr style=\"height: 17.60pt;\">\n<td class=\"et3\" style=\"height: 17.60pt;\" height=\"17\">N.W \/SET<\/td>\n<td class=\"et3\">12g*30bags*20boxes<\/td>\n<\/tr>\n<tr style=\"height: 17.60pt;\">\n<td class=\"et3\" style=\"height: 17.60pt;\" height=\"17\">Couleur<\/td>\n<td class=\"et3\">Multicolore<\/td>\n<\/tr>\n<tr style=\"height: 17.60pt;\">\n<td class=\"et3\" style=\"height: 17.60pt;\" height=\"17\">MOQ<\/td>\n<td class=\"et3\">500 cartons<\/td>\n<\/tr>\n<tr style=\"height: 17.60pt;\">\n<td class=\"et3\" style=\"height: 17.60pt;\" height=\"17\">Personnalisation<\/td>\n<td class=\"et3\">Emballage\/LOGO<\/td>\n<\/tr>\n<\/tbody>\n<\/table>","protected":false},"featured_media":29760,"comment_status":"closed","ping_status":"closed","template":"","meta":[],"product_cat":[74],"product_tag":[],"class_list":{"0":"post-29759","1":"product","2":"type-product","3":"status-publish","4":"has-post-thumbnail","6":"product_cat-wholesale-crunchy-chocolate-balls","8":"first","9":"instock","10":"shipping-taxable","11":"product-type-simple"},"_links":{"self":[{"href":"https:\/\/jxgchocolate.com\/fr\/wp-json\/wp\/v2\/product\/29759","targetHints":{"allow":["GET"]}}],"collection":[{"href":"https:\/\/jxgchocolate.com\/fr\/wp-json\/wp\/v2\/product"}],"about":[{"href":"https:\/\/jxgchocolate.com\/fr\/wp-json\/wp\/v2\/types\/product"}],"replies":[{"embeddable":true,"href":"https:\/\/jxgchocolate.com\/fr\/wp-json\/wp\/v2\/comments?post=29759"}],"version-history":[{"count":0,"href":"https:\/\/jxgchocolate.com\/fr\/wp-json\/wp\/v2\/product\/29759\/revisions"}],"wp:featuredmedia":[{"embeddable":true,"href":"https:\/\/jxgchocolate.com\/fr\/wp-json\/wp\/v2\/media\/29760"}],"wp:attachment":[{"href":"https:\/\/jxgchocolate.com\/fr\/wp-json\/wp\/v2\/media?parent=29759"}],"wp:term":[{"taxonomy":"product_cat","embeddable":true,"href":"https:\/\/jxgchocolate.com\/fr\/wp-json\/wp\/v2\/product_cat?post=29759"},{"taxonomy":"product_tag","embeddable":true,"href":"https:\/\/jxgchocolate.com\/fr\/wp-json\/wp\/v2\/product_tag?post=29759"}],"curies":[{"name":"wp","href":"https:\/\/api.w.org\/{rel}","templated":true}]}}