{"id":29777,"date":"2025-04-16T08:46:02","date_gmt":"2025-04-16T08:46:02","guid":{"rendered":"https:\/\/jxgchocolate.com\/?post_type=product&#038;p=29777"},"modified":"2025-04-16T08:46:04","modified_gmt":"2025-04-16T08:46:04","slug":"chocolate-beans-wholesale","status":"publish","type":"product","link":"https:\/\/jxgchocolate.com\/fr\/produit\/chocolate-beans-wholesale\/","title":{"rendered":"Biscuits croustillants enrob\u00e9s de chocolat en gros, boules de chocolat croustillantes en vrac"},"content":{"rendered":"<div class=\"wp-block-columns is-layout-flex wp-container-core-columns-is-layout-9d6595d7 wp-block-columns-is-layout-flex\">\n<div class=\"wp-block-column is-layout-flow wp-block-column-is-layout-flow\">\n<h2 class=\"wp-block-heading\">Premium Biscuit Chocolate Beans Wholesale Caract\u00e9ristiques :<\/h2>\n\n\n\n<p><strong>Convient \u00e0 diverses occasions : <\/strong>Ces biscuits multicolores en forme de f\u00e8ves au chocolat conviennent comme en-cas pour le temps libre. Ils peuvent apporter un plaisir agr\u00e9able pendant les pauses au travail ou les r\u00e9unions de famille. Accompagn\u00e9s d'un th\u00e9 ou d'un caf\u00e9 fumant, ils constituent le Dim sum id\u00e9al pour le th\u00e9 de l'apr\u00e8s-midi. Ils peuvent m\u00eame \u00eatre utilis\u00e9s pour pr\u00e9parer des desserts plus cr\u00e9atifs, par exemple des d\u00e9corations de g\u00e2teaux, des biscuits en sandwich, etc. pour maximiser le plaisir de la p\u00e2tisserie.<\/p>\n\n\n\n<p><strong>Base de consommateurs cible :<\/strong> Les boules de chocolat croquant aux couleurs vives en vrac ont des formes amusantes et des couleurs \u00e9clatantes. Elles sont tr\u00e8s attrayantes pour les enfants et les adolescents et constituent l'un de leurs en-cas pr\u00e9f\u00e9r\u00e9s. Elles peuvent \u00eatre offertes \u00e0 des amis, \u00e0 des membres de la famille ou \u00e0 des partenaires, en particulier comme cadeaux de vacances ou comme souvenirs pour des occasions sp\u00e9ciales.<\/p>\n\n\n\n<p><strong>Go\u00fbt unique \u00e0 plusieurs niveaux :<\/strong> Avec ces biscuits chocolat\u00e9s multicolores en gros, chaque bouch\u00e9e peut ressentir la sensation de fondant soyeux du chocolat ext\u00e9rieur et le croustillant des biscuits int\u00e9rieurs, cr\u00e9ant ainsi une exp\u00e9rience gustative contrast\u00e9e mais harmonieuse. Du chocolat sucr\u00e9 aux biscuits croustillants et m\u00eame aux \u00e9ventuelles sauces sandwiches (le cas \u00e9ch\u00e9ant), cette transition du sucr\u00e9 au croustillant offre aux consommateurs une riche palette de niveaux de go\u00fbt.<\/p>\n<\/div>\n\n\n\n<div class=\"wp-block-column is-layout-flow wp-block-column-is-layout-flow\">\n<figure class=\"wp-block-image size-full\"><img fetchpriority=\"high\" decoding=\"async\" width=\"750\" height=\"750\" src=\"https:\/\/jxgchocolate.com\/wp-content\/uploads\/2025\/04\/Crispy-and-Smooth-Muti-colors-Biscuit-chocolate-beans-China-Wholesales-in-Bulk1.webp\" alt=\"haricots au chocolat - boules de chocolat croustillantes en vrac-1\" class=\"wp-image-29779\" srcset=\"https:\/\/jxgchocolate.com\/wp-content\/uploads\/2025\/04\/Crispy-and-Smooth-Muti-colors-Biscuit-chocolate-beans-China-Wholesales-in-Bulk1.webp 750w, https:\/\/jxgchocolate.com\/wp-content\/uploads\/2025\/04\/Crispy-and-Smooth-Muti-colors-Biscuit-chocolate-beans-China-Wholesales-in-Bulk1-300x300.webp 300w, https:\/\/jxgchocolate.com\/wp-content\/uploads\/2025\/04\/Crispy-and-Smooth-Muti-colors-Biscuit-chocolate-beans-China-Wholesales-in-Bulk1-150x150.webp 150w, https:\/\/jxgchocolate.com\/wp-content\/uploads\/2025\/04\/Crispy-and-Smooth-Muti-colors-Biscuit-chocolate-beans-China-Wholesales-in-Bulk1-12x12.webp 12w, https:\/\/jxgchocolate.com\/wp-content\/uploads\/2025\/04\/Crispy-and-Smooth-Muti-colors-Biscuit-chocolate-beans-China-Wholesales-in-Bulk1-430x430.webp 430w, https:\/\/jxgchocolate.com\/wp-content\/uploads\/2025\/04\/Crispy-and-Smooth-Muti-colors-Biscuit-chocolate-beans-China-Wholesales-in-Bulk1-700x700.webp 700w\" sizes=\"(max-width: 750px) 100vw, 750px\" \/><\/figure>\n<\/div>\n<\/div>\n\n\n\n<p><\/p>","protected":false},"excerpt":{"rendered":"<p>Bienvenue sur le site d'achat en gros de biscuits chocolat\u00e9s multicolores. Les boules de chocolat croustillantes en vrac sont des bonbons uniques qui combinent la texture douce et soyeuse du chocolat, le go\u00fbt croustillant des biscuits et l'aspect color\u00e9. Qu'il s'agisse d'un en-cas quotidien, d'un ingr\u00e9dient de p\u00e2tisserie ou d'un beau cadeau, les f\u00e8ves de chocolat color\u00e9es en forme de biscuit apportent un plaisir unique aux consommateurs.<\/p>\n<table width=\"423\">\n<tbody>\n<tr>\n<td width=\"166\">Fabricant<\/td>\n<td width=\"257\">Le fruit de la chance<\/td>\n<\/tr>\n<tr>\n<td>MOD\u00c8LE NO.<\/td>\n<td>JXG58<\/td>\n<\/tr>\n<tr>\n<td>Type<\/td>\n<td>Biscuit au chocolat<\/td>\n<\/tr>\n<tr>\n<td>Emballage<\/td>\n<td>Emballage des sacs<\/td>\n<\/tr>\n<tr>\n<td>Sp\u00e9cifications<\/td>\n<td>16g*20Pcs<\/td>\n<\/tr>\n<tr>\n<td>Taille du carton<\/td>\n<td>58*38*30<span style=\"font-family: inherit; font-size: inherit;\">cm<\/span><\/td>\n<\/tr>\n<tr>\n<td>N.W \/SET<\/td>\n<td>20Pcs*20Sacs<\/td>\n<\/tr>\n<tr>\n<td>Couleur<\/td>\n<td>En tant qu'image<\/td>\n<\/tr>\n<tr>\n<td>MOQ<\/td>\n<td>500 cartons<\/td>\n<\/tr>\n<tr>\n<td>Personnalisation<\/td>\n<td>Emballage\/LOGO<\/td>\n<\/tr>\n<\/tbody>\n<\/table>","protected":false},"featured_media":29779,"comment_status":"closed","ping_status":"closed","template":"","meta":[],"product_cat":[74],"product_tag":[],"class_list":{"0":"post-29777","1":"product","2":"type-product","3":"status-publish","4":"has-post-thumbnail","6":"product_cat-wholesale-crunchy-chocolate-balls","8":"first","9":"instock","10":"shipping-taxable","11":"product-type-simple"},"_links":{"self":[{"href":"https:\/\/jxgchocolate.com\/fr\/wp-json\/wp\/v2\/product\/29777","targetHints":{"allow":["GET"]}}],"collection":[{"href":"https:\/\/jxgchocolate.com\/fr\/wp-json\/wp\/v2\/product"}],"about":[{"href":"https:\/\/jxgchocolate.com\/fr\/wp-json\/wp\/v2\/types\/product"}],"replies":[{"embeddable":true,"href":"https:\/\/jxgchocolate.com\/fr\/wp-json\/wp\/v2\/comments?post=29777"}],"version-history":[{"count":0,"href":"https:\/\/jxgchocolate.com\/fr\/wp-json\/wp\/v2\/product\/29777\/revisions"}],"wp:featuredmedia":[{"embeddable":true,"href":"https:\/\/jxgchocolate.com\/fr\/wp-json\/wp\/v2\/media\/29779"}],"wp:attachment":[{"href":"https:\/\/jxgchocolate.com\/fr\/wp-json\/wp\/v2\/media?parent=29777"}],"wp:term":[{"taxonomy":"product_cat","embeddable":true,"href":"https:\/\/jxgchocolate.com\/fr\/wp-json\/wp\/v2\/product_cat?post=29777"},{"taxonomy":"product_tag","embeddable":true,"href":"https:\/\/jxgchocolate.com\/fr\/wp-json\/wp\/v2\/product_tag?post=29777"}],"curies":[{"name":"wp","href":"https:\/\/api.w.org\/{rel}","templated":true}]}}