{"id":29789,"date":"2025-04-16T09:35:40","date_gmt":"2025-04-16T09:35:40","guid":{"rendered":"https:\/\/jxgchocolate.com\/?post_type=product&#038;p=29789"},"modified":"2025-04-16T09:35:42","modified_gmt":"2025-04-16T09:35:42","slug":"bulk-chocolate-beans","status":"publish","type":"product","link":"https:\/\/jxgchocolate.com\/fr\/produit\/bulk-chocolate-beans\/","title":{"rendered":"Nouvelles f\u00e8ves de chocolat en vrac, boules de chocolat croustillantes fournies par l'usine"},"content":{"rendered":"<div class=\"wp-block-columns is-layout-flex wp-container-core-columns-is-layout-9d6595d7 wp-block-columns-is-layout-flex\">\n<div class=\"wp-block-column is-layout-flow wp-block-column-is-layout-flow\">\n<h2 class=\"wp-block-heading\">F\u00e8ves de chocolat en vrac de premi\u00e8re qualit\u00e9 Caract\u00e9ristiques :<\/h2>\n\n\n\n<p><strong>Go\u00fbt riche et vari\u00e9 :<\/strong> Avec ces f\u00e8ves de chocolat en vrac, chaque bouch\u00e9e peut ressentir le fondant d\u00e9licat du chocolat ext\u00e9rieur et le croustillant des biscuits int\u00e9rieurs, formant un go\u00fbt unique qui contraste fortement tout en coexistant harmonieusement. Du chocolat sucr\u00e9 aux biscuits croustillants, cette transition du sucr\u00e9 au plus sucr\u00e9 apporte aux consommateurs un niveau de go\u00fbt riche.<\/p>\n\n\n\n<p><strong>Convient \u00e0 diverses occasions :<\/strong> Notre usine fournit des boules croustillantes au chocolat qui conviennent comme en-cas pour le temps libre ; elles peuvent apporter un plaisir agr\u00e9able pendant les pauses au travail ou les r\u00e9unions de famille. Accompagn\u00e9es d'une tasse de th\u00e9 ou de caf\u00e9 chaud, elles constituent un parfait th\u00e9 de l'apr\u00e8s-midi. Elles peuvent \u00e9galement \u00eatre utilis\u00e9es pour pr\u00e9parer des desserts plus cr\u00e9atifs, tels que des biscuits sandwichs, des garnitures de g\u00e2teaux, etc., afin de rendre la p\u00e2tisserie encore plus amusante.<\/p>\n\n\n\n<p><strong>Emballage pratique : <\/strong>Le produit de f\u00e8ves de chocolat en vrac se pr\u00e9sente sous la forme d'un petit sac individuel, pratique \u00e0 transporter et facile \u00e0 partager. Il convient donc parfaitement aux activit\u00e9s de plein air et aux voyages, et peut \u00eatre utilis\u00e9 \u00e0 tout moment. Il existe \u00e9galement des emballages de grande capacit\u00e9 pour les particuliers, qui sont \u00e9conomiques et peuvent \u00eatre achet\u00e9s en grandes quantit\u00e9s pour toute la famille.<\/p>\n<\/div>\n\n\n\n<div class=\"wp-block-column is-layout-flow wp-block-column-is-layout-flow\">\n<figure class=\"wp-block-image size-full\"><img fetchpriority=\"high\" decoding=\"async\" width=\"2000\" height=\"2000\" src=\"https:\/\/jxgchocolate.com\/wp-content\/uploads\/2025\/04\/bulk-chocolate-beans-factory-supply-chocolate-crisp-balls-3.webp\" alt=\"bulk-chocolate-beans-factory-supply-chocolate-crisp-balls-1\" class=\"wp-image-29806\" srcset=\"https:\/\/jxgchocolate.com\/wp-content\/uploads\/2025\/04\/bulk-chocolate-beans-factory-supply-chocolate-crisp-balls-3.webp 2000w, https:\/\/jxgchocolate.com\/wp-content\/uploads\/2025\/04\/bulk-chocolate-beans-factory-supply-chocolate-crisp-balls-3-300x300.webp 300w, https:\/\/jxgchocolate.com\/wp-content\/uploads\/2025\/04\/bulk-chocolate-beans-factory-supply-chocolate-crisp-balls-3-150x150.webp 150w, https:\/\/jxgchocolate.com\/wp-content\/uploads\/2025\/04\/bulk-chocolate-beans-factory-supply-chocolate-crisp-balls-3-768x768.webp 768w, https:\/\/jxgchocolate.com\/wp-content\/uploads\/2025\/04\/bulk-chocolate-beans-factory-supply-chocolate-crisp-balls-3-12x12.webp 12w, https:\/\/jxgchocolate.com\/wp-content\/uploads\/2025\/04\/bulk-chocolate-beans-factory-supply-chocolate-crisp-balls-3-430x430.webp 430w, https:\/\/jxgchocolate.com\/wp-content\/uploads\/2025\/04\/bulk-chocolate-beans-factory-supply-chocolate-crisp-balls-3-700x700.webp 700w\" sizes=\"(max-width: 2000px) 100vw, 2000px\" \/><\/figure>\n<\/div>\n<\/div>","protected":false},"excerpt":{"rendered":"<p>Nous vous invitons \u00e0 acheter des f\u00e8ves de chocolat en vrac. Notre usine fournit des boules de chocolat croustillantes non seulement pour offrir une nouvelle exp\u00e9rience gustative, mais aussi pour v\u00e9hiculer des valeurs culturelles uniques. Qu'il s'agisse d'un en-cas quotidien, d'un ingr\u00e9dient de p\u00e2tisserie ou d'un beau cadeau, les boules de chocolat \u00e0 base de biscuits apportent un plaisir unique aux consommateurs.<\/p>\n<table width=\"423\">\n<tbody>\n<tr>\n<td width=\"166\">Fabricant<\/td>\n<td width=\"257\">Le fruit de la chance<\/td>\n<\/tr>\n<tr>\n<td>MOD\u00c8LE NO.<\/td>\n<td>JXG56<\/td>\n<\/tr>\n<tr>\n<td>Type<\/td>\n<td>Biscuit au chocolat<\/td>\n<\/tr>\n<tr>\n<td>Emballage<\/td>\n<td>Emballage de la bo\u00eete<\/td>\n<\/tr>\n<tr>\n<td>Sp\u00e9cifications<\/td>\n<td>20 sacs*12 bo\u00eetes<\/td>\n<\/tr>\n<tr>\n<td>Taille du carton<\/td>\n<td>58*35.5*37.5cm<\/td>\n<\/tr>\n<tr>\n<td>N.W \/SET<\/td>\n<td>23g*20 sacs<\/td>\n<\/tr>\n<tr>\n<td>Couleur<\/td>\n<td>En tant qu'image<\/td>\n<\/tr>\n<tr>\n<td>MOQ<\/td>\n<td>500 cartons<\/td>\n<\/tr>\n<tr>\n<td>Personnalisation<\/td>\n<td>Emballage\/LOGO<\/td>\n<\/tr>\n<\/tbody>\n<\/table>","protected":false},"featured_media":29806,"comment_status":"closed","ping_status":"closed","template":"","meta":[],"product_cat":[74],"product_tag":[],"class_list":{"0":"post-29789","1":"product","2":"type-product","3":"status-publish","4":"has-post-thumbnail","6":"product_cat-wholesale-crunchy-chocolate-balls","8":"first","9":"instock","10":"shipping-taxable","11":"product-type-simple"},"_links":{"self":[{"href":"https:\/\/jxgchocolate.com\/fr\/wp-json\/wp\/v2\/product\/29789","targetHints":{"allow":["GET"]}}],"collection":[{"href":"https:\/\/jxgchocolate.com\/fr\/wp-json\/wp\/v2\/product"}],"about":[{"href":"https:\/\/jxgchocolate.com\/fr\/wp-json\/wp\/v2\/types\/product"}],"replies":[{"embeddable":true,"href":"https:\/\/jxgchocolate.com\/fr\/wp-json\/wp\/v2\/comments?post=29789"}],"version-history":[{"count":0,"href":"https:\/\/jxgchocolate.com\/fr\/wp-json\/wp\/v2\/product\/29789\/revisions"}],"wp:featuredmedia":[{"embeddable":true,"href":"https:\/\/jxgchocolate.com\/fr\/wp-json\/wp\/v2\/media\/29806"}],"wp:attachment":[{"href":"https:\/\/jxgchocolate.com\/fr\/wp-json\/wp\/v2\/media?parent=29789"}],"wp:term":[{"taxonomy":"product_cat","embeddable":true,"href":"https:\/\/jxgchocolate.com\/fr\/wp-json\/wp\/v2\/product_cat?post=29789"},{"taxonomy":"product_tag","embeddable":true,"href":"https:\/\/jxgchocolate.com\/fr\/wp-json\/wp\/v2\/product_tag?post=29789"}],"curies":[{"name":"wp","href":"https:\/\/api.w.org\/{rel}","templated":true}]}}