{"id":29799,"date":"2025-04-22T02:57:40","date_gmt":"2025-04-22T02:57:40","guid":{"rendered":"https:\/\/jxgchocolate.com\/?post_type=product&#038;p=29799"},"modified":"2025-04-22T02:57:42","modified_gmt":"2025-04-22T02:57:42","slug":"bulk-crispy-chocolate-ball","status":"publish","type":"product","link":"https:\/\/jxgchocolate.com\/fr\/produit\/bulk-crispy-chocolate-ball\/","title":{"rendered":"Bulk Crispy Chocolate Ball, Chinese Wholesale Chocolate Candy With Cookies Inner (Boule de chocolat croustillante en vrac, bonbons chinois en gros avec des biscuits \u00e0 l'int\u00e9rieur)"},"content":{"rendered":"<div class=\"wp-block-columns is-layout-flex wp-container-core-columns-is-layout-9d6595d7 wp-block-columns-is-layout-flex\">\n<div class=\"wp-block-column is-layout-flow wp-block-column-is-layout-flow\">\n<h2 class=\"wp-block-heading\">Boule de chocolat croustillante en vrac de premi\u00e8re qualit\u00e9 Caract\u00e9ristiques :<\/h2>\n\n\n\n<p><strong>Des options de saveurs diversifi\u00e9es :<\/strong> Nos boules de chocolat croustillantes en vrac ne se limitent pas aux traditionnels biscuits envelopp\u00e9s de chocolat au lait ; nous proposons \u00e9galement diff\u00e9rents choix tels que le chocolat noir, le chocolat blanc, etc. pour r\u00e9pondre aux pr\u00e9f\u00e9rences gustatives des diff\u00e9rents consommateurs. Des saveurs sp\u00e9cialement con\u00e7ues sont lanc\u00e9es en fonction des diff\u00e9rentes f\u00eates ou saisons, comme la saveur pain d'\u00e9pices pour la saison de No\u00ebl, la saveur citrouille pour Halloween, etc. pour inciter les consommateurs \u00e0 essayer de nouvelles saveurs. Nous acceptons les services personnalis\u00e9s pour OEM et ODM.<\/p>\n\n\n\n<p><strong>Exp\u00e9rience multisensorielle :<\/strong> La coquille croustillante des biscuits au chocolat de gros contraste avec la texture soyeuse du chocolat, r\u00e9pondant ainsi \u00e0 la double exigence gustative \"croustillant + sucr\u00e9\".<\/p>\n\n\n\n<p><strong>Un go\u00fbt unique : <\/strong>Nos boules de chocolat croustillantes en vrac permettent de sentir \u00e0 chaque bouch\u00e9e le fondant d\u00e9licat du chocolat ext\u00e9rieur et le croustillant des biscuits int\u00e9rieurs, formant ainsi un go\u00fbt unique qui contraste fortement tout en coexistant harmonieusement. Du chocolat sucr\u00e9 aux biscuits croustillants, cette transition du sucr\u00e9 au plus sucr\u00e9 apporte aux consommateurs un niveau de go\u00fbt riche.<\/p>\n<\/div>\n\n\n\n<div class=\"wp-block-column is-layout-flow wp-block-column-is-layout-flow\">\n<figure class=\"wp-block-image size-full\"><img fetchpriority=\"high\" decoding=\"async\" width=\"1500\" height=\"2000\" src=\"https:\/\/jxgchocolate.com\/wp-content\/uploads\/2025\/04\/bulk-crispy-chocolate-ball-chinese-wholesale-chocolate-candy-1.webp\" alt=\"bulk-crispy-chocolate-ball chinese-wholesale-chocolate-candy-1\" class=\"wp-image-29819\" srcset=\"https:\/\/jxgchocolate.com\/wp-content\/uploads\/2025\/04\/bulk-crispy-chocolate-ball-chinese-wholesale-chocolate-candy-1.webp 1500w, https:\/\/jxgchocolate.com\/wp-content\/uploads\/2025\/04\/bulk-crispy-chocolate-ball-chinese-wholesale-chocolate-candy-1-225x300.webp 225w, https:\/\/jxgchocolate.com\/wp-content\/uploads\/2025\/04\/bulk-crispy-chocolate-ball-chinese-wholesale-chocolate-candy-1-768x1024.webp 768w, https:\/\/jxgchocolate.com\/wp-content\/uploads\/2025\/04\/bulk-crispy-chocolate-ball-chinese-wholesale-chocolate-candy-1-9x12.webp 9w, https:\/\/jxgchocolate.com\/wp-content\/uploads\/2025\/04\/bulk-crispy-chocolate-ball-chinese-wholesale-chocolate-candy-1-430x573.webp 430w, https:\/\/jxgchocolate.com\/wp-content\/uploads\/2025\/04\/bulk-crispy-chocolate-ball-chinese-wholesale-chocolate-candy-1-700x933.webp 700w, https:\/\/jxgchocolate.com\/wp-content\/uploads\/2025\/04\/bulk-crispy-chocolate-ball-chinese-wholesale-chocolate-candy-1-150x200.webp 150w\" sizes=\"(max-width: 1500px) 100vw, 1500px\" \/><\/figure>\n<\/div>\n<\/div>\n\n\n\n<p><\/p>","protected":false},"excerpt":{"rendered":"<p>Nous vous invitons \u00e0 acheter nos boules de chocolat croustillantes en vrac. Ce bonbon de chocolat en gros est un d\u00e9licieux en-cas qui m\u00e9lange simplement des biscuits croustillants et du chocolat riche. Il offre non seulement une exp\u00e9rience gustative unique, mais attire \u00e9galement des clients de tous \u00e2ges de diff\u00e9rentes mani\u00e8res.<\/p>\n<table width=\"423\">\n<tbody>\n<tr>\n<td width=\"166\">Fabricant<\/td>\n<td width=\"257\">Le fruit de la chance<\/td>\n<\/tr>\n<tr>\n<td>MOD\u00c8LE NO.<\/td>\n<td>JXG56<\/td>\n<\/tr>\n<tr>\n<td>Type<\/td>\n<td>Biscuits Chocolat<\/td>\n<\/tr>\n<tr>\n<td>Emballage<\/td>\n<td>Conditionnement des bouteilles<\/td>\n<\/tr>\n<tr>\n<td>Sp\u00e9cifications<\/td>\n<td>23g*20Pcs<\/td>\n<\/tr>\n<tr>\n<td>Taille du carton<\/td>\n<td>49*37*26.2cm<\/td>\n<\/tr>\n<tr>\n<td>N.W \/SET<\/td>\n<td>20Pcs*12Bouteilles<\/td>\n<\/tr>\n<tr>\n<td>Couleur<\/td>\n<td>En tant qu'image<\/td>\n<\/tr>\n<tr>\n<td>MOQ<\/td>\n<td>500 cartons<\/td>\n<\/tr>\n<tr>\n<td>Personnalisation<\/td>\n<td>Emballage\/LOGO<\/td>\n<\/tr>\n<\/tbody>\n<\/table>","protected":false},"featured_media":29819,"comment_status":"closed","ping_status":"closed","template":"","meta":[],"product_cat":[74],"product_tag":[],"class_list":{"0":"post-29799","1":"product","2":"type-product","3":"status-publish","4":"has-post-thumbnail","6":"product_cat-wholesale-crunchy-chocolate-balls","8":"first","9":"instock","10":"shipping-taxable","11":"product-type-simple"},"_links":{"self":[{"href":"https:\/\/jxgchocolate.com\/fr\/wp-json\/wp\/v2\/product\/29799","targetHints":{"allow":["GET"]}}],"collection":[{"href":"https:\/\/jxgchocolate.com\/fr\/wp-json\/wp\/v2\/product"}],"about":[{"href":"https:\/\/jxgchocolate.com\/fr\/wp-json\/wp\/v2\/types\/product"}],"replies":[{"embeddable":true,"href":"https:\/\/jxgchocolate.com\/fr\/wp-json\/wp\/v2\/comments?post=29799"}],"version-history":[{"count":0,"href":"https:\/\/jxgchocolate.com\/fr\/wp-json\/wp\/v2\/product\/29799\/revisions"}],"wp:featuredmedia":[{"embeddable":true,"href":"https:\/\/jxgchocolate.com\/fr\/wp-json\/wp\/v2\/media\/29819"}],"wp:attachment":[{"href":"https:\/\/jxgchocolate.com\/fr\/wp-json\/wp\/v2\/media?parent=29799"}],"wp:term":[{"taxonomy":"product_cat","embeddable":true,"href":"https:\/\/jxgchocolate.com\/fr\/wp-json\/wp\/v2\/product_cat?post=29799"},{"taxonomy":"product_tag","embeddable":true,"href":"https:\/\/jxgchocolate.com\/fr\/wp-json\/wp\/v2\/product_tag?post=29799"}],"curies":[{"name":"wp","href":"https:\/\/api.w.org\/{rel}","templated":true}]}}