{"id":29830,"date":"2025-04-30T03:32:53","date_gmt":"2025-04-30T03:32:53","guid":{"rendered":"https:\/\/jxgchocolate.com\/?post_type=product&#038;p=29830"},"modified":"2025-04-30T03:32:55","modified_gmt":"2025-04-30T03:32:55","slug":"bulk-chocolate-candy","status":"publish","type":"product","link":"https:\/\/jxgchocolate.com\/fr\/produit\/bulk-chocolate-candy\/","title":{"rendered":"Article chaud Bulk Chocolate Candy Colored Crunchy Chocolate Balls Wholesale"},"content":{"rendered":"<div class=\"wp-block-columns is-layout-flex wp-container-core-columns-is-layout-9d6595d7 wp-block-columns-is-layout-flex\">\n<div class=\"wp-block-column is-layout-flow wp-block-column-is-layout-flow\">\n<h2 class=\"wp-block-heading\">Bonbons de chocolat en vrac de premi\u00e8re qualit\u00e9 Caract\u00e9ristiques :<\/h2>\n\n\n\n<p><strong>Go\u00fbt unique \u00e0 plusieurs niveaux : <\/strong>Le bonbon de chocolat en vrac, du chocolat sucr\u00e9 aux biscuits croustillants, cette transition du sucr\u00e9 au croustillant apporte aux consommateurs une riche gamme de niveaux de go\u00fbt. Une bouch\u00e9e permet de go\u00fbter l'onctuosit\u00e9 du chocolat ext\u00e9rieur et le croquant des biscuits int\u00e9rieurs, offrant ainsi une exp\u00e9rience gustative contrast\u00e9e mais harmonieuse.<\/p>\n\n\n\n<p><strong>Aspect color\u00e9 accrocheur :<\/strong> Ces boules de chocolat color\u00e9es et croustillantes sont g\u00e9n\u00e9ralement propos\u00e9es en gros dans diff\u00e9rentes couleurs vives telles que le rouge, le vert, le jaune, etc., ce qui les rend tr\u00e8s visibles dans les rayons des magasins et tr\u00e8s attrayantes pour les enfants et les adolescents.<\/p>\n\n\n\n<p><strong>Nutritif :<\/strong> Les bonbons au chocolat en vrac constituent une source d'hydrates de carbone de haute qualit\u00e9 qui peuvent \u00eatre utilis\u00e9s pour reconstituer rapidement l'\u00e9nergie et peuvent donc \u00eatre consomm\u00e9s apr\u00e8s un exercice physique ou lorsqu'une r\u00e9cup\u00e9ration rapide est n\u00e9cessaire. Le chocolat est la source d'\u00e9nergie dont le corps a besoin.<\/p>\n\n\n\n<p><strong>Prise en charge de la personnalisation de masse :<\/strong> Ces boules de chocolat color\u00e9es et croustillantes conviennent aux supermarch\u00e9s, aux marques de bonbons, aux festivals et autres achats de gros volumes. Elles peuvent \u00eatre personnalis\u00e9es en fonction des besoins en mati\u00e8re d'emballage, de combinaisons de couleurs ou d'\u00e9tiquettes de marque.<\/p>\n<\/div>\n\n\n\n<div class=\"wp-block-column is-layout-flow wp-block-column-is-layout-flow\">\n<figure class=\"wp-block-image size-full\"><img fetchpriority=\"high\" decoding=\"async\" width=\"750\" height=\"750\" src=\"https:\/\/jxgchocolate.com\/wp-content\/uploads\/2025\/04\/Hot-Item-Customized-Design-Colored-Crispy-Chocolate-Beans-Wholesales2.jpg\" alt=\"hot-item-bulk-chocolate-candy-colored-crunchy-chocolate-balls-wholesale-1\" class=\"wp-image-29833\" srcset=\"https:\/\/jxgchocolate.com\/wp-content\/uploads\/2025\/04\/Hot-Item-Customized-Design-Colored-Crispy-Chocolate-Beans-Wholesales2.jpg 750w, https:\/\/jxgchocolate.com\/wp-content\/uploads\/2025\/04\/Hot-Item-Customized-Design-Colored-Crispy-Chocolate-Beans-Wholesales2-300x300.jpg 300w, https:\/\/jxgchocolate.com\/wp-content\/uploads\/2025\/04\/Hot-Item-Customized-Design-Colored-Crispy-Chocolate-Beans-Wholesales2-150x150.jpg 150w, https:\/\/jxgchocolate.com\/wp-content\/uploads\/2025\/04\/Hot-Item-Customized-Design-Colored-Crispy-Chocolate-Beans-Wholesales2-12x12.jpg 12w, https:\/\/jxgchocolate.com\/wp-content\/uploads\/2025\/04\/Hot-Item-Customized-Design-Colored-Crispy-Chocolate-Beans-Wholesales2-430x430.jpg 430w, https:\/\/jxgchocolate.com\/wp-content\/uploads\/2025\/04\/Hot-Item-Customized-Design-Colored-Crispy-Chocolate-Beans-Wholesales2-700x700.jpg 700w\" sizes=\"(max-width: 750px) 100vw, 750px\" \/><\/figure>\n<\/div>\n<\/div>","protected":false},"excerpt":{"rendered":"<p>Nous vous invitons \u00e0 acheter en gros nos boules de chocolat color\u00e9es et croustillantes. Les bonbons de chocolat en vrac sont un produit unique qui combine la texture douce et soyeuse du chocolat, le go\u00fbt croustillant des biscuits et l'aspect color\u00e9. Il offre non seulement une toute nouvelle exp\u00e9rience gustative, mais v\u00e9hicule \u00e9galement un mode de vie sain et des valeurs culturelles.<\/p>\n<table width=\"423\">\n<tbody>\n<tr>\n<td width=\"166\">Fabricant<\/td>\n<td width=\"257\">Le fruit de la chance<\/td>\n<\/tr>\n<tr>\n<td>MOD\u00c8LE NO.<\/td>\n<td>JXG60<\/td>\n<\/tr>\n<tr>\n<td>Type<\/td>\n<td>Biscuits color\u00e9s au chocolat<\/td>\n<\/tr>\n<tr>\n<td>Emballage<\/td>\n<td>Emballage des sacs<\/td>\n<\/tr>\n<tr>\n<td>Sp\u00e9cifications<\/td>\n<td>18g*30Pcs<\/td>\n<\/tr>\n<tr>\n<td>Taille du carton<\/td>\n<td>60*30*50cm<\/td>\n<\/tr>\n<tr>\n<td>N.W \/SET<\/td>\n<td>30Pcs*30Sacs<\/td>\n<\/tr>\n<tr>\n<td>Couleur<\/td>\n<td>En tant qu'image<\/td>\n<\/tr>\n<tr>\n<td>MOQ<\/td>\n<td>500 cartons<\/td>\n<\/tr>\n<tr>\n<td>Personnalisation<\/td>\n<td>Emballage\/LOGO<\/td>\n<\/tr>\n<\/tbody>\n<\/table>","protected":false},"featured_media":29832,"comment_status":"closed","ping_status":"closed","template":"","meta":[],"product_cat":[74],"product_tag":[],"class_list":{"0":"post-29830","1":"product","2":"type-product","3":"status-publish","4":"has-post-thumbnail","6":"product_cat-wholesale-crunchy-chocolate-balls","8":"first","9":"instock","10":"shipping-taxable","11":"product-type-simple"},"_links":{"self":[{"href":"https:\/\/jxgchocolate.com\/fr\/wp-json\/wp\/v2\/product\/29830","targetHints":{"allow":["GET"]}}],"collection":[{"href":"https:\/\/jxgchocolate.com\/fr\/wp-json\/wp\/v2\/product"}],"about":[{"href":"https:\/\/jxgchocolate.com\/fr\/wp-json\/wp\/v2\/types\/product"}],"replies":[{"embeddable":true,"href":"https:\/\/jxgchocolate.com\/fr\/wp-json\/wp\/v2\/comments?post=29830"}],"version-history":[{"count":7,"href":"https:\/\/jxgchocolate.com\/fr\/wp-json\/wp\/v2\/product\/29830\/revisions"}],"predecessor-version":[{"id":29864,"href":"https:\/\/jxgchocolate.com\/fr\/wp-json\/wp\/v2\/product\/29830\/revisions\/29864"}],"wp:featuredmedia":[{"embeddable":true,"href":"https:\/\/jxgchocolate.com\/fr\/wp-json\/wp\/v2\/media\/29832"}],"wp:attachment":[{"href":"https:\/\/jxgchocolate.com\/fr\/wp-json\/wp\/v2\/media?parent=29830"}],"wp:term":[{"taxonomy":"product_cat","embeddable":true,"href":"https:\/\/jxgchocolate.com\/fr\/wp-json\/wp\/v2\/product_cat?post=29830"},{"taxonomy":"product_tag","embeddable":true,"href":"https:\/\/jxgchocolate.com\/fr\/wp-json\/wp\/v2\/product_tag?post=29830"}],"curies":[{"name":"wp","href":"https:\/\/api.w.org\/{rel}","templated":true}]}}