{"id":29841,"date":"2025-04-30T08:53:07","date_gmt":"2025-04-30T08:53:07","guid":{"rendered":"https:\/\/jxgchocolate.com\/?post_type=product&#038;p=29841"},"modified":"2025-04-30T08:53:09","modified_gmt":"2025-04-30T08:53:09","slug":"chocolate-malt-balls-wholesale","status":"publish","type":"product","link":"https:\/\/jxgchocolate.com\/fr\/produit\/chocolate-malt-balls-wholesale\/","title":{"rendered":"Boules de malt en chocolat en gros, Boules de malt enrob\u00e9es de chocolat en gros, Boules de malt enrob\u00e9es de chocolat en gros, Boules de malt enrob\u00e9es de chocolat en gros"},"content":{"rendered":"<div class=\"wp-block-columns is-layout-flex wp-container-core-columns-is-layout-9d6595d7 wp-block-columns-is-layout-flex\">\n<div class=\"wp-block-column is-layout-flow wp-block-column-is-layout-flow\">\n<h2 class=\"wp-block-heading\">Boules de malt au chocolat de qualit\u00e9 sup\u00e9rieure Caract\u00e9ristiques :<\/h2>\n\n\n\n<p><strong>Emballage pratique : <\/strong>Les boules de malt au chocolat en gros se pr\u00e9sentent sous la forme d'un petit sac ind\u00e9pendant, pratique \u00e0 transporter et facile \u00e0 partager, ce qui en fait un produit id\u00e9al pour les activit\u00e9s de plein air et les voyages, \u00e0 savourer \u00e0 tout moment. La version \u00e0 grande contenance lanc\u00e9e pour les particuliers est \u00e0 la fois \u00e9conomique et permet d'acheter plusieurs saveurs \u00e0 la fois pour les partager avec toute la famille.<\/p>\n\n\n\n<p><strong>Convient \u00e0 diverses occasions : <\/strong>Par rapport \u00e0 d'autres produits chocolat\u00e9s, la structure interne des bonbons au chocolat personnalis\u00e9s est relativement l\u00e9g\u00e8re et ne donne pas facilement l'impression d'\u00eatre gras, ce qui en fait un produit adapt\u00e9 aux personnes qui aiment d\u00e9guster facilement des aliments sucr\u00e9s. Mylikes est un en-cas id\u00e9al pour les loisirs, qui procure un plaisir agr\u00e9able, que ce soit pendant les pauses au travail ou les r\u00e9unions de famille. Il peut \u00e9galement \u00eatre accompagn\u00e9 d'une tasse de th\u00e9 ou de caf\u00e9 chaud pour devenir le parfait th\u00e9 de l'apr\u00e8s-midi, Dim sum. Il peut \u00e9galement \u00eatre utilis\u00e9 pour pr\u00e9parer des desserts plus cr\u00e9atifs, tels que des biscuits sandwichs, des d\u00e9corations de g\u00e2teaux, etc. pour augmenter le plaisir de cuisiner.<\/p>\n\n\n\n<p><strong>Classique et nostalgie : <\/strong>En tant que marque ayant une longue histoire, Mylikes est le symbole des souvenirs d'enfance de nombreuses personnes. Pour ceux qui esp\u00e8rent revivre de beaux souvenirs, il ne s'agit pas seulement d'un en-cas, mais aussi d'un attachement \u00e9motionnel.<\/p>\n\n\n\n<p><strong>Prise en charge de l'emballage personnalis\u00e9 et du logo de la marque :<\/strong> La production en masse de boules de malt au chocolat permet une personnalisation, y compris un emballage color\u00e9, des bo\u00eetes cadeaux pour les f\u00eates et l'impression du logo de la marque, ce qui est id\u00e9al pour les promotions des f\u00eates, les produits de marque priv\u00e9e et les cadeaux d'entreprise.<\/p>\n<\/div>\n\n\n\n<div class=\"wp-block-column is-layout-flow wp-block-column-is-layout-flow\">\n<figure class=\"wp-block-image size-full\"><img fetchpriority=\"high\" decoding=\"async\" width=\"750\" height=\"750\" src=\"https:\/\/jxgchocolate.com\/wp-content\/uploads\/2025\/04\/Wholesale-Mylikes-Chocolate-Smooth-Chocolate-Covered-Puffed-Heart-3.webp\" alt=\"boules de malt au chocolat - vente en gros - chocolat personnalis\u00e9 - c\u0153ur enrob\u00e9 de sucre - 1\" class=\"wp-image-29844\" srcset=\"https:\/\/jxgchocolate.com\/wp-content\/uploads\/2025\/04\/Wholesale-Mylikes-Chocolate-Smooth-Chocolate-Covered-Puffed-Heart-3.webp 750w, https:\/\/jxgchocolate.com\/wp-content\/uploads\/2025\/04\/Wholesale-Mylikes-Chocolate-Smooth-Chocolate-Covered-Puffed-Heart-3-300x300.webp 300w, https:\/\/jxgchocolate.com\/wp-content\/uploads\/2025\/04\/Wholesale-Mylikes-Chocolate-Smooth-Chocolate-Covered-Puffed-Heart-3-150x150.webp 150w, https:\/\/jxgchocolate.com\/wp-content\/uploads\/2025\/04\/Wholesale-Mylikes-Chocolate-Smooth-Chocolate-Covered-Puffed-Heart-3-12x12.webp 12w, https:\/\/jxgchocolate.com\/wp-content\/uploads\/2025\/04\/Wholesale-Mylikes-Chocolate-Smooth-Chocolate-Covered-Puffed-Heart-3-430x430.webp 430w, https:\/\/jxgchocolate.com\/wp-content\/uploads\/2025\/04\/Wholesale-Mylikes-Chocolate-Smooth-Chocolate-Covered-Puffed-Heart-3-700x700.webp 700w\" sizes=\"(max-width: 750px) 100vw, 750px\" \/><\/figure>\n<\/div>\n<\/div>\n\n\n\n<p><\/p>","protected":false},"excerpt":{"rendered":"<p>Nous vous invitons \u00e0 acheter en gros nos boules de malt au chocolat. Le c\u0153ur souffl\u00e9 enrob\u00e9 de chocolat personnalis\u00e9 occupe une place parmi de nombreux produits chocolat\u00e9s gr\u00e2ce \u00e0 son go\u00fbt unique, \u00e0 son image de marque classique et \u00e0 la diversit\u00e9 de ses choix gustatifs. Qu'il s'agisse d'un en-cas quotidien, d'un cadeau de vacances ou d'un souvenir d'une occasion sp\u00e9ciale, Mylikes peut apporter un plaisir agr\u00e9able aux consommateurs.<\/p>\n<table width=\"423\">\n<tbody>\n<tr>\n<td width=\"166\">Fabricant<\/td>\n<td width=\"257\">Le fruit de la chance<\/td>\n<\/tr>\n<tr>\n<td>MOD\u00c8LE NO.<\/td>\n<td>JXG61<\/td>\n<\/tr>\n<tr>\n<td>Type<\/td>\n<td>Mylikes Chocolat<\/td>\n<\/tr>\n<tr>\n<td>Emballage<\/td>\n<td>Emballage des sacs<\/td>\n<\/tr>\n<tr>\n<td>Sp\u00e9cifications<\/td>\n<td>16g*30Pcs<\/td>\n<\/tr>\n<tr>\n<td>Taille du carton<\/td>\n<td>60*30*50cm<\/td>\n<\/tr>\n<tr>\n<td>N.W \/SET<\/td>\n<td>30Pcs*30Sacs<\/td>\n<\/tr>\n<tr>\n<td>Couleur<\/td>\n<td>En tant qu'image<\/td>\n<\/tr>\n<tr>\n<td>MOQ<\/td>\n<td>500 cartons<\/td>\n<\/tr>\n<tr>\n<td>Personnalisation<\/td>\n<td>Emballage\/LOGO<\/td>\n<\/tr>\n<\/tbody>\n<\/table>","protected":false},"featured_media":29842,"comment_status":"closed","ping_status":"closed","template":"","meta":[],"product_cat":[74],"product_tag":[],"class_list":{"0":"post-29841","1":"product","2":"type-product","3":"status-publish","4":"has-post-thumbnail","6":"product_cat-wholesale-crunchy-chocolate-balls","8":"first","9":"instock","10":"shipping-taxable","11":"product-type-simple"},"_links":{"self":[{"href":"https:\/\/jxgchocolate.com\/fr\/wp-json\/wp\/v2\/product\/29841","targetHints":{"allow":["GET"]}}],"collection":[{"href":"https:\/\/jxgchocolate.com\/fr\/wp-json\/wp\/v2\/product"}],"about":[{"href":"https:\/\/jxgchocolate.com\/fr\/wp-json\/wp\/v2\/types\/product"}],"replies":[{"embeddable":true,"href":"https:\/\/jxgchocolate.com\/fr\/wp-json\/wp\/v2\/comments?post=29841"}],"version-history":[{"count":0,"href":"https:\/\/jxgchocolate.com\/fr\/wp-json\/wp\/v2\/product\/29841\/revisions"}],"wp:featuredmedia":[{"embeddable":true,"href":"https:\/\/jxgchocolate.com\/fr\/wp-json\/wp\/v2\/media\/29842"}],"wp:attachment":[{"href":"https:\/\/jxgchocolate.com\/fr\/wp-json\/wp\/v2\/media?parent=29841"}],"wp:term":[{"taxonomy":"product_cat","embeddable":true,"href":"https:\/\/jxgchocolate.com\/fr\/wp-json\/wp\/v2\/product_cat?post=29841"},{"taxonomy":"product_tag","embeddable":true,"href":"https:\/\/jxgchocolate.com\/fr\/wp-json\/wp\/v2\/product_tag?post=29841"}],"curies":[{"name":"wp","href":"https:\/\/api.w.org\/{rel}","templated":true}]}}