{"id":27274,"date":"2024-04-27T01:42:37","date_gmt":"2024-04-27T01:42:37","guid":{"rendered":"https:\/\/jxgchocolate.com\/?post_type=product&#038;p=27274"},"modified":"2024-11-11T02:22:05","modified_gmt":"2024-11-11T02:22:05","slug":"wholesale-crunchy-chocolate-balls","status":"publish","type":"product","link":"https:\/\/jxgchocolate.com\/pt\/produto\/wholesale-crunchy-chocolate-balls\/","title":{"rendered":"Bolas de chocolate crocantes por atacado, Bolas de chocolate a granel"},"content":{"rendered":"<div class=\"wp-block-columns is-layout-flex wp-container-core-columns-is-layout-9d6595d7 wp-block-columns-is-layout-flex\">\n<div class=\"wp-block-column is-vertically-aligned-center is-layout-flow wp-block-column-is-layout-flow\">\n<h3 class=\"wp-block-heading\">Bolas de chocolate crocantes Premium Wholesale Caracter\u00edsticas:<\/h3>\n\n\n\n<ol class=\"wp-block-list\">\n<li><strong>Textura agrad\u00e1vel: <\/strong>Estas bolas de chocolate estaladi\u00e7as e por atacado t\u00eam uma textura t\u00e3o agrad\u00e1vel, com uma fina camada de chocolate no exterior, carnudas e estaladi\u00e7as no interior, cheias de camadas e sabores ricos em cada dentada.<\/li>\n\n\n\n<li><strong>Multiusos: <\/strong>Para al\u00e9m de serem deliciosos aperitivos, estas bolas de chocolate a granel tamb\u00e9m podem ser utilizadas para decorar pastelaria, gelados e sobremesas, acrescentando interesse visual e gustativo a muitos tipos de cozinha.<\/li>\n\n\n\n<li><strong>Garantia de frescura: <\/strong>Garantimos aos nossos clientes que cada uma das suas compras de bolas de chocolate crocantes por atacado connosco ser\u00e1 fresca, enquanto a nossa maneira de usar embalagens de alta qualidade e m\u00e9todos de armazenamento garante um gosto regular em qualidade tamb\u00e9m.<\/li>\n\n\n\n<li><strong>Pre\u00e7os competitivos: <\/strong>As nossas bolas de chocolate a granel de alta qualidade com pre\u00e7os por grosso oferecem lucros est\u00e1veis das opera\u00e7\u00f5es e vantagem competitiva no mercado.<\/li>\n<\/ol>\n<\/div>\n\n\n\n<div class=\"wp-block-column is-layout-flow wp-block-column-is-layout-flow\">\n<figure class=\"wp-block-image size-full\"><img fetchpriority=\"high\" decoding=\"async\" width=\"750\" height=\"750\" src=\"https:\/\/jxgchocolate.com\/wp-content\/uploads\/2024\/04\/wholesale-crunchy-chocolate-balls-6_\u526f\u672c.webp\" alt=\"Bolas de chocolate crocantes por atacado, Bolas de chocolate a granel\" class=\"wp-image-28393\" srcset=\"https:\/\/jxgchocolate.com\/wp-content\/uploads\/2024\/04\/wholesale-crunchy-chocolate-balls-6_\u526f\u672c.webp 750w, https:\/\/jxgchocolate.com\/wp-content\/uploads\/2024\/04\/wholesale-crunchy-chocolate-balls-6_\u526f\u672c-300x300.webp 300w, https:\/\/jxgchocolate.com\/wp-content\/uploads\/2024\/04\/wholesale-crunchy-chocolate-balls-6_\u526f\u672c-150x150.webp 150w, https:\/\/jxgchocolate.com\/wp-content\/uploads\/2024\/04\/wholesale-crunchy-chocolate-balls-6_\u526f\u672c-430x430.webp 430w, https:\/\/jxgchocolate.com\/wp-content\/uploads\/2024\/04\/wholesale-crunchy-chocolate-balls-6_\u526f\u672c-700x700.webp 700w\" sizes=\"(max-width: 750px) 100vw, 750px\" \/><\/figure>\n<\/div>\n<\/div>","protected":false},"excerpt":{"rendered":"<p>Bem-vindo a comprar bolas de chocolate a granel. As nossas bolas de chocolate crocantes por atacado t\u00eam um sabor doce, com uma fina cobertura de chocolate para satisfazer muitos gostos e necessidades dos consumidores, trazendo assim sucesso e expans\u00e3o para o seu neg\u00f3cio.<\/p>\n<table width=\"275\">\n<tbody>\n<tr>\n<td width=\"108\">Fabricante<\/td>\n<td width=\"167\">Fruta da sorte<\/td>\n<\/tr>\n<tr>\n<td>MODELO NO.<\/td>\n<td>JXG11<\/td>\n<\/tr>\n<tr>\n<td>Tipo<\/td>\n<td>Bolas de Chocolate Crocantes<\/td>\n<\/tr>\n<tr>\n<td>Embalagem<\/td>\n<td>Embalagem de sacos<\/td>\n<\/tr>\n<tr>\n<td>Especifica\u00e7\u00e3o<\/td>\n<td>70pcs*30bags<\/td>\n<\/tr>\n<tr>\n<td>Tamanho da caixa<\/td>\n<td>53*33*39 cm<\/td>\n<\/tr>\n<tr>\n<td>N.W \/SET<\/td>\n<td>4g*70pcs*30bags<\/td>\n<\/tr>\n<tr>\n<td>Cor<\/td>\n<td>Multicolor<\/td>\n<\/tr>\n<tr>\n<td>MOQ<\/td>\n<td>500 caixas de cart\u00e3o<\/td>\n<\/tr>\n<tr>\n<td>Personaliza\u00e7\u00e3o<\/td>\n<td>Embalagem\/LOGO<\/td>\n<\/tr>\n<\/tbody>\n<\/table>","protected":false},"featured_media":28394,"comment_status":"closed","ping_status":"closed","template":"","meta":[],"product_cat":[74],"product_tag":[],"class_list":{"0":"post-27274","1":"product","2":"type-product","3":"status-publish","4":"has-post-thumbnail","6":"product_cat-wholesale-crunchy-chocolate-balls","8":"first","9":"instock","10":"shipping-taxable","11":"product-type-simple"},"_links":{"self":[{"href":"https:\/\/jxgchocolate.com\/pt\/wp-json\/wp\/v2\/product\/27274","targetHints":{"allow":["GET"]}}],"collection":[{"href":"https:\/\/jxgchocolate.com\/pt\/wp-json\/wp\/v2\/product"}],"about":[{"href":"https:\/\/jxgchocolate.com\/pt\/wp-json\/wp\/v2\/types\/product"}],"replies":[{"embeddable":true,"href":"https:\/\/jxgchocolate.com\/pt\/wp-json\/wp\/v2\/comments?post=27274"}],"version-history":[{"count":0,"href":"https:\/\/jxgchocolate.com\/pt\/wp-json\/wp\/v2\/product\/27274\/revisions"}],"wp:featuredmedia":[{"embeddable":true,"href":"https:\/\/jxgchocolate.com\/pt\/wp-json\/wp\/v2\/media\/28394"}],"wp:attachment":[{"href":"https:\/\/jxgchocolate.com\/pt\/wp-json\/wp\/v2\/media?parent=27274"}],"wp:term":[{"taxonomy":"product_cat","embeddable":true,"href":"https:\/\/jxgchocolate.com\/pt\/wp-json\/wp\/v2\/product_cat?post=27274"},{"taxonomy":"product_tag","embeddable":true,"href":"https:\/\/jxgchocolate.com\/pt\/wp-json\/wp\/v2\/product_tag?post=27274"}],"curies":[{"name":"wp","href":"https:\/\/api.w.org\/{rel}","templated":true}]}}