{"id":27290,"date":"2024-04-27T02:47:34","date_gmt":"2024-04-27T02:47:34","guid":{"rendered":"https:\/\/jxgchocolate.com\/?post_type=product&#038;p=27290"},"modified":"2024-06-28T02:44:58","modified_gmt":"2024-06-28T02:44:58","slug":"chocolate-covered-sunflower-seeds-bulk","status":"publish","type":"product","link":"https:\/\/jxgchocolate.com\/pt\/produto\/chocolate-covered-sunflower-seeds-bulk\/","title":{"rendered":"Deliciosas sementes de girassol cobertas de chocolate a granel"},"content":{"rendered":"<div class=\"wp-block-columns is-layout-flex wp-container-core-columns-is-layout-9d6595d7 wp-block-columns-is-layout-flex\">\n<div class=\"wp-block-column is-layout-flow wp-block-column-is-layout-flow\">\n<h2 class=\"wp-block-heading\">Sementes de girassol cobertas com chocolate Premium Caracter\u00edsticas a granel:<\/h2>\n\n\n\n<ol class=\"wp-block-list\">\n<li>Casca de chocolate de alta qualidade: A nossa massa de sementes de girassol cobertas de chocolate \u00e9 feita de chocolate de alta qualidade, rico em sabor, doce e delicioso.<\/li>\n\n\n\n<li>Sementes de girassol frescas: Seleccione sementes de girassol frescas para garantir um sabor completo e uma nutri\u00e7\u00e3o rica.<\/li>\n\n\n\n<li>Op\u00e7\u00e3o de snack saud\u00e1vel: As sementes de girassol s\u00e3o ricas em nutrientes e o facto de estarem cobertas de chocolate torna-as ainda mais deliciosas, fazendo delas uma op\u00e7\u00e3o de lanche saud\u00e1vel.<\/li>\n\n\n\n<li>F\u00e1cil de transportar: F\u00e1ceis de transportar, as nossas sementes de girassol cobertas de chocolate a granel podem ser usadas como snacks de escrit\u00f3rio ou snacks para actividades ao ar livre.<\/li>\n<\/ol>\n<\/div>\n\n\n\n<div class=\"wp-block-column is-layout-flow wp-block-column-is-layout-flow\">\n<figure class=\"wp-block-image size-full\"><img fetchpriority=\"high\" decoding=\"async\" width=\"4480\" height=\"4480\" src=\"https:\/\/jxgchocolate.com\/wp-content\/uploads\/2024\/04\/chocolate-covered-sunflower-seeds-bulk-5_\u526f\u672c.webp\" alt=\"Sementes de girassol cobertas de chocolate - pacote 5\" class=\"wp-image-28397\" srcset=\"https:\/\/jxgchocolate.com\/wp-content\/uploads\/2024\/04\/chocolate-covered-sunflower-seeds-bulk-5_\u526f\u672c.webp 4480w, https:\/\/jxgchocolate.com\/wp-content\/uploads\/2024\/04\/chocolate-covered-sunflower-seeds-bulk-5_\u526f\u672c-300x300.webp 300w, https:\/\/jxgchocolate.com\/wp-content\/uploads\/2024\/04\/chocolate-covered-sunflower-seeds-bulk-5_\u526f\u672c-150x150.webp 150w, https:\/\/jxgchocolate.com\/wp-content\/uploads\/2024\/04\/chocolate-covered-sunflower-seeds-bulk-5_\u526f\u672c-768x768.webp 768w, https:\/\/jxgchocolate.com\/wp-content\/uploads\/2024\/04\/chocolate-covered-sunflower-seeds-bulk-5_\u526f\u672c-430x430.webp 430w, https:\/\/jxgchocolate.com\/wp-content\/uploads\/2024\/04\/chocolate-covered-sunflower-seeds-bulk-5_\u526f\u672c-700x700.webp 700w\" sizes=\"(max-width: 4480px) 100vw, 4480px\" \/><\/figure>\n<\/div>\n<\/div>","protected":false},"excerpt":{"rendered":"<p>Sementes de girassol frescas seleccionadas e cobertura de chocolate de alta qualidade garantem um sabor completo e uma nutri\u00e7\u00e3o rica. F\u00e1ceis de transportar e podem ser utilizadas como snacks de escrit\u00f3rio ou snacks para actividades ao ar livre. As nossas sementes de girassol cobertas de chocolate a granel tornaram-se uma op\u00e7\u00e3o de snack popular para todas as ocasi\u00f5es e p\u00fablicos.<\/p>\n<table width=\"275\">\n<tbody>\n<tr>\n<td width=\"108\">Fabricante<\/td>\n<td width=\"167\">Fruta da sorte<\/td>\n<\/tr>\n<tr>\n<td>MODELO NO.<\/td>\n<td>JXG04<\/td>\n<\/tr>\n<tr>\n<td>Tipo<\/td>\n<td>Sementes de girassol Chocolate<\/td>\n<\/tr>\n<tr>\n<td>Embalagem<\/td>\n<td>Embalagem em caixa<\/td>\n<\/tr>\n<tr>\n<td>Especifica\u00e7\u00e3o<\/td>\n<td>4g*70pcs*30bags<\/td>\n<\/tr>\n<tr>\n<td>Tamanho da caixa<\/td>\n<td>43,5*33*33 cm<\/td>\n<\/tr>\n<tr>\n<td>N.W \/SET<\/td>\n<td>21g*12 sacos*24 caixas<\/td>\n<\/tr>\n<tr>\n<td>Cor<\/td>\n<td>Escuro<\/td>\n<\/tr>\n<tr>\n<td>MOQ<\/td>\n<td>500 caixas de cart\u00e3o<\/td>\n<\/tr>\n<tr>\n<td>Personaliza\u00e7\u00e3o<\/td>\n<td>Embalagem\/LOGO<\/td>\n<\/tr>\n<\/tbody>\n<\/table>","protected":false},"featured_media":28397,"comment_status":"closed","ping_status":"closed","template":"","meta":[],"product_cat":[72],"product_tag":[],"class_list":{"0":"post-27290","1":"product","2":"type-product","3":"status-publish","4":"has-post-thumbnail","6":"product_cat-wholesale-chocolate-covered-sunflower-seeds","8":"first","9":"instock","10":"shipping-taxable","11":"product-type-simple"},"_links":{"self":[{"href":"https:\/\/jxgchocolate.com\/pt\/wp-json\/wp\/v2\/product\/27290","targetHints":{"allow":["GET"]}}],"collection":[{"href":"https:\/\/jxgchocolate.com\/pt\/wp-json\/wp\/v2\/product"}],"about":[{"href":"https:\/\/jxgchocolate.com\/pt\/wp-json\/wp\/v2\/types\/product"}],"replies":[{"embeddable":true,"href":"https:\/\/jxgchocolate.com\/pt\/wp-json\/wp\/v2\/comments?post=27290"}],"version-history":[{"count":0,"href":"https:\/\/jxgchocolate.com\/pt\/wp-json\/wp\/v2\/product\/27290\/revisions"}],"wp:featuredmedia":[{"embeddable":true,"href":"https:\/\/jxgchocolate.com\/pt\/wp-json\/wp\/v2\/media\/28397"}],"wp:attachment":[{"href":"https:\/\/jxgchocolate.com\/pt\/wp-json\/wp\/v2\/media?parent=27290"}],"wp:term":[{"taxonomy":"product_cat","embeddable":true,"href":"https:\/\/jxgchocolate.com\/pt\/wp-json\/wp\/v2\/product_cat?post=27290"},{"taxonomy":"product_tag","embeddable":true,"href":"https:\/\/jxgchocolate.com\/pt\/wp-json\/wp\/v2\/product_tag?post=27290"}],"curies":[{"name":"wp","href":"https:\/\/api.w.org\/{rel}","templated":true}]}}