{"id":27299,"date":"2024-04-27T02:38:14","date_gmt":"2024-04-27T02:38:14","guid":{"rendered":"https:\/\/jxgchocolate.com\/?post_type=product&#038;p=27299"},"modified":"2024-06-28T02:41:07","modified_gmt":"2024-06-28T02:41:07","slug":"wholesale-chocolate-covered-sunflower-seeds","status":"publish","type":"product","link":"https:\/\/jxgchocolate.com\/pt\/produto\/wholesale-chocolate-covered-sunflower-seeds\/","title":{"rendered":"Sementes de girassol cobertas de chocolate por atacado com multicolor"},"content":{"rendered":"<div class=\"wp-block-columns is-layout-flex wp-container-core-columns-is-layout-9d6595d7 wp-block-columns-is-layout-flex\">\n<div class=\"wp-block-column is-layout-flow wp-block-column-is-layout-flow\">\n<h2 class=\"wp-block-heading\">Sementes de girassol cobertas de chocolate por atacado Premium Carater\u00edsticas:<\/h2>\n\n\n\n<ol class=\"wp-block-list\">\n<li>Sele\u00e7\u00e3o de materiais de alta qualidade: Seleccionamos cuidadosamente o chocolate de alta qualidade para garantir um sabor rico e satisfat\u00f3rio. As sementes de girassol s\u00e3o snacks naturais e saud\u00e1veis, ricos em prote\u00ednas, fibras e multivitaminas, que proporcionam aos consumidores um duplo prazer de del\u00edcia e nutri\u00e7\u00e3o.<\/li>\n\n\n\n<li>Carater\u00edsticas ricas e coloridas: As nossas sementes de girassol cobertas de chocolate por atacado adoptam carater\u00edsticas coloridas, que n\u00e3o s\u00f3 atraem o olhar, mas tamb\u00e9m trazem \u00e0s pessoas uma experi\u00eancia visual agrad\u00e1vel, aumentando o apelo do produto.<\/li>\n\n\n\n<li>Adequado para v\u00e1rias ocasi\u00f5es: Quer sejam snacks ou presentes, as nossas sementes de girassol cobertas de chocolate por atacado s\u00e3o muito adequadas para v\u00e1rias ocasi\u00f5es, ou seja, podem ser comidas diretamente ou usadas como decora\u00e7\u00e3o de bolos, gelados e outras sobremesas. Pode satisfazer tanto as necessidades pessoais como as empresariais.<\/li>\n\n\n\n<li>Op\u00e7\u00f5es grossistas de alta qualidade: Fornecemos produtos por grosso de alta qualidade que podem satisfazer as necessidades de clientes de diferentes tamanhos e tipos, proporcionando aos retalhistas e \u00e0s empresas diversas op\u00e7\u00f5es.<\/li>\n<\/ol>\n<\/div>\n\n\n\n<div class=\"wp-block-column is-layout-flow wp-block-column-is-layout-flow\">\n<figure class=\"wp-block-image size-full\"><img fetchpriority=\"high\" decoding=\"async\" width=\"3688\" height=\"3689\" src=\"https:\/\/jxgchocolate.com\/wp-content\/uploads\/2024\/04\/wholesale-chocolate-covered-sunflower-seeds-with-multicolor-1.webp\" alt=\"sementes de girassol cobertas de chocolate com multicolor-1\" class=\"wp-image-27304\" srcset=\"https:\/\/jxgchocolate.com\/wp-content\/uploads\/2024\/04\/wholesale-chocolate-covered-sunflower-seeds-with-multicolor-1.webp 3688w, https:\/\/jxgchocolate.com\/wp-content\/uploads\/2024\/04\/wholesale-chocolate-covered-sunflower-seeds-with-multicolor-1-300x300.webp 300w, https:\/\/jxgchocolate.com\/wp-content\/uploads\/2024\/04\/wholesale-chocolate-covered-sunflower-seeds-with-multicolor-1-150x150.webp 150w, https:\/\/jxgchocolate.com\/wp-content\/uploads\/2024\/04\/wholesale-chocolate-covered-sunflower-seeds-with-multicolor-1-768x768.webp 768w, https:\/\/jxgchocolate.com\/wp-content\/uploads\/2024\/04\/wholesale-chocolate-covered-sunflower-seeds-with-multicolor-1-430x430.webp 430w, https:\/\/jxgchocolate.com\/wp-content\/uploads\/2024\/04\/wholesale-chocolate-covered-sunflower-seeds-with-multicolor-1-700x700.webp 700w\" sizes=\"(max-width: 3688px) 100vw, 3688px\" \/><\/figure>\n<\/div>\n<\/div>","protected":false},"excerpt":{"rendered":"<p>As nossas sementes de girassol cobertas de chocolate por atacado selecionam materiais de alta qualidade para garantir um sabor rico e s\u00e3o ricas em prote\u00ednas, fibras e vitaminas m\u00faltiplas, proporcionando aos consumidores um duplo prazer de del\u00edcias e nutri\u00e7\u00e3o. Pode atender \u00e0s necessidades pessoais e comerciais.<\/p>\n<table width=\"275\">\n<tbody>\n<tr>\n<td width=\"108\">Fabricante<\/td>\n<td width=\"167\">Fruta da sorte<\/td>\n<\/tr>\n<tr>\n<td>MODELO NO.<\/td>\n<td>JXG06<\/td>\n<\/tr>\n<tr>\n<td>Tipo<\/td>\n<td>Sementes de girassol Chocolate\u00a0<\/td>\n<\/tr>\n<tr>\n<td>Embalagem<\/td>\n<td>Embalagem em caixa<\/td>\n<\/tr>\n<tr>\n<td>Especifica\u00e7\u00e3o<\/td>\n<td>4g*70pcs*30bags<\/td>\n<\/tr>\n<tr>\n<td>Tamanho da caixa<\/td>\n<td>43,5*33*33 cm<\/td>\n<\/tr>\n<tr>\n<td>N.W \/SET<\/td>\n<td>21g*12 sacos*24 caixas<\/td>\n<\/tr>\n<tr>\n<td>Cor<\/td>\n<td>Multicolor<\/td>\n<\/tr>\n<tr>\n<td>MOQ<\/td>\n<td>500 caixas de cart\u00e3o<\/td>\n<\/tr>\n<tr>\n<td>Personaliza\u00e7\u00e3o<\/td>\n<td>Embalagem\/LOGO<\/td>\n<\/tr>\n<\/tbody>\n<\/table>","protected":false},"featured_media":28379,"comment_status":"closed","ping_status":"closed","template":"","meta":[],"product_cat":[72],"product_tag":[],"class_list":{"0":"post-27299","1":"product","2":"type-product","3":"status-publish","4":"has-post-thumbnail","6":"product_cat-wholesale-chocolate-covered-sunflower-seeds","8":"first","9":"instock","10":"shipping-taxable","11":"product-type-simple"},"_links":{"self":[{"href":"https:\/\/jxgchocolate.com\/pt\/wp-json\/wp\/v2\/product\/27299","targetHints":{"allow":["GET"]}}],"collection":[{"href":"https:\/\/jxgchocolate.com\/pt\/wp-json\/wp\/v2\/product"}],"about":[{"href":"https:\/\/jxgchocolate.com\/pt\/wp-json\/wp\/v2\/types\/product"}],"replies":[{"embeddable":true,"href":"https:\/\/jxgchocolate.com\/pt\/wp-json\/wp\/v2\/comments?post=27299"}],"version-history":[{"count":0,"href":"https:\/\/jxgchocolate.com\/pt\/wp-json\/wp\/v2\/product\/27299\/revisions"}],"wp:featuredmedia":[{"embeddable":true,"href":"https:\/\/jxgchocolate.com\/pt\/wp-json\/wp\/v2\/media\/28379"}],"wp:attachment":[{"href":"https:\/\/jxgchocolate.com\/pt\/wp-json\/wp\/v2\/media?parent=27299"}],"wp:term":[{"taxonomy":"product_cat","embeddable":true,"href":"https:\/\/jxgchocolate.com\/pt\/wp-json\/wp\/v2\/product_cat?post=27299"},{"taxonomy":"product_tag","embeddable":true,"href":"https:\/\/jxgchocolate.com\/pt\/wp-json\/wp\/v2\/product_tag?post=27299"}],"curies":[{"name":"wp","href":"https:\/\/api.w.org\/{rel}","templated":true}]}}