{"id":27314,"date":"2024-04-27T03:35:26","date_gmt":"2024-04-27T03:35:26","guid":{"rendered":"https:\/\/jxgchocolate.com\/?post_type=product&#038;p=27314"},"modified":"2024-11-02T07:55:27","modified_gmt":"2024-11-02T07:55:27","slug":"milk-chocolate-covered-sunflower-seeds-bulk","status":"publish","type":"product","link":"https:\/\/jxgchocolate.com\/pt\/produto\/milk-chocolate-covered-sunflower-seeds-bulk\/","title":{"rendered":"Sementes de girassol saud\u00e1veis cobertas com chocolate de leite a granel"},"content":{"rendered":"<div class=\"wp-block-columns is-layout-flex wp-container-core-columns-is-layout-9d6595d7 wp-block-columns-is-layout-flex\">\n<div class=\"wp-block-column is-layout-flow wp-block-column-is-layout-flow\">\n<h2 class=\"wp-block-heading\">Sementes de girassol cobertas com chocolate de leite Premium Caracter\u00edsticas a granel:<\/h2>\n\n\n\n<ul class=\"wp-block-list\">\n<li><strong>Fonte natural de energia: <\/strong>As nossas sementes de girassol cobertas com chocolate de leite s\u00e3o um snack natural e saud\u00e1vel, rico em prote\u00ednas, fibras e multivitaminas, que os consumidores consideram uma combina\u00e7\u00e3o perfeita de sa\u00fade e del\u00edcias. As nossas sementes de girassol com chocolate a granel s\u00e3o cuidadosamente escolhidas a dedo e depois cobertas com o melhor chocolate de leite para garantir a riqueza e a satisfa\u00e7\u00e3o do paladar.<\/li>\n\n\n\n<li><strong>Utiliza\u00e7\u00e3o diversificada: <\/strong>Estas sementes de girassol cobertas de chocolate a granel podem ser consumidas diretamente como um snack; al\u00e9m disso, tamb\u00e9m podem ser utilizadas em todos os tipos de processamento de alimentos, tais como cozedura de p\u00e3o, mistura de frutos secos e fabrico de sobremesas. Pode ser consumido como um lanche ou para fins comerciais.<\/li>\n\n\n\n<li><strong>Embalagem grossista de grande capacidade: <\/strong>Fornecemos embalagens grossistas de grande capacidade para sementes de girassol cobertas com chocolate de leite a granel, adequadas para retalhistas, supermercados e outros clientes comerciais para satisfazer as suas necessidades de compra a granel.<\/li>\n\n\n\n<li><strong>Garantia de frescura: <\/strong>Garantimos o fornecimento de sementes de girassol frescas cobertas de chocolate a granel com excelente qualidade de embalagem e conserva\u00e7\u00e3o, de modo a permitir que o produto mantenha um sabor e frescura consistentes.<\/li>\n\n\n\n<li><strong>Vantagem de pre\u00e7o: <\/strong>Estas sementes de girassol cobertas de chocolate de leite a granel n\u00e3o s\u00f3 s\u00e3o de boa qualidade como tamb\u00e9m t\u00eam pre\u00e7os razo\u00e1veis, garantindo margens de lucro consider\u00e1veis para o seu neg\u00f3cio de venda a retalho, permitindo-lhe ganhar maior competitividade no mercado.<\/li>\n<\/ul>\n<\/div>\n\n\n\n<div class=\"wp-block-column is-layout-flow wp-block-column-is-layout-flow\">\n<figure class=\"wp-block-image size-full\"><img fetchpriority=\"high\" decoding=\"async\" width=\"4172\" height=\"4172\" src=\"https:\/\/jxgchocolate.com\/wp-content\/uploads\/2024\/04\/milk-chocolate-covered-sunflower-seeds-bulk-1.webp\" alt=\"sementes de girassol cobertas com chocolate de leite - pacote 1\" class=\"wp-image-27315\" srcset=\"https:\/\/jxgchocolate.com\/wp-content\/uploads\/2024\/04\/milk-chocolate-covered-sunflower-seeds-bulk-1.webp 4172w, https:\/\/jxgchocolate.com\/wp-content\/uploads\/2024\/04\/milk-chocolate-covered-sunflower-seeds-bulk-1-300x300.webp 300w, https:\/\/jxgchocolate.com\/wp-content\/uploads\/2024\/04\/milk-chocolate-covered-sunflower-seeds-bulk-1-150x150.webp 150w, https:\/\/jxgchocolate.com\/wp-content\/uploads\/2024\/04\/milk-chocolate-covered-sunflower-seeds-bulk-1-768x768.webp 768w, https:\/\/jxgchocolate.com\/wp-content\/uploads\/2024\/04\/milk-chocolate-covered-sunflower-seeds-bulk-1-430x430.webp 430w, https:\/\/jxgchocolate.com\/wp-content\/uploads\/2024\/04\/milk-chocolate-covered-sunflower-seeds-bulk-1-700x700.webp 700w\" sizes=\"(max-width: 4172px) 100vw, 4172px\" \/><\/figure>\n<\/div>\n<\/div>","protected":false},"excerpt":{"rendered":"<p>Bem-vindo \u00e0 compra de sementes de girassol cobertas com chocolate a granel. As nossas sementes de girassol cobertas com chocolate de leite a granel s\u00e3o capazes de atrair uma grande variedade de grupos de consumidores com o seu sabor perfeito e nutri\u00e7\u00e3o rica, satisfazendo os seus gostos e necessidades para o sucesso cont\u00ednuo e crescimento do seu neg\u00f3cio.<\/p>\n<table width=\"275\">\n<tbody>\n<tr>\n<td width=\"108\">Fabricante<\/td>\n<td width=\"167\">Fruta da sorte<\/td>\n<\/tr>\n<tr>\n<td>MODELO NO.<\/td>\n<td>JXG05<\/td>\n<\/tr>\n<tr>\n<td>Tipo<\/td>\n<td>Sementes de girassol Chocolate\u00a0<\/td>\n<\/tr>\n<tr>\n<td>Embalagem<\/td>\n<td>Embalagem em caixa<\/td>\n<\/tr>\n<tr>\n<td>Especifica\u00e7\u00e3o<\/td>\n<td>4g*70pcs*30bags<\/td>\n<\/tr>\n<tr>\n<td>Tamanho da caixa<\/td>\n<td>43,5*33*33 cm<\/td>\n<\/tr>\n<tr>\n<td>N.W \/SET<\/td>\n<td>21g*12 sacos*24 caixas<\/td>\n<\/tr>\n<tr>\n<td>Cor<\/td>\n<td>Branco<\/td>\n<\/tr>\n<tr>\n<td>MOQ<\/td>\n<td>500 caixas de cart\u00e3o<\/td>\n<\/tr>\n<tr>\n<td>Personaliza\u00e7\u00e3o<\/td>\n<td>Embalagem\/LOGO<\/td>\n<\/tr>\n<\/tbody>\n<\/table>","protected":false},"featured_media":28403,"comment_status":"closed","ping_status":"closed","template":"","meta":[],"product_cat":[72],"product_tag":[],"class_list":{"0":"post-27314","1":"product","2":"type-product","3":"status-publish","4":"has-post-thumbnail","6":"product_cat-wholesale-chocolate-covered-sunflower-seeds","8":"first","9":"instock","10":"shipping-taxable","11":"product-type-simple"},"_links":{"self":[{"href":"https:\/\/jxgchocolate.com\/pt\/wp-json\/wp\/v2\/product\/27314","targetHints":{"allow":["GET"]}}],"collection":[{"href":"https:\/\/jxgchocolate.com\/pt\/wp-json\/wp\/v2\/product"}],"about":[{"href":"https:\/\/jxgchocolate.com\/pt\/wp-json\/wp\/v2\/types\/product"}],"replies":[{"embeddable":true,"href":"https:\/\/jxgchocolate.com\/pt\/wp-json\/wp\/v2\/comments?post=27314"}],"version-history":[{"count":0,"href":"https:\/\/jxgchocolate.com\/pt\/wp-json\/wp\/v2\/product\/27314\/revisions"}],"wp:featuredmedia":[{"embeddable":true,"href":"https:\/\/jxgchocolate.com\/pt\/wp-json\/wp\/v2\/media\/28403"}],"wp:attachment":[{"href":"https:\/\/jxgchocolate.com\/pt\/wp-json\/wp\/v2\/media?parent=27314"}],"wp:term":[{"taxonomy":"product_cat","embeddable":true,"href":"https:\/\/jxgchocolate.com\/pt\/wp-json\/wp\/v2\/product_cat?post=27314"},{"taxonomy":"product_tag","embeddable":true,"href":"https:\/\/jxgchocolate.com\/pt\/wp-json\/wp\/v2\/product_tag?post=27314"}],"curies":[{"name":"wp","href":"https:\/\/api.w.org\/{rel}","templated":true}]}}