{"id":27324,"date":"2024-04-27T03:47:36","date_gmt":"2024-04-27T03:47:36","guid":{"rendered":"https:\/\/jxgchocolate.com\/?post_type=product&#038;p=27324"},"modified":"2024-11-02T07:59:59","modified_gmt":"2024-11-02T07:59:59","slug":"multicolored-chocolate-covered-sunflower-seeds-bulk","status":"publish","type":"product","link":"https:\/\/jxgchocolate.com\/pt\/produto\/multicolored-chocolate-covered-sunflower-seeds-bulk\/","title":{"rendered":"Saborosas sementes de girassol multicoloridas cobertas de chocolate a granel"},"content":{"rendered":"<div class=\"wp-block-columns is-layout-flex wp-container-core-columns-is-layout-9d6595d7 wp-block-columns-is-layout-flex\">\n<div class=\"wp-block-column is-layout-flow wp-block-column-is-layout-flow\">\n<h2 class=\"wp-block-heading\">Sementes de girassol cobertas de chocolate Premium Multicoloridas a granel Carater\u00edsticas:<\/h2>\n\n\n\n<ul class=\"wp-block-list\">\n<li><strong>Cobertura de chocolate colorida:<\/strong> As nossas sementes de girassol multicoloridas cobertas de chocolate a granel s\u00e3o cobertas de chocolate colorido, brilhante e atrativo, proporcionando aos consumidores prazer visual e gustativo.<\/li>\n\n\n\n<li><strong>Alimenta\u00e7\u00e3o equilibrada: <\/strong>Estas sementes de girassol de chocolate a granel fornecem uma \u00f3ptima fonte de prote\u00ednas, fibras e vitaminas, enquanto a cobertura de chocolate acrescenta um sabor delicioso para as tornar saud\u00e1veis e deliciosas.<\/li>\n\n\n\n<li><strong>Polivalente: <\/strong>Este produto a granel de sementes de girassol cobertas de chocolate multicolorido n\u00e3o s\u00f3 \u00e9 adequado para comer diretamente como um lanche, mas tamb\u00e9m pode ser usado para decorar bolos, gelados e nozes mistas, etc., oferecendo possibilidades ilimitadas \u00e0 sua criatividade.<\/li>\n\n\n\n<li><strong>Garantia de frescura: <\/strong>Estamos empenhados em fornecer as sementes de girassol de chocolate mais frescas a granel, utilizando embalagens e m\u00e9todos de armazenamento de alta qualidade para garantir um sabor e uma qualidade consistentes.<\/li>\n\n\n\n<li><strong>Rela\u00e7\u00e3o qualidade-pre\u00e7o: <\/strong>As nossas sementes de girassol multicoloridas cobertas de chocolate a granel s\u00e3o de alta qualidade, mas acess\u00edveis, oferecendo uma margem de lucro est\u00e1vel para a sua opera\u00e7\u00e3o comercial e permitindo-lhe ser competitivo no mercado.<\/li>\n<\/ul>\n<\/div>\n\n\n\n<div class=\"wp-block-column is-layout-flow wp-block-column-is-layout-flow\">\n<figure class=\"wp-block-image size-full\"><img fetchpriority=\"high\" decoding=\"async\" width=\"800\" height=\"800\" src=\"https:\/\/jxgchocolate.com\/wp-content\/uploads\/2024\/04\/multicolored-chocolate-covered-sunflower-seeds-bulk-2.webp\" alt=\"multicolorido-chocolate-covered-sunflower-seeds-bulk-2\" class=\"wp-image-27326\" srcset=\"https:\/\/jxgchocolate.com\/wp-content\/uploads\/2024\/04\/multicolored-chocolate-covered-sunflower-seeds-bulk-2.webp 800w, https:\/\/jxgchocolate.com\/wp-content\/uploads\/2024\/04\/multicolored-chocolate-covered-sunflower-seeds-bulk-2-300x300.webp 300w, https:\/\/jxgchocolate.com\/wp-content\/uploads\/2024\/04\/multicolored-chocolate-covered-sunflower-seeds-bulk-2-150x150.webp 150w, https:\/\/jxgchocolate.com\/wp-content\/uploads\/2024\/04\/multicolored-chocolate-covered-sunflower-seeds-bulk-2-768x768.webp 768w, https:\/\/jxgchocolate.com\/wp-content\/uploads\/2024\/04\/multicolored-chocolate-covered-sunflower-seeds-bulk-2-430x430.webp 430w, https:\/\/jxgchocolate.com\/wp-content\/uploads\/2024\/04\/multicolored-chocolate-covered-sunflower-seeds-bulk-2-700x700.webp 700w\" sizes=\"(max-width: 800px) 100vw, 800px\" \/><\/figure>\n<\/div>\n<\/div>","protected":false},"excerpt":{"rendered":"<p>Bem-vindo \u00e0 compra de sementes de girassol de chocolate a granel. Este volume de sementes de girassol cobertas com chocolate multicolorido \u00e9 bastante colorido, saud\u00e1vel e delicioso o suficiente para satisfazer os gostos e necessidades de diferentes consumidores e alcan\u00e7ar grande sucesso e crescimento para o seu neg\u00f3cio.<\/p>\n<table width=\"275\">\n<tbody>\n<tr>\n<td width=\"108\">Fabricante<\/td>\n<td width=\"167\">Fruta da sorte<\/td>\n<\/tr>\n<tr>\n<td>MODELO NO.<\/td>\n<td>JXG07<\/td>\n<\/tr>\n<tr>\n<td>Tipo<\/td>\n<td>Sementes de girassol Chocolate\u00a0<\/td>\n<\/tr>\n<tr>\n<td>Embalagem<\/td>\n<td>Embalagem de sacos<\/td>\n<\/tr>\n<tr>\n<td>Especifica\u00e7\u00e3o<\/td>\n<td>20 sacos<\/td>\n<\/tr>\n<tr>\n<td>Tamanho da caixa<\/td>\n<td>44*29*26 cm<\/td>\n<\/tr>\n<tr>\n<td>N.W \/SET<\/td>\n<td>280g*20 sacos<\/td>\n<\/tr>\n<tr>\n<td>Cor<\/td>\n<td>Multicolor<\/td>\n<\/tr>\n<tr>\n<td>MOQ<\/td>\n<td>500 caixas de cart\u00e3o<\/td>\n<\/tr>\n<tr>\n<td>Personaliza\u00e7\u00e3o<\/td>\n<td>Embalagem\/LOGO<\/td>\n<\/tr>\n<\/tbody>\n<\/table>","protected":false},"featured_media":28404,"comment_status":"closed","ping_status":"closed","template":"","meta":[],"product_cat":[72],"product_tag":[],"class_list":{"0":"post-27324","1":"product","2":"type-product","3":"status-publish","4":"has-post-thumbnail","6":"product_cat-wholesale-chocolate-covered-sunflower-seeds","8":"first","9":"instock","10":"shipping-taxable","11":"product-type-simple"},"_links":{"self":[{"href":"https:\/\/jxgchocolate.com\/pt\/wp-json\/wp\/v2\/product\/27324","targetHints":{"allow":["GET"]}}],"collection":[{"href":"https:\/\/jxgchocolate.com\/pt\/wp-json\/wp\/v2\/product"}],"about":[{"href":"https:\/\/jxgchocolate.com\/pt\/wp-json\/wp\/v2\/types\/product"}],"replies":[{"embeddable":true,"href":"https:\/\/jxgchocolate.com\/pt\/wp-json\/wp\/v2\/comments?post=27324"}],"version-history":[{"count":0,"href":"https:\/\/jxgchocolate.com\/pt\/wp-json\/wp\/v2\/product\/27324\/revisions"}],"wp:featuredmedia":[{"embeddable":true,"href":"https:\/\/jxgchocolate.com\/pt\/wp-json\/wp\/v2\/media\/28404"}],"wp:attachment":[{"href":"https:\/\/jxgchocolate.com\/pt\/wp-json\/wp\/v2\/media?parent=27324"}],"wp:term":[{"taxonomy":"product_cat","embeddable":true,"href":"https:\/\/jxgchocolate.com\/pt\/wp-json\/wp\/v2\/product_cat?post=27324"},{"taxonomy":"product_tag","embeddable":true,"href":"https:\/\/jxgchocolate.com\/pt\/wp-json\/wp\/v2\/product_tag?post=27324"}],"curies":[{"name":"wp","href":"https:\/\/api.w.org\/{rel}","templated":true}]}}