{"id":27332,"date":"2024-04-27T03:59:51","date_gmt":"2024-04-27T03:59:51","guid":{"rendered":"https:\/\/jxgchocolate.com\/?post_type=product&#038;p=27332"},"modified":"2024-11-02T08:07:29","modified_gmt":"2024-11-02T08:07:29","slug":"wholesale-milk-chocolate-covered-sunflower-seeds","status":"publish","type":"product","link":"https:\/\/jxgchocolate.com\/pt\/produto\/wholesale-milk-chocolate-covered-sunflower-seeds\/","title":{"rendered":"Deliciosas sementes de girassol com cobertura de chocolate de leite por atacado"},"content":{"rendered":"<div class=\"wp-block-columns is-layout-flex wp-container-core-columns-is-layout-9d6595d7 wp-block-columns-is-layout-flex\">\n<div class=\"wp-block-column is-layout-flow wp-block-column-is-layout-flow\">\n<h2 class=\"wp-block-heading\">Sementes de girassol cobertas com chocolate de leite por atacado Premium Carater\u00edsticas:<\/h2>\n\n\n\n<ul class=\"wp-block-list\">\n<li><strong>Delicadeza criativa: <\/strong>Estas sementes de girassol cobertas com chocolate de leite por atacado criam uma combina\u00e7\u00e3o perfeita entre a do\u00e7ura do chocolate de leite e a croc\u00e2ncia das sementes de girassol. Trata-se de uma iguaria muito original e criativa, adequada para consumidores de todas as idades.<\/li>\n\n\n\n<li><strong>Rico em nutrientes: <\/strong>Deliciosas e saud\u00e1veis, estas sementes de girassol cobertas de chocolate a granel est\u00e3o repletas de prote\u00ednas e fibras alimentares saud\u00e1veis, satisfazendo completamente as necessidades energ\u00e9ticas do cliente e, por conseguinte, s\u00e3o nutricionalmente corretas.<\/li>\n\n\n\n<li><strong>Personaliza\u00e7\u00e3o personalizada: <\/strong>Apoiamos servi\u00e7os de personaliza\u00e7\u00e3o personalizados para sementes de girassol cobertas de chocolate ao leite por atacado. Podemos ajustar a embalagem, os ingredientes ou as especifica\u00e7\u00f5es do produto de acordo com as necessidades dos diferentes clientes e criar um esquema personalizado.<\/li>\n\n\n\n<li><strong>Qualidade a um pre\u00e7o acess\u00edvel:<\/strong> As nossas sementes de girassol cobertas de chocolate a granel s\u00e3o de alta qualidade e a um pre\u00e7o competitivo para atingir uma margem de lucro est\u00e1vel na sua opera\u00e7\u00e3o e mant\u00ea-lo competitivo no mercado.<\/li>\n<\/ul>\n<\/div>\n\n\n\n<div class=\"wp-block-column is-layout-flow wp-block-column-is-layout-flow\">\n<figure class=\"wp-block-image size-full\"><img fetchpriority=\"high\" decoding=\"async\" width=\"800\" height=\"800\" src=\"https:\/\/jxgchocolate.com\/wp-content\/uploads\/2024\/04\/multicolored-chocolate-covered-sunflower-seeds-bulk-4.webp\" alt=\"sementes de girassol cobertas com chocolate por atacado - 4\" class=\"wp-image-27328\" srcset=\"https:\/\/jxgchocolate.com\/wp-content\/uploads\/2024\/04\/multicolored-chocolate-covered-sunflower-seeds-bulk-4.webp 800w, https:\/\/jxgchocolate.com\/wp-content\/uploads\/2024\/04\/multicolored-chocolate-covered-sunflower-seeds-bulk-4-300x300.webp 300w, https:\/\/jxgchocolate.com\/wp-content\/uploads\/2024\/04\/multicolored-chocolate-covered-sunflower-seeds-bulk-4-150x150.webp 150w, https:\/\/jxgchocolate.com\/wp-content\/uploads\/2024\/04\/multicolored-chocolate-covered-sunflower-seeds-bulk-4-768x768.webp 768w, https:\/\/jxgchocolate.com\/wp-content\/uploads\/2024\/04\/multicolored-chocolate-covered-sunflower-seeds-bulk-4-430x430.webp 430w, https:\/\/jxgchocolate.com\/wp-content\/uploads\/2024\/04\/multicolored-chocolate-covered-sunflower-seeds-bulk-4-700x700.webp 700w\" sizes=\"(max-width: 800px) 100vw, 800px\" \/><\/figure>\n<\/div>\n<\/div>\n\n\n\n<p><\/p>","protected":false},"excerpt":{"rendered":"<p>Bem-vindo ao comprar sementes de girassol cobertas de chocolate a granel. As nossas sementes de girassol cobertas com chocolate de leite por atacado s\u00e3o deliciosas e saud\u00e1veis, aumentando a competitividade no seu neg\u00f3cio com um pre\u00e7o competitivo, satisfazendo as elevadas exig\u00eancias de qualidade e servi\u00e7o de nutri\u00e7\u00e3o para os consumidores.<\/p>\n<table width=\"275\">\n<tbody>\n<tr>\n<td width=\"108\">Fabricante<\/td>\n<td width=\"167\">Fruta da sorte<\/td>\n<\/tr>\n<tr>\n<td>MODELO NO.<\/td>\n<td>JXG08<\/td>\n<\/tr>\n<tr>\n<td>Tipo<\/td>\n<td>Sementes de girassol Chocolate\u00a0<\/td>\n<\/tr>\n<tr>\n<td>Embalagem<\/td>\n<td>Embalagem de sacos<\/td>\n<\/tr>\n<tr>\n<td>Especifica\u00e7\u00e3o<\/td>\n<td>20pcs*24bags<\/td>\n<\/tr>\n<tr>\n<td>Tamanho da caixa<\/td>\n<td>54*29*29 cm<\/td>\n<\/tr>\n<tr>\n<td>N.W \/SET<\/td>\n<td>15g*20pcs*24bags<\/td>\n<\/tr>\n<tr>\n<td>Cor<\/td>\n<td>Branco<\/td>\n<\/tr>\n<tr>\n<td>MOQ<\/td>\n<td>500 caixas de cart\u00e3o<\/td>\n<\/tr>\n<tr>\n<td>Personaliza\u00e7\u00e3o<\/td>\n<td>Embalagem\/LOGO<\/td>\n<\/tr>\n<\/tbody>\n<\/table>","protected":false},"featured_media":28402,"comment_status":"closed","ping_status":"closed","template":"","meta":[],"product_cat":[72],"product_tag":[],"class_list":{"0":"post-27332","1":"product","2":"type-product","3":"status-publish","4":"has-post-thumbnail","6":"product_cat-wholesale-chocolate-covered-sunflower-seeds","8":"first","9":"instock","10":"shipping-taxable","11":"product-type-simple"},"_links":{"self":[{"href":"https:\/\/jxgchocolate.com\/pt\/wp-json\/wp\/v2\/product\/27332","targetHints":{"allow":["GET"]}}],"collection":[{"href":"https:\/\/jxgchocolate.com\/pt\/wp-json\/wp\/v2\/product"}],"about":[{"href":"https:\/\/jxgchocolate.com\/pt\/wp-json\/wp\/v2\/types\/product"}],"replies":[{"embeddable":true,"href":"https:\/\/jxgchocolate.com\/pt\/wp-json\/wp\/v2\/comments?post=27332"}],"version-history":[{"count":0,"href":"https:\/\/jxgchocolate.com\/pt\/wp-json\/wp\/v2\/product\/27332\/revisions"}],"wp:featuredmedia":[{"embeddable":true,"href":"https:\/\/jxgchocolate.com\/pt\/wp-json\/wp\/v2\/media\/28402"}],"wp:attachment":[{"href":"https:\/\/jxgchocolate.com\/pt\/wp-json\/wp\/v2\/media?parent=27332"}],"wp:term":[{"taxonomy":"product_cat","embeddable":true,"href":"https:\/\/jxgchocolate.com\/pt\/wp-json\/wp\/v2\/product_cat?post=27332"},{"taxonomy":"product_tag","embeddable":true,"href":"https:\/\/jxgchocolate.com\/pt\/wp-json\/wp\/v2\/product_tag?post=27332"}],"curies":[{"name":"wp","href":"https:\/\/api.w.org\/{rel}","templated":true}]}}