{"id":27346,"date":"2024-04-27T07:12:57","date_gmt":"2024-04-27T07:12:57","guid":{"rendered":"https:\/\/jxgchocolate.com\/?post_type=product&#038;p=27346"},"modified":"2024-11-02T08:15:17","modified_gmt":"2024-11-02T08:15:17","slug":"dark-chocolate-covered-sunflower-seeds-bulk","status":"publish","type":"product","link":"https:\/\/jxgchocolate.com\/pt\/produto\/dark-chocolate-covered-sunflower-seeds-bulk\/","title":{"rendered":"Sementes de girassol cobertas com chocolate negro a granel"},"content":{"rendered":"<div class=\"wp-block-columns is-layout-flex wp-container-core-columns-is-layout-9d6595d7 wp-block-columns-is-layout-flex\">\n<div class=\"wp-block-column is-layout-flow wp-block-column-is-layout-flow\">\n<h2 class=\"wp-block-heading\">Sementes de girassol cobertas com chocolate negro Premium Carater\u00edsticas a granel:<\/h2>\n\n\n\n<ul class=\"wp-block-list\">\n<li><strong>Cobertura de chocolate negro saboroso: <\/strong>As nossas embalagens personalizadas de sementes de girassol cobertas com chocolate t\u00eam um sabor profundo e rico com um miolo de girassol estaladi\u00e7o, que deixaria qualquer um intoxicado.<\/li>\n\n\n\n<li><strong>Sa\u00fade e nutri\u00e7\u00e3o:<\/strong> Estas sementes de girassol cobertas de chocolate a granel s\u00e3o ricas em antioxidantes, enquanto que as sementes de girassol ajudam n\u00e3o s\u00f3 a satisfazer as necessidades deliciosas de comer snacks, mas tamb\u00e9m ajudam a obter suplementos nutricionais saud\u00e1veis.<\/li>\n\n\n\n<li><strong>Embalagem para venda por grosso:<\/strong> Fornecemos embalagens grossistas de grande capacidade para sementes de girassol cobertas com chocolate preto a granel para retalhistas, supermercados e outras categorias comerciais para satisfazer a procura de compras a granel e uma garantia para o neg\u00f3cio.<\/li>\n\n\n\n<li><strong>Garantia de frescura: <\/strong>Garantimos a frescura das nossas sementes de girassol cobertas de chocolate a granel, utilizando embalagens de qualidade e m\u00e9todos de armazenamento que garantem a consist\u00eancia do sabor e da qualidade.<\/li>\n<\/ul>\n<\/div>\n\n\n\n<div class=\"wp-block-column is-layout-flow wp-block-column-is-layout-flow\">\n<figure class=\"wp-block-image size-full\"><img fetchpriority=\"high\" decoding=\"async\" width=\"750\" height=\"750\" src=\"https:\/\/jxgchocolate.com\/wp-content\/uploads\/2024\/04\/dark-chocolate-covered-sunflower-seeds-bulk-2.webp\" alt=\"sementes de girassol cobertas com chocolate negro - pacote 2\" class=\"wp-image-27348\" srcset=\"https:\/\/jxgchocolate.com\/wp-content\/uploads\/2024\/04\/dark-chocolate-covered-sunflower-seeds-bulk-2.webp 750w, https:\/\/jxgchocolate.com\/wp-content\/uploads\/2024\/04\/dark-chocolate-covered-sunflower-seeds-bulk-2-300x300.webp 300w, https:\/\/jxgchocolate.com\/wp-content\/uploads\/2024\/04\/dark-chocolate-covered-sunflower-seeds-bulk-2-150x150.webp 150w, https:\/\/jxgchocolate.com\/wp-content\/uploads\/2024\/04\/dark-chocolate-covered-sunflower-seeds-bulk-2-430x430.webp 430w, https:\/\/jxgchocolate.com\/wp-content\/uploads\/2024\/04\/dark-chocolate-covered-sunflower-seeds-bulk-2-700x700.webp 700w\" sizes=\"(max-width: 750px) 100vw, 750px\" \/><\/figure>\n<\/div>\n<\/div>","protected":false},"excerpt":{"rendered":"<p>Bem-vindo \u00e0 compra de sementes de girassol cobertas de chocolate a granel. Estas deliciosas sementes de girassol cobertas de chocolate negro a granel saciam a procura de um sabor delicioso entre os consumidores e de suplementos nutricionais saud\u00e1veis. Com disponibilidade por grosso, utiliza\u00e7\u00f5es vers\u00e1teis e pre\u00e7os acess\u00edveis, este produto \u00e9 ideal para v\u00e1rias situa\u00e7\u00f5es comerciais e de retalho.<\/p>\n<table width=\"275\">\n<tbody>\n<tr>\n<td width=\"108\">Fabricante<\/td>\n<td width=\"167\">Fruta da sorte<\/td>\n<\/tr>\n<tr>\n<td>MODELO NO.<\/td>\n<td>JXG09<\/td>\n<\/tr>\n<tr>\n<td>Tipo<\/td>\n<td>Sementes de girassol Chocolate\u00a0<\/td>\n<\/tr>\n<tr>\n<td>Embalagem<\/td>\n<td>Embalagem de sacos<\/td>\n<\/tr>\n<tr>\n<td>Especifica\u00e7\u00e3o<\/td>\n<td>20pcs*24bags<\/td>\n<\/tr>\n<tr>\n<td>Tamanho da caixa<\/td>\n<td>54*29*29 cm<\/td>\n<\/tr>\n<tr>\n<td>N.W \/SET<\/td>\n<td>15g*20pcs*24bags<\/td>\n<\/tr>\n<tr>\n<td>Cor<\/td>\n<td>Escuro<\/td>\n<\/tr>\n<tr>\n<td>MOQ<\/td>\n<td>500 caixas de cart\u00e3o<\/td>\n<\/tr>\n<tr>\n<td>Personaliza\u00e7\u00e3o<\/td>\n<td>Embalagem\/LOGO<\/td>\n<\/tr>\n<\/tbody>\n<\/table>\n<p>&nbsp;<\/p>","protected":false},"featured_media":28400,"comment_status":"closed","ping_status":"closed","template":"","meta":[],"product_cat":[72],"product_tag":[],"class_list":{"0":"post-27346","1":"product","2":"type-product","3":"status-publish","4":"has-post-thumbnail","6":"product_cat-wholesale-chocolate-covered-sunflower-seeds","8":"first","9":"instock","10":"shipping-taxable","11":"product-type-simple"},"_links":{"self":[{"href":"https:\/\/jxgchocolate.com\/pt\/wp-json\/wp\/v2\/product\/27346","targetHints":{"allow":["GET"]}}],"collection":[{"href":"https:\/\/jxgchocolate.com\/pt\/wp-json\/wp\/v2\/product"}],"about":[{"href":"https:\/\/jxgchocolate.com\/pt\/wp-json\/wp\/v2\/types\/product"}],"replies":[{"embeddable":true,"href":"https:\/\/jxgchocolate.com\/pt\/wp-json\/wp\/v2\/comments?post=27346"}],"version-history":[{"count":0,"href":"https:\/\/jxgchocolate.com\/pt\/wp-json\/wp\/v2\/product\/27346\/revisions"}],"wp:featuredmedia":[{"embeddable":true,"href":"https:\/\/jxgchocolate.com\/pt\/wp-json\/wp\/v2\/media\/28400"}],"wp:attachment":[{"href":"https:\/\/jxgchocolate.com\/pt\/wp-json\/wp\/v2\/media?parent=27346"}],"wp:term":[{"taxonomy":"product_cat","embeddable":true,"href":"https:\/\/jxgchocolate.com\/pt\/wp-json\/wp\/v2\/product_cat?post=27346"},{"taxonomy":"product_tag","embeddable":true,"href":"https:\/\/jxgchocolate.com\/pt\/wp-json\/wp\/v2\/product_tag?post=27346"}],"curies":[{"name":"wp","href":"https:\/\/api.w.org\/{rel}","templated":true}]}}