{"id":27354,"date":"2024-04-27T07:27:05","date_gmt":"2024-04-27T07:27:05","guid":{"rendered":"https:\/\/jxgchocolate.com\/?post_type=product&#038;p=27354"},"modified":"2024-11-02T08:25:52","modified_gmt":"2024-11-02T08:25:52","slug":"matcha-chocolate-sunflower-seeds-bulk","status":"publish","type":"product","link":"https:\/\/jxgchocolate.com\/pt\/produto\/matcha-chocolate-sunflower-seeds-bulk\/","title":{"rendered":"Deliciosas sementes de girassol de chocolate Matcha a granel da f\u00e1brica"},"content":{"rendered":"<div class=\"wp-block-columns is-layout-flex wp-container-core-columns-is-layout-9d6595d7 wp-block-columns-is-layout-flex\">\n<div class=\"wp-block-column is-layout-flow wp-block-column-is-layout-flow\">\n<h2 class=\"wp-block-heading\">Sementes de girassol Premium Matcha Chocolate a granel Carater\u00edsticas:<\/h2>\n\n\n\n<ul class=\"wp-block-list\">\n<li><strong>Experi\u00eancia de sabor \u00fanica: <\/strong>A massa de sementes de girassol com chocolate matcha \u00e9 deliciosa e saud\u00e1vel, o que lhe proporcionar\u00e1 uma experi\u00eancia de sabor diferente que nunca esquecer\u00e1.<\/li>\n\n\n\n<li><strong>Alta qualidade: <\/strong>Utilizamos mat\u00e9ria-prima de alta qualidade, e o seu processo de produ\u00e7\u00e3o \u00e9 bastante rigoroso, a fim de manter estas sementes de girassol de chocolate a granel consistentes em sabor e qualidade.<\/li>\n\n\n\n<li><strong>Ingredientes saud\u00e1veis e nutritivos: <\/strong>O Matcha \u00e9 rico em antioxidantes e amino\u00e1cidos, enquanto as sementes de girassol est\u00e3o cheias de prote\u00ednas e fibras, juntamente com uma variedade de vitaminas. Tendo em conta este facto, o nosso produto a granel de sementes de girassol com chocolate matcha ir\u00e1 satisfazer o desejo de petiscos deliciosos e suplementos nutricionais saud\u00e1veis.<\/li>\n\n\n\n<li><strong>Fornecimento para toda a venda: <\/strong>Vendemos por atacado uma enorme quantidade de embalagens que podem ser adequadas para retalhistas, supermercados e quaisquer outros clientes comerciais. As nossas sementes de girassol de chocolate a granel satisfazem a procura na compra a granel e apoiam o processo comercial em conformidade.<\/li>\n<\/ul>\n<\/div>\n\n\n\n<div class=\"wp-block-column is-layout-flow wp-block-column-is-layout-flow\">\n<figure class=\"wp-block-image size-full\"><img fetchpriority=\"high\" decoding=\"async\" width=\"750\" height=\"750\" src=\"https:\/\/jxgchocolate.com\/wp-content\/uploads\/2024\/04\/matcha-chocolate-covered-sunflower-seeds-bulk-2.webp\" alt=\"matcha-chocolate-covered-sunflower-seeds-bulk-2\" class=\"wp-image-27356\" srcset=\"https:\/\/jxgchocolate.com\/wp-content\/uploads\/2024\/04\/matcha-chocolate-covered-sunflower-seeds-bulk-2.webp 750w, https:\/\/jxgchocolate.com\/wp-content\/uploads\/2024\/04\/matcha-chocolate-covered-sunflower-seeds-bulk-2-300x300.webp 300w, https:\/\/jxgchocolate.com\/wp-content\/uploads\/2024\/04\/matcha-chocolate-covered-sunflower-seeds-bulk-2-150x150.webp 150w, https:\/\/jxgchocolate.com\/wp-content\/uploads\/2024\/04\/matcha-chocolate-covered-sunflower-seeds-bulk-2-430x430.webp 430w, https:\/\/jxgchocolate.com\/wp-content\/uploads\/2024\/04\/matcha-chocolate-covered-sunflower-seeds-bulk-2-700x700.webp 700w\" sizes=\"(max-width: 750px) 100vw, 750px\" \/><\/figure>\n<\/div>\n<\/div>","protected":false},"excerpt":{"rendered":"<p>Bem-vindo \u00e0 compra de sementes de girassol de chocolate a granel. As nossas sementes de girassol de chocolate matcha a granel oferecem uma experi\u00eancia de sabor \u00fanica que \u00e9 inesquec\u00edvel, e muito bem recebida pelos clientes, \u00e9 adequada para retalhistas, supermercados e outros clientes comerciais.<\/p>\n<table width=\"275\">\n<tbody>\n<tr>\n<td width=\"108\">Fabricante<\/td>\n<td width=\"167\">Fruta da sorte<\/td>\n<\/tr>\n<tr>\n<td>MODELO NO.<\/td>\n<td>JXG10<\/td>\n<\/tr>\n<tr>\n<td>Tipo<\/td>\n<td>Sementes de girassol Chocolate\u00a0<\/td>\n<\/tr>\n<tr>\n<td>Embalagem<\/td>\n<td>Embalagem de sacos<\/td>\n<\/tr>\n<tr>\n<td>Especifica\u00e7\u00e3o<\/td>\n<td>20pcs*24bags<\/td>\n<\/tr>\n<tr>\n<td>Tamanho da caixa<\/td>\n<td>54*29*29 cm<\/td>\n<\/tr>\n<tr>\n<td>N.W \/SET<\/td>\n<td>15g*20pcs*24bags<\/td>\n<\/tr>\n<tr>\n<td>Cor<\/td>\n<td>Matcha Verde<\/td>\n<\/tr>\n<tr>\n<td>MOQ<\/td>\n<td>500 caixas de cart\u00e3o<\/td>\n<\/tr>\n<tr>\n<td>Personaliza\u00e7\u00e3o<\/td>\n<td>Embalagem\/LOGO<\/td>\n<\/tr>\n<\/tbody>\n<\/table>","protected":false},"featured_media":28401,"comment_status":"closed","ping_status":"closed","template":"","meta":[],"product_cat":[72],"product_tag":[],"class_list":{"0":"post-27354","1":"product","2":"type-product","3":"status-publish","4":"has-post-thumbnail","6":"product_cat-wholesale-chocolate-covered-sunflower-seeds","8":"first","9":"instock","10":"shipping-taxable","11":"product-type-simple"},"_links":{"self":[{"href":"https:\/\/jxgchocolate.com\/pt\/wp-json\/wp\/v2\/product\/27354","targetHints":{"allow":["GET"]}}],"collection":[{"href":"https:\/\/jxgchocolate.com\/pt\/wp-json\/wp\/v2\/product"}],"about":[{"href":"https:\/\/jxgchocolate.com\/pt\/wp-json\/wp\/v2\/types\/product"}],"replies":[{"embeddable":true,"href":"https:\/\/jxgchocolate.com\/pt\/wp-json\/wp\/v2\/comments?post=27354"}],"version-history":[{"count":0,"href":"https:\/\/jxgchocolate.com\/pt\/wp-json\/wp\/v2\/product\/27354\/revisions"}],"wp:featuredmedia":[{"embeddable":true,"href":"https:\/\/jxgchocolate.com\/pt\/wp-json\/wp\/v2\/media\/28401"}],"wp:attachment":[{"href":"https:\/\/jxgchocolate.com\/pt\/wp-json\/wp\/v2\/media?parent=27354"}],"wp:term":[{"taxonomy":"product_cat","embeddable":true,"href":"https:\/\/jxgchocolate.com\/pt\/wp-json\/wp\/v2\/product_cat?post=27354"},{"taxonomy":"product_tag","embeddable":true,"href":"https:\/\/jxgchocolate.com\/pt\/wp-json\/wp\/v2\/product_tag?post=27354"}],"curies":[{"name":"wp","href":"https:\/\/api.w.org\/{rel}","templated":true}]}}