{"id":27362,"date":"2024-04-27T07:49:00","date_gmt":"2024-04-27T07:49:00","guid":{"rendered":"https:\/\/jxgchocolate.com\/?post_type=product&#038;p=27362"},"modified":"2024-11-09T08:44:44","modified_gmt":"2024-11-09T08:44:44","slug":"bulk-chocolate-covered-peanuts","status":"publish","type":"product","link":"https:\/\/jxgchocolate.com\/pt\/produto\/bulk-chocolate-covered-peanuts\/","title":{"rendered":"Deliciosos amendoins cobertos de chocolate a granel com cobertura de glac\u00ea branco"},"content":{"rendered":"<div class=\"wp-block-columns is-layout-flex wp-container-core-columns-is-layout-9d6595d7 wp-block-columns-is-layout-flex\">\n<div class=\"wp-block-column is-layout-flow wp-block-column-is-layout-flow\">\n<h2 class=\"wp-block-heading\">Amendoins cobertos de chocolate Premium a granel Carater\u00edsticas:<\/h2>\n\n\n\n<ul class=\"wp-block-list\">\n<li><strong>Cobertura branca \u00fanica: <\/strong>Os amendoins selecionados s\u00e3o cobertos com chocolate rico e, em seguida, uma fina camada de cobertura branca \u00e9 utilizada para os congelar, formando um belo contraste, tornando os nossos amendoins cobertos com chocolate a granel mais atraentes. O sabor doce adicional proporciona um prazer duplo \u00e0 vis\u00e3o e ao paladar.<\/li>\n\n\n\n<li><strong>Mistura perfeita de ingredientes finos:<\/strong> Os nossos amendoins de chocolate por atacado s\u00e3o feitos de chocolate de alta qualidade e amendoins frescos. A suavidade do chocolate equilibra na perfei\u00e7\u00e3o a croc\u00e2ncia dos amendoins, enquanto um toque da camada de cobertura acrescenta-lhe uma do\u00e7ura suave. Sentir\u00e1 a del\u00edcia de v\u00e1rias camadas em cada dentada.<\/li>\n\n\n\n<li><strong>Satisfazer v\u00e1rias exig\u00eancias do mercado: <\/strong>Os nossos amendoins com cobertura de chocolate a granel podem ser encomendados em grandes quantidades, o que \u00e9 muito adequado para retalhistas, fornecedores de catering e de presentes, quer se trate de retalho em supermercados, snacks depois do jantar em lojas de catering, ou mesmo caixas de presentes de f\u00e9rias, este amendoim com cobertura de chocolate pode acrescentar atra\u00e7\u00e3o e valor extra ao invent\u00e1rio.<\/li>\n\n\n\n<li><strong>Aumentar o valor acrescentado da marca: <\/strong>Podemos fornecer v\u00e1rias solu\u00e7\u00f5es de embalagem para amendoins de chocolate por atacado, incluindo a granel, pequenas embalagens individuais e caixas de presente, a fim de atender \u00e0s v\u00e1rias exig\u00eancias de diferentes mercados e diferentes posicionamentos de marca. Entretanto, apoiamos a conce\u00e7\u00e3o de embalagens personalizadas, de modo a tornar o seu produto mais identific\u00e1vel no mercado.<\/li>\n<\/ul>\n<\/div>\n\n\n\n<div class=\"wp-block-column is-layout-flow wp-block-column-is-layout-flow\">\n<figure class=\"wp-block-image size-full\"><img fetchpriority=\"high\" decoding=\"async\" width=\"1200\" height=\"1200\" src=\"https:\/\/jxgchocolate.com\/wp-content\/uploads\/2024\/04\/bulk-chocolate-covered-peanuts-2.webp\" alt=\"bulk-chocolate-covered-peanuts-2\" class=\"wp-image-27364\" srcset=\"https:\/\/jxgchocolate.com\/wp-content\/uploads\/2024\/04\/bulk-chocolate-covered-peanuts-2.webp 1200w, https:\/\/jxgchocolate.com\/wp-content\/uploads\/2024\/04\/bulk-chocolate-covered-peanuts-2-300x300.webp 300w, https:\/\/jxgchocolate.com\/wp-content\/uploads\/2024\/04\/bulk-chocolate-covered-peanuts-2-150x150.webp 150w, https:\/\/jxgchocolate.com\/wp-content\/uploads\/2024\/04\/bulk-chocolate-covered-peanuts-2-768x768.webp 768w, https:\/\/jxgchocolate.com\/wp-content\/uploads\/2024\/04\/bulk-chocolate-covered-peanuts-2-430x430.webp 430w, https:\/\/jxgchocolate.com\/wp-content\/uploads\/2024\/04\/bulk-chocolate-covered-peanuts-2-700x700.webp 700w\" sizes=\"(max-width: 1200px) 100vw, 1200px\" \/><\/figure>\n<\/div>\n<\/div>","protected":false},"excerpt":{"rendered":"<p>Compre amendoins de chocolate por atacado da f\u00e1brica. Nossos amendoins cobertos de chocolate a granel combinam perfeitamente amendoins crocantes, chocolate rico e cobertura branca em algo que oferece uma experi\u00eancia doce \u00fanica. Apoiando a compra a granel e o pacote personalizado, \u00e9 ideal para mercados de varejo, catering e presentes.<\/p>\n<table style=\"border-collapse: collapse; width: 275.02pt;\" border=\"0\" width=\"275\" cellspacing=\"0\" cellpadding=\"0\">\n<tbody>\n<tr style=\"height: 17.60pt;\">\n<td class=\"et3\" style=\"height: 17.60pt; width: 108.35pt;\" width=\"108\" height=\"17\">Fabricante<\/td>\n<td class=\"et3\" style=\"width: 167.10pt;\" width=\"167\">Fruta da sorte<\/td>\n<\/tr>\n<tr style=\"height: 17.60pt;\">\n<td class=\"et3\" style=\"height: 17.60pt;\" height=\"17\">MODELO NO.<\/td>\n<td class=\"et3\">JXG01<\/td>\n<\/tr>\n<tr style=\"height: 17.60pt;\">\n<td class=\"et3\" style=\"height: 17.60pt;\" height=\"17\">Tipo<\/td>\n<td class=\"et3\">Amendoins de chocolate<\/td>\n<\/tr>\n<tr style=\"height: 17.60pt;\">\n<td class=\"et3\" style=\"height: 17.60pt;\" height=\"17\">Embalagem<\/td>\n<td class=\"et3\">Embalagem em caixa<\/td>\n<\/tr>\n<tr style=\"height: 17.60pt;\">\n<td class=\"et3\" style=\"height: 17.60pt;\" height=\"17\">Especifica\u00e7\u00e3o<\/td>\n<td class=\"et3\">20 sacos*12 caixas<\/td>\n<\/tr>\n<tr style=\"height: 17.60pt;\">\n<td class=\"et3\" style=\"height: 17.60pt;\" height=\"17\">Tamanho da caixa<\/td>\n<td class=\"et3\">50*30*32 cm<\/td>\n<\/tr>\n<tr style=\"height: 17.60pt;\">\n<td class=\"et3\" style=\"height: 17.60pt;\" height=\"17\">N.W \/SET<\/td>\n<td class=\"et3\">11g\/unidade<\/td>\n<\/tr>\n<tr style=\"height: 17.60pt;\">\n<td class=\"et3\" style=\"height: 17.60pt;\" height=\"17\">Cor<\/td>\n<td class=\"et3\">Multicolor<\/td>\n<\/tr>\n<tr style=\"height: 17.60pt;\">\n<td class=\"et3\" style=\"height: 17.60pt;\" height=\"17\">MOQ<\/td>\n<td class=\"et3\">500 caixas de cart\u00e3o<\/td>\n<\/tr>\n<tr style=\"height: 17.60pt;\">\n<td class=\"et3\" style=\"height: 17.60pt;\" height=\"17\">Personaliza\u00e7\u00e3o<\/td>\n<td class=\"et3\">Embalagem\/LOGO<\/td>\n<\/tr>\n<\/tbody>\n<\/table>","protected":false},"featured_media":28410,"comment_status":"closed","ping_status":"closed","template":"","meta":[],"product_cat":[73],"product_tag":[],"class_list":{"0":"post-27362","1":"product","2":"type-product","3":"status-publish","4":"has-post-thumbnail","6":"product_cat-wholesale-chocolate-covered-peanuts","8":"first","9":"instock","10":"shipping-taxable","11":"product-type-simple"},"_links":{"self":[{"href":"https:\/\/jxgchocolate.com\/pt\/wp-json\/wp\/v2\/product\/27362","targetHints":{"allow":["GET"]}}],"collection":[{"href":"https:\/\/jxgchocolate.com\/pt\/wp-json\/wp\/v2\/product"}],"about":[{"href":"https:\/\/jxgchocolate.com\/pt\/wp-json\/wp\/v2\/types\/product"}],"replies":[{"embeddable":true,"href":"https:\/\/jxgchocolate.com\/pt\/wp-json\/wp\/v2\/comments?post=27362"}],"version-history":[{"count":3,"href":"https:\/\/jxgchocolate.com\/pt\/wp-json\/wp\/v2\/product\/27362\/revisions"}],"predecessor-version":[{"id":29084,"href":"https:\/\/jxgchocolate.com\/pt\/wp-json\/wp\/v2\/product\/27362\/revisions\/29084"}],"wp:featuredmedia":[{"embeddable":true,"href":"https:\/\/jxgchocolate.com\/pt\/wp-json\/wp\/v2\/media\/28410"}],"wp:attachment":[{"href":"https:\/\/jxgchocolate.com\/pt\/wp-json\/wp\/v2\/media?parent=27362"}],"wp:term":[{"taxonomy":"product_cat","embeddable":true,"href":"https:\/\/jxgchocolate.com\/pt\/wp-json\/wp\/v2\/product_cat?post=27362"},{"taxonomy":"product_tag","embeddable":true,"href":"https:\/\/jxgchocolate.com\/pt\/wp-json\/wp\/v2\/product_tag?post=27362"}],"curies":[{"name":"wp","href":"https:\/\/api.w.org\/{rel}","templated":true}]}}