{"id":27373,"date":"2024-04-27T08:26:02","date_gmt":"2024-04-27T08:26:02","guid":{"rendered":"https:\/\/jxgchocolate.com\/?post_type=product&#038;p=27373"},"modified":"2024-11-09T08:36:00","modified_gmt":"2024-11-09T08:36:00","slug":"chocolate-covered-peanuts-wholesale","status":"publish","type":"product","link":"https:\/\/jxgchocolate.com\/pt\/produto\/chocolate-covered-peanuts-wholesale\/","title":{"rendered":"Delectable Double Dipped Chocolate Covered Peanuts Atacado"},"content":{"rendered":"<div class=\"wp-block-columns is-layout-flex wp-container-core-columns-is-layout-9d6595d7 wp-block-columns-is-layout-flex\">\n<div class=\"wp-block-column is-layout-flow wp-block-column-is-layout-flow\">\n<h2 class=\"wp-block-heading\">Amendoins com cobertura de chocolate Premium Caracter\u00edsticas por atacado:<\/h2>\n\n\n\n<ul class=\"wp-block-list\">\n<li><strong>Com cobertura dupla de chocolate: <\/strong>Os nossos amendoins com cobertura de chocolate por grosso s\u00e3o feitos de amendoins de qualidade, que s\u00e3o cobertos por uma camada dupla de chocolate suave. O chocolate \u00e9 engrossado com chocolate de espessura dupla para que cada mordida seja extra suave. As camadas de chocolate adicionam ao crocante de amendoim, tornando-o assim um prazer em camadas e delicioso.<\/li>\n\n\n\n<li><strong>Ingredientes selecionados de alta qualidade: <\/strong>Estes amendoins cobertos com chocolate de dupla cobertura a granel utilizam chocolate de alta qualidade e amendoins frescos e estaladi\u00e7os para garantir que cada amendoim coberto com chocolate tem o melhor sabor e aroma poss\u00edvel, proporcionando aos consumidores uma experi\u00eancia de excelente qualidade.<\/li>\n\n\n\n<li><strong>Fornecimento por grosso: <\/strong>Vendemos por atacado uma grande quantidade de amendoins cobertos de chocolate, adequados para retalho, personaliza\u00e7\u00e3o de presentes e eventos empresariais. Quer se trate de venda a retalho em supermercados, caixas de oferta de snacks ou bem-estar empresarial, os nossos produtos podem satisfazer as suas necessidades de aquisi\u00e7\u00e3o.<\/li>\n\n\n\n<li><strong>Embalagens diversificadas:<\/strong> Fornecemos solu\u00e7\u00f5es de embalagem flex\u00edveis para amendoins cobertos de chocolate de dupla imers\u00e3o a granel, incluindo a granel, caixas de oferta e pequenas embalagens para se adaptarem \u00e0s necessidades da marca e ao posicionamento no mercado. O estilo da embalagem pode ser personalizado de acordo com os requisitos do cliente para melhorar a imagem da marca e a atra\u00e7\u00e3o do mercado.<\/li>\n<\/ul>\n<\/div>\n\n\n\n<div class=\"wp-block-column is-layout-flow wp-block-column-is-layout-flow\">\n<figure class=\"wp-block-image size-full\"><img fetchpriority=\"high\" decoding=\"async\" width=\"750\" height=\"750\" src=\"https:\/\/jxgchocolate.com\/wp-content\/uploads\/2024\/04\/bulk-double-dipped-chocolate-covered-peanuts-wholesale-4.webp\" alt=\"bulk-double-dipped-chocolate-covered-peanuts-wholesale-4\" class=\"wp-image-27377\" srcset=\"https:\/\/jxgchocolate.com\/wp-content\/uploads\/2024\/04\/bulk-double-dipped-chocolate-covered-peanuts-wholesale-4.webp 750w, https:\/\/jxgchocolate.com\/wp-content\/uploads\/2024\/04\/bulk-double-dipped-chocolate-covered-peanuts-wholesale-4-300x300.webp 300w, https:\/\/jxgchocolate.com\/wp-content\/uploads\/2024\/04\/bulk-double-dipped-chocolate-covered-peanuts-wholesale-4-150x150.webp 150w, https:\/\/jxgchocolate.com\/wp-content\/uploads\/2024\/04\/bulk-double-dipped-chocolate-covered-peanuts-wholesale-4-430x430.webp 430w, https:\/\/jxgchocolate.com\/wp-content\/uploads\/2024\/04\/bulk-double-dipped-chocolate-covered-peanuts-wholesale-4-700x700.webp 700w\" sizes=\"(max-width: 750px) 100vw, 750px\" \/><\/figure>\n<\/div>\n<\/div>","protected":false},"excerpt":{"rendered":"<p>Compra a granel de amendoins cobertos com chocolate de dupla camada. Os nossos amendoins cobertos de chocolate por atacado s\u00e3o amendoins estaladi\u00e7os embrulhados em chocolate de camada dupla, trazendo um rico sabor duplo. Apoiando a personaliza\u00e7\u00e3o do atacado e da embalagem, adequado para o varejo, presentes e compras comerciais, \u00e9 um lanche de chocolate de alta qualidade que atrai os consumidores.<\/p>\n<table style=\"border-collapse: collapse; width: 275.02pt;\" border=\"0\" width=\"275\" cellspacing=\"0\" cellpadding=\"0\">\n<tbody>\n<tr style=\"height: 17.60pt;\">\n<td class=\"et3\" style=\"height: 17.60pt; width: 108.35pt;\" width=\"108\" height=\"17\">Fabricante<\/td>\n<td class=\"et3\" style=\"width: 167.10pt;\" width=\"167\">Fruta da sorte<\/td>\n<\/tr>\n<tr style=\"height: 17.60pt;\">\n<td class=\"et3\" style=\"height: 17.60pt;\" height=\"17\">MODELO NO.<\/td>\n<td class=\"et3\">JXG02<\/td>\n<\/tr>\n<tr style=\"height: 17.60pt;\">\n<td class=\"et3\" style=\"height: 17.60pt;\" height=\"17\">Tipo<\/td>\n<td class=\"et3\">Amendoins de chocolate<\/td>\n<\/tr>\n<tr style=\"height: 17.60pt;\">\n<td class=\"et3\" style=\"height: 17.60pt;\" height=\"17\">Embalagem<\/td>\n<td class=\"et3\">Embalagem em caixa<\/td>\n<\/tr>\n<tr style=\"height: 17.60pt;\">\n<td class=\"et3\" style=\"height: 17.60pt;\" height=\"17\">Especifica\u00e7\u00e3o<\/td>\n<td class=\"et3\">20 sacos*12 caixas<\/td>\n<\/tr>\n<tr style=\"height: 17.60pt;\">\n<td class=\"et3\" style=\"height: 17.60pt;\" height=\"17\">Tamanho da caixa<\/td>\n<td class=\"et3\">55*23*36 cm<\/td>\n<\/tr>\n<tr style=\"height: 17.60pt;\">\n<td class=\"et3\" style=\"height: 17.60pt;\" height=\"17\">N.W \/SET<\/td>\n<td class=\"et3\">21g*20sacos*12 caixas<\/td>\n<\/tr>\n<tr style=\"height: 17.60pt;\">\n<td class=\"et3\" style=\"height: 17.60pt;\" height=\"17\">Cor<\/td>\n<td class=\"et3\">Escuro<\/td>\n<\/tr>\n<tr style=\"height: 17.60pt;\">\n<td class=\"et3\" style=\"height: 17.60pt;\" height=\"17\">MOQ<\/td>\n<td class=\"et3\">500 caixas de cart\u00e3o<\/td>\n<\/tr>\n<tr style=\"height: 17.60pt;\">\n<td class=\"et3\" style=\"height: 17.60pt;\" height=\"17\">Personaliza\u00e7\u00e3o<\/td>\n<td class=\"et3\">Embalagem\/LOGO<\/td>\n<\/tr>\n<\/tbody>\n<\/table>","protected":false},"featured_media":28414,"comment_status":"closed","ping_status":"closed","template":"","meta":[],"product_cat":[73],"product_tag":[],"class_list":{"0":"post-27373","1":"product","2":"type-product","3":"status-publish","4":"has-post-thumbnail","6":"product_cat-wholesale-chocolate-covered-peanuts","8":"first","9":"instock","10":"shipping-taxable","11":"product-type-simple"},"_links":{"self":[{"href":"https:\/\/jxgchocolate.com\/pt\/wp-json\/wp\/v2\/product\/27373","targetHints":{"allow":["GET"]}}],"collection":[{"href":"https:\/\/jxgchocolate.com\/pt\/wp-json\/wp\/v2\/product"}],"about":[{"href":"https:\/\/jxgchocolate.com\/pt\/wp-json\/wp\/v2\/types\/product"}],"replies":[{"embeddable":true,"href":"https:\/\/jxgchocolate.com\/pt\/wp-json\/wp\/v2\/comments?post=27373"}],"version-history":[{"count":3,"href":"https:\/\/jxgchocolate.com\/pt\/wp-json\/wp\/v2\/product\/27373\/revisions"}],"predecessor-version":[{"id":29082,"href":"https:\/\/jxgchocolate.com\/pt\/wp-json\/wp\/v2\/product\/27373\/revisions\/29082"}],"wp:featuredmedia":[{"embeddable":true,"href":"https:\/\/jxgchocolate.com\/pt\/wp-json\/wp\/v2\/media\/28414"}],"wp:attachment":[{"href":"https:\/\/jxgchocolate.com\/pt\/wp-json\/wp\/v2\/media?parent=27373"}],"wp:term":[{"taxonomy":"product_cat","embeddable":true,"href":"https:\/\/jxgchocolate.com\/pt\/wp-json\/wp\/v2\/product_cat?post=27373"},{"taxonomy":"product_tag","embeddable":true,"href":"https:\/\/jxgchocolate.com\/pt\/wp-json\/wp\/v2\/product_tag?post=27373"}],"curies":[{"name":"wp","href":"https:\/\/api.w.org\/{rel}","templated":true}]}}