{"id":27382,"date":"2024-04-27T08:37:42","date_gmt":"2024-04-27T08:37:42","guid":{"rendered":"https:\/\/jxgchocolate.com\/?post_type=product&#038;p=27382"},"modified":"2025-03-08T02:30:51","modified_gmt":"2025-03-08T02:30:51","slug":"bulk-dark-chocolate-covered-peanuts","status":"publish","type":"product","link":"https:\/\/jxgchocolate.com\/pt\/produto\/bulk-dark-chocolate-covered-peanuts\/","title":{"rendered":"Saborosos amendoins com cobertura de chocolate preto a granel a um pre\u00e7o imbat\u00edvel"},"content":{"rendered":"<div class=\"wp-block-columns is-layout-flex wp-container-core-columns-is-layout-9d6595d7 wp-block-columns-is-layout-flex\">\n<div class=\"wp-block-column is-layout-flow wp-block-column-is-layout-flow\">\n<h2 class=\"wp-block-heading\">Amendoins cobertos com chocolate preto a granel Premium Caracter\u00edsticas:<\/h2>\n\n\n\n<ul class=\"wp-block-list\">\n<li><strong>Uma mistura perfeita de chocolate e amendoins:<\/strong> Amendoins frescos e estaladi\u00e7os s\u00e3o cobertos com molho de chocolate preto de primeira qualidade. O aroma rico do chocolate harmoniza-se com o aroma natural do amendoim. O nosso amendoim coberto com chocolate preto por atacado mant\u00e9m a experi\u00eancia deliciosa e n\u00e3o doce.<\/li>\n\n\n\n<li><strong>Lanches saud\u00e1veis:<\/strong> Os chocolates escuros t\u00eam um elevado teor de antioxidantes e, com amendoins ricos em prote\u00ednas, constituem uma das alternativas de petiscos mais saborosas e saud\u00e1veis. Os nossos amendoins de chocolate a granel podem ser consumidos em qualquer altura e em qualquer lugar, de modo a satisfazer as necessidades do lanche di\u00e1rio.<\/li>\n\n\n\n<li><strong>Fornecimento a granel para desfrutar em diferentes ocasi\u00f5es:<\/strong> O nosso amendoim coberto com chocolate preto por atacado suporta encomendas a granel, especialmente para os retalhistas, organizadores de eventos e fornecedores de presentes. Seja como um lanche no supermercado ou para o bem-estar corporativo ou presentes, ele pode facilmente atender \u00e0s necessidades de grandes quantidades.<\/li>\n\n\n\n<li><strong>V\u00e1rios tipos de embalagens para adapta\u00e7\u00e3o \u00e0s necessidades da marca e do mercado:<\/strong> Oferecemos diferentes formas de embalagem para amendoins de chocolate a granel. Estas podem ser personalizadas de forma flex\u00edvel, de acordo com as necessidades dos clientes. Podem ser utilizadas para embalagens de retalho, vendas a granel ou em pequenas embalagens que podem destacar a sua marca no mercado.<\/li>\n<\/ul>\n<\/div>\n\n\n\n<div class=\"wp-block-column is-layout-flow wp-block-column-is-layout-flow\">\n<figure class=\"wp-block-image size-full\"><img fetchpriority=\"high\" decoding=\"async\" width=\"4480\" height=\"4480\" src=\"https:\/\/jxgchocolate.com\/wp-content\/uploads\/2024\/04\/bulk-chocolate-covered-peanuts-wholesale-chocolate-peanuts-3-edited.webp\" alt=\"bulk-dark-chocolate-covered-peanuts-wholesale-chocolate-peanuts\" class=\"wp-image-27389\" srcset=\"https:\/\/jxgchocolate.com\/wp-content\/uploads\/2024\/04\/bulk-chocolate-covered-peanuts-wholesale-chocolate-peanuts-3-edited.webp 4480w, https:\/\/jxgchocolate.com\/wp-content\/uploads\/2024\/04\/bulk-chocolate-covered-peanuts-wholesale-chocolate-peanuts-3-edited-300x300.webp 300w, https:\/\/jxgchocolate.com\/wp-content\/uploads\/2024\/04\/bulk-chocolate-covered-peanuts-wholesale-chocolate-peanuts-3-edited-150x150.webp 150w, https:\/\/jxgchocolate.com\/wp-content\/uploads\/2024\/04\/bulk-chocolate-covered-peanuts-wholesale-chocolate-peanuts-3-edited-768x768.webp 768w, https:\/\/jxgchocolate.com\/wp-content\/uploads\/2024\/04\/bulk-chocolate-covered-peanuts-wholesale-chocolate-peanuts-3-edited-430x430.webp 430w, https:\/\/jxgchocolate.com\/wp-content\/uploads\/2024\/04\/bulk-chocolate-covered-peanuts-wholesale-chocolate-peanuts-3-edited-700x700.webp 700w\" sizes=\"(max-width: 4480px) 100vw, 4480px\" \/><\/figure>\n<\/div>\n<\/div>\n\n\n\n<p><\/p>","protected":false},"excerpt":{"rendered":"<p>Comprar amendoins de chocolate a granel da f\u00e1brica. Nosso amendoim coberto de chocolate escuro a granel derrete perfeitamente chocolate escuro rico e amendoim crocante, proporcionando uma experi\u00eancia dupla de boa sa\u00fade e satisfa\u00e7\u00e3o. Ele suporta a compra por atacado e v\u00e1rias embalagens, o que \u00e9 bastante adequado para o consumo di\u00e1rio, personaliza\u00e7\u00e3o personalizada em presentes e eventos de neg\u00f3cios.<\/p>\n<table style=\"border-collapse: collapse; width: 275.02pt;\" border=\"0\" width=\"275\" cellspacing=\"0\" cellpadding=\"0\">\n<tbody>\n<tr style=\"height: 17.60pt;\">\n<td class=\"et3\" style=\"height: 17.60pt; width: 108.35pt;\" width=\"108\" height=\"17\">Fabricante<\/td>\n<td class=\"et3\" style=\"width: 167.10pt;\" width=\"167\">Fruta da sorte<\/td>\n<\/tr>\n<tr style=\"height: 17.60pt;\">\n<td class=\"et3\" style=\"height: 17.60pt;\" height=\"17\">MODELO NO.<\/td>\n<td class=\"et3\">JXG03<\/td>\n<\/tr>\n<tr style=\"height: 17.60pt;\">\n<td class=\"et3\" style=\"height: 17.60pt;\" height=\"17\">Tipo<\/td>\n<td class=\"et3\">Amendoins de chocolate<\/td>\n<\/tr>\n<tr style=\"height: 17.60pt;\">\n<td class=\"et3\" style=\"height: 17.60pt;\" height=\"17\">Embalagem<\/td>\n<td class=\"et3\">Embalagem em caixa<\/td>\n<\/tr>\n<tr style=\"height: 17.60pt;\">\n<td class=\"et3\" style=\"height: 17.60pt;\" height=\"17\">Especifica\u00e7\u00e3o<\/td>\n<td class=\"et3\">12 sacos*24 caixas<\/td>\n<\/tr>\n<tr style=\"height: 17.60pt;\">\n<td class=\"et3\" style=\"height: 17.60pt;\" height=\"17\">Tamanho da caixa<\/td>\n<td class=\"et3\">58,5*33*33 cm<\/td>\n<\/tr>\n<tr style=\"height: 17.60pt;\">\n<td class=\"et3\" style=\"height: 17.60pt;\" height=\"17\">N.W \/SET<\/td>\n<td class=\"et3\">21g*12 sacos*24 caixas<\/td>\n<\/tr>\n<tr style=\"height: 17.60pt;\">\n<td class=\"et3\" style=\"height: 17.60pt;\" height=\"17\">Cor<\/td>\n<td class=\"et3\">Escuro<\/td>\n<\/tr>\n<tr style=\"height: 17.60pt;\">\n<td class=\"et3\" style=\"height: 17.60pt;\" height=\"17\">MOQ<\/td>\n<td class=\"et3\">500 caixas de cart\u00e3o<\/td>\n<\/tr>\n<tr style=\"height: 17.60pt;\">\n<td class=\"et3\" style=\"height: 17.60pt;\" height=\"17\">Personaliza\u00e7\u00e3o<\/td>\n<td class=\"et3\">Embalagem\/LOGO<\/td>\n<\/tr>\n<\/tbody>\n<\/table>","protected":false},"featured_media":28381,"comment_status":"closed","ping_status":"closed","template":"","meta":[],"product_cat":[73],"product_tag":[],"class_list":{"0":"post-27382","1":"product","2":"type-product","3":"status-publish","4":"has-post-thumbnail","6":"product_cat-wholesale-chocolate-covered-peanuts","8":"first","9":"instock","10":"shipping-taxable","11":"product-type-simple"},"_links":{"self":[{"href":"https:\/\/jxgchocolate.com\/pt\/wp-json\/wp\/v2\/product\/27382","targetHints":{"allow":["GET"]}}],"collection":[{"href":"https:\/\/jxgchocolate.com\/pt\/wp-json\/wp\/v2\/product"}],"about":[{"href":"https:\/\/jxgchocolate.com\/pt\/wp-json\/wp\/v2\/types\/product"}],"replies":[{"embeddable":true,"href":"https:\/\/jxgchocolate.com\/pt\/wp-json\/wp\/v2\/comments?post=27382"}],"version-history":[{"count":0,"href":"https:\/\/jxgchocolate.com\/pt\/wp-json\/wp\/v2\/product\/27382\/revisions"}],"wp:featuredmedia":[{"embeddable":true,"href":"https:\/\/jxgchocolate.com\/pt\/wp-json\/wp\/v2\/media\/28381"}],"wp:attachment":[{"href":"https:\/\/jxgchocolate.com\/pt\/wp-json\/wp\/v2\/media?parent=27382"}],"wp:term":[{"taxonomy":"product_cat","embeddable":true,"href":"https:\/\/jxgchocolate.com\/pt\/wp-json\/wp\/v2\/product_cat?post=27382"},{"taxonomy":"product_tag","embeddable":true,"href":"https:\/\/jxgchocolate.com\/pt\/wp-json\/wp\/v2\/product_tag?post=27382"}],"curies":[{"name":"wp","href":"https:\/\/api.w.org\/{rel}","templated":true}]}}