{"id":27410,"date":"2024-04-27T09:21:48","date_gmt":"2024-04-27T09:21:48","guid":{"rendered":"https:\/\/jxgchocolate.com\/?post_type=product&#038;p=27410"},"modified":"2024-06-28T03:17:26","modified_gmt":"2024-06-28T03:17:26","slug":"chocolate-crunchy-balls-wholesale","status":"publish","type":"product","link":"https:\/\/jxgchocolate.com\/pt\/produto\/chocolate-crunchy-balls-wholesale\/","title":{"rendered":"Bolas crocantes de chocolate Tasty Mylikes Venda por grosso"},"content":{"rendered":"<div class=\"wp-block-columns is-layout-flex wp-container-core-columns-is-layout-9d6595d7 wp-block-columns-is-layout-flex\">\n<div class=\"wp-block-column is-vertically-aligned-center is-layout-flow wp-block-column-is-layout-flow\">\n<h3 class=\"wp-block-heading\">Bolas crocantes de chocolate Premium Caracter\u00edsticas por atacado:<\/h3>\n\n\n\n<ol class=\"wp-block-list\">\n<li>Sabor Irresist\u00edvel: As nossas bolas de chocolate estaladi\u00e7as Mylikes t\u00eam um sabor deliciosamente satisfat\u00f3rio que combina a do\u00e7ura do chocolate com um delicioso estaladi\u00e7o, oferecendo uma guloseima que todos v\u00e3o adorar.<\/li>\n\n\n\n<li>Textura estaladi\u00e7a: Desfrute do crocante satisfat\u00f3rio de cada dentada, uma vez que as nossas bolas crocantes s\u00e3o fabricadas na perfei\u00e7\u00e3o para proporcionar uma experi\u00eancia de petisco agrad\u00e1vel.<\/li>\n\n\n\n<li>Ingredientes de qualidade: Feitas com ingredientes de alta qualidade e elaboradas com cuidado, as nossas bolas crocantes de chocolate Mylikes garantem uma experi\u00eancia de snack consistentemente deliciosa e de qualidade superior.<\/li>\n\n\n\n<li>Embalagens a granel para maior conveni\u00eancia: As nossas op\u00e7\u00f5es de embalagens para venda por grosso facilitam a tarefa dos retalhistas, organizadores de eventos e empresas de armazenar estas guloseimas populares e satisfazer as exig\u00eancias dos seus clientes ou convidados.<\/li>\n<\/ol>\n<\/div>\n\n\n\n<div class=\"wp-block-column is-layout-flow wp-block-column-is-layout-flow\">\n<figure class=\"wp-block-image size-full\"><img fetchpriority=\"high\" decoding=\"async\" width=\"750\" height=\"750\" src=\"https:\/\/jxgchocolate.com\/wp-content\/uploads\/2024\/04\/mylikes-chocolate-crunchy-balls-wholesale-3.webp\" alt=\"mylikes-chocolate-crunchy-balls-wholesale-1\" class=\"wp-image-27415\" srcset=\"https:\/\/jxgchocolate.com\/wp-content\/uploads\/2024\/04\/mylikes-chocolate-crunchy-balls-wholesale-3.webp 750w, https:\/\/jxgchocolate.com\/wp-content\/uploads\/2024\/04\/mylikes-chocolate-crunchy-balls-wholesale-3-300x300.webp 300w, https:\/\/jxgchocolate.com\/wp-content\/uploads\/2024\/04\/mylikes-chocolate-crunchy-balls-wholesale-3-150x150.webp 150w, https:\/\/jxgchocolate.com\/wp-content\/uploads\/2024\/04\/mylikes-chocolate-crunchy-balls-wholesale-3-430x430.webp 430w, https:\/\/jxgchocolate.com\/wp-content\/uploads\/2024\/04\/mylikes-chocolate-crunchy-balls-wholesale-3-700x700.webp 700w\" sizes=\"(max-width: 750px) 100vw, 750px\" \/><\/figure>\n<\/div>\n<\/div>","protected":false},"excerpt":{"rendered":"<p>O nosso produto Tasty Mylikes Chocolate Crunchy Balls Wholesale oferece uma combina\u00e7\u00e3o irresist\u00edvel de sabor delicioso e croc\u00e2ncia satisfat\u00f3ria, tornando-os uma escolha popular para retalhistas e empresas. Com op\u00e7\u00f5es de utiliza\u00e7\u00e3o vers\u00e1teis e uma conveniente embalagem a granel, s\u00e3o a op\u00e7\u00e3o de snack perfeita para qualquer ocasi\u00e3o.<\/p>\n<table style=\"border-collapse: collapse; width: 275.02pt;\" border=\"0\" width=\"275\" cellspacing=\"0\" cellpadding=\"0\">\n<tbody>\n<tr style=\"height: 17.60pt;\">\n<td class=\"et3\" style=\"height: 17.60pt; width: 108.35pt;\" width=\"108\" height=\"17\">Fabricante<\/td>\n<td class=\"et3\" style=\"width: 167.10pt;\" width=\"167\">Fruta da sorte<\/td>\n<\/tr>\n<tr style=\"height: 17.60pt;\">\n<td class=\"et3\" style=\"height: 17.60pt;\" height=\"17\">MODELO NO.<\/td>\n<td class=\"et3\">JXG13<\/td>\n<\/tr>\n<tr style=\"height: 17.60pt;\">\n<td class=\"et3\" style=\"height: 17.60pt;\" height=\"17\">Tipo<\/td>\n<td class=\"et3\">Bolas de Chocolate Crocantes<\/td>\n<\/tr>\n<tr style=\"height: 17.60pt;\">\n<td class=\"et3\" style=\"height: 17.60pt;\" height=\"17\">Embalagem<\/td>\n<td class=\"et3\">Embalagem em caixa<\/td>\n<\/tr>\n<tr style=\"height: 17.60pt;\">\n<td class=\"et3\" style=\"height: 17.60pt;\" height=\"17\">Especifica\u00e7\u00e3o<\/td>\n<td class=\"et3\">12 sacos*24 caixas<\/td>\n<\/tr>\n<tr style=\"height: 17.60pt;\">\n<td class=\"et3\" style=\"height: 17.60pt;\" height=\"17\">Tamanho da caixa<\/td>\n<td class=\"et3\">58,5*33*33 cm<\/td>\n<\/tr>\n<tr style=\"height: 17.60pt;\">\n<td class=\"et3\" style=\"height: 17.60pt;\" height=\"17\">N.W \/SET<\/td>\n<td class=\"et3\">21g*12 sacos*24 caixas<\/td>\n<\/tr>\n<tr style=\"height: 17.60pt;\">\n<td class=\"et3\" style=\"height: 17.60pt;\" height=\"17\">Cor<\/td>\n<td class=\"et3\">Multicolor<\/td>\n<\/tr>\n<tr style=\"height: 17.60pt;\">\n<td class=\"et3\" style=\"height: 17.60pt;\" height=\"17\">MOQ<\/td>\n<td class=\"et3\">500 caixas de cart\u00e3o<\/td>\n<\/tr>\n<tr style=\"height: 17.60pt;\">\n<td class=\"et3\" style=\"height: 17.60pt;\" height=\"17\">Personaliza\u00e7\u00e3o<\/td>\n<td class=\"et3\">Embalagem\/LOGO<\/td>\n<\/tr>\n<\/tbody>\n<\/table>","protected":false},"featured_media":28418,"comment_status":"closed","ping_status":"closed","template":"","meta":[],"product_cat":[74],"product_tag":[],"class_list":{"0":"post-27410","1":"product","2":"type-product","3":"status-publish","4":"has-post-thumbnail","6":"product_cat-wholesale-crunchy-chocolate-balls","8":"first","9":"instock","10":"shipping-taxable","11":"product-type-simple"},"_links":{"self":[{"href":"https:\/\/jxgchocolate.com\/pt\/wp-json\/wp\/v2\/product\/27410","targetHints":{"allow":["GET"]}}],"collection":[{"href":"https:\/\/jxgchocolate.com\/pt\/wp-json\/wp\/v2\/product"}],"about":[{"href":"https:\/\/jxgchocolate.com\/pt\/wp-json\/wp\/v2\/types\/product"}],"replies":[{"embeddable":true,"href":"https:\/\/jxgchocolate.com\/pt\/wp-json\/wp\/v2\/comments?post=27410"}],"version-history":[{"count":0,"href":"https:\/\/jxgchocolate.com\/pt\/wp-json\/wp\/v2\/product\/27410\/revisions"}],"wp:featuredmedia":[{"embeddable":true,"href":"https:\/\/jxgchocolate.com\/pt\/wp-json\/wp\/v2\/media\/28418"}],"wp:attachment":[{"href":"https:\/\/jxgchocolate.com\/pt\/wp-json\/wp\/v2\/media?parent=27410"}],"wp:term":[{"taxonomy":"product_cat","embeddable":true,"href":"https:\/\/jxgchocolate.com\/pt\/wp-json\/wp\/v2\/product_cat?post=27410"},{"taxonomy":"product_tag","embeddable":true,"href":"https:\/\/jxgchocolate.com\/pt\/wp-json\/wp\/v2\/product_tag?post=27410"}],"curies":[{"name":"wp","href":"https:\/\/api.w.org\/{rel}","templated":true}]}}