{"id":27411,"date":"2024-04-27T09:21:50","date_gmt":"2024-04-27T09:21:50","guid":{"rendered":"https:\/\/jxgchocolate.com\/?post_type=product&#038;p=27411"},"modified":"2024-11-11T02:16:51","modified_gmt":"2024-11-11T02:16:51","slug":"crispy-chocolate-balls-wholesale","status":"publish","type":"product","link":"https:\/\/jxgchocolate.com\/pt\/produto\/crispy-chocolate-balls-wholesale\/","title":{"rendered":"Bolas de chocolate crocantes deliciosas por atacado, bolas de chocolate de malte a granel"},"content":{"rendered":"<div class=\"wp-block-columns is-layout-flex wp-container-core-columns-is-layout-9d6595d7 wp-block-columns-is-layout-flex\">\n<div class=\"wp-block-column is-vertically-aligned-center is-layout-flow wp-block-column-is-layout-flow\">\n<h3 class=\"wp-block-heading\">Bolas de chocolate crocantes Premium Carater\u00edsticas por atacado:<\/h3>\n\n\n\n<ol class=\"wp-block-list\">\n<li><strong>Sabor Irresist\u00edvel:<\/strong> As nossas bolas de chocolate crocantes representam por atacado um sabor delicioso que combina simplesmente a riqueza do chocolate com o crocante satisfat\u00f3rio que faz um lanche muito agrad\u00e1vel.<\/li>\n\n\n\n<li><strong>Crocante Textura: <\/strong>Saboreie o estaladi\u00e7o em cada dentada com as nossas bolas de malte de chocolate a granel, preparadas para garantir que cada grama \u00e9 suficientemente estaladi\u00e7a para dar prazer a cada boca cheia. estaladi\u00e7o, aumentando o prazer de cada dentada.<\/li>\n\n\n\n<li><strong>Ideal para revenda:<\/strong> Com embalagens dispon\u00edveis para venda por atacado, as nossas bolas de chocolate crocantes por atacado s\u00e3o certamente ideais para lojas de retalho, organizadores de eventos e empresas que pretendam oferecer algo especial aos seus clientes ou convidados como parte de uma op\u00e7\u00e3o de petisco de alta qualidade.<\/li>\n\n\n\n<li><strong>Qualidade consistente: <\/strong>As nossas bolas de malte de chocolate a granel s\u00e3o preparadas utilizando ingredientes de qualidade superior e um processo de fabrico que cumpre os mais elevados padr\u00f5es para garantir um sabor consistente em cada compra, para uma experi\u00eancia agrad\u00e1vel de petiscar.<\/li>\n<\/ol>\n<\/div>\n\n\n\n<div class=\"wp-block-column is-layout-flow wp-block-column-is-layout-flow\">\n<figure class=\"wp-block-image size-full\"><img fetchpriority=\"high\" decoding=\"async\" width=\"750\" height=\"750\" src=\"https:\/\/jxgchocolate.com\/wp-content\/uploads\/2024\/04\/mylikes-crispy-chocolate-balls-wholesale-3.webp\" alt=\"mylikes-crispy-chocolate-balls-wholesale-1\" class=\"wp-image-27421\" srcset=\"https:\/\/jxgchocolate.com\/wp-content\/uploads\/2024\/04\/mylikes-crispy-chocolate-balls-wholesale-3.webp 750w, https:\/\/jxgchocolate.com\/wp-content\/uploads\/2024\/04\/mylikes-crispy-chocolate-balls-wholesale-3-300x300.webp 300w, https:\/\/jxgchocolate.com\/wp-content\/uploads\/2024\/04\/mylikes-crispy-chocolate-balls-wholesale-3-150x150.webp 150w, https:\/\/jxgchocolate.com\/wp-content\/uploads\/2024\/04\/mylikes-crispy-chocolate-balls-wholesale-3-430x430.webp 430w, https:\/\/jxgchocolate.com\/wp-content\/uploads\/2024\/04\/mylikes-crispy-chocolate-balls-wholesale-3-700x700.webp 700w\" sizes=\"(max-width: 750px) 100vw, 750px\" \/><\/figure>\n<\/div>\n<\/div>","protected":false},"excerpt":{"rendered":"<p>Bem-vindo \u00e0 compra de bolas de malte de chocolate a granel. Oferecemos bolas de chocolate crocantes por atacado com servi\u00e7o de pacote de lanche personalizado, cada pacote ser\u00e1 uma combina\u00e7\u00e3o deliciosa de sabor irresist\u00edvel e crocante satisfat\u00f3rio. S\u00e3o exatamente o que todas as empresas precisam quando procuram oferecer um snack de qualidade aos clientes.<\/p>\n<table style=\"border-collapse: collapse; width: 275.02pt;\" border=\"0\" width=\"275\" cellspacing=\"0\" cellpadding=\"0\">\n<tbody>\n<tr style=\"height: 17.60pt;\">\n<td class=\"et3\" style=\"height: 17.60pt; width: 108.35pt;\" width=\"108\" height=\"17\">Fabricante<\/td>\n<td class=\"et3\" style=\"width: 167.10pt;\" width=\"167\">Fruta da sorte<\/td>\n<\/tr>\n<tr style=\"height: 17.60pt;\">\n<td class=\"et3\" style=\"height: 17.60pt;\" height=\"17\">MODELO NO.<\/td>\n<td class=\"et3\">JXG14<\/td>\n<\/tr>\n<tr style=\"height: 17.60pt;\">\n<td class=\"et3\" style=\"height: 17.60pt;\" height=\"17\">Tipo<\/td>\n<td class=\"et3\">Bolas de Chocolate Crocantes<\/td>\n<\/tr>\n<tr style=\"height: 17.60pt;\">\n<td class=\"et3\" style=\"height: 17.60pt;\" height=\"17\">Embalagem<\/td>\n<td class=\"et3\">Embalagem em caixa<\/td>\n<\/tr>\n<tr style=\"height: 17.60pt;\">\n<td class=\"et3\" style=\"height: 17.60pt;\" height=\"17\">Especifica\u00e7\u00e3o<\/td>\n<td class=\"et3\">30 sacos*20 caixas<\/td>\n<\/tr>\n<tr style=\"height: 17.60pt;\">\n<td class=\"et3\" style=\"height: 17.60pt;\" height=\"17\">Tamanho da caixa<\/td>\n<td class=\"et3\">49*40,5*40,5 cm<\/td>\n<\/tr>\n<tr style=\"height: 17.60pt;\">\n<td class=\"et3\" style=\"height: 17.60pt;\" height=\"17\">N.W \/SET<\/td>\n<td class=\"et3\">12g*30 sacos*20 caixas<\/td>\n<\/tr>\n<tr style=\"height: 17.60pt;\">\n<td class=\"et3\" style=\"height: 17.60pt;\" height=\"17\">Cor<\/td>\n<td class=\"et3\">Escuro<\/td>\n<\/tr>\n<tr style=\"height: 17.60pt;\">\n<td class=\"et3\" style=\"height: 17.60pt;\" height=\"17\">MOQ<\/td>\n<td class=\"et3\">500 caixas de cart\u00e3o<\/td>\n<\/tr>\n<tr style=\"height: 17.60pt;\">\n<td class=\"et3\" style=\"height: 17.60pt;\" height=\"17\">Personaliza\u00e7\u00e3o<\/td>\n<td class=\"et3\">Embalagem\/LOGO<\/td>\n<\/tr>\n<\/tbody>\n<\/table>","protected":false},"featured_media":28420,"comment_status":"closed","ping_status":"closed","template":"","meta":[],"product_cat":[74],"product_tag":[],"class_list":{"0":"post-27411","1":"product","2":"type-product","3":"status-publish","4":"has-post-thumbnail","6":"product_cat-wholesale-crunchy-chocolate-balls","8":"first","9":"instock","10":"shipping-taxable","11":"product-type-simple"},"_links":{"self":[{"href":"https:\/\/jxgchocolate.com\/pt\/wp-json\/wp\/v2\/product\/27411","targetHints":{"allow":["GET"]}}],"collection":[{"href":"https:\/\/jxgchocolate.com\/pt\/wp-json\/wp\/v2\/product"}],"about":[{"href":"https:\/\/jxgchocolate.com\/pt\/wp-json\/wp\/v2\/types\/product"}],"replies":[{"embeddable":true,"href":"https:\/\/jxgchocolate.com\/pt\/wp-json\/wp\/v2\/comments?post=27411"}],"version-history":[{"count":0,"href":"https:\/\/jxgchocolate.com\/pt\/wp-json\/wp\/v2\/product\/27411\/revisions"}],"wp:featuredmedia":[{"embeddable":true,"href":"https:\/\/jxgchocolate.com\/pt\/wp-json\/wp\/v2\/media\/28420"}],"wp:attachment":[{"href":"https:\/\/jxgchocolate.com\/pt\/wp-json\/wp\/v2\/media?parent=27411"}],"wp:term":[{"taxonomy":"product_cat","embeddable":true,"href":"https:\/\/jxgchocolate.com\/pt\/wp-json\/wp\/v2\/product_cat?post=27411"},{"taxonomy":"product_tag","embeddable":true,"href":"https:\/\/jxgchocolate.com\/pt\/wp-json\/wp\/v2\/product_tag?post=27411"}],"curies":[{"name":"wp","href":"https:\/\/api.w.org\/{rel}","templated":true}]}}