{"id":27435,"date":"2024-04-27T09:50:20","date_gmt":"2024-04-27T09:50:20","guid":{"rendered":"https:\/\/jxgchocolate.com\/?post_type=product&#038;p=27435"},"modified":"2024-11-11T03:58:45","modified_gmt":"2024-11-11T03:58:45","slug":"wholesale-popping-candy-chocolate","status":"publish","type":"product","link":"https:\/\/jxgchocolate.com\/pt\/produto\/wholesale-popping-candy-chocolate\/","title":{"rendered":"Rebu\u00e7ados de chocolate com sabor a cola por atacado"},"content":{"rendered":"<div class=\"wp-block-columns is-layout-flex wp-container-core-columns-is-layout-9d6595d7 wp-block-columns-is-layout-flex\">\n<div class=\"wp-block-column is-vertically-aligned-center is-layout-flow wp-block-column-is-layout-flow\">\n<h3 class=\"wp-block-heading\">Chocolate Premium Wholesale Popping Candy Caracter\u00edsticas:<\/h3>\n\n\n\n<ol class=\"wp-block-list\">\n<li><strong>Chocolate doce e Cola refrescante:<\/strong> Desfrute da fus\u00e3o de sabores no nosso chocolate popping por atacado com um sabor de cola que far\u00e1 com que cada mordida seja deliciosa.<\/li>\n\n\n\n<li><strong>Sensa\u00e7\u00e3o de estalo e crepita\u00e7\u00e3o:<\/strong> Trazer \u00e0 tona a divers\u00e3o e a emo\u00e7\u00e3o de estalar rebu\u00e7ados crepitando e estalando na boca, adicionando uma nova camada de prazer ao nosso chocolate de estalar rebu\u00e7ados a granel.<\/li>\n\n\n\n<li><strong>Op\u00e7\u00e3o de lanche vers\u00e1til: <\/strong>Adequado para petiscar em viagem ou para partilhar com os amigos, o nosso chocolate popping por atacado \u00e9 igualmente apelativo como op\u00e7\u00e3o de petisco ou em festas e eventos tem\u00e1ticos de v\u00e1rias formas.<\/li>\n\n\n\n<li><strong>Popular e na moda: <\/strong>A nossa bala popping a granel com sabor a cola de chocolate \u00e9 uma guloseima popular e moderna que todos adoram, desde crian\u00e7as a adultos. Isto torna-o um item obrigat\u00f3rio para retalhistas, organizadores de eventos e empresas que tentam oferecer op\u00e7\u00f5es \u00fanicas e emocionantes de snacks aos seus clientes.<\/li>\n<\/ol>\n<\/div>\n\n\n\n<div class=\"wp-block-column is-layout-flow wp-block-column-is-layout-flow\">\n<figure class=\"wp-block-image size-full\"><img fetchpriority=\"high\" decoding=\"async\" width=\"750\" height=\"750\" src=\"https:\/\/jxgchocolate.com\/wp-content\/uploads\/2024\/04\/wholesale-popping-candy-chocolate-3.webp\" alt=\"chocolate-3\" class=\"wp-image-27438\" srcset=\"https:\/\/jxgchocolate.com\/wp-content\/uploads\/2024\/04\/wholesale-popping-candy-chocolate-3.webp 750w, https:\/\/jxgchocolate.com\/wp-content\/uploads\/2024\/04\/wholesale-popping-candy-chocolate-3-300x300.webp 300w, https:\/\/jxgchocolate.com\/wp-content\/uploads\/2024\/04\/wholesale-popping-candy-chocolate-3-150x150.webp 150w, https:\/\/jxgchocolate.com\/wp-content\/uploads\/2024\/04\/wholesale-popping-candy-chocolate-3-430x430.webp 430w, https:\/\/jxgchocolate.com\/wp-content\/uploads\/2024\/04\/wholesale-popping-candy-chocolate-3-700x700.webp 700w\" sizes=\"(max-width: 750px) 100vw, 750px\" \/><\/figure>\n<\/div>\n<\/div>","protected":false},"excerpt":{"rendered":"<p>O nosso chocolate popping por atacado com sabor a cola, que estala e crepita, oferece uma grande fus\u00e3o de sabores que ser\u00e1 um favorito absoluto dos clientes. Devido \u00e0 sua capacidade de utiliza\u00e7\u00e3o m\u00faltipla e aceita\u00e7\u00e3o favor\u00e1vel, \u00e9 perfeito para empresas que querem vender uma experi\u00eancia de petisco memor\u00e1vel.<\/p>\n<table style=\"border-collapse: collapse; width: 275.02pt;\" border=\"0\" width=\"275\" cellspacing=\"0\" cellpadding=\"0\">\n<tbody>\n<tr style=\"height: 17.60pt;\">\n<td class=\"et3\" style=\"height: 17.60pt; width: 108.35pt;\" width=\"108\" height=\"17\">Fabricante<\/td>\n<td class=\"et3\" style=\"width: 167.10pt;\" width=\"167\">Fruta da sorte<\/td>\n<\/tr>\n<tr style=\"height: 17.60pt;\">\n<td class=\"et3\" style=\"height: 17.60pt;\" height=\"17\">MODELO NO.<\/td>\n<td class=\"et3\">JXG17<\/td>\n<\/tr>\n<tr style=\"height: 17.60pt;\">\n<td class=\"et3\" style=\"height: 17.60pt;\" height=\"17\">Tipo<\/td>\n<td class=\"et3\">Estourando Doces de Chocolate<\/td>\n<\/tr>\n<tr style=\"height: 17.60pt;\">\n<td class=\"et3\" style=\"height: 17.60pt;\" height=\"17\">Embalagem<\/td>\n<td class=\"et3\">Embalagem em caixa<\/td>\n<\/tr>\n<tr style=\"height: 17.60pt;\">\n<td class=\"et3\" style=\"height: 17.60pt;\" height=\"17\">Especifica\u00e7\u00e3o<\/td>\n<td class=\"et3\">20 sacos*12 caixas<\/td>\n<\/tr>\n<tr style=\"height: 17.60pt;\">\n<td class=\"et3\" style=\"height: 17.60pt;\" height=\"17\">Tamanho da caixa<\/td>\n<td class=\"et3\">61,5*27*17,5 cm<\/td>\n<\/tr>\n<tr style=\"height: 17.60pt;\">\n<td class=\"et3\" style=\"height: 17.60pt;\" height=\"17\">N.W \/SET<\/td>\n<td class=\"et3\">12g*20sacos*12 caixas<\/td>\n<\/tr>\n<tr style=\"height: 17.60pt;\">\n<td class=\"et3\" style=\"height: 17.60pt;\" height=\"17\">Cor<\/td>\n<td class=\"et3\">Vermelho<\/td>\n<\/tr>\n<tr style=\"height: 17.60pt;\">\n<td class=\"et3\" style=\"height: 17.60pt;\" height=\"17\">MOQ<\/td>\n<td class=\"et3\">500 caixas de cart\u00e3o<\/td>\n<\/tr>\n<tr style=\"height: 17.60pt;\">\n<td class=\"et3\" style=\"height: 17.60pt;\" height=\"17\">Personaliza\u00e7\u00e3o<\/td>\n<td class=\"et3\">Embalagem\/LOGO<\/td>\n<\/tr>\n<\/tbody>\n<\/table>","protected":false},"featured_media":27437,"comment_status":"closed","ping_status":"closed","template":"","meta":[],"product_cat":[76],"product_tag":[],"class_list":{"0":"post-27435","1":"product","2":"type-product","3":"status-publish","4":"has-post-thumbnail","6":"product_cat-wholesale-popping-candy-chocolate","8":"first","9":"instock","10":"shipping-taxable","11":"product-type-simple"},"_links":{"self":[{"href":"https:\/\/jxgchocolate.com\/pt\/wp-json\/wp\/v2\/product\/27435","targetHints":{"allow":["GET"]}}],"collection":[{"href":"https:\/\/jxgchocolate.com\/pt\/wp-json\/wp\/v2\/product"}],"about":[{"href":"https:\/\/jxgchocolate.com\/pt\/wp-json\/wp\/v2\/types\/product"}],"replies":[{"embeddable":true,"href":"https:\/\/jxgchocolate.com\/pt\/wp-json\/wp\/v2\/comments?post=27435"}],"version-history":[{"count":0,"href":"https:\/\/jxgchocolate.com\/pt\/wp-json\/wp\/v2\/product\/27435\/revisions"}],"wp:featuredmedia":[{"embeddable":true,"href":"https:\/\/jxgchocolate.com\/pt\/wp-json\/wp\/v2\/media\/27437"}],"wp:attachment":[{"href":"https:\/\/jxgchocolate.com\/pt\/wp-json\/wp\/v2\/media?parent=27435"}],"wp:term":[{"taxonomy":"product_cat","embeddable":true,"href":"https:\/\/jxgchocolate.com\/pt\/wp-json\/wp\/v2\/product_cat?post=27435"},{"taxonomy":"product_tag","embeddable":true,"href":"https:\/\/jxgchocolate.com\/pt\/wp-json\/wp\/v2\/product_tag?post=27435"}],"curies":[{"name":"wp","href":"https:\/\/api.w.org\/{rel}","templated":true}]}}