{"id":27441,"date":"2024-04-27T10:02:50","date_gmt":"2024-04-27T10:02:50","guid":{"rendered":"https:\/\/jxgchocolate.com\/?post_type=product&#038;p=27441"},"modified":"2025-03-08T02:43:48","modified_gmt":"2025-03-08T02:43:48","slug":"wholesale-chocolate-popping-candy","status":"publish","type":"product","link":"https:\/\/jxgchocolate.com\/pt\/produto\/wholesale-chocolate-popping-candy\/","title":{"rendered":"Saborosos bombons de chocolate por atacado em embalagens personalizadas"},"content":{"rendered":"<div class=\"wp-block-columns is-layout-flex wp-container-core-columns-is-layout-9d6595d7 wp-block-columns-is-layout-flex\">\n<div class=\"wp-block-column is-vertically-aligned-center is-layout-flow wp-block-column-is-layout-flow\">\n<h3 class=\"wp-block-heading\">Chocolate Popping Candy Premium por atacado Carater\u00edsticas:<\/h3>\n\n\n\n<ul class=\"wp-block-list\">\n<li><strong>Combina\u00e7\u00e3o de sabores irresist\u00edvel:<\/strong>Saboreie a riqueza e a cremosidade do chocolate juntamente com o emocionante estalar dos rebu\u00e7ados. A sensa\u00e7\u00e3o de fazer crescer \u00e1gua na boca que os bombons de chocolate por atacado oferecem vai certamente trazer os clientes de volta em massa.<\/li>\n\n\n\n<li><strong>Textura divertida e excitante:<\/strong> Textura: Trazendo a divers\u00e3o de estalar rebu\u00e7ados para a boca com cada estalido e estalido na boca, o nosso chocolate para estalar rebu\u00e7ados a granel acrescenta um n\u00edvel extra de excita\u00e7\u00e3o \u00e0 bondade do chocolate.<\/li>\n\n\n\n<li><strong>Embalagem a granel para maior comodidade: <\/strong>O nosso chocolate popping por atacado \u00e9 fornecido em embalagens a granel convenientes, bastante adequadas para retalhistas, organizadores de eventos e empresas que procuram grandes quantidades desta guloseima popular para apelar \u00e0 procura dos clientes.<\/li>\n\n\n\n<li><strong>Escolha de lanches populares: <\/strong>Os rebu\u00e7ados de chocolate a granel s\u00e3o os favoritos das pessoas de todas as idades. Para qualquer empresa, \u00e9 muito importante que este artigo esteja dispon\u00edvel para os clientes quando estes se deparam com a necessidade de escolhas \u00fanicas e excitantes de snacks.<\/li>\n<\/ul>\n<\/div>\n\n\n\n<div class=\"wp-block-column is-layout-flow wp-block-column-is-layout-flow\">\n<figure class=\"wp-block-image size-full\"><img fetchpriority=\"high\" decoding=\"async\" width=\"568\" height=\"568\" src=\"https:\/\/jxgchocolate.com\/wp-content\/uploads\/2024\/04\/29c3788d0b874d25daa266923e2d6649.png\" alt=\"rebu\u00e7ados de chocolate por atacado-4\" class=\"wp-image-27446\" srcset=\"https:\/\/jxgchocolate.com\/wp-content\/uploads\/2024\/04\/29c3788d0b874d25daa266923e2d6649.png 568w, https:\/\/jxgchocolate.com\/wp-content\/uploads\/2024\/04\/29c3788d0b874d25daa266923e2d6649-300x300.png 300w, https:\/\/jxgchocolate.com\/wp-content\/uploads\/2024\/04\/29c3788d0b874d25daa266923e2d6649-150x150.png 150w, https:\/\/jxgchocolate.com\/wp-content\/uploads\/2024\/04\/29c3788d0b874d25daa266923e2d6649-430x430.png 430w\" sizes=\"(max-width: 568px) 100vw, 568px\" \/><\/figure>\n<\/div>\n<\/div>","protected":false},"excerpt":{"rendered":"<p>Bem-vindo \u00e0 compra <span class=\"___SText_anxqe-kmt_\" data-ui-name=\"Link.Text\">rebu\u00e7ados de chocolate. <\/span>O nosso delicioso chocolate popping por atacado vem com uma combina\u00e7\u00e3o de sabor irresist\u00edvel com sensa\u00e7\u00f5es divertidas de popping que s\u00e3o certamente deliciosas. Devido \u00e0 sua natureza altamente utilizada pelas pessoas de muitas maneiras, ser\u00e1 uma escolha ideal para as empresas que querem dar um lanche memor\u00e1vel aos seus clientes.<\/p>\n<table style=\"border-collapse: collapse; width: 275.02pt;\" border=\"0\" width=\"275\" cellspacing=\"0\" cellpadding=\"0\">\n<tbody>\n<tr style=\"height: 17.60pt;\">\n<td class=\"et3\" style=\"height: 17.60pt; width: 108.35pt;\" width=\"108\" height=\"17\">Fabricante<\/td>\n<td class=\"et3\" style=\"width: 167.10pt;\" width=\"167\">Fruta da sorte<\/td>\n<\/tr>\n<tr style=\"height: 17.60pt;\">\n<td class=\"et3\" style=\"height: 17.60pt;\" height=\"17\">MODELO NO.<\/td>\n<td class=\"et3\">JXG18<\/td>\n<\/tr>\n<tr style=\"height: 17.60pt;\">\n<td class=\"et3\" style=\"height: 17.60pt;\" height=\"17\">Tipo<\/td>\n<td class=\"et3\">Estourando Doces de Chocolate<\/td>\n<\/tr>\n<tr style=\"height: 17.60pt;\">\n<td class=\"et3\" style=\"height: 17.60pt;\" height=\"17\">Embalagem<\/td>\n<td class=\"et3\">Embalagem em caixa<\/td>\n<\/tr>\n<tr style=\"height: 17.60pt;\">\n<td class=\"et3\" style=\"height: 17.60pt;\" height=\"17\">Especifica\u00e7\u00e3o<\/td>\n<td class=\"et3\">20 sacos*12 caixas<\/td>\n<\/tr>\n<tr style=\"height: 17.60pt;\">\n<td class=\"et3\" style=\"height: 17.60pt;\" height=\"17\">Tamanho da caixa<\/td>\n<td class=\"et3\">61,5*27*17,5 cm<\/td>\n<\/tr>\n<tr style=\"height: 17.60pt;\">\n<td class=\"et3\" style=\"height: 17.60pt;\" height=\"17\">N.W \/SET<\/td>\n<td class=\"et3\">12g*20sacos*12 caixas<\/td>\n<\/tr>\n<tr style=\"height: 17.60pt;\">\n<td class=\"et3\" style=\"height: 17.60pt;\" height=\"17\">Cor<\/td>\n<td class=\"et3\">Escuro<\/td>\n<\/tr>\n<tr style=\"height: 17.60pt;\">\n<td class=\"et3\" style=\"height: 17.60pt;\" height=\"17\">MOQ<\/td>\n<td class=\"et3\">500 caixas de cart\u00e3o<\/td>\n<\/tr>\n<tr style=\"height: 17.60pt;\">\n<td class=\"et3\" style=\"height: 17.60pt;\" height=\"17\">Personaliza\u00e7\u00e3o<\/td>\n<td class=\"et3\">Embalagem\/LOGO<\/td>\n<\/tr>\n<\/tbody>\n<\/table>","protected":false},"featured_media":27443,"comment_status":"closed","ping_status":"closed","template":"","meta":[],"product_cat":[76],"product_tag":[],"class_list":{"0":"post-27441","1":"product","2":"type-product","3":"status-publish","4":"has-post-thumbnail","6":"product_cat-wholesale-popping-candy-chocolate","8":"first","9":"instock","10":"shipping-taxable","11":"product-type-simple"},"_links":{"self":[{"href":"https:\/\/jxgchocolate.com\/pt\/wp-json\/wp\/v2\/product\/27441","targetHints":{"allow":["GET"]}}],"collection":[{"href":"https:\/\/jxgchocolate.com\/pt\/wp-json\/wp\/v2\/product"}],"about":[{"href":"https:\/\/jxgchocolate.com\/pt\/wp-json\/wp\/v2\/types\/product"}],"replies":[{"embeddable":true,"href":"https:\/\/jxgchocolate.com\/pt\/wp-json\/wp\/v2\/comments?post=27441"}],"version-history":[{"count":0,"href":"https:\/\/jxgchocolate.com\/pt\/wp-json\/wp\/v2\/product\/27441\/revisions"}],"wp:featuredmedia":[{"embeddable":true,"href":"https:\/\/jxgchocolate.com\/pt\/wp-json\/wp\/v2\/media\/27443"}],"wp:attachment":[{"href":"https:\/\/jxgchocolate.com\/pt\/wp-json\/wp\/v2\/media?parent=27441"}],"wp:term":[{"taxonomy":"product_cat","embeddable":true,"href":"https:\/\/jxgchocolate.com\/pt\/wp-json\/wp\/v2\/product_cat?post=27441"},{"taxonomy":"product_tag","embeddable":true,"href":"https:\/\/jxgchocolate.com\/pt\/wp-json\/wp\/v2\/product_tag?post=27441"}],"curies":[{"name":"wp","href":"https:\/\/api.w.org\/{rel}","templated":true}]}}