{"id":27449,"date":"2024-04-27T10:12:12","date_gmt":"2024-04-27T10:12:12","guid":{"rendered":"https:\/\/jxgchocolate.com\/?post_type=product&#038;p=27449"},"modified":"2025-03-08T06:15:10","modified_gmt":"2025-03-08T06:15:10","slug":"wholesale-gummy-chocolate-candy","status":"publish","type":"product","link":"https:\/\/jxgchocolate.com\/pt\/produto\/wholesale-gummy-chocolate-candy\/","title":{"rendered":"Gomas de chocolate por atacado, gomas de chocolate com sabor personalizado"},"content":{"rendered":"<div class=\"wp-block-columns is-layout-flex wp-container-core-columns-is-layout-9d6595d7 wp-block-columns-is-layout-flex\">\n<div class=\"wp-block-column is-vertically-aligned-center is-layout-flow wp-block-column-is-layout-flow\">\n<h3 class=\"wp-block-heading\">Premium Wholesale Gummy Choco Caracter\u00edsticas:<\/h3>\n\n\n\n<ul class=\"wp-block-list\">\n<li><strong>Variedade de sabores excitantes:<\/strong> Uma das melhores raz\u00f5es pelas quais \u00e9 t\u00e3o dif\u00edcil resistir \u00e0s nossas gomas de chocolate por grosso prende-se com a mir\u00edade de sabores deliciosamente frutados que t\u00eam algo para todos os gostos.<\/li>\n\n\n\n<li><strong>Mastig\u00e1vel e com sabor a chocolate: <\/strong>Saboreie uma mistura de gomas de mascar e cobertura de chocolate suave em cada peda\u00e7o das nossas gomas cobertas de chocolate a granel, combinando uma \u00f3ptima textura e sabor numa s\u00f3 boca.<\/li>\n\n\n\n<li><strong>Popular e adequado para crian\u00e7as: <\/strong>As nossas gomas de chocolate por atacado est\u00e3o entre as guloseimas preferidas de mi\u00fados e gra\u00fados. \u00c9, portanto, considerado um lanche \"obrigat\u00f3rio\" para festas, celebra\u00e7\u00f5es e lanches.<\/li>\n\n\n\n<li><strong>Ideal para revenda: <\/strong>Esta goma coberta de chocolate a granel \u00e9 embalada num saco f\u00e1cil de manusear, ideal para revenda ou partilha. Apresenta um grande valor para retalhistas, anfitri\u00f5es de festas e empresas que procuram oferecer uma sele\u00e7\u00e3o de deliciosas guloseimas a clientes ou convidados.<\/li>\n<\/ul>\n<\/div>\n\n\n\n<div class=\"wp-block-column is-layout-flow wp-block-column-is-layout-flow\">\n<figure class=\"wp-block-image size-full\"><img fetchpriority=\"high\" decoding=\"async\" width=\"750\" height=\"750\" src=\"https:\/\/jxgchocolate.com\/wp-content\/uploads\/2024\/04\/gummy-choco-wholesale-gummy-chocolate-candies-1.webp\" alt=\"gomas de chocolate - venda por grosso - gomas de chocolate - 1\" class=\"wp-image-27450\" srcset=\"https:\/\/jxgchocolate.com\/wp-content\/uploads\/2024\/04\/gummy-choco-wholesale-gummy-chocolate-candies-1.webp 750w, https:\/\/jxgchocolate.com\/wp-content\/uploads\/2024\/04\/gummy-choco-wholesale-gummy-chocolate-candies-1-300x300.webp 300w, https:\/\/jxgchocolate.com\/wp-content\/uploads\/2024\/04\/gummy-choco-wholesale-gummy-chocolate-candies-1-150x150.webp 150w, https:\/\/jxgchocolate.com\/wp-content\/uploads\/2024\/04\/gummy-choco-wholesale-gummy-chocolate-candies-1-430x430.webp 430w, https:\/\/jxgchocolate.com\/wp-content\/uploads\/2024\/04\/gummy-choco-wholesale-gummy-chocolate-candies-1-700x700.webp 700w\" sizes=\"(max-width: 750px) 100vw, 750px\" \/><\/figure>\n<\/div>\n<\/div>","protected":false},"excerpt":{"rendered":"<p>Bem-vindo ao comprar gomas cobertas de chocolate a granel. As nossas gomas de chocolate por grosso apresentam uma grande variedade de sabores que ir\u00e3o certamente agradar a todos os gostos. Devido \u00e0 facilidade, versatilidade e popularidade que definem este snack, ser\u00e1 ideal para empresas que queiram proporcionar aos seus clientes ou convidados uma experi\u00eancia de snack verdadeiramente deliciosa e apelativa.<\/p>\n<table style=\"border-collapse: collapse; width: 275.02pt;\" border=\"0\" width=\"275\" cellspacing=\"0\" cellpadding=\"0\">\n<tbody>\n<tr style=\"height: 17.60pt;\">\n<td class=\"et3\" style=\"height: 17.60pt; width: 108.35pt;\" width=\"108\" height=\"17\">Fabricante<\/td>\n<td class=\"et3\" style=\"width: 167.10pt;\" width=\"167\">Fruta da sorte<\/td>\n<\/tr>\n<tr style=\"height: 17.60pt;\">\n<td class=\"et3\" style=\"height: 17.60pt;\" height=\"17\">MODELO NO.<\/td>\n<td class=\"et3\">JXG16<\/td>\n<\/tr>\n<tr style=\"height: 17.60pt;\">\n<td class=\"et3\" style=\"height: 17.60pt;\" height=\"17\">Tipo<\/td>\n<td class=\"et3\">Gomas de chocolate<\/td>\n<\/tr>\n<tr style=\"height: 17.60pt;\">\n<td class=\"et3\" style=\"height: 17.60pt;\" height=\"17\">Embalagem<\/td>\n<td class=\"et3\">Embalagem em caixa<\/td>\n<\/tr>\n<tr style=\"height: 17.60pt;\">\n<td class=\"et3\" style=\"height: 17.60pt;\" height=\"17\">Especifica\u00e7\u00e3o<\/td>\n<td class=\"et3\">20 sacos*12 caixas<\/td>\n<\/tr>\n<tr style=\"height: 17.60pt;\">\n<td class=\"et3\" style=\"height: 17.60pt;\" height=\"17\">Tamanho da caixa<\/td>\n<td class=\"et3\">45,5*33*37,5 cm<\/td>\n<\/tr>\n<tr style=\"height: 17.60pt;\">\n<td class=\"et3\" style=\"height: 17.60pt;\" height=\"17\">N.W \/SET<\/td>\n<td class=\"et3\">14g\uff087pcs\uff0920bags*12boxes<\/td>\n<\/tr>\n<tr style=\"height: 17.60pt;\">\n<td class=\"et3\" style=\"height: 17.60pt;\" height=\"17\">Cor<\/td>\n<td class=\"et3\">Escuro<\/td>\n<\/tr>\n<tr style=\"height: 17.60pt;\">\n<td class=\"et3\" style=\"height: 17.60pt;\" height=\"17\">MOQ<\/td>\n<td class=\"et3\">500 caixas de cart\u00e3o<\/td>\n<\/tr>\n<tr style=\"height: 17.60pt;\">\n<td class=\"et3\" style=\"height: 17.60pt;\" height=\"17\">Personaliza\u00e7\u00e3o<\/td>\n<td class=\"et3\">Embalagem\/LOGO<\/td>\n<\/tr>\n<\/tbody>\n<\/table>","protected":false},"featured_media":27455,"comment_status":"closed","ping_status":"closed","template":"","meta":[],"product_cat":[75],"product_tag":[],"class_list":{"0":"post-27449","1":"product","2":"type-product","3":"status-publish","4":"has-post-thumbnail","6":"product_cat-wholesale-gummy-chocolate","8":"first","9":"instock","10":"shipping-taxable","11":"product-type-simple"},"_links":{"self":[{"href":"https:\/\/jxgchocolate.com\/pt\/wp-json\/wp\/v2\/product\/27449","targetHints":{"allow":["GET"]}}],"collection":[{"href":"https:\/\/jxgchocolate.com\/pt\/wp-json\/wp\/v2\/product"}],"about":[{"href":"https:\/\/jxgchocolate.com\/pt\/wp-json\/wp\/v2\/types\/product"}],"replies":[{"embeddable":true,"href":"https:\/\/jxgchocolate.com\/pt\/wp-json\/wp\/v2\/comments?post=27449"}],"version-history":[{"count":3,"href":"https:\/\/jxgchocolate.com\/pt\/wp-json\/wp\/v2\/product\/27449\/revisions"}],"predecessor-version":[{"id":29629,"href":"https:\/\/jxgchocolate.com\/pt\/wp-json\/wp\/v2\/product\/27449\/revisions\/29629"}],"wp:featuredmedia":[{"embeddable":true,"href":"https:\/\/jxgchocolate.com\/pt\/wp-json\/wp\/v2\/media\/27455"}],"wp:attachment":[{"href":"https:\/\/jxgchocolate.com\/pt\/wp-json\/wp\/v2\/media?parent=27449"}],"wp:term":[{"taxonomy":"product_cat","embeddable":true,"href":"https:\/\/jxgchocolate.com\/pt\/wp-json\/wp\/v2\/product_cat?post=27449"},{"taxonomy":"product_tag","embeddable":true,"href":"https:\/\/jxgchocolate.com\/pt\/wp-json\/wp\/v2\/product_tag?post=27449"}],"curies":[{"name":"wp","href":"https:\/\/api.w.org\/{rel}","templated":true}]}}