{"id":28324,"date":"2024-06-22T00:45:27","date_gmt":"2024-06-22T00:45:27","guid":{"rendered":"https:\/\/jxgchocolate.com\/?post_type=product&#038;p=28324"},"modified":"2024-11-11T03:04:53","modified_gmt":"2024-11-11T03:04:53","slug":"wholesale-chocolate-gummy-mango-flavor","status":"publish","type":"product","link":"https:\/\/jxgchocolate.com\/pt\/produto\/wholesale-chocolate-gummy-mango-flavor\/","title":{"rendered":"Deliciosas gomas de chocolate com sabor a manga"},"content":{"rendered":"<div class=\"wp-block-columns is-layout-flex wp-container-core-columns-is-layout-9d6595d7 wp-block-columns-is-layout-flex\">\n<div class=\"wp-block-column is-vertically-aligned-center is-layout-flow wp-block-column-is-layout-flow\">\n<h3 class=\"wp-block-heading\">Gomas de chocolate Premium Wholesale Carater\u00edsticas:<\/h3>\n\n\n\n<ol class=\"wp-block-list\">\n<li><strong>Combina\u00e7\u00e3o \u00fanica de sabores:<\/strong> A nossa goma de chocolate por atacado \u00e9 uma novidade de chocolate misturado com goma de manga, frutas tropicais refrescantes, chocolate doce d\u00e1 uma experi\u00eancia encantadora em duplo sabor.<\/li>\n\n\n\n<li><strong>Aroma natural de manga: <\/strong>Estas gomas de chocolate a granel s\u00e3o feitas com uma ess\u00eancia natural de manga; existe uma fragr\u00e2ncia rica de manga neste g\u00e9nero aliment\u00edcio para equilibrar a do\u00e7ura do chocolate, \u00e0 qual n\u00e3o se pode resistir.<\/li>\n\n\n\n<li><strong>Ingredientes de alta qualidade: <\/strong>A goma de chocolate por grosso mencionada ter\u00e1 ingredientes de qualidade superior para chocolates, juntamente com componentes de goma de qualidade superior para garantir que cada dentada \u00e9 suficientemente saud\u00e1vel para ser deliciosa para a confian\u00e7a e satisfa\u00e7\u00e3o dos consumidores.<\/li>\n\n\n\n<li><strong>Personaliza\u00e7\u00e3o flex\u00edvel por atacado:<\/strong> Para al\u00e9m da oferta de gomas de chocolate a granel, ser\u00e1 tamb\u00e9m disponibilizada uma variedade de op\u00e7\u00f5es de embalagens para snacks, a fim de satisfazer as v\u00e1rias exig\u00eancias do mercado e dos clientes e ajudar a aumentar as vendas mais rapidamente.<\/li>\n<\/ol>\n<\/div>\n\n\n\n<div class=\"wp-block-column is-layout-flow wp-block-column-is-layout-flow\">\n<figure class=\"wp-block-image size-full\"><img fetchpriority=\"high\" decoding=\"async\" width=\"750\" height=\"750\" src=\"https:\/\/jxgchocolate.com\/wp-content\/uploads\/2024\/04\/wholesale-snacks-wholesale-gummy-choco-wholesale-gummy-chocolate-candies.webp\" alt=\"atacado-snacks-atacado-atacado-goma-choco-atacado-chocolate-goma-candy-atacado-atacado\" class=\"wp-image-27284\" srcset=\"https:\/\/jxgchocolate.com\/wp-content\/uploads\/2024\/04\/wholesale-snacks-wholesale-gummy-choco-wholesale-gummy-chocolate-candies.webp 750w, https:\/\/jxgchocolate.com\/wp-content\/uploads\/2024\/04\/wholesale-snacks-wholesale-gummy-choco-wholesale-gummy-chocolate-candies-300x300.webp 300w, https:\/\/jxgchocolate.com\/wp-content\/uploads\/2024\/04\/wholesale-snacks-wholesale-gummy-choco-wholesale-gummy-chocolate-candies-150x150.webp 150w, https:\/\/jxgchocolate.com\/wp-content\/uploads\/2024\/04\/wholesale-snacks-wholesale-gummy-choco-wholesale-gummy-chocolate-candies-430x430.webp 430w, https:\/\/jxgchocolate.com\/wp-content\/uploads\/2024\/04\/wholesale-snacks-wholesale-gummy-choco-wholesale-gummy-chocolate-candies-700x700.webp 700w\" sizes=\"(max-width: 750px) 100vw, 750px\" \/><\/figure>\n<\/div>\n<\/div>","protected":false},"excerpt":{"rendered":"<p>Bem-vindo \u00e0 compra de gomas de chocolate a granel. A nossa goma de chocolate por grosso com sabor a manga combina o sabor \u00fanico da manga tropical com chocolate doce. Feita a partir de ess\u00eancia natural de manga e de alta qualidade, o seu sabor \u00e9 irresist\u00edvel. A personaliza\u00e7\u00e3o flex\u00edvel a granel e as v\u00e1rias op\u00e7\u00f5es de embalagem ajudam a aumentar as suas vendas.<\/p>\n<table style=\"border-collapse: collapse; width: 275.02pt;\" border=\"0\" width=\"275\" cellspacing=\"0\" cellpadding=\"0\">\n<tbody>\n<tr style=\"height: 17.60pt;\">\n<td class=\"et3\" style=\"height: 17.60pt; width: 108.35pt;\" width=\"108\" height=\"17\">Fabricante<\/td>\n<td class=\"et3\" style=\"width: 167.10pt;\" width=\"167\">Fruta da sorte<\/td>\n<\/tr>\n<tr style=\"height: 17.60pt;\">\n<td class=\"et3\" style=\"height: 17.60pt;\" height=\"17\">MODELO NO.<\/td>\n<td class=\"et3\">JXG16-3<\/td>\n<\/tr>\n<tr style=\"height: 17.60pt;\">\n<td class=\"et3\" style=\"height: 17.60pt;\" height=\"17\">Tipo<\/td>\n<td class=\"et3\">Gomas de chocolate<\/td>\n<\/tr>\n<tr style=\"height: 17.60pt;\">\n<td class=\"et3\" style=\"height: 17.60pt;\" height=\"17\">Embalagem<\/td>\n<td class=\"et3\">Embalagem em caixa<\/td>\n<\/tr>\n<tr style=\"height: 17.60pt;\">\n<td class=\"et3\" style=\"height: 17.60pt;\" height=\"17\">Especifica\u00e7\u00e3o<\/td>\n<td class=\"et3\">20 sacos*12 caixas<\/td>\n<\/tr>\n<tr style=\"height: 17.60pt;\">\n<td class=\"et3\" style=\"height: 17.60pt;\" height=\"17\">Tamanho da caixa<\/td>\n<td class=\"et3\">45,5*33*37,5 cm<\/td>\n<\/tr>\n<tr style=\"height: 17.60pt;\">\n<td class=\"et3\" style=\"height: 17.60pt;\" height=\"17\">N.W \/SET<\/td>\n<td class=\"et3\">14g\uff087pcs\uff0920bags*12boxes<\/td>\n<\/tr>\n<tr style=\"height: 17.60pt;\">\n<td class=\"et3\" style=\"height: 17.60pt;\" height=\"17\">Cor<\/td>\n<td class=\"et3\">Escuro<\/td>\n<\/tr>\n<tr style=\"height: 17.60pt;\">\n<td class=\"et3\" style=\"height: 17.60pt;\" height=\"17\">MOQ<\/td>\n<td class=\"et3\">500 caixas de cart\u00e3o<\/td>\n<\/tr>\n<tr style=\"height: 17.60pt;\">\n<td class=\"et3\" style=\"height: 17.60pt;\" height=\"17\">Personaliza\u00e7\u00e3o<\/td>\n<td class=\"et3\">Embalagem\/LOGO<\/td>\n<\/tr>\n<\/tbody>\n<\/table>","protected":false},"featured_media":27452,"comment_status":"closed","ping_status":"closed","template":"","meta":[],"product_cat":[75],"product_tag":[],"class_list":{"0":"post-28324","1":"product","2":"type-product","3":"status-publish","4":"has-post-thumbnail","6":"product_cat-wholesale-gummy-chocolate","8":"first","9":"instock","10":"shipping-taxable","11":"product-type-simple"},"_links":{"self":[{"href":"https:\/\/jxgchocolate.com\/pt\/wp-json\/wp\/v2\/product\/28324","targetHints":{"allow":["GET"]}}],"collection":[{"href":"https:\/\/jxgchocolate.com\/pt\/wp-json\/wp\/v2\/product"}],"about":[{"href":"https:\/\/jxgchocolate.com\/pt\/wp-json\/wp\/v2\/types\/product"}],"replies":[{"embeddable":true,"href":"https:\/\/jxgchocolate.com\/pt\/wp-json\/wp\/v2\/comments?post=28324"}],"version-history":[{"count":0,"href":"https:\/\/jxgchocolate.com\/pt\/wp-json\/wp\/v2\/product\/28324\/revisions"}],"wp:featuredmedia":[{"embeddable":true,"href":"https:\/\/jxgchocolate.com\/pt\/wp-json\/wp\/v2\/media\/27452"}],"wp:attachment":[{"href":"https:\/\/jxgchocolate.com\/pt\/wp-json\/wp\/v2\/media?parent=28324"}],"wp:term":[{"taxonomy":"product_cat","embeddable":true,"href":"https:\/\/jxgchocolate.com\/pt\/wp-json\/wp\/v2\/product_cat?post=28324"},{"taxonomy":"product_tag","embeddable":true,"href":"https:\/\/jxgchocolate.com\/pt\/wp-json\/wp\/v2\/product_tag?post=28324"}],"curies":[{"name":"wp","href":"https:\/\/api.w.org\/{rel}","templated":true}]}}