{"id":28331,"date":"2024-06-22T01:08:06","date_gmt":"2024-06-22T01:08:06","guid":{"rendered":"https:\/\/jxgchocolate.com\/?post_type=product&#038;p=28331"},"modified":"2024-11-11T06:36:44","modified_gmt":"2024-11-11T06:36:44","slug":"salty-bulk-roasted-peanuts","status":"publish","type":"product","link":"https:\/\/jxgchocolate.com\/pt\/produto\/salty-bulk-roasted-peanuts\/","title":{"rendered":"Amendoins torrados salgados a granel com embalagem personaliz\u00e1vel"},"content":{"rendered":"<div class=\"wp-block-columns is-layout-flex wp-container-core-columns-is-layout-9d6595d7 wp-block-columns-is-layout-flex\">\n<div class=\"wp-block-column is-vertically-aligned-center is-layout-flow wp-block-column-is-layout-flow\">\n<h3 class=\"wp-block-heading\">Amendoins torrados a granel de qualidade superior Caracter\u00edsticas:<\/h3>\n\n\n\n<ol class=\"wp-block-list\">\n<li><strong>Sabor rico: <\/strong>Saboroso sabor dos nossos amendoins torrados a granel, que s\u00e3o habilmente torrados na perfei\u00e7\u00e3o e ligeiramente salgados, oferecendo um snack saboroso que sacia os desejos.<\/li>\n\n\n\n<li><strong>Amendoins de alta qualidade:<\/strong> Provenientes de fornecedores de amendoins de primeira qualidade, o que garante que os nossos amendoins torrados por atacado ter\u00e3o frescura, estaladi\u00e7a e sabor superior em cada dentada.<\/li>\n\n\n\n<li><strong>Benef\u00edcios para a sa\u00fade: <\/strong>Os nossos amendoins torrados a granel s\u00e3o pot\u00eancias que cont\u00eam uma quantidade perfeita de prote\u00ednas, fibras e outros nutrientes essenciais, pelo que s\u00e3o, de facto, uma das op\u00e7\u00f5es saud\u00e1veis e nutritivas para petiscar.<\/li>\n\n\n\n<li><strong>Embalagem personaliz\u00e1vel: <\/strong>A Lucky Fruit fornece amendoins torrados por grosso, acompanhados de solu\u00e7\u00f5es de embalagem variadas para personalizar o produto de acordo com a sua marca e requisitos de mercado que tornam o seu neg\u00f3cio mais atrativo.<\/li>\n<\/ol>\n<\/div>\n\n\n\n<div class=\"wp-block-column is-layout-flow wp-block-column-is-layout-flow\">\n<figure class=\"wp-block-image size-full\"><img fetchpriority=\"high\" decoding=\"async\" width=\"750\" height=\"750\" src=\"https:\/\/jxgchocolate.com\/wp-content\/uploads\/2024\/06\/bulk-roasted-peanuts-wholesale-roasted-peanuts-in-bulk-4.webp\" alt=\"amendoins torrados a granel - venda por grosso - amendoins torrados a granel - 4\" class=\"wp-image-28335\" srcset=\"https:\/\/jxgchocolate.com\/wp-content\/uploads\/2024\/06\/bulk-roasted-peanuts-wholesale-roasted-peanuts-in-bulk-4.webp 750w, https:\/\/jxgchocolate.com\/wp-content\/uploads\/2024\/06\/bulk-roasted-peanuts-wholesale-roasted-peanuts-in-bulk-4-300x300.webp 300w, https:\/\/jxgchocolate.com\/wp-content\/uploads\/2024\/06\/bulk-roasted-peanuts-wholesale-roasted-peanuts-in-bulk-4-150x150.webp 150w, https:\/\/jxgchocolate.com\/wp-content\/uploads\/2024\/06\/bulk-roasted-peanuts-wholesale-roasted-peanuts-in-bulk-4-430x430.webp 430w, https:\/\/jxgchocolate.com\/wp-content\/uploads\/2024\/06\/bulk-roasted-peanuts-wholesale-roasted-peanuts-in-bulk-4-700x700.webp 700w\" sizes=\"(max-width: 750px) 100vw, 750px\" \/><\/figure>\n<\/div>\n<\/div>","protected":false},"excerpt":{"rendered":"<p>Bem-vindo ao comprar amendoins torrados por grosso. Os nossos amendoins torrados salgados a granel oferecem um sabor completo e saboroso com amendoins frescos e de alta qualidade. Eles cont\u00eam muitas prote\u00ednas e outros nutrientes vitais, sendo, portanto, muito saud\u00e1veis para petiscar. Como a embalagem \u00e9 feita a pedido, pode personalizar de acordo com a sua marca e os requisitos do mercado-alvo, acrescentando grande valor ao seu neg\u00f3cio.<\/p>\n<table style=\"border-collapse: collapse; width: 275.02pt;\" border=\"0\" width=\"275\" cellspacing=\"0\" cellpadding=\"0\">\n<tbody>\n<tr style=\"height: 17.60pt;\">\n<td class=\"et3\" style=\"height: 17.60pt; width: 108.35pt;\" width=\"108\" height=\"17\">Fabricante<\/td>\n<td class=\"et3\" style=\"width: 167.10pt;\" width=\"167\">Fruta da sorte<\/td>\n<\/tr>\n<tr style=\"height: 17.60pt;\">\n<td class=\"et3\" style=\"height: 17.60pt;\" height=\"17\">MODELO NO.<\/td>\n<td class=\"et3\">JXG20<\/td>\n<\/tr>\n<tr style=\"height: 17.60pt;\">\n<td class=\"et3\" style=\"height: 17.60pt;\" height=\"17\">Tipo<\/td>\n<td class=\"et3\">Amendoim torrado<\/td>\n<\/tr>\n<tr style=\"height: 17.60pt;\">\n<td class=\"et3\" style=\"height: 17.60pt;\" height=\"17\">Embalagem<\/td>\n<td class=\"et3\">Embalagem em caixa<\/td>\n<\/tr>\n<tr style=\"height: 17.60pt;\">\n<td class=\"et3\" style=\"height: 17.60pt;\" height=\"17\">Especifica\u00e7\u00e3o<\/td>\n<td class=\"et3\">20pcs*24bags<\/td>\n<\/tr>\n<tr style=\"height: 17.60pt;\">\n<td class=\"et3\" style=\"height: 17.60pt;\" height=\"17\">Tamanho da caixa<\/td>\n<td class=\"et3\">\n<p class=\"p1\">58*37*36cm<\/p>\n<\/td>\n<\/tr>\n<tr style=\"height: 17.60pt;\">\n<td class=\"et3\" style=\"height: 17.60pt;\" height=\"17\">N.W \/SET<\/td>\n<td class=\"et3\">\n<p class=\"p1\">16g*20pcs*24bags<\/p>\n<\/td>\n<\/tr>\n<tr style=\"height: 17.60pt;\">\n<td class=\"et3\" style=\"height: 17.60pt;\" height=\"17\">Cor<\/td>\n<td class=\"et3\">\/<\/td>\n<\/tr>\n<tr style=\"height: 17.60pt;\">\n<td class=\"et3\" style=\"height: 17.60pt;\" height=\"17\">MOQ<\/td>\n<td class=\"et3\">500 caixas de cart\u00e3o<\/td>\n<\/tr>\n<tr style=\"height: 17.60pt;\">\n<td class=\"et3\" style=\"height: 17.60pt;\" height=\"17\">Personaliza\u00e7\u00e3o<\/td>\n<td class=\"et3\">Embalagem\/LOGO<\/td>\n<\/tr>\n<\/tbody>\n<\/table>","protected":false},"featured_media":28426,"comment_status":"closed","ping_status":"closed","template":"","meta":[],"product_cat":[77],"product_tag":[],"class_list":{"0":"post-28331","1":"product","2":"type-product","3":"status-publish","4":"has-post-thumbnail","6":"product_cat-wholesale-roasted-peanuts","8":"first","9":"instock","10":"shipping-taxable","11":"product-type-simple"},"_links":{"self":[{"href":"https:\/\/jxgchocolate.com\/pt\/wp-json\/wp\/v2\/product\/28331","targetHints":{"allow":["GET"]}}],"collection":[{"href":"https:\/\/jxgchocolate.com\/pt\/wp-json\/wp\/v2\/product"}],"about":[{"href":"https:\/\/jxgchocolate.com\/pt\/wp-json\/wp\/v2\/types\/product"}],"replies":[{"embeddable":true,"href":"https:\/\/jxgchocolate.com\/pt\/wp-json\/wp\/v2\/comments?post=28331"}],"version-history":[{"count":0,"href":"https:\/\/jxgchocolate.com\/pt\/wp-json\/wp\/v2\/product\/28331\/revisions"}],"wp:featuredmedia":[{"embeddable":true,"href":"https:\/\/jxgchocolate.com\/pt\/wp-json\/wp\/v2\/media\/28426"}],"wp:attachment":[{"href":"https:\/\/jxgchocolate.com\/pt\/wp-json\/wp\/v2\/media?parent=28331"}],"wp:term":[{"taxonomy":"product_cat","embeddable":true,"href":"https:\/\/jxgchocolate.com\/pt\/wp-json\/wp\/v2\/product_cat?post=28331"},{"taxonomy":"product_tag","embeddable":true,"href":"https:\/\/jxgchocolate.com\/pt\/wp-json\/wp\/v2\/product_tag?post=28331"}],"curies":[{"name":"wp","href":"https:\/\/api.w.org\/{rel}","templated":true}]}}