{"id":28350,"date":"2024-06-22T02:02:36","date_gmt":"2024-06-22T02:02:36","guid":{"rendered":"https:\/\/jxgchocolate.com\/?post_type=product&#038;p=28350"},"modified":"2024-11-02T08:32:34","modified_gmt":"2024-11-02T08:32:34","slug":"milk-chocolate-sunflower-seeds-bulk","status":"publish","type":"product","link":"https:\/\/jxgchocolate.com\/pt\/produto\/milk-chocolate-sunflower-seeds-bulk\/","title":{"rendered":"Sementes de girassol de chocolate ao leite a granel com embalagem personalizada"},"content":{"rendered":"<div class=\"wp-block-columns is-layout-flex wp-container-core-columns-is-layout-9d6595d7 wp-block-columns-is-layout-flex\">\n<div class=\"wp-block-column is-layout-flow wp-block-column-is-layout-flow\">\n<h2 class=\"wp-block-heading\">Sementes de girassol Premium Milk Chocolate a granel Carater\u00edsticas:<\/h2>\n\n\n\n<ul class=\"wp-block-list\">\n<li><strong>Misturar e misturar: <\/strong>A frescura da cremosidade do chocolate de leite combinada com a croc\u00e2ncia das sementes de girassol torradas, este volume de sementes de girassol de chocolate de leite provoca realmente o paladar de uma pessoa para uma guloseima deliciosa e satisfat\u00f3ria.<\/li>\n\n\n\n<li><strong>Os melhores ingredientes:<\/strong> As nossas sementes de girassol cobertas de chocolate a granel apresentam vers\u00f5es mais finas de chocolate de leite e sementes de girassol de primeira qualidade.<\/li>\n\n\n\n<li><strong>Lanche saud\u00e1vel: <\/strong>Infundido com doses saud\u00e1veis de prote\u00ednas, fibras e gorduras saud\u00e1veis derivadas das sementes de girassol, este , este granel de sementes de girassol com chocolate de leite \u00e9 realmente uma op\u00e7\u00e3o saud\u00e1vel para petiscar.<\/li>\n\n\n\n<li><strong>Embalagem a granel dispon\u00edvel: <\/strong>Para al\u00e9m da embalagem a granel, podemos personalizar as nossas sementes de girassol cobertas de chocolate a granel de acordo com as necessidades da sua marca e do seu mercado, a fim de acrescentar mais encanto ao seu neg\u00f3cio.<\/li>\n<\/ul>\n<\/div>\n\n\n\n<div class=\"wp-block-column is-layout-flow wp-block-column-is-layout-flow\">\n<figure class=\"wp-block-image size-full\"><img fetchpriority=\"high\" decoding=\"async\" width=\"4480\" height=\"4649\" src=\"https:\/\/jxgchocolate.com\/wp-content\/uploads\/2024\/06\/milk-chocolate-sunflower-seeds-bulk-1.webp\" alt=\"leite-chocolate-sunflower-seeds-bulk-1\" class=\"wp-image-28351\" srcset=\"https:\/\/jxgchocolate.com\/wp-content\/uploads\/2024\/06\/milk-chocolate-sunflower-seeds-bulk-1.webp 4480w, https:\/\/jxgchocolate.com\/wp-content\/uploads\/2024\/06\/milk-chocolate-sunflower-seeds-bulk-1-289x300.webp 289w, https:\/\/jxgchocolate.com\/wp-content\/uploads\/2024\/06\/milk-chocolate-sunflower-seeds-bulk-1-768x797.webp 768w, https:\/\/jxgchocolate.com\/wp-content\/uploads\/2024\/06\/milk-chocolate-sunflower-seeds-bulk-1-430x446.webp 430w, https:\/\/jxgchocolate.com\/wp-content\/uploads\/2024\/06\/milk-chocolate-sunflower-seeds-bulk-1-700x726.webp 700w, https:\/\/jxgchocolate.com\/wp-content\/uploads\/2024\/06\/milk-chocolate-sunflower-seeds-bulk-1-150x156.webp 150w\" sizes=\"(max-width: 4480px) 100vw, 4480px\" \/><\/figure>\n<\/div>\n<\/div>","protected":false},"excerpt":{"rendered":"<p>Compre sementes de girassol com chocolate de leite a granel, um snack viciante. Cada um deles cont\u00e9m ingredientes de primeira qualidade, elementos essenciais nutritivos e guloseimas saud\u00e1veis. A embalagem pode ser personalizada de acordo com a sua marca e as necessidades do mercado.<\/p>\n<table width=\"275\">\n<tbody>\n<tr>\n<td width=\"108\">Fabricante<\/td>\n<td width=\"167\">Fruta da sorte<\/td>\n<\/tr>\n<tr>\n<td>MODELO NO.<\/td>\n<td>JXG22<\/td>\n<\/tr>\n<tr>\n<td>Tipo<\/td>\n<td>Sementes de girassol Chocolate\u00a0<\/td>\n<\/tr>\n<tr>\n<td>Embalagem<\/td>\n<td>Embalagem de sacos<\/td>\n<\/tr>\n<tr>\n<td>Especifica\u00e7\u00e3o<\/td>\n<td>24 sacos<\/td>\n<\/tr>\n<tr>\n<td>Tamanho da caixa<\/td>\n<td>44*29*27,5 cm<\/td>\n<\/tr>\n<tr>\n<td>N.W \/SET<\/td>\n<td>158g*24 sacos<\/td>\n<\/tr>\n<tr>\n<td>Cor<\/td>\n<td>Branco<\/td>\n<\/tr>\n<tr>\n<td>MOQ<\/td>\n<td>500 caixas de cart\u00e3o<\/td>\n<\/tr>\n<tr>\n<td>Personaliza\u00e7\u00e3o<\/td>\n<td>Embalagem\/LOGO<\/td>\n<\/tr>\n<\/tbody>\n<\/table>","protected":false},"featured_media":28429,"comment_status":"closed","ping_status":"closed","template":"","meta":[],"product_cat":[72],"product_tag":[],"class_list":{"0":"post-28350","1":"product","2":"type-product","3":"status-publish","4":"has-post-thumbnail","6":"product_cat-wholesale-chocolate-covered-sunflower-seeds","8":"first","9":"instock","10":"shipping-taxable","11":"product-type-simple"},"_links":{"self":[{"href":"https:\/\/jxgchocolate.com\/pt\/wp-json\/wp\/v2\/product\/28350","targetHints":{"allow":["GET"]}}],"collection":[{"href":"https:\/\/jxgchocolate.com\/pt\/wp-json\/wp\/v2\/product"}],"about":[{"href":"https:\/\/jxgchocolate.com\/pt\/wp-json\/wp\/v2\/types\/product"}],"replies":[{"embeddable":true,"href":"https:\/\/jxgchocolate.com\/pt\/wp-json\/wp\/v2\/comments?post=28350"}],"version-history":[{"count":0,"href":"https:\/\/jxgchocolate.com\/pt\/wp-json\/wp\/v2\/product\/28350\/revisions"}],"wp:featuredmedia":[{"embeddable":true,"href":"https:\/\/jxgchocolate.com\/pt\/wp-json\/wp\/v2\/media\/28429"}],"wp:attachment":[{"href":"https:\/\/jxgchocolate.com\/pt\/wp-json\/wp\/v2\/media?parent=28350"}],"wp:term":[{"taxonomy":"product_cat","embeddable":true,"href":"https:\/\/jxgchocolate.com\/pt\/wp-json\/wp\/v2\/product_cat?post=28350"},{"taxonomy":"product_tag","embeddable":true,"href":"https:\/\/jxgchocolate.com\/pt\/wp-json\/wp\/v2\/product_tag?post=28350"}],"curies":[{"name":"wp","href":"https:\/\/api.w.org\/{rel}","templated":true}]}}